{"id":27688,"date":"2025-07-17T02:58:35","date_gmt":"2025-07-17T02:58:35","guid":{"rendered":"https:\/\/escovape.com\/?post_type=product&#038;p=27688"},"modified":"2025-08-05T02:05:30","modified_gmt":"2025-08-05T02:05:30","slug":"vasy-vcan-pro-15k-puffs-recarregavel-premium-descartavel-vape-com-tela-led-compra-em-massa-atacado","status":"publish","type":"product","link":"https:\/\/escovape.com\/pt\/product\/vasy-vcan-pro-15k-puffs-rechargeable-premium-disposable-vapes-with-led-screen-bulk-buy-wholesale\/","title":{"rendered":"VASY VCAN PRO 15K Puffs Recarreg\u00e1vel Premium Vapes Descart\u00e1veis Com Tela LED Compra em Massa Atacado"},"content":{"rendered":"<div style=\"width: 1020px;\" class=\"wp-video\"><video class=\"wp-video-shortcode\" id=\"video-27688-1\" width=\"1020\" height=\"510\" preload=\"metadata\" controls=\"controls\"><source type=\"video\/webm\" src=\"https:\/\/escovape.com\/wp-content\/uploads\/2025\/07\/VASY-Vcan-Pro-15K-Puffs-Rechargeable-Premium-Disposable-Vapes-With-LED-Screen-Bulk-Buy-Wholesale.webm?_=1\" \/><a href=\"https:\/\/escovape.com\/wp-content\/uploads\/2025\/07\/VASY-Vcan-Pro-15K-Puffs-Rechargeable-Premium-Disposable-Vapes-With-LED-Screen-Bulk-Buy-Wholesale.webm\">https:\/\/escovape.com\/wp-content\/uploads\/2025\/07\/VASY-Vcan-Pro-15K-Puffs-Rechargeable-Premium-Disposable-Vapes-With-LED-Screen-Bulk-Buy-Wholesale.webm<\/a><\/video><\/div>\n<h2 data-start=\"247\" data-end=\"284\">Sobre <a href=\"https:\/\/escovape.com\/pt\/categoria-do-produto\/vapes-descartaveis-2\/\">VASY<\/a> <a href=\"https:\/\/escovape.com\/pt\/categoria-do-produto\/vapes-descartaveis-vcan\/\">VCAN<\/a> PRO 15K Puffs<\/h2>\n<p data-start=\"285\" data-end=\"660\">O <strong data-start=\"289\" data-end=\"316\">VASY VCAN PRO 15K Puffs<\/strong> combina conveni\u00eancia e pot\u00eancia em um dispositivo descart\u00e1vel elegante, oferecendo at\u00e9 <strong data-start=\"386\" data-end=\"402\">15.000 tragadas<\/strong> de seu tanque de e-l\u00edquido de 24\u202fmL e bateria recarreg\u00e1vel de 650\u202fmAh. Completo com uma tela LED pr\u00e1tica e bobinas de dupla malha robustas, este dispositivo proporciona sabor rico, baixas doses de nicotina suaves e carregamento r\u00e1pido via Type-C - tudo dispon\u00edvel para compra em massa em <strong data-start=\"647\" data-end=\"659\">Escovape<\/strong>.<\/p>\n<hr data-start=\"662\" data-end=\"665\" \/>\n<h2 data-start=\"667\" data-end=\"711\">Caracter\u00edsticas Principais \u2013 VASY VCAN PRO 15K Puffs<\/h2>\n<ul data-start=\"713\" data-end=\"1214\">\n<li data-start=\"713\" data-end=\"782\">\n<p data-start=\"715\" data-end=\"782\">\ud83d\udd0b <strong data-start=\"718\" data-end=\"742\">15.000 Puffs de Capacidade<\/strong> \u2013 Projetado para vaporiza\u00e7\u00e3o prolongada e confi\u00e1vel<\/p>\n<\/li>\n<li data-start=\"783\" data-end=\"860\">\n<p data-start=\"785\" data-end=\"860\">\ud83d\udcca <strong data-start=\"788\" data-end=\"812\">Indicador de Tela LED<\/strong> \u2013 Vis\u00e3o instant\u00e2nea dos n\u00edveis de e-l\u00edquido e bateria<\/p>\n<\/li>\n<li data-start=\"861\" data-end=\"924\">\n<p data-start=\"863\" data-end=\"924\">\ud83d\udd25 <strong data-start=\"866\" data-end=\"885\">Bobinas de Dupla Malha<\/strong> \u2013 Produz vapor liso e encorpado<\/p>\n<\/li>\n<li data-start=\"925\" data-end=\"995\">\n<p data-start=\"927\" data-end=\"995\">\ud83c\udf2c\ufe0f <strong data-start=\"931\" data-end=\"953\">Fluxo de Ar Ajust\u00e1vel<\/strong> \u2013 Personalize o tra\u00e7o de apertado a arejado<\/p>\n<\/li>\n<li data-start=\"996\" data-end=\"1061\">\n<p data-start=\"998\" data-end=\"1061\">\u26a1 <strong data-start=\"1000\" data-end=\"1024\">Carregamento R\u00e1pido Tipo-C<\/strong> \u2013 Carrega totalmente em apenas 30 minutos<\/p>\n<\/li>\n<li data-start=\"1062\" data-end=\"1135\">\n<p data-start=\"1064\" data-end=\"1135\">\ud83d\udd04 <strong data-start=\"1067\" data-end=\"1099\">Bateria recarreg\u00e1vel 650\u202fmAh<\/strong> \u2013 Use at\u00e9 que o e-l\u00edquido acabe<\/p>\n<\/li>\n<li data-start=\"1136\" data-end=\"1214\">\n<p data-start=\"1138\" data-end=\"1214\">\ud83c\udfaf <strong data-start=\"1141\" data-end=\"1162\"><a href=\"https:\/\/escovape.com\/pt\/categoria-do-produto\/vaporizadores-descartaveis\/vaporizadores-descartaveis-com-baixo-teor-de-nicotina\/\">Baixo teor de nicotina<\/a> (5%)<\/strong> \u2013 Entrega um impacto suave na garganta com sabor forte<\/p>\n<\/li>\n<\/ul>\n<hr data-start=\"1216\" data-end=\"1219\" \/>\n<h2 data-start=\"1221\" data-end=\"1269\">VASY VCAN PRO 15K Puffs \u2013 Sele\u00e7\u00e3o de Sabor<\/h2>\n<p data-start=\"1271\" data-end=\"1367\">Aproveite <strong data-start=\"1277\" data-end=\"1300\">10 sabores distintos<\/strong>, cada um elaborado para proporcionar uma experi\u00eancia de vaporiza\u00e7\u00e3o fresca e satisfat\u00f3ria:<\/p>\n<ol data-start=\"1369\" data-end=\"1558\">\n<li data-start=\"1369\" data-end=\"1382\">\n<p data-start=\"1372\" data-end=\"1382\">Cola Ice<\/p>\n<\/li>\n<li data-start=\"1383\" data-end=\"1404\">\n<p data-start=\"1386\" data-end=\"1404\">Sexo na Praia<\/p>\n<\/li>\n<li data-start=\"1405\" data-end=\"1422\">\n<p data-start=\"1408\" data-end=\"1422\">Mint Everest<\/p>\n<\/li>\n<li data-start=\"1423\" data-end=\"1437\">\n<p data-start=\"1426\" data-end=\"1437\">Manga Gelo<\/p>\n<\/li>\n<li data-start=\"1438\" data-end=\"1457\">\n<p data-start=\"1441\" data-end=\"1457\">Melancia Gelo<\/p>\n<\/li>\n<li data-start=\"1458\" data-end=\"1476\">\n<p data-start=\"1461\" data-end=\"1476\">Sorvete de Mirtilo<\/p>\n<\/li>\n<li data-start=\"1477\" data-end=\"1496\">\n<p data-start=\"1480\" data-end=\"1496\">Morango Gelo<\/p>\n<\/li>\n<li data-start=\"1497\" data-end=\"1519\">\n<p data-start=\"1500\" data-end=\"1519\">Morango Banana<\/p>\n<\/li>\n<li data-start=\"1520\" data-end=\"1544\">\n<p data-start=\"1523\" data-end=\"1544\">Nakhle Ma\u00e7\u00e3 Dupla<\/p>\n<\/li>\n<li data-start=\"1545\" data-end=\"1558\">\n<p data-start=\"1549\" data-end=\"1558\">Sorvete de Uva<\/p>\n<\/li>\n<\/ol>\n<hr data-start=\"1560\" data-end=\"1563\" \/>\n<h2 data-start=\"1565\" data-end=\"1614\">VASY VCAN PRO 15K Puffs \u2013 Especifica\u00e7\u00f5es e Embalagem<\/h2>\n<ul data-start=\"1616\" data-end=\"2073\">\n<li data-start=\"1616\" data-end=\"1659\">\n<p data-start=\"1618\" data-end=\"1659\"><strong data-start=\"1618\" data-end=\"1633\">Contagem de Puffs:<\/strong> 15.000 puffs por dispositivo<\/p>\n<\/li>\n<li data-start=\"1660\" data-end=\"1692\">\n<p data-start=\"1662\" data-end=\"1692\"><strong data-start=\"1662\" data-end=\"1684\">Capacidade do E-L\u00edquido:<\/strong> 24\u202fmL<\/p>\n<\/li>\n<li data-start=\"1693\" data-end=\"1722\">\n<p data-start=\"1695\" data-end=\"1722\"><strong data-start=\"1695\" data-end=\"1717\">For\u00e7a da Nicotina:<\/strong> 5%<\/p>\n<\/li>\n<li data-start=\"1723\" data-end=\"1751\">\n<p data-start=\"1725\" data-end=\"1751\"><strong data-start=\"1725\" data-end=\"1739\">Tipo de bobina:<\/strong> Malha dupla<\/p>\n<\/li>\n<li data-start=\"1752\" data-end=\"1799\">\n<p data-start=\"1754\" data-end=\"1799\"><strong data-start=\"1754\" data-end=\"1775\">Capacidade da Bateria:<\/strong> 650 mAh, recarreg\u00e1vel<\/p>\n<\/li>\n<li data-start=\"1800\" data-end=\"1857\">\n<p data-start=\"1802\" data-end=\"1857\"><strong data-start=\"1802\" data-end=\"1820\">Porta de Carregamento:<\/strong> USB Tipo-C (carregamento completo em 30 minutos)<\/p>\n<\/li>\n<li data-start=\"1858\" data-end=\"1893\">\n<p data-start=\"1860\" data-end=\"1893\"><strong data-start=\"1860\" data-end=\"1875\">Dimens\u00f5es:<\/strong> 87 \u00d7 50 \u00d7 27 mm<\/p>\n<\/li>\n<li data-start=\"1894\" data-end=\"1953\">\n<p data-start=\"1896\" data-end=\"1953\"><strong data-start=\"1896\" data-end=\"1910\">Embalagem:<\/strong> 1 dispositivo na caixa de exibi\u00e7\u00e3o (10 por exibi\u00e7\u00e3o)<\/p>\n<\/li>\n<li data-start=\"1954\" data-end=\"2001\">\n<p data-start=\"1956\" data-end=\"2001\"><strong data-start=\"1956\" data-end=\"1976\">Quantidade de Cart\u00e3o:<\/strong> 200 dispositivos por caixa<\/p>\n<\/li>\n<li data-start=\"2002\" data-end=\"2032\">\n<p data-start=\"2004\" data-end=\"2032\"><strong data-start=\"2004\" data-end=\"2022\">Peso do Cart\u00e3o:<\/strong> 16,8 kg<\/p>\n<\/li>\n<li data-start=\"2033\" data-end=\"2073\">\n<p data-start=\"2035\" data-end=\"2073\"><strong data-start=\"2035\" data-end=\"2051\">Tamanho da caixa:<\/strong> 61 \u00d7 33,2 \u00d7 22,5 cm<\/p>\n<\/li>\n<\/ul>\n<hr data-start=\"2075\" data-end=\"2078\" \/>\n<h2 data-start=\"2080\" data-end=\"2130\">Por que comprar VASY VCAN PRO 15K Puffs em <a href=\"https:\/\/escovape.com\/pt\/\">Escovape<\/a>?<\/h2>\n<p data-start=\"2132\" data-end=\"2271\">Em <strong data-start=\"2135\" data-end=\"2147\">Escovape<\/strong>N\u00f3s nos especializamos em tradu\u00e7\u00f5es aut\u00eanticas, <a href=\"https:\/\/escovape.com\/pt\/\">Vapes descart\u00e1veis de alta qualidade por atacado em toda a Europa<\/a>Quando voc\u00ea compra conosco, voc\u00ea se beneficia de:<\/p>\n<ul data-start=\"2273\" data-end=\"2422\">\n<li data-start=\"2273\" data-end=\"2303\">\n<p data-start=\"2275\" data-end=\"2303\">Pre\u00e7os competitivos em grandes quantidades<\/p>\n<\/li>\n<li data-start=\"2304\" data-end=\"2341\">\n<p data-start=\"2306\" data-end=\"2341\">\u2705 Envio r\u00e1pido e confi\u00e1vel em toda a UE<\/p>\n<\/li>\n<li data-start=\"2342\" data-end=\"2374\">\n<p data-start=\"2344\" data-end=\"2374\">\u2705 Estoque aut\u00eantico garantido<\/p>\n<\/li>\n<li data-start=\"2375\" data-end=\"2422\">\n<p data-start=\"2377\" data-end=\"2422\">\u2705 Atendimento ao cliente profissional e de apoio<\/p>\n<\/li>\n<\/ul>\n<p data-start=\"2424\" data-end=\"2551\">Perfeito para lojas de vape e varejistas online que buscam op\u00e7\u00f5es de baixa nicotina de longa dura\u00e7\u00e3o que entregam tanto desempenho quanto valor.<img data-recalc-dims=\"1\" loading=\"lazy\" decoding=\"async\" class=\"alignnone wp-image-27716 size-full\" src=\"https:\/\/i0.wp.com\/escovape.com\/wp-content\/uploads\/2025\/07\/VASY-Vcan-Pro-15K-Puffs-Rechargeable-Premium-Disposable-Vapes-With-LED-Screen-Bulk-Buy-Wholesale-4.webp?resize=1020%2C1020&#038;ssl=1\" alt=\"VASY Vcan Pro 15K Puffs Recarreg\u00e1vel Premium Vapes Descart\u00e1veis Com Tela LED Compra em Massa Atacado\" width=\"1020\" height=\"1020\" title=\"\" srcset=\"https:\/\/i0.wp.com\/escovape.com\/wp-content\/uploads\/2025\/07\/VASY-Vcan-Pro-15K-Puffs-Rechargeable-Premium-Disposable-Vapes-With-LED-Screen-Bulk-Buy-Wholesale-4.webp?w=1500&amp;ssl=1 1500w, https:\/\/i0.wp.com\/escovape.com\/wp-content\/uploads\/2025\/07\/VASY-Vcan-Pro-15K-Puffs-Rechargeable-Premium-Disposable-Vapes-With-LED-Screen-Bulk-Buy-Wholesale-4.webp?resize=400%2C400&amp;ssl=1 400w, https:\/\/i0.wp.com\/escovape.com\/wp-content\/uploads\/2025\/07\/VASY-Vcan-Pro-15K-Puffs-Rechargeable-Premium-Disposable-Vapes-With-LED-Screen-Bulk-Buy-Wholesale-4.webp?resize=800%2C800&amp;ssl=1 800w, https:\/\/i0.wp.com\/escovape.com\/wp-content\/uploads\/2025\/07\/VASY-Vcan-Pro-15K-Puffs-Rechargeable-Premium-Disposable-Vapes-With-LED-Screen-Bulk-Buy-Wholesale-4.webp?resize=280%2C280&amp;ssl=1 280w, https:\/\/i0.wp.com\/escovape.com\/wp-content\/uploads\/2025\/07\/VASY-Vcan-Pro-15K-Puffs-Rechargeable-Premium-Disposable-Vapes-With-LED-Screen-Bulk-Buy-Wholesale-4.webp?resize=768%2C768&amp;ssl=1 768w, https:\/\/i0.wp.com\/escovape.com\/wp-content\/uploads\/2025\/07\/VASY-Vcan-Pro-15K-Puffs-Rechargeable-Premium-Disposable-Vapes-With-LED-Screen-Bulk-Buy-Wholesale-4.webp?resize=12%2C12&amp;ssl=1 12w, https:\/\/i0.wp.com\/escovape.com\/wp-content\/uploads\/2025\/07\/VASY-Vcan-Pro-15K-Puffs-Rechargeable-Premium-Disposable-Vapes-With-LED-Screen-Bulk-Buy-Wholesale-4.webp?resize=300%2C300&amp;ssl=1 300w, https:\/\/i0.wp.com\/escovape.com\/wp-content\/uploads\/2025\/07\/VASY-Vcan-Pro-15K-Puffs-Rechargeable-Premium-Disposable-Vapes-With-LED-Screen-Bulk-Buy-Wholesale-4.webp?resize=600%2C600&amp;ssl=1 600w, https:\/\/i0.wp.com\/escovape.com\/wp-content\/uploads\/2025\/07\/VASY-Vcan-Pro-15K-Puffs-Rechargeable-Premium-Disposable-Vapes-With-LED-Screen-Bulk-Buy-Wholesale-4.webp?resize=100%2C100&amp;ssl=1 100w\" sizes=\"auto, (max-width: 1020px) 100vw, 1020px\" \/><\/p>","protected":false},"excerpt":{"rendered":"<p>VASY VCAN PRO 15K Puffs \u00e9 um vape descart\u00e1vel recarreg\u00e1vel com bobinas de dupla malha, tela LED, carregamento r\u00e1pido Tipo-C e 10 sabores ousados - perfeito para atacado em massa de baixa nicotina na Escovape.<\/p>","protected":false},"featured_media":27712,"comment_status":"open","ping_status":"closed","template":"","meta":{"_lmt_disableupdate":"no","_lmt_disable":""},"product_brand":[],"product_cat":[44,55,57,97,98,99,100,101,102,103,104,105,106,107,108,109,110,111,112,113,114,15,58,59,61,133,42,122,198],"product_tag":[],"class_list":{"0":"post-27688","1":"product","2":"type-product","3":"status-publish","4":"has-post-thumbnail","6":"product_cat-15000-puffs-disposable-vapes","7":"product_cat-big-puffs-disposable-vapes","8":"product_cat-digital-box-disposable-vapes","9":"product_cat-disposable-vape-in-europe","10":"product_cat-disposable-vape-wholesale-austria","11":"product_cat-disposable-vape-wholesale-belgium","12":"product_cat-disposable-vape-wholesale-czech-republic","13":"product_cat-disposable-vape-wholesale-denmark","14":"product_cat-disposable-vape-wholesale-finland","15":"product_cat-disposable-vape-wholesale-france","16":"product_cat-disposable-vape-wholesale-germany","17":"product_cat-disposable-vape-wholesale-greece","18":"product_cat-disposable-vape-wholesale-hungary","19":"product_cat-disposable-vape-wholesale-italy","20":"product_cat-disposable-vape-wholesale-netherlands","21":"product_cat-disposable-vape-wholesale-norway","22":"product_cat-disposable-vape-wholesale-portugal","23":"product_cat-disposable-vape-wholesale-romania","24":"product_cat-disposable-vape-wholesale-spain","25":"product_cat-disposable-vape-wholesale-sweden","26":"product_cat-disposable-vape-wholesale-switzerland","27":"product_cat-disposable-vapes","28":"product_cat-dual-mesh-disposable-vapes","29":"product_cat-lower-nicotine-disposable-vapes","30":"product_cat-rechargeable-disposable-vapes","31":"product_cat-shop-best-disposable-vape-flavors","32":"product_cat-shop-by-puffs","33":"product_cat-vasy-disposable-vapes","34":"product_cat-vcan-disposable-vapes","36":"first","37":"instock","38":"shipping-taxable","39":"purchasable","40":"product-type-variable"},"jetpack_sharing_enabled":true,"_links":{"self":[{"href":"https:\/\/escovape.com\/pt\/wp-json\/wp\/v2\/product\/27688","targetHints":{"allow":["GET"]}}],"collection":[{"href":"https:\/\/escovape.com\/pt\/wp-json\/wp\/v2\/product"}],"about":[{"href":"https:\/\/escovape.com\/pt\/wp-json\/wp\/v2\/types\/product"}],"replies":[{"embeddable":true,"href":"https:\/\/escovape.com\/pt\/wp-json\/wp\/v2\/comments?post=27688"}],"wp:featuredmedia":[{"embeddable":true,"href":"https:\/\/escovape.com\/pt\/wp-json\/wp\/v2\/media\/27712"}],"wp:attachment":[{"href":"https:\/\/escovape.com\/pt\/wp-json\/wp\/v2\/media?parent=27688"}],"wp:term":[{"taxonomy":"product_brand","embeddable":true,"href":"https:\/\/escovape.com\/pt\/wp-json\/wp\/v2\/product_brand?post=27688"},{"taxonomy":"product_cat","embeddable":true,"href":"https:\/\/escovape.com\/pt\/wp-json\/wp\/v2\/product_cat?post=27688"},{"taxonomy":"product_tag","embeddable":true,"href":"https:\/\/escovape.com\/pt\/wp-json\/wp\/v2\/product_tag?post=27688"}],"curies":[{"name":"wp","href":"https:\/\/api.w.org\/{rel}","templated":true}]}}