{"id":28194,"date":"2025-07-21T13:55:06","date_gmt":"2025-07-21T13:55:06","guid":{"rendered":"https:\/\/escovape.com\/?post_type=product&#038;p=28194"},"modified":"2025-07-21T13:55:06","modified_gmt":"2025-07-21T13:55:06","slug":"bang-king-36k-puffs-sabores-dsk034-premium-vape-recarregavel-descartavel-compra-em-massa-atacado-europa","status":"publish","type":"product","link":"https:\/\/escovape.com\/pt\/product\/bang-king-36k-puffs-flavors-dsk034-premium-rechargeable-disposable-vape-bulk-buy-wholesale-europe\/","title":{"rendered":"BANG KING 36K Puffs SABORES DSK034 Vape Descart\u00e1vel Recarreg\u00e1vel Premium Compra em Massa Atacado Europa"},"content":{"rendered":"<h2 data-start=\"311\" data-end=\"365\">Eleve Seu Invent\u00e1rio com <a href=\"https:\/\/escovape.com\/pt\/categoria-do-produto\/pancada\/\">BANG<\/a> KING 36K SABORES<\/h2>\n<p data-start=\"366\" data-end=\"810\">O <strong data-start=\"370\" data-end=\"402\">BANG KING 36K FLAVORS DSK034<\/strong> estabelece um novo padr\u00e3o para vaporizadores descart\u00e1veis\u2014oferecendo uma experi\u00eancia incr\u00edvel <strong data-start=\"467\" data-end=\"483\">36.000 puffs<\/strong>, um generoso <strong data-start=\"496\" data-end=\"519\">Tanque de e-l\u00edquido de 30\u202fml<\/strong>e um <strong data-start=\"527\" data-end=\"559\">Bateria recarreg\u00e1vel de 650 mAh<\/strong>Com recursos avan\u00e7ados como <strong data-start=\"589\" data-end=\"618\">fluxo de ar inferior ajust\u00e1vel<\/strong>, <strong data-start=\"620\" data-end=\"651\">Controle de pot\u00eancia touchscreen<\/strong>e uma tela LED elegante, este dispositivo traz personaliza\u00e7\u00e3o e longevidade para as prateleiras de varejo em toda a Europa. Dispon\u00edvel agora para compra no atacado em <strong data-start=\"797\" data-end=\"809\">Escovape<\/strong>.<\/p>\n<hr data-start=\"812\" data-end=\"815\" \/>\n<h2 data-start=\"311\" data-end=\"365\"><a href=\"https:\/\/escovape.com\/pt\/categoria-do-produto\/pancada\/\">BANG KING<\/a> 36K FLAVORS Principais Caracter\u00edsticas<\/h2>\n<ul data-start=\"835\" data-end=\"1376\">\n<li data-start=\"835\" data-end=\"896\">\n<p data-start=\"837\" data-end=\"896\">Massa\u5de8\u5927 <strong data-start=\"845\" data-end=\"869\">36.000 capacidade de puff<\/strong> garante uso duradouro<\/p>\n<\/li>\n<li data-start=\"897\" data-end=\"965\">\n<p data-start=\"899\" data-end=\"965\">Cheio de <strong data-start=\"911\" data-end=\"929\">30\u202fml de l\u00edquido eletr\u00f4nico<\/strong> para satisfa\u00e7\u00e3o de sabor sustentada<\/p>\n<\/li>\n<li data-start=\"966\" data-end=\"1026\">\n<p data-start=\"968\" data-end=\"1026\">Alimentado por <strong data-start=\"979\" data-end=\"998\">Bateria de 650 mAh<\/strong> com carregamento r\u00e1pido Tipo-C<\/p>\n<\/li>\n<li data-start=\"1027\" data-end=\"1073\">\n<p data-start=\"1029\" data-end=\"1073\">Vapor suave gra\u00e7as a <strong data-start=\"1052\" data-end=\"1071\">Bobina de malha 1,0\u202f\u03a9<\/strong><\/p>\n<\/li>\n<li data-start=\"1074\" data-end=\"1142\">\n<p data-start=\"1076\" data-end=\"1142\"><strong data-start=\"1076\" data-end=\"1105\">Fluxo de ar inferior ajust\u00e1vel<\/strong> para atender a diferentes prefer\u00eancias de desenho<\/p>\n<\/li>\n<li data-start=\"1143\" data-end=\"1208\">\n<p data-start=\"1145\" data-end=\"1208\"><strong data-start=\"1145\" data-end=\"1176\">Controle de pot\u00eancia touchscreen<\/strong> para pot\u00eancia de vaporiza\u00e7\u00e3o personalizada<\/p>\n<\/li>\n<li data-start=\"1209\" data-end=\"1267\">\n<p data-start=\"1211\" data-end=\"1267\">O visor LED fornece informa\u00e7\u00f5es claras sobre a bateria e a contagem de puffs<\/p>\n<\/li>\n<li data-start=\"1268\" data-end=\"1327\">\n<p data-start=\"1270\" data-end=\"1327\">Design leve e ergon\u00f4mico com apenas 100 g por unidade<\/p>\n<\/li>\n<li data-start=\"1328\" data-end=\"1376\">\n<p data-start=\"1330\" data-end=\"1376\">Op\u00e7\u00e3o de baixa nicotina para uma experi\u00eancia mais suave na garganta<\/p>\n<\/li>\n<\/ul>\n<hr data-start=\"1378\" data-end=\"1381\" \/>\n<h2 data-start=\"1383\" data-end=\"1420\">Benef\u00edcios para Varejistas e Usu\u00e1rios<\/h2>\n<ul data-start=\"1421\" data-end=\"1714\">\n<li data-start=\"1421\" data-end=\"1473\">\n<p data-start=\"1423\" data-end=\"1473\"><strong data-start=\"1423\" data-end=\"1444\">Escolha econ\u00f4mica<\/strong> com contagem de puff ultra-alta<\/p>\n<\/li>\n<li data-start=\"1474\" data-end=\"1545\">\n<p data-start=\"1476\" data-end=\"1545\"><strong data-start=\"1476\" data-end=\"1499\">Vaporiza\u00e7\u00e3o personaliz\u00e1vel<\/strong> experi\u00eancia que atrai um p\u00fablico amplo<\/p>\n<\/li>\n<li data-start=\"1546\" data-end=\"1601\">\n<p data-start=\"1548\" data-end=\"1601\"><strong data-start=\"1548\" data-end=\"1571\">Desenho recarreg\u00e1vel<\/strong> ajuda a reduzir o desperd\u00edcio e o custo<\/p>\n<\/li>\n<li data-start=\"1602\" data-end=\"1653\">\n<p data-start=\"1604\" data-end=\"1653\"><strong data-start=\"1604\" data-end=\"1627\">Compacto e elegante<\/strong>com ilumina\u00e7\u00e3o LED<\/p>\n<\/li>\n<li data-start=\"1654\" data-end=\"1714\">\n<p data-start=\"1656\" data-end=\"1714\">Projetado para <strong data-start=\"1668\" data-end=\"1714\">satisfazer tanto os iniciantes quanto os vapers experientes<\/strong><\/p>\n<\/li>\n<\/ul>\n<hr data-start=\"1716\" data-end=\"1719\" \/>\n<h2 data-start=\"1721\" data-end=\"1737\">BANG KING 36K Lista de Sabores<\/h2>\n<p data-start=\"1738\" data-end=\"1798\">Ofere\u00e7a aos seus clientes uma escolha de doze sabores distintos:<\/p>\n<ol data-start=\"1800\" data-end=\"2061\">\n<li data-start=\"1800\" data-end=\"1818\">\n<p data-start=\"1803\" data-end=\"1818\">Azul Razz Gelo<\/p>\n<\/li>\n<li data-start=\"1819\" data-end=\"1845\">\n<p data-start=\"1822\" data-end=\"1845\">Morango Mel\u00e3o<\/p>\n<\/li>\n<li data-start=\"1846\" data-end=\"1865\">\n<p data-start=\"1849\" data-end=\"1865\">Melancia Gelo<\/p>\n<\/li>\n<li data-start=\"1866\" data-end=\"1888\">\n<p data-start=\"1869\" data-end=\"1888\">Morango Banana<\/p>\n<\/li>\n<li data-start=\"1889\" data-end=\"1908\">\n<p data-start=\"1892\" data-end=\"1908\">Fruta Tropical<\/p>\n<\/li>\n<li data-start=\"1909\" data-end=\"1930\">\n<p data-start=\"1912\" data-end=\"1930\">Sorvete de Tripla Berry<\/p>\n<\/li>\n<li data-start=\"1931\" data-end=\"1951\">\n<p data-start=\"1934\" data-end=\"1951\">Sorvete de P\u00eassego Suculento<\/p>\n<\/li>\n<li data-start=\"1952\" data-end=\"1972\">\n<p data-start=\"1955\" data-end=\"1972\">Morango Kiwi<\/p>\n<\/li>\n<li data-start=\"1973\" data-end=\"2000\">\n<p data-start=\"1976\" data-end=\"2000\">P\u00eassego Manga Mel\u00e3o<\/p>\n<\/li>\n<li data-start=\"2001\" data-end=\"2031\">\n<p data-start=\"2005\" data-end=\"2031\">Kiwi Maracuj\u00e1 Goiaba<\/p>\n<\/li>\n<li data-start=\"2032\" data-end=\"2047\">\n<p data-start=\"2036\" data-end=\"2047\">Sorvete de Uva<\/p>\n<\/li>\n<li data-start=\"2048\" data-end=\"2061\">\n<p data-start=\"2052\" data-end=\"2061\">Sr. Azul<\/p>\n<\/li>\n<\/ol>\n<hr data-start=\"2063\" data-end=\"2066\" \/>\n<h2 data-start=\"2068\" data-end=\"2097\">Especifica\u00e7\u00f5es T\u00e9cnicas<\/h2>\n<ul data-start=\"2098\" data-end=\"2506\">\n<li data-start=\"2098\" data-end=\"2127\">\n<p data-start=\"2100\" data-end=\"2127\">Capacidade de Puff: <strong data-start=\"2115\" data-end=\"2125\">36,000<\/strong><\/p>\n<\/li>\n<li data-start=\"2128\" data-end=\"2158\">\n<p data-start=\"2130\" data-end=\"2158\">Volume do e-l\u00edquido: <strong data-start=\"2147\" data-end=\"2156\">30\u202fml<\/strong><\/p>\n<\/li>\n<li data-start=\"2159\" data-end=\"2205\">\n<p data-start=\"2161\" data-end=\"2205\">Bateria: <strong data-start=\"2170\" data-end=\"2203\">650 mAh recarreg\u00e1vel (Tipo-C)<\/strong><\/p>\n<\/li>\n<li data-start=\"2206\" data-end=\"2246\">\n<p data-start=\"2208\" data-end=\"2246\">Resist\u00eancia da bobina: <strong data-start=\"2225\" data-end=\"2244\">Bobina de malha 1,0\u202f\u03a9<\/strong><\/p>\n<\/li>\n<li data-start=\"2247\" data-end=\"2289\">\n<p data-start=\"2249\" data-end=\"2289\">Fluxo de ar <strong data-start=\"2258\" data-end=\"2287\">Fluxo de ar inferior ajust\u00e1vel<\/strong><\/p>\n<\/li>\n<li data-start=\"2290\" data-end=\"2332\">\n<p data-start=\"2292\" data-end=\"2332\">Poder: <strong data-start=\"2299\" data-end=\"2330\">Controle de pot\u00eancia touchscreen<\/strong><\/p>\n<\/li>\n<li data-start=\"2333\" data-end=\"2363\">\n<p data-start=\"2335\" data-end=\"2363\">Peso por unidade: <strong data-start=\"2352\" data-end=\"2361\">100 g<\/strong><\/p>\n<\/li>\n<li data-start=\"2364\" data-end=\"2409\">\n<p data-start=\"2366\" data-end=\"2409\">Embalagem: <strong data-start=\"2377\" data-end=\"2407\">10 unidades por caixa (1,05 kg)<\/strong><\/p>\n<\/li>\n<li data-start=\"2410\" data-end=\"2465\">\n<p data-start=\"2412\" data-end=\"2465\">Tamanho da caixa: <strong data-start=\"2425\" data-end=\"2463\">200 unidades por caixa (21 kg bruto)<\/strong><\/p>\n<\/li>\n<li data-start=\"2466\" data-end=\"2506\">\n<p data-start=\"2468\" data-end=\"2506\">Dimens\u00f5es da caixa: <strong data-start=\"2487\" data-end=\"2506\">59 \u00d7 34 \u00d7 25 cm<\/strong><\/p>\n<\/li>\n<\/ul>\n<hr data-start=\"2508\" data-end=\"2511\" \/>\n<h2 data-start=\"2513\" data-end=\"2572\">Compre BANG KING 36K FLAVORS DSK034 por atacado em <a href=\"https:\/\/escovape.com\/pt\/\">Escovape<\/a><\/h2>\n<p data-start=\"2573\" data-end=\"2859\">Em <strong data-start=\"2576\" data-end=\"2588\">Escovape<\/strong>, somos especializados em fornecer vaporizadores descart\u00e1veis de ponta para revendedores europeus. <strong data-start=\"2674\" data-end=\"2706\">BANG KING 36K FLAVORS DSK034<\/strong> combina capacidade de puff excepcional, recursos de personaliza\u00e7\u00e3o e uma sele\u00e7\u00e3o vibrante de sabores - tornando-se uma escolha de destaque para qualquer loja de vape ou distribuidor.<\/p>\n<p data-start=\"2861\" data-end=\"2967\">Abaste\u00e7a-se hoje em <strong data-start=\"2879\" data-end=\"2891\">Escovape<\/strong> e oferecer aos seus clientes uma experi\u00eancia de vaporiza\u00e7\u00e3o premium que realmente se destaca.<\/p>\n<p data-start=\"2861\" data-end=\"2967\"><img data-recalc-dims=\"1\" loading=\"lazy\" decoding=\"async\" class=\"alignnone wp-image-28196 size-full\" src=\"https:\/\/i0.wp.com\/escovape.com\/wp-content\/uploads\/2025\/07\/BANG-KING-36K-FLAVORS-DSK034-Premium-Rechargeable-Disposable-Vape-Bulk-Wholesale-Europe-2.webp?resize=800%2C1592&#038;ssl=1\" alt=\"BANG KING 36K SABORES DSK034 Vape Descart\u00e1vel Recarreg\u00e1vel Premium por Atacado na Europa\" width=\"800\" height=\"1592\" title=\"\" srcset=\"https:\/\/i0.wp.com\/escovape.com\/wp-content\/uploads\/2025\/07\/BANG-KING-36K-FLAVORS-DSK034-Premium-Rechargeable-Disposable-Vape-Bulk-Wholesale-Europe-2.webp?w=800&amp;ssl=1 800w, https:\/\/i0.wp.com\/escovape.com\/wp-content\/uploads\/2025\/07\/BANG-KING-36K-FLAVORS-DSK034-Premium-Rechargeable-Disposable-Vape-Bulk-Wholesale-Europe-2.webp?resize=201%2C400&amp;ssl=1 201w, https:\/\/i0.wp.com\/escovape.com\/wp-content\/uploads\/2025\/07\/BANG-KING-36K-FLAVORS-DSK034-Premium-Rechargeable-Disposable-Vape-Bulk-Wholesale-Europe-2.webp?resize=402%2C800&amp;ssl=1 402w, https:\/\/i0.wp.com\/escovape.com\/wp-content\/uploads\/2025\/07\/BANG-KING-36K-FLAVORS-DSK034-Premium-Rechargeable-Disposable-Vape-Bulk-Wholesale-Europe-2.webp?resize=768%2C1528&amp;ssl=1 768w, https:\/\/i0.wp.com\/escovape.com\/wp-content\/uploads\/2025\/07\/BANG-KING-36K-FLAVORS-DSK034-Premium-Rechargeable-Disposable-Vape-Bulk-Wholesale-Europe-2.webp?resize=772%2C1536&amp;ssl=1 772w, https:\/\/i0.wp.com\/escovape.com\/wp-content\/uploads\/2025\/07\/BANG-KING-36K-FLAVORS-DSK034-Premium-Rechargeable-Disposable-Vape-Bulk-Wholesale-Europe-2.webp?resize=6%2C12&amp;ssl=1 6w, https:\/\/i0.wp.com\/escovape.com\/wp-content\/uploads\/2025\/07\/BANG-KING-36K-FLAVORS-DSK034-Premium-Rechargeable-Disposable-Vape-Bulk-Wholesale-Europe-2.webp?resize=600%2C1194&amp;ssl=1 600w\" sizes=\"auto, (max-width: 800px) 100vw, 800px\" \/><\/p>","protected":false},"excerpt":{"rendered":"<p>O BANG KING 36K FLAVORS DSK034 \u00e9 um <a href=\"https:\/\/escovape.com\/pt\/categoria-do-produto\/vaporizadores-descartaveis\/vapes-descartaveis-recarregaveis\/\"><strong>vape descart\u00e1vel recarreg\u00e1vel premium<\/strong><\/a> oferecendo at\u00e9 36.000 puffs, baixa nicotina, controle de pot\u00eancia touchscreen e uma ampla gama de sabores ousados - ideal para atacado em massa atrav\u00e9s da Escovape, o distribuidor de vape online confi\u00e1vel da Europa.<\/p>","protected":false},"featured_media":28195,"comment_status":"open","ping_status":"closed","template":"","meta":{"_lmt_disableupdate":"no","_lmt_disable":""},"product_brand":[],"product_cat":[18,178,55,57,97,98,99,100,101,102,103,104,105,106,107,108,109,110,111,112,113,114,15,59,61,133,42],"product_tag":[],"class_list":{"0":"post-28194","1":"product","2":"type-product","3":"status-publish","4":"has-post-thumbnail","6":"product_cat-bang","7":"product_cat-36000-puffs-disposable-vapes","8":"product_cat-big-puffs-disposable-vapes","9":"product_cat-digital-box-disposable-vapes","10":"product_cat-disposable-vape-in-europe","11":"product_cat-disposable-vape-wholesale-austria","12":"product_cat-disposable-vape-wholesale-belgium","13":"product_cat-disposable-vape-wholesale-czech-republic","14":"product_cat-disposable-vape-wholesale-denmark","15":"product_cat-disposable-vape-wholesale-finland","16":"product_cat-disposable-vape-wholesale-france","17":"product_cat-disposable-vape-wholesale-germany","18":"product_cat-disposable-vape-wholesale-greece","19":"product_cat-disposable-vape-wholesale-hungary","20":"product_cat-disposable-vape-wholesale-italy","21":"product_cat-disposable-vape-wholesale-netherlands","22":"product_cat-disposable-vape-wholesale-norway","23":"product_cat-disposable-vape-wholesale-portugal","24":"product_cat-disposable-vape-wholesale-romania","25":"product_cat-disposable-vape-wholesale-spain","26":"product_cat-disposable-vape-wholesale-sweden","27":"product_cat-disposable-vape-wholesale-switzerland","28":"product_cat-disposable-vapes","29":"product_cat-lower-nicotine-disposable-vapes","30":"product_cat-rechargeable-disposable-vapes","31":"product_cat-shop-best-disposable-vape-flavors","32":"product_cat-shop-by-puffs","34":"first","35":"instock","36":"shipping-taxable","37":"purchasable","38":"product-type-variable"},"jetpack_sharing_enabled":true,"_links":{"self":[{"href":"https:\/\/escovape.com\/pt\/wp-json\/wp\/v2\/product\/28194","targetHints":{"allow":["GET"]}}],"collection":[{"href":"https:\/\/escovape.com\/pt\/wp-json\/wp\/v2\/product"}],"about":[{"href":"https:\/\/escovape.com\/pt\/wp-json\/wp\/v2\/types\/product"}],"replies":[{"embeddable":true,"href":"https:\/\/escovape.com\/pt\/wp-json\/wp\/v2\/comments?post=28194"}],"wp:featuredmedia":[{"embeddable":true,"href":"https:\/\/escovape.com\/pt\/wp-json\/wp\/v2\/media\/28195"}],"wp:attachment":[{"href":"https:\/\/escovape.com\/pt\/wp-json\/wp\/v2\/media?parent=28194"}],"wp:term":[{"taxonomy":"product_brand","embeddable":true,"href":"https:\/\/escovape.com\/pt\/wp-json\/wp\/v2\/product_brand?post=28194"},{"taxonomy":"product_cat","embeddable":true,"href":"https:\/\/escovape.com\/pt\/wp-json\/wp\/v2\/product_cat?post=28194"},{"taxonomy":"product_tag","embeddable":true,"href":"https:\/\/escovape.com\/pt\/wp-json\/wp\/v2\/product_tag?post=28194"}],"curies":[{"name":"wp","href":"https:\/\/api.w.org\/{rel}","templated":true}]}}