{"id":30105,"date":"2025-08-01T07:33:14","date_gmt":"2025-08-01T07:33:14","guid":{"rendered":"https:\/\/escovape.com\/?post_type=product&#038;p=30105"},"modified":"2025-08-05T01:32:30","modified_gmt":"2025-08-05T01:32:30","slug":"vasy-chris-brown-15k-puffs-premium-recarregavel-vapes-descartaveis-baixo-nicotina-compra-em-massa-atacado","status":"publish","type":"product","link":"https:\/\/escovape.com\/pt\/product\/vasy-chris-brown-15k-puffs-premium-rechargeable-disposable-vapes-low-nicotine-bulk-buy-wholesale\/","title":{"rendered":"VASY CHRIS BROWN 15K Puffs Premium Recarreg\u00e1vel Vapes Descart\u00e1veis Baixo Nicotina Compra em Massa Atacado"},"content":{"rendered":"<h2 data-start=\"170\" data-end=\"753\"><\/h2>\n<div style=\"width: 1020px;\" class=\"wp-video\"><video class=\"wp-video-shortcode\" id=\"video-30105-1\" width=\"1020\" height=\"574\" preload=\"metadata\" controls=\"controls\"><source type=\"video\/mp4\" src=\"https:\/\/escovape.com\/wp-content\/uploads\/2025\/07\/Vasy-Chris-Brown-15K-Puffs-Premium-Rechargeable-Disposable-Vape-for-Wholesale-at-Escovape-1.mp4?_=1\" \/><a href=\"https:\/\/escovape.com\/wp-content\/uploads\/2025\/07\/Vasy-Chris-Brown-15K-Puffs-Premium-Rechargeable-Disposable-Vape-for-Wholesale-at-Escovape-1.mp4\">https:\/\/escovape.com\/wp-content\/uploads\/2025\/07\/Vasy-Chris-Brown-15K-Puffs-Premium-Rechargeable-Disposable-Vape-for-Wholesale-at-Escovape-1.mp4<\/a><\/video><\/div>\n<h2 data-start=\"170\" data-end=\"753\"><a href=\"https:\/\/escovape.com\/pt\/\">Vape Descart\u00e1vel Premium<\/a>:<a href=\"https:\/\/escovape.com\/pt\/categoria-do-produto\/vapes-descartaveis-2\/\">VASY <\/a>CHRIS BROWN 15K Puffs<\/h2>\n<p data-start=\"170\" data-end=\"753\">The VASY CHRIS BROWN<strong data-start=\"197\" data-end=\"227\">\u00a015K Puffs<\/strong> \u00e9 um vape descart\u00e1vel recarreg\u00e1vel elegante e potente, projetado para longevidade excepcional e entrega suave de nicotina. Com at\u00e9 <strong data-start=\"358\" data-end=\"374\">15.000 tragadas<\/strong>, um generoso <strong data-start=\"387\" data-end=\"410\">Tanque de e-l\u00edquido de 15\u202fml<\/strong>e um <strong data-start=\"418\" data-end=\"450\">Bateria recarreg\u00e1vel de 600 mAh<\/strong>este dispositivo garante uma experi\u00eancia de vaporiza\u00e7\u00e3o duradoura. Constru\u00eddo com tecnologia avan\u00e7ada de bobina de malha e um visor LED intuitivo, \u00e9 perfeito para usu\u00e1rios que desejam tanto desempenho quanto estilo. Ideal para compra em massa atrav\u00e9s de <strong data-start=\"669\" data-end=\"681\">Escovape<\/strong>, seu fornecedor europeu de confian\u00e7a para compra no atacado de vaporizadores descart\u00e1veis premium.<\/p>\n<hr data-start=\"1372\" data-end=\"1375\" \/>\n<h2 data-start=\"1377\" data-end=\"1397\">Especifica\u00e7\u00f5es<\/h2>\n<ul data-start=\"1399\" data-end=\"1882\">\n<li data-start=\"1399\" data-end=\"1433\">\n<p data-start=\"1401\" data-end=\"1433\"><strong data-start=\"1401\" data-end=\"1409\">Tamanho<\/strong>: 101 \u00d7 43,8 \u00d7 17,0\u202fmm<\/p>\n<\/li>\n<li data-start=\"1434\" data-end=\"1471\">\n<p data-start=\"1436\" data-end=\"1471\"><strong data-start=\"1436\" data-end=\"1447\">Bateria<\/strong>: 600\u202fmAh recarreg\u00e1vel<\/p>\n<\/li>\n<li data-start=\"1472\" data-end=\"1504\">\n<p data-start=\"1474\" data-end=\"1504\"><strong data-start=\"1474\" data-end=\"1495\">Capacidade de E-L\u00edquido<\/strong>: 15\u202fml<\/p>\n<\/li>\n<li data-start=\"1505\" data-end=\"1532\">\n<p data-start=\"1507\" data-end=\"1532\"><strong data-start=\"1507\" data-end=\"1516\">Puffs<\/strong>: At\u00e9 15.000<\/p>\n<\/li>\n<li data-start=\"1533\" data-end=\"1567\">\n<p data-start=\"1535\" data-end=\"1567\"><strong data-start=\"1535\" data-end=\"1549\">Resist\u00eancia<\/strong>: Bobina de Malha 1.2\u03a9<\/p>\n<\/li>\n<li data-start=\"1568\" data-end=\"1624\">\n<p data-start=\"1570\" data-end=\"1624\"><strong data-start=\"1570\" data-end=\"1582\">Material<\/strong>: Pl\u00e1stico + Impress\u00e3o 3D + Galvaniza\u00e7\u00e3o<\/p>\n<\/li>\n<li data-start=\"1625\" data-end=\"1661\">\n<p data-start=\"1627\" data-end=\"1661\"><strong data-start=\"1627\" data-end=\"1639\">Carregando<\/strong>: USB-C e sem fio<\/p>\n<\/li>\n<li data-start=\"1662\" data-end=\"1716\">\n<p data-start=\"1664\" data-end=\"1716\"><strong data-start=\"1664\" data-end=\"1675\">Exibir<\/strong>: Tela de LED (n\u00edvel da bateria e do l\u00edquido eletr\u00f4nico)<\/p>\n<\/li>\n<li data-start=\"1717\" data-end=\"1744\">\n<p data-start=\"1719\" data-end=\"1744\"><strong data-start=\"1719\" data-end=\"1730\">Fluxo de ar<\/strong>: Ajust\u00e1vel<\/p>\n<\/li>\n<li data-start=\"1745\" data-end=\"1795\">\n<p data-start=\"1747\" data-end=\"1795\"><strong data-start=\"1747\" data-end=\"1768\">For\u00e7a da Nicotina<\/strong>: 5% (50mg de nicotina salgada)<\/p>\n<\/li>\n<li data-start=\"1796\" data-end=\"1882\">\n<p data-start=\"1798\" data-end=\"1882\"><strong data-start=\"1798\" data-end=\"1811\">Embalagem<\/strong>: 200 pe\u00e7as\/pacote | Peso Bruto: 16,5kg | Caixa: 590 \u00d7 235 \u00d7 275\u202fmm<\/p>\n<\/li>\n<\/ul>\n<hr data-start=\"1884\" data-end=\"1887\" \/>\n<h2 data-start=\"1889\" data-end=\"1912\">Sabores Dispon\u00edveis<\/h2>\n<p data-start=\"1914\" data-end=\"1963\">Desfrute de uma ampla sele\u00e7\u00e3o de blends ricos e frutados:<\/p>\n<ol data-start=\"2459\" data-end=\"2710\">\n<li data-start=\"2459\" data-end=\"2484\">\n<p data-start=\"2461\" data-end=\"2484\">Morango Mel\u00e3o<\/p>\n<\/li>\n<li data-start=\"2485\" data-end=\"2510\">\n<p data-start=\"2487\" data-end=\"2510\">Suco de Lim\u00e3o com Fruta do Drag\u00e3o<\/p>\n<\/li>\n<li data-start=\"2511\" data-end=\"2532\">\n<p data-start=\"2513\" data-end=\"2532\">Morango Banana<\/p>\n<\/li>\n<li data-start=\"2533\" data-end=\"2551\">\n<p data-start=\"2535\" data-end=\"2551\">P\u00eassego georgiano<\/p>\n<\/li>\n<li data-start=\"2552\" data-end=\"2578\">\n<p data-start=\"2554\" data-end=\"2578\">Maracuj\u00e1 Abacaxi<\/p>\n<\/li>\n<li data-start=\"2579\" data-end=\"2603\">\n<p data-start=\"2581\" data-end=\"2603\">Mirtilo Melancia<\/p>\n<\/li>\n<li data-start=\"2604\" data-end=\"2621\">\n<p data-start=\"2606\" data-end=\"2621\">Azul Razz Gelo<\/p>\n<\/li>\n<li data-start=\"2622\" data-end=\"2641\">\n<p data-start=\"2624\" data-end=\"2641\">Morango Kiwi<\/p>\n<\/li>\n<li data-start=\"2642\" data-end=\"2666\">\n<p data-start=\"2644\" data-end=\"2666\">Manz\u00e3 Azeda Framboesa<\/p>\n<\/li>\n<li data-start=\"2667\" data-end=\"2682\">\n<p data-start=\"2669\" data-end=\"2682\">Pina Colada<\/p>\n<\/li>\n<li data-start=\"2683\" data-end=\"2697\">\n<p data-start=\"2685\" data-end=\"2697\">Uva Razz<\/p>\n<\/li>\n<li data-start=\"2698\" data-end=\"2710\">\n<p data-start=\"2700\" data-end=\"2710\">Miami Mint<\/p>\n<\/li>\n<\/ol>\n<hr data-start=\"2412\" data-end=\"2415\" \/>\n<h2 data-start=\"760\" data-end=\"778\">\u2699\ufe0f VASY CHRIS BROWN 15K Puffs Caracter\u00edsticas Principais<\/h2>\n<ul data-start=\"780\" data-end=\"1370\">\n<li data-start=\"780\" data-end=\"849\">\n<p data-start=\"782\" data-end=\"849\"><strong data-start=\"782\" data-end=\"804\">At\u00e9 15.000 Puffs<\/strong> \u2013 Uso prolongado para conveni\u00eancia a longo prazo<\/p>\n<\/li>\n<li data-start=\"850\" data-end=\"924\">\n<p data-start=\"852\" data-end=\"924\"><strong data-start=\"852\" data-end=\"881\">15\u202fml de E-L\u00edquido Pr\u00e9-Preenchido<\/strong> \u2013 Pr\u00e9-carregado com 5% (50mg) de sal de nicotina<\/p>\n<\/li>\n<li data-start=\"925\" data-end=\"1012\">\n<p data-start=\"927\" data-end=\"1012\"><strong data-start=\"927\" data-end=\"959\">Bateria Recarreg\u00e1vel 600 mAh<\/strong> \u2013 Compat\u00edvel com carregamento USB-C e sem fio<\/p>\n<\/li>\n<li data-start=\"1013\" data-end=\"1086\">\n<p data-start=\"1015\" data-end=\"1086\"><strong data-start=\"1015\" data-end=\"1044\">Bobina de Malha Avan\u00e7ada (1.2\u03a9)<\/strong> \u2013 Produ\u00e7\u00e3o de vapor suave e saborosa<\/p>\n<\/li>\n<li data-start=\"1087\" data-end=\"1159\">\n<p data-start=\"1089\" data-end=\"1159\"><strong data-start=\"1089\" data-end=\"1111\">Fluxo de Ar Ajust\u00e1vel<\/strong> \u2013 Ajuste sua inala\u00e7\u00e3o para corresponder \u00e0 sua prefer\u00eancia<\/p>\n<\/li>\n<li data-start=\"1160\" data-end=\"1235\">\n<p data-start=\"1162\" data-end=\"1235\"><strong data-start=\"1162\" data-end=\"1185\">Tela Digital LED<\/strong> \u2013 Visualiza\u00e7\u00e3o em tempo real dos n\u00edveis de bateria e e-l\u00edquido<\/p>\n<\/li>\n<li data-start=\"1236\" data-end=\"1311\">\n<p data-start=\"1238\" data-end=\"1311\"><strong data-start=\"1238\" data-end=\"1264\">Efeitos Visuais Elegantes<\/strong> \u2013 Exibi\u00e7\u00e3o de luz de asa animada para cada tragada<\/p>\n<\/li>\n<li data-start=\"1312\" data-end=\"1370\">\n<p data-start=\"1314\" data-end=\"1370\"><strong data-start=\"1314\" data-end=\"1332\">Desenho-Ativado<\/strong> \u2013 Sem bot\u00f5es, basta inalar e desfrutar<\/p>\n<\/li>\n<\/ul>\n<h2 data-start=\"2417\" data-end=\"2445\">Por que Comprar de <a href=\"https:\/\/escovape.com\/pt\/\">Escovape<\/a>?<\/h2>\n<p data-start=\"2447\" data-end=\"2845\">Em <strong data-start=\"2450\" data-end=\"2462\">Escovape<\/strong>n\u00e3o oferecemos <strong data-start=\"2473\" data-end=\"2504\">solu\u00e7\u00f5es genu\u00ednas de atacado<\/strong> para produtos de vape descart\u00e1veis em toda a Europa. O VASY CHRIS BROWN<strong data-start=\"2553\" data-end=\"2583\">\u00a015K Puffs<\/strong> combina inova\u00e7\u00e3o e desempenho em um pacote confi\u00e1vel - perfeito para varejistas e distribuidores. Com uma ampla sele\u00e7\u00e3o de sabores, design atraente e recursos de \u00faltima gera\u00e7\u00e3o, como carregamento sem fio e tela LED, \u00e9 uma escolha de primeira linha para suas prateleiras.<\/p>\n<p data-start=\"2847\" data-end=\"2956\" data-is-last-node=\"\" data-is-only-node=\"\">Coloque seu <strong data-start=\"2858\" data-end=\"2888\">Compre em grandes quantidades agora na Escovape<\/strong>\u2014 sua loja \u00fanica para <a href=\"https:\/\/escovape.com\/pt\/\"><strong>Vape descart\u00e1vel premium por atacado na Europa<\/strong><\/a>!<\/p>\n<p data-start=\"2847\" data-end=\"2956\" data-is-last-node=\"\" data-is-only-node=\"\"><img data-recalc-dims=\"1\" loading=\"lazy\" decoding=\"async\" class=\"alignnone size-full wp-image-30111\" src=\"https:\/\/i0.wp.com\/escovape.com\/wp-content\/uploads\/2025\/07\/Vasy-Chris-Brown-15K-Puffs-Premium-Rechargeable-Disposable-Vape-for-Wholesale-at-Escovape-3.jpg?resize=1020%2C425&#038;ssl=1\" alt=\"Vasy Chris Brown 15K Puffs Premium Recarreg\u00e1vel Vape Descart\u00e1vel para Atacado na Escovape\" width=\"1020\" height=\"425\" title=\"\" srcset=\"https:\/\/i0.wp.com\/escovape.com\/wp-content\/uploads\/2025\/07\/Vasy-Chris-Brown-15K-Puffs-Premium-Rechargeable-Disposable-Vape-for-Wholesale-at-Escovape-3.jpg?w=2400&amp;ssl=1 2400w, https:\/\/i0.wp.com\/escovape.com\/wp-content\/uploads\/2025\/07\/Vasy-Chris-Brown-15K-Puffs-Premium-Rechargeable-Disposable-Vape-for-Wholesale-at-Escovape-3.jpg?resize=800%2C333&amp;ssl=1 800w, https:\/\/i0.wp.com\/escovape.com\/wp-content\/uploads\/2025\/07\/Vasy-Chris-Brown-15K-Puffs-Premium-Rechargeable-Disposable-Vape-for-Wholesale-at-Escovape-3.jpg?resize=1400%2C583&amp;ssl=1 1400w, https:\/\/i0.wp.com\/escovape.com\/wp-content\/uploads\/2025\/07\/Vasy-Chris-Brown-15K-Puffs-Premium-Rechargeable-Disposable-Vape-for-Wholesale-at-Escovape-3.jpg?resize=768%2C320&amp;ssl=1 768w, https:\/\/i0.wp.com\/escovape.com\/wp-content\/uploads\/2025\/07\/Vasy-Chris-Brown-15K-Puffs-Premium-Rechargeable-Disposable-Vape-for-Wholesale-at-Escovape-3.jpg?resize=1536%2C640&amp;ssl=1 1536w, https:\/\/i0.wp.com\/escovape.com\/wp-content\/uploads\/2025\/07\/Vasy-Chris-Brown-15K-Puffs-Premium-Rechargeable-Disposable-Vape-for-Wholesale-at-Escovape-3.jpg?resize=2048%2C853&amp;ssl=1 2048w, https:\/\/i0.wp.com\/escovape.com\/wp-content\/uploads\/2025\/07\/Vasy-Chris-Brown-15K-Puffs-Premium-Rechargeable-Disposable-Vape-for-Wholesale-at-Escovape-3.jpg?resize=18%2C8&amp;ssl=1 18w, https:\/\/i0.wp.com\/escovape.com\/wp-content\/uploads\/2025\/07\/Vasy-Chris-Brown-15K-Puffs-Premium-Rechargeable-Disposable-Vape-for-Wholesale-at-Escovape-3.jpg?resize=600%2C250&amp;ssl=1 600w\" sizes=\"auto, (max-width: 1020px) 100vw, 1020px\" \/><\/p>","protected":false},"excerpt":{"rendered":"<p>O VASY CHRIS BROWN 15K Puffs \u00e9 um <a href=\"https:\/\/escovape.com\/pt\/categoria-do-produto\/vaporizadores-descartaveis\/vapes-descartaveis-recarregaveis\/\"><strong>vape descart\u00e1vel recarreg\u00e1vel premium<\/strong><\/a> com 5% nicotina, uma capacidade de e-l\u00edquido de 15ml, carregamento sem fio e display LED \u2014 dispon\u00edvel agora para compra em atacado em Escovape.<\/p>","protected":false},"featured_media":30109,"comment_status":"open","ping_status":"closed","template":"","meta":{"_lmt_disableupdate":"no","_lmt_disable":""},"product_brand":[],"product_cat":[122,44,55,57,97,98,99,100,101,102,103,104,105,106,107,108,109,110,111,112,113,114,15,59,61,133,42],"product_tag":[],"class_list":{"0":"post-30105","1":"product","2":"type-product","3":"status-publish","4":"has-post-thumbnail","6":"product_cat-vasy-disposable-vapes","7":"product_cat-15000-puffs-disposable-vapes","8":"product_cat-big-puffs-disposable-vapes","9":"product_cat-digital-box-disposable-vapes","10":"product_cat-disposable-vape-in-europe","11":"product_cat-disposable-vape-wholesale-austria","12":"product_cat-disposable-vape-wholesale-belgium","13":"product_cat-disposable-vape-wholesale-czech-republic","14":"product_cat-disposable-vape-wholesale-denmark","15":"product_cat-disposable-vape-wholesale-finland","16":"product_cat-disposable-vape-wholesale-france","17":"product_cat-disposable-vape-wholesale-germany","18":"product_cat-disposable-vape-wholesale-greece","19":"product_cat-disposable-vape-wholesale-hungary","20":"product_cat-disposable-vape-wholesale-italy","21":"product_cat-disposable-vape-wholesale-netherlands","22":"product_cat-disposable-vape-wholesale-norway","23":"product_cat-disposable-vape-wholesale-portugal","24":"product_cat-disposable-vape-wholesale-romania","25":"product_cat-disposable-vape-wholesale-spain","26":"product_cat-disposable-vape-wholesale-sweden","27":"product_cat-disposable-vape-wholesale-switzerland","28":"product_cat-disposable-vapes","29":"product_cat-lower-nicotine-disposable-vapes","30":"product_cat-rechargeable-disposable-vapes","31":"product_cat-shop-best-disposable-vape-flavors","32":"product_cat-shop-by-puffs","34":"first","35":"instock","36":"shipping-taxable","37":"purchasable","38":"product-type-variable"},"jetpack_sharing_enabled":true,"_links":{"self":[{"href":"https:\/\/escovape.com\/pt\/wp-json\/wp\/v2\/product\/30105","targetHints":{"allow":["GET"]}}],"collection":[{"href":"https:\/\/escovape.com\/pt\/wp-json\/wp\/v2\/product"}],"about":[{"href":"https:\/\/escovape.com\/pt\/wp-json\/wp\/v2\/types\/product"}],"replies":[{"embeddable":true,"href":"https:\/\/escovape.com\/pt\/wp-json\/wp\/v2\/comments?post=30105"}],"wp:featuredmedia":[{"embeddable":true,"href":"https:\/\/escovape.com\/pt\/wp-json\/wp\/v2\/media\/30109"}],"wp:attachment":[{"href":"https:\/\/escovape.com\/pt\/wp-json\/wp\/v2\/media?parent=30105"}],"wp:term":[{"taxonomy":"product_brand","embeddable":true,"href":"https:\/\/escovape.com\/pt\/wp-json\/wp\/v2\/product_brand?post=30105"},{"taxonomy":"product_cat","embeddable":true,"href":"https:\/\/escovape.com\/pt\/wp-json\/wp\/v2\/product_cat?post=30105"},{"taxonomy":"product_tag","embeddable":true,"href":"https:\/\/escovape.com\/pt\/wp-json\/wp\/v2\/product_tag?post=30105"}],"curies":[{"name":"wp","href":"https:\/\/api.w.org\/{rel}","templated":true}]}}