{"id":31043,"date":"2025-08-06T13:25:18","date_gmt":"2025-08-06T13:25:18","guid":{"rendered":"https:\/\/escovape.com\/?post_type=product&#038;p=31043"},"modified":"2025-08-06T13:25:18","modified_gmt":"2025-08-06T13:25:18","slug":"lider-de-20k-puffs-de-vaporizadores-recarregaveis-descartaveis-premium-de-baixa-nicotina-em-compras-em-massa-por-atacado","status":"publish","type":"product","link":"https:\/\/escovape.com\/pt\/product\/bang-leader-20k-puffs-premium-rechargeable-disposable-vapes-low-nicotine-bulk-buy-wholesale\/","title":{"rendered":"L\u00cdDER BANG 20K Puffs Premium Vapes Descart\u00e1veis Recarreg\u00e1veis Baixo Nicotina Compra em Massa Atacado"},"content":{"rendered":"<p data-start=\"95\" data-end=\"548\">Descubra o <strong data-start=\"108\" data-end=\"133\">L\u00cdDER BANG 20K Puffs<\/strong>um <a href=\"https:\/\/escovape.com\/pt\/categoria-do-produto\/vaporizadores-descartaveis\/vapes-descartaveis-recarregaveis\/\"><strong>vape descart\u00e1vel recarreg\u00e1vel premium<\/strong><\/a> projetado para uso prolongado e sabor excepcional. Com at\u00e9 20.000 puffs, capacidade de e-l\u00edquido de 28ml e bateria recarreg\u00e1vel de 650mAh, este dispositivo oferece uma experi\u00eancia de vaporiza\u00e7\u00e3o satisfat\u00f3ria. Dispon\u00edvel em 12 sabores deliciosos e v\u00e1rias intensidades de nicotina, \u00e9 perfeito para compras por atacado atrav\u00e9s de <strong data-start=\"473\" data-end=\"485\">Escovape<\/strong>, sua plataforma europeia online confi\u00e1vel de cigarros eletr\u00f4nicos descart\u00e1veis.<\/p>\n<h2 data-start=\"555\" data-end=\"598\"><a href=\"https:\/\/escovape.com\/pt\/categoria-do-produto\/pancada\/\">BANG<\/a> LEADER 20K Puffs \u2013 Vis\u00e3o Geral do Produto<\/h2>\n<p data-start=\"600\" data-end=\"992\">O <strong data-start=\"604\" data-end=\"629\">L\u00cdDER BANG 20K Puffs<\/strong> combina alta capacidade com conveni\u00eancia. Cada dispositivo \u00e9 pr\u00e9-preenchido com 28ml de e-l\u00edquido e possui um sistema de bobina de dupla malha, garantindo sabor rico e produ\u00e7\u00e3o de vapor suave. A bateria recarreg\u00e1vel de 650mAh suporta carregamento r\u00e1pido Tipo-C, permitindo recargas r\u00e1pidas. Com impressionantes 20.000 puffs por dispositivo, minimiza a necessidade de substitui\u00e7\u00f5es frequentes.<\/p>\n<hr data-start=\"994\" data-end=\"997\" \/>\n<h2 data-start=\"555\" data-end=\"598\"><a href=\"https:\/\/escovape.com\/pt\/categoria-do-produto\/pancada\/\">L\u00cdDER BANG<\/a> 20K Recursos<\/h2>\n<ul data-start=\"1016\" data-end=\"1610\">\n<li data-start=\"1016\" data-end=\"1108\">\n<p data-start=\"1018\" data-end=\"1108\"><strong data-start=\"1018\" data-end=\"1036\">Uso Estendido<\/strong>: At\u00e9 20.000 puffs por dispositivo, reduzindo a frequ\u00eancia de substitui\u00e7\u00f5es.<\/p>\n<\/li>\n<li data-start=\"1109\" data-end=\"1198\">\n<p data-start=\"1111\" data-end=\"1198\"><strong data-start=\"1111\" data-end=\"1141\">Capacidade Generosa de L\u00edquido Eletr\u00f4nico<\/strong>: 28ml de e-l\u00edquido pr\u00e9-preenchido para sess\u00f5es prolongadas de vaporiza\u00e7\u00e3o.<\/p>\n<\/li>\n<li data-start=\"1199\" data-end=\"1274\">\n<p data-start=\"1201\" data-end=\"1274\"><strong data-start=\"1201\" data-end=\"1226\">Sistema de Bobina de Malha Dupla<\/strong>: Entrega sabor e produ\u00e7\u00e3o de vapor aprimorados.<\/p>\n<\/li>\n<li data-start=\"1275\" data-end=\"1361\">\n<p data-start=\"1277\" data-end=\"1361\"><strong data-start=\"1277\" data-end=\"1301\">Bateria Recarreg\u00e1vel<\/strong>: Capacidade de 650mAh com carregamento r\u00e1pido Type-C para conveni\u00eancia.<\/p>\n<\/li>\n<li data-start=\"1362\" data-end=\"1450\">\n<p data-start=\"1364\" data-end=\"1450\"><strong data-start=\"1364\" data-end=\"1399\">For\u00e7as de Nicotina Personaliz\u00e1veis<\/strong>: Dispon\u00edvel em op\u00e7\u00f5es de nicotina 0%, 2%, 3% e 5%.<\/p>\n<\/li>\n<li data-start=\"1451\" data-end=\"1522\">\n<p data-start=\"1453\" data-end=\"1522\"><strong data-start=\"1453\" data-end=\"1469\">Design Elegante<\/strong>: Ergon\u00f4mico e port\u00e1til, adequado para uso em movimento.<\/p>\n<\/li>\n<li data-start=\"1523\" data-end=\"1610\">\n<p data-start=\"1525\" data-end=\"1610\"><strong data-start=\"1525\" data-end=\"1544\">Suporte OEM\/ODM<\/strong>Op\u00e7\u00f5es de marca personalizada e embalagem dispon\u00edveis para pedidos em grandes quantidades.<\/p>\n<\/li>\n<\/ul>\n<hr data-start=\"1612\" data-end=\"1615\" \/>\n<h2 data-start=\"1617\" data-end=\"1637\">Sabores Dispon\u00edveis<\/h2>\n<ul data-start=\"1639\" data-end=\"1843\">\n<li data-start=\"1639\" data-end=\"1655\">\n<p data-start=\"1641\" data-end=\"1655\">Melancia Gelo<\/p>\n<\/li>\n<li data-start=\"1656\" data-end=\"1673\">\n<p data-start=\"1658\" data-end=\"1673\">Morango Kiwi<\/p>\n<\/li>\n<li data-start=\"1674\" data-end=\"1690\">\n<p data-start=\"1676\" data-end=\"1690\">Morango Gelo<\/p>\n<\/li>\n<li data-start=\"1691\" data-end=\"1704\">\n<p data-start=\"1693\" data-end=\"1704\">Manga P\u00eassego<\/p>\n<\/li>\n<li data-start=\"1705\" data-end=\"1726\">\n<p data-start=\"1707\" data-end=\"1726\">Mirtilo Amora<\/p>\n<\/li>\n<li data-start=\"1727\" data-end=\"1743\">\n<p data-start=\"1729\" data-end=\"1743\">Mirtilo Hortel\u00e3<\/p>\n<\/li>\n<li data-start=\"1744\" data-end=\"1755\">\n<p data-start=\"1746\" data-end=\"1755\">Mix Fruit<\/p>\n<\/li>\n<li data-start=\"1756\" data-end=\"1779\">\n<p data-start=\"1758\" data-end=\"1779\">Morango Mel\u00e3o<\/p>\n<\/li>\n<li data-start=\"1780\" data-end=\"1791\">\n<p data-start=\"1782\" data-end=\"1791\">Sorvete de Uva<\/p>\n<\/li>\n<li data-start=\"1792\" data-end=\"1815\">\n<p data-start=\"1794\" data-end=\"1815\">Goma de Mascar de Mel\u00e3o<\/p>\n<\/li>\n<li data-start=\"1816\" data-end=\"1831\">\n<p data-start=\"1818\" data-end=\"1831\">Sorvete de Mirtilo<\/p>\n<\/li>\n<li data-start=\"1832\" data-end=\"1843\">\n<p data-start=\"1834\" data-end=\"1843\">P\u00eassego Gelo<\/p>\n<\/li>\n<\/ul>\n<hr data-start=\"1845\" data-end=\"1848\" \/>\n<h2 data-start=\"1850\" data-end=\"1867\">Especifica\u00e7\u00f5es<\/h2>\n<ul data-start=\"1869\" data-end=\"2140\">\n<li data-start=\"1869\" data-end=\"1899\">\n<p data-start=\"1871\" data-end=\"1899\"><strong data-start=\"1871\" data-end=\"1885\">Contagem de Puffs<\/strong>: At\u00e9 20.000<\/p>\n<\/li>\n<li data-start=\"1900\" data-end=\"1929\">\n<p data-start=\"1902\" data-end=\"1929\"><strong data-start=\"1902\" data-end=\"1923\">Capacidade de E-L\u00edquido<\/strong>: 28ml<\/p>\n<\/li>\n<li data-start=\"1930\" data-end=\"1970\">\n<p data-start=\"1932\" data-end=\"1970\"><strong data-start=\"1932\" data-end=\"1954\">For\u00e7as de Nicotina<\/strong>: 0%, 2%, 3%, 5%<\/p>\n<\/li>\n<li data-start=\"1971\" data-end=\"2004\">\n<p data-start=\"1973\" data-end=\"2004\"><strong data-start=\"1973\" data-end=\"1988\">Sistema de Bobina<\/strong>: Bobina de dupla malha<\/p>\n<\/li>\n<li data-start=\"2005\" data-end=\"2039\">\n<p data-start=\"2007\" data-end=\"2039\"><strong data-start=\"2007\" data-end=\"2018\">Bateria<\/strong>: 650mAh recarreg\u00e1vel<\/p>\n<\/li>\n<li data-start=\"2040\" data-end=\"2067\">\n<p data-start=\"2042\" data-end=\"2067\"><strong data-start=\"2042\" data-end=\"2059\">Porta de Carregamento<\/strong>: Tipo-C<\/p>\n<\/li>\n<li data-start=\"2068\" data-end=\"2115\">\n<p data-start=\"2070\" data-end=\"2115\"><strong data-start=\"2070\" data-end=\"2084\">Dimens\u00f5es<\/strong>: Design port\u00e1til e ergon\u00f4mico<\/p>\n<\/li>\n<li data-start=\"2116\" data-end=\"2140\">\n<p data-start=\"2118\" data-end=\"2140\"><strong data-start=\"2118\" data-end=\"2129\">OEM\/ODM<\/strong>: Suportado<\/p>\n<\/li>\n<\/ul>\n<hr data-start=\"2142\" data-end=\"2145\" \/>\n<h2 data-start=\"2147\" data-end=\"2194\">Por que escolher BANG LEADER 20K Puffs on <a href=\"https:\/\/escovape.com\/pt\/\">Escovape<\/a><\/h2>\n<p data-start=\"2196\" data-end=\"2321\">Em <strong data-start=\"2199\" data-end=\"2211\">Escovape<\/strong>, oferecemos aut\u00eanticos <strong data-start=\"2232\" data-end=\"2257\">L\u00cdDER BANG 20K Puffs<\/strong> dispositivos a pre\u00e7os competitivos no atacado. Nossa plataforma fornece:<\/p>\n<ul data-start=\"2323\" data-end=\"2692\">\n<li data-start=\"2323\" data-end=\"2400\">\n<p data-start=\"2325\" data-end=\"2400\"><strong data-start=\"2325\" data-end=\"2345\">Qualidade Verificada<\/strong>: Produtos genu\u00ednos diretamente de fabricantes confi\u00e1veis.<\/p>\n<\/li>\n<li data-start=\"2401\" data-end=\"2478\">\n<p data-start=\"2403\" data-end=\"2478\"><strong data-start=\"2403\" data-end=\"2422\">Compra em Massa<\/strong>: Quantidades de pedido flex\u00edveis para atender \u00e0s suas necessidades de neg\u00f3cios.<\/p>\n<\/li>\n<li data-start=\"2479\" data-end=\"2532\">\n<p data-start=\"2481\" data-end=\"2532\"><strong data-start=\"2481\" data-end=\"2498\">Envio R\u00e1pido<\/strong>: Entrega confi\u00e1vel em toda a Europa.<\/p>\n<\/li>\n<li data-start=\"2533\" data-end=\"2605\">\n<p data-start=\"2535\" data-end=\"2605\"><strong data-start=\"2535\" data-end=\"2560\">Op\u00e7\u00f5es de personaliza\u00e7\u00e3o<\/strong>: Servi\u00e7os OEM\/ODM para marca personalizada.<\/p>\n<\/li>\n<li data-start=\"2606\" data-end=\"2692\">\n<p data-start=\"2608\" data-end=\"2692\"><strong data-start=\"2608\" data-end=\"2628\">Suporte ao Cliente<\/strong>Assist\u00eancia dedicada para garantir uma experi\u00eancia de compra tranquila.<\/p>\n<\/li>\n<\/ul>\n<p><img data-recalc-dims=\"1\" loading=\"lazy\" decoding=\"async\" class=\"alignnone wp-image-31044 size-full\" src=\"https:\/\/i0.wp.com\/escovape.com\/wp-content\/uploads\/2025\/08\/BANG-LEADER-20K-Puffs-Premium-Rechargeable-Disposable-Vapes-Low-Nicotine-Bulk-Buy-Wholesale-1.webp?resize=1020%2C574&#038;ssl=1\" alt=\"L\u00cdDER BANG 20K Puffs Premium Vapes Descart\u00e1veis Recarreg\u00e1veis Baixo Nicotina Compra em Massa Atacado\" width=\"1020\" height=\"574\" title=\"\" srcset=\"https:\/\/i0.wp.com\/escovape.com\/wp-content\/uploads\/2025\/08\/BANG-LEADER-20K-Puffs-Premium-Rechargeable-Disposable-Vapes-Low-Nicotine-Bulk-Buy-Wholesale-1.webp?w=1920&amp;ssl=1 1920w, https:\/\/i0.wp.com\/escovape.com\/wp-content\/uploads\/2025\/08\/BANG-LEADER-20K-Puffs-Premium-Rechargeable-Disposable-Vapes-Low-Nicotine-Bulk-Buy-Wholesale-1.webp?resize=711%2C400&amp;ssl=1 711w, https:\/\/i0.wp.com\/escovape.com\/wp-content\/uploads\/2025\/08\/BANG-LEADER-20K-Puffs-Premium-Rechargeable-Disposable-Vapes-Low-Nicotine-Bulk-Buy-Wholesale-1.webp?resize=1400%2C788&amp;ssl=1 1400w, https:\/\/i0.wp.com\/escovape.com\/wp-content\/uploads\/2025\/08\/BANG-LEADER-20K-Puffs-Premium-Rechargeable-Disposable-Vapes-Low-Nicotine-Bulk-Buy-Wholesale-1.webp?resize=768%2C432&amp;ssl=1 768w, https:\/\/i0.wp.com\/escovape.com\/wp-content\/uploads\/2025\/08\/BANG-LEADER-20K-Puffs-Premium-Rechargeable-Disposable-Vapes-Low-Nicotine-Bulk-Buy-Wholesale-1.webp?resize=1536%2C864&amp;ssl=1 1536w, https:\/\/i0.wp.com\/escovape.com\/wp-content\/uploads\/2025\/08\/BANG-LEADER-20K-Puffs-Premium-Rechargeable-Disposable-Vapes-Low-Nicotine-Bulk-Buy-Wholesale-1.webp?resize=18%2C10&amp;ssl=1 18w, https:\/\/i0.wp.com\/escovape.com\/wp-content\/uploads\/2025\/08\/BANG-LEADER-20K-Puffs-Premium-Rechargeable-Disposable-Vapes-Low-Nicotine-Bulk-Buy-Wholesale-1.webp?resize=600%2C338&amp;ssl=1 600w\" sizes=\"auto, (max-width: 1020px) 100vw, 1020px\" \/><\/p>","protected":false},"excerpt":{"rendered":"<p>BANG LEADER 20K Puffs \u00e9 um <a href=\"https:\/\/escovape.com\/pt\/categoria-do-produto\/vaporizadores-descartaveis\/vaporizadores-descartaveis-com-baixo-teor-de-nicotina\/\"><strong>vape descart\u00e1vel premium de baixa nicotina<\/strong><\/a> incluindo uma bateria de 650mAh, 28ml de e-l\u00edquido, bobina de dupla malha e 12 sabores ricos \u2014dispon\u00edveis para atacado em massa na Escovape.<\/p>","protected":false},"featured_media":31046,"comment_status":"open","ping_status":"closed","template":"","meta":{"_lmt_disableupdate":"no","_lmt_disable":""},"product_brand":[],"product_cat":[18,48,55,56,57,97,98,99,100,101,102,103,104,105,106,107,108,109,110,111,112,113,114,15,58,59,61,133,42],"product_tag":[],"class_list":{"0":"post-31043","1":"product","2":"type-product","3":"status-publish","4":"has-post-thumbnail","6":"product_cat-bang","7":"product_cat-20000-puffs-disposable-vapes","8":"product_cat-big-puffs-disposable-vapes","9":"product_cat-crystal-disposable-vapes","10":"product_cat-digital-box-disposable-vapes","11":"product_cat-disposable-vape-in-europe","12":"product_cat-disposable-vape-wholesale-austria","13":"product_cat-disposable-vape-wholesale-belgium","14":"product_cat-disposable-vape-wholesale-czech-republic","15":"product_cat-disposable-vape-wholesale-denmark","16":"product_cat-disposable-vape-wholesale-finland","17":"product_cat-disposable-vape-wholesale-france","18":"product_cat-disposable-vape-wholesale-germany","19":"product_cat-disposable-vape-wholesale-greece","20":"product_cat-disposable-vape-wholesale-hungary","21":"product_cat-disposable-vape-wholesale-italy","22":"product_cat-disposable-vape-wholesale-netherlands","23":"product_cat-disposable-vape-wholesale-norway","24":"product_cat-disposable-vape-wholesale-portugal","25":"product_cat-disposable-vape-wholesale-romania","26":"product_cat-disposable-vape-wholesale-spain","27":"product_cat-disposable-vape-wholesale-sweden","28":"product_cat-disposable-vape-wholesale-switzerland","29":"product_cat-disposable-vapes","30":"product_cat-dual-mesh-disposable-vapes","31":"product_cat-lower-nicotine-disposable-vapes","32":"product_cat-rechargeable-disposable-vapes","33":"product_cat-shop-best-disposable-vape-flavors","34":"product_cat-shop-by-puffs","36":"first","37":"instock","38":"shipping-taxable","39":"purchasable","40":"product-type-variable"},"jetpack_sharing_enabled":true,"_links":{"self":[{"href":"https:\/\/escovape.com\/pt\/wp-json\/wp\/v2\/product\/31043","targetHints":{"allow":["GET"]}}],"collection":[{"href":"https:\/\/escovape.com\/pt\/wp-json\/wp\/v2\/product"}],"about":[{"href":"https:\/\/escovape.com\/pt\/wp-json\/wp\/v2\/types\/product"}],"replies":[{"embeddable":true,"href":"https:\/\/escovape.com\/pt\/wp-json\/wp\/v2\/comments?post=31043"}],"wp:featuredmedia":[{"embeddable":true,"href":"https:\/\/escovape.com\/pt\/wp-json\/wp\/v2\/media\/31046"}],"wp:attachment":[{"href":"https:\/\/escovape.com\/pt\/wp-json\/wp\/v2\/media?parent=31043"}],"wp:term":[{"taxonomy":"product_brand","embeddable":true,"href":"https:\/\/escovape.com\/pt\/wp-json\/wp\/v2\/product_brand?post=31043"},{"taxonomy":"product_cat","embeddable":true,"href":"https:\/\/escovape.com\/pt\/wp-json\/wp\/v2\/product_cat?post=31043"},{"taxonomy":"product_tag","embeddable":true,"href":"https:\/\/escovape.com\/pt\/wp-json\/wp\/v2\/product_tag?post=31043"}],"curies":[{"name":"wp","href":"https:\/\/api.w.org\/{rel}","templated":true}]}}