{"id":8990,"date":"2024-09-05T08:56:53","date_gmt":"2024-09-05T08:56:53","guid":{"rendered":"https:\/\/escovape.com\/?post_type=product&#038;p=8990"},"modified":"2025-06-19T08:13:50","modified_gmt":"2025-06-19T08:13:50","slug":"efervescente-boom-13000-baforadas-2-5-baixa-nicotina-recarregavel-vapes-descartaveis-caneta-granel-comprar-atacado","status":"publish","type":"product","link":"https:\/\/escovape.com\/pt\/product\/fizzy-boom-13000-puffs-2-5-low-nicotine-rechargeable-disposable-vapes-pen-bulk-buy-wholesale\/","title":{"rendered":"Fizzy Boom 13000 Puffs 2% 5%  Baixo Nicotina Recarreg\u00e1vel Vapes Descart\u00e1veis Caneta Compra em Massa Atacado"},"content":{"rendered":"<div style=\"width: 1020px;\" class=\"wp-video\"><video class=\"wp-video-shortcode\" id=\"video-8990-1\" width=\"1020\" height=\"574\" preload=\"metadata\" controls=\"controls\"><source type=\"video\/mp4\" src=\"https:\/\/escovape.com\/wp-content\/uploads\/2024\/09\/FIZZY-BOOM-13000PUFF_compressed.mp4?_=1\" \/><a href=\"https:\/\/escovape.com\/wp-content\/uploads\/2024\/09\/FIZZY-BOOM-13000PUFF_compressed.mp4\">https:\/\/escovape.com\/wp-content\/uploads\/2024\/09\/FIZZY-BOOM-13000PUFF_compressed.mp4<\/a><\/video><\/div>\n<h2>Descubra o Fizzy Boom 13000 Puffs<\/h2>\n<p>Melhore sua experi\u00eancia de vaporiza\u00e7\u00e3o com o Fizzy Boom 13000 Puffs. Este \u00e9 um vape descart\u00e1vel reutiliz\u00e1vel com longa vida \u00fatil e sabores deliciosos. Voc\u00ea s\u00f3 pode encontr\u00e1-lo na Escovape. O vape tem 13000 puffs, ent\u00e3o voc\u00ea pode us\u00e1-lo por muito tempo.<\/p>\n<h3><a href=\"https:\/\/escovape.com\/pt\/categoria-do-produto\/efervescente\/\">Vapes Descart\u00e1veis Fizzy<\/a>: recursos principais<\/h3>\n<p>Grande armazenamento de l\u00edquido: 21ML de l\u00edquido, o suficiente para uso prolongado.<br \/>\nEscolha de nicotina: Escolha entre 2% ou 5% de nicotina.<br \/>\nBateria forte: Bateria recarreg\u00e1vel de 650mAh com carregador tipo-C.<br \/>\nTamanho conveniente: F\u00e1cil de transportar, mesmo sendo grande por dentro.<br \/>\nDesign forte: Exterior de metal lindo que dura muito tempo.<br \/>\nSabores frescos: Cada sabor parece sentir o sabor de fruta fresca.<br \/>\nTela: Sempre veja como a bateria e o l\u00edquido est\u00e3o cheios.<\/p>\n<h3>Todos os sabores de Fizzy Boom 13000 Puffs<\/h3>\n<p>P\u00eassego<br \/>\nMirtilo com sorvete<br \/>\nUva com sorvete<br \/>\nMorango<br \/>\nMelancia com sorvete<br \/>\nMirtilo, melancia e chiclete<br \/>\nMa\u00e7\u00e3 azeda<br \/>\nMelancia e cereja<br \/>\nMirtilo e mel\u00e3o<br \/>\nKiwi, mirtilo e sorvete<br \/>\nMirtilo, framboesa e lim\u00e3o<br \/>\nMorango, melancia e rom\u00e3<br \/>\nVape Atacado: Compra em Massa de F\u00e1brica Original<br \/>\nEscovape \u00e9 o melhor atacadista de vaporizadores descart\u00e1veis \u200b\u200bna Holanda, Alemanha, B\u00e9lgica e Espanha. Encomende o Fizzy Boom 13000 Puffs em massa para sua loja.<\/p>\n<h3>Por que nos escolher?<\/h3>\n<p>Boa qualidade: Nossos vaporizadores sempre funcionam perfeitamente.<br \/>\nPre\u00e7os baixos: Ideais para lojas que buscam lucro.<br \/>\nEntrega r\u00e1pida: Seu pedido sempre chega no prazo.<br \/>\nAtendimento ao cliente: N\u00f3s ajudamos voc\u00ea com tudo o que precisar.<\/p>\n<h3>Vantagens do atacado<\/h3>\n<p>Economize dinheiro com grandes pedidos.<br \/>\nMantenha sempre estoque suficiente.<br \/>\nEscolha quais sabores voc\u00ea deseja vender.<br \/>\nComece hoje<br \/>\nEntre em contato com a Escovape para encomendar o Fizzy Boom 13000 Puffs. Com tantas sabores, cada cliente encontrar\u00e1 algo saboroso. Visite nosso site para mais informa\u00e7\u00f5es.<\/p>\n<h2><img data-recalc-dims=\"1\" loading=\"lazy\" decoding=\"async\" class=\"alignnone wp-image-9028 size-full\" style=\"color: #555555;font-size: 14.4px\" src=\"https:\/\/i0.wp.com\/escovape.com\/wp-content\/uploads\/2024\/09\/Fizzy-Boom-13000-Puff-16.webp?resize=1020%2C574&#038;ssl=1\" alt=\"Fizzy Boom 13000 Puffs 2% 5% Baixo Nicotina Recarreg\u00e1vel Vapes Descart\u00e1veis Caneta Compra em Massa Atacado -Escovape\" width=\"1020\" height=\"574\" title=\"\" srcset=\"https:\/\/i0.wp.com\/escovape.com\/wp-content\/uploads\/2024\/09\/Fizzy-Boom-13000-Puff-16.webp?w=1280&amp;ssl=1 1280w, https:\/\/i0.wp.com\/escovape.com\/wp-content\/uploads\/2024\/09\/Fizzy-Boom-13000-Puff-16.webp?resize=711%2C400&amp;ssl=1 711w, https:\/\/i0.wp.com\/escovape.com\/wp-content\/uploads\/2024\/09\/Fizzy-Boom-13000-Puff-16.webp?resize=768%2C432&amp;ssl=1 768w, https:\/\/i0.wp.com\/escovape.com\/wp-content\/uploads\/2024\/09\/Fizzy-Boom-13000-Puff-16.webp?resize=18%2C10&amp;ssl=1 18w, https:\/\/i0.wp.com\/escovape.com\/wp-content\/uploads\/2024\/09\/Fizzy-Boom-13000-Puff-16.webp?resize=600%2C338&amp;ssl=1 600w\" sizes=\"auto, (max-width: 1020px) 100vw, 1020px\" \/><\/h2>","protected":false},"excerpt":{"rendered":"<p>O Fizzy Boom 13000 Puffs Recarreg\u00e1vel Caneta Vape Descart\u00e1vel oferece uma experi\u00eancia de vaporiza\u00e7\u00e3o premium com capacidade de 21ML de e-l\u00edquido, bateria de 650mAh, tecnologia de bobina de malha e uma ampla gama de sabores, dispon\u00edvel para compra em massa na Escovape.<\/p>","protected":false},"featured_media":9017,"comment_status":"open","ping_status":"closed","template":"","meta":{"_lmt_disableupdate":"no","_lmt_disable":""},"product_brand":[],"product_cat":[41,86,134,136,137,15,132,139,141,142,143,149,133,42,153,154],"product_tag":[],"class_list":{"0":"post-8990","1":"product","2":"type-product","3":"status-publish","4":"has-post-thumbnail","6":"product_cat-fizzy","7":"product_cat-13000-puffs-disposable-vapes","8":"product_cat-apple-flavor-disposable-vapes","9":"product_cat-blueberry-flavor-disposable-vapes","10":"product_cat-cherry-flavor-disposable-vapes","11":"product_cat-disposable-vapes","12":"product_cat-european-vape-warehouse-stock","13":"product_cat-grape-flavor-disposable-vapes","14":"product_cat-ice-flavor-disposable-vapes","15":"product_cat-kiwi-flavor-disposable-vapes","16":"product_cat-lemon-flavor-disposable-vapes","17":"product_cat-peach-flavor-disposable-vapes","18":"product_cat-shop-best-disposable-vape-flavors","19":"product_cat-shop-by-puffs","20":"product_cat-strawberry-flavor-disposable-vapes","21":"product_cat-watermelon-flavor-disposable-vapes","23":"first","24":"outofstock","25":"shipping-taxable","26":"product-type-variable"},"jetpack_sharing_enabled":true,"_links":{"self":[{"href":"https:\/\/escovape.com\/pt\/wp-json\/wp\/v2\/product\/8990","targetHints":{"allow":["GET"]}}],"collection":[{"href":"https:\/\/escovape.com\/pt\/wp-json\/wp\/v2\/product"}],"about":[{"href":"https:\/\/escovape.com\/pt\/wp-json\/wp\/v2\/types\/product"}],"replies":[{"embeddable":true,"href":"https:\/\/escovape.com\/pt\/wp-json\/wp\/v2\/comments?post=8990"}],"wp:featuredmedia":[{"embeddable":true,"href":"https:\/\/escovape.com\/pt\/wp-json\/wp\/v2\/media\/9017"}],"wp:attachment":[{"href":"https:\/\/escovape.com\/pt\/wp-json\/wp\/v2\/media?parent=8990"}],"wp:term":[{"taxonomy":"product_brand","embeddable":true,"href":"https:\/\/escovape.com\/pt\/wp-json\/wp\/v2\/product_brand?post=8990"},{"taxonomy":"product_cat","embeddable":true,"href":"https:\/\/escovape.com\/pt\/wp-json\/wp\/v2\/product_cat?post=8990"},{"taxonomy":"product_tag","embeddable":true,"href":"https:\/\/escovape.com\/pt\/wp-json\/wp\/v2\/product_tag?post=8990"}],"curies":[{"name":"wp","href":"https:\/\/api.w.org\/{rel}","templated":true}]}}