{"id":9631,"date":"2024-09-22T02:58:56","date_gmt":"2024-09-22T02:58:56","guid":{"rendered":"https:\/\/escovape.com\/?post_type=product&#038;p=9631"},"modified":"2025-09-03T13:03:14","modified_gmt":"2025-09-03T13:03:14","slug":"atvs-13000-baforadas-5-caneta-vapes-descartaveis-recarregaveis-com-baixo-teor-de-nicotina-em-massa-comprar-no-atacado","status":"publish","type":"product","link":"https:\/\/escovape.com\/pt\/product\/atvs-13000-puffs-5-low-nicotine-rechargeable-disposable-vapes-pen-bulk-buy-wholesale\/","title":{"rendered":"ATVs 13000 Puffs 5%  Baixo Nicotina Recarreg\u00e1vel Vapes Descart\u00e1veis Caneta Compra em Massa Atacado"},"content":{"rendered":"<div style=\"width: 720px;\" class=\"wp-video\"><video class=\"wp-video-shortcode\" id=\"video-9631-1\" width=\"720\" height=\"720\" preload=\"metadata\" controls=\"controls\"><source type=\"video\/mp4\" src=\"https:\/\/escovape.com\/wp-content\/uploads\/2024\/09\/ATVS-13K-Puffs-3.mp4?_=1\" \/><a href=\"https:\/\/escovape.com\/wp-content\/uploads\/2024\/09\/ATVS-13K-Puffs-3.mp4\">https:\/\/escovape.com\/wp-content\/uploads\/2024\/09\/ATVS-13K-Puffs-3.mp4<\/a><\/video><\/div>\n<h2>ATVs 13000 Puffs \u2013 Ideal para uso a longo prazo<\/h2>\n<p>Descubra o Atvs 13000 Puffs, um Vape Descart\u00e1vel com 5% de nicotina. Este vape \u00e9 perfeito para quem procura uma experi\u00eancia simples e fi\u00e1vel. \u00c9 recarreg\u00e1vel e de longa dura\u00e7\u00e3o. Encomende em grande quantidade para a sua loja agora atrav\u00e9s da Escovape.<\/p>\n<h3><a href=\"https:\/\/escovape.com\/pt\/categoria-do-produto\/vapores-descartaveis-atvs\/\">Atvs Vapes Descart\u00e1veis<\/a> \u2013 Recursos principais<\/h3>\n<p>O Atvs 13000 Puffs tem uma bateria de 600mAh que pode ser carregada com um cabo Type-C. Cont\u00e9m 15ml de l\u00edquido, bom para cerca de 13.000 puffs. A bobina de malha garante um sabor e vapor uniformes. Adequado para iniciantes e usu\u00e1rios avan\u00e7ados.<\/p>\n<h3>Vape Atacado - Grande valor em grandes quantidades<\/h3>\n<p>Compre os Atvs Disposable Vapes em massa: 10 por caixa, 200 por cart\u00f3n. Ideal para lojas com muitos clientes. A Escovape entrega rapidamente em toda a Europa. Pre\u00e7os baixos para pedidos maiores.<\/p>\n<h3>Sabores do Atvs 13000 Puffs<\/h3>\n<p>Escolha entre estes sabores:<\/p>\n<p>Melancia Gelo<br \/>\nP\u00eassego Gelo<br \/>\nFruta Misturada<br \/>\nMorango Gelo<br \/>\nGuava Glace<br \/>\nSorvete de manga<br \/>\nSorvete de hortel\u00e3<br \/>\nMorango Mel\u00e3o<br \/>\nSorvete de lichia<br \/>\nSorvete de mirtilo<br \/>\nSorvete de uva<br \/>\nSorvete de Banana<\/p>\n<h3>Por que o Atvs 13000 Puffs?<\/h3>\n<p>Este vape \u00e9 leve (102g) e f\u00e1cil de transportar. Os clientes adoram o longo tempo de uso e a op\u00e7\u00e3o de recarga f\u00e1cil. Compre em grandes quantidades agora e ofere\u00e7a aos seus clientes uma escolha popular.<\/p>\n<p>Entrega r\u00e1pida e servi\u00e7o confi\u00e1vel<br \/>\nEscovape \u00e9 especializada em atacado de Vape. Garantimos entrega correta e comunica\u00e7\u00e3o clara. Perfeito para lojas na Holanda, Alemanha, B\u00e9lgica e Espanha.<\/p>\n<h3>Pedir hoje<\/h3>\n<p>Os Atvs 13000 Puffs s\u00e3o uma escolha inteligente para o seu estoque. Combine diferentes sabores e beneficie de pre\u00e7os em atacado. Visite Escovape.com e fa\u00e7a o seu pedido.<\/p>\n<h2><img data-recalc-dims=\"1\" loading=\"lazy\" decoding=\"async\" class=\"alignnone wp-image-9673 size-full\" style=\"color: #555555;font-size: 14.4px\" src=\"https:\/\/i0.wp.com\/escovape.com\/wp-content\/uploads\/2024\/09\/Atvs-13000-Photo-1.webp?resize=1000%2C644&#038;ssl=1\" alt=\"ATVs 13000 Puffs 5% Baixo Nicotina Recarreg\u00e1vel Vapes Descart\u00e1veis Caneta Compra em Massa Atacado\" width=\"1000\" height=\"644\" title=\"\" srcset=\"https:\/\/i0.wp.com\/escovape.com\/wp-content\/uploads\/2024\/09\/Atvs-13000-Photo-1.webp?w=1000&amp;ssl=1 1000w, https:\/\/i0.wp.com\/escovape.com\/wp-content\/uploads\/2024\/09\/Atvs-13000-Photo-1.webp?resize=621%2C400&amp;ssl=1 621w, https:\/\/i0.wp.com\/escovape.com\/wp-content\/uploads\/2024\/09\/Atvs-13000-Photo-1.webp?resize=768%2C495&amp;ssl=1 768w, https:\/\/i0.wp.com\/escovape.com\/wp-content\/uploads\/2024\/09\/Atvs-13000-Photo-1.webp?resize=18%2C12&amp;ssl=1 18w, https:\/\/i0.wp.com\/escovape.com\/wp-content\/uploads\/2024\/09\/Atvs-13000-Photo-1.webp?resize=600%2C386&amp;ssl=1 600w\" sizes=\"auto, (max-width: 1000px) 100vw, 1000px\" \/><\/h2>\n<p><img data-recalc-dims=\"1\" loading=\"lazy\" decoding=\"async\" class=\"alignnone wp-image-9674 size-full\" src=\"https:\/\/i0.wp.com\/escovape.com\/wp-content\/uploads\/2024\/09\/Atvs-13000-Photo-4.webp?resize=1000%2C989&#038;ssl=1\" alt=\"ATVs 13000 Puffs 5% Baixo Nicotina Recarreg\u00e1vel Vapes Descart\u00e1veis Caneta Compra em Massa Atacado\" width=\"1000\" height=\"989\" title=\"\" srcset=\"https:\/\/i0.wp.com\/escovape.com\/wp-content\/uploads\/2024\/09\/Atvs-13000-Photo-4.webp?w=1000&amp;ssl=1 1000w, https:\/\/i0.wp.com\/escovape.com\/wp-content\/uploads\/2024\/09\/Atvs-13000-Photo-4.webp?resize=404%2C400&amp;ssl=1 404w, https:\/\/i0.wp.com\/escovape.com\/wp-content\/uploads\/2024\/09\/Atvs-13000-Photo-4.webp?resize=809%2C800&amp;ssl=1 809w, https:\/\/i0.wp.com\/escovape.com\/wp-content\/uploads\/2024\/09\/Atvs-13000-Photo-4.webp?resize=768%2C760&amp;ssl=1 768w, https:\/\/i0.wp.com\/escovape.com\/wp-content\/uploads\/2024\/09\/Atvs-13000-Photo-4.webp?resize=12%2C12&amp;ssl=1 12w, https:\/\/i0.wp.com\/escovape.com\/wp-content\/uploads\/2024\/09\/Atvs-13000-Photo-4.webp?resize=600%2C593&amp;ssl=1 600w, https:\/\/i0.wp.com\/escovape.com\/wp-content\/uploads\/2024\/09\/Atvs-13000-Photo-4.webp?resize=100%2C100&amp;ssl=1 100w\" sizes=\"auto, (max-width: 1000px) 100vw, 1000px\" \/><\/p>","protected":false},"excerpt":{"rendered":"<p>O <strong>Caneta Vape Descart\u00e1vel Recarreg\u00e1vel Atvs 13000 Puffs<\/strong>dispon\u00edvel exclusivamente em <strong>Escovape<\/strong>, oferece at\u00e9 13.000 tragadas com tecnologia avan\u00e7ada de bobina de malha, uma bateria recarreg\u00e1vel de 600mAh e uma ampla gama de sabores premium, tornando-se uma escolha ideal tanto para vapers quanto para varejistas que buscam solu\u00e7\u00f5es de vaporiza\u00e7\u00e3o de alta qualidade e longa dura\u00e7\u00e3o.<\/p>","protected":false},"featured_media":9668,"comment_status":"open","ping_status":"closed","template":"","meta":{"_lmt_disableupdate":"no","_lmt_disable":""},"product_brand":[],"product_cat":[66,86,55,136,15,139,140,141,59,145,146,147,149,61,133,42,153,154],"product_tag":[],"class_list":{"0":"post-9631","1":"product","2":"type-product","3":"status-publish","4":"has-post-thumbnail","6":"product_cat-atvs-disposable-vapes","7":"product_cat-13000-puffs-disposable-vapes","8":"product_cat-big-puffs-disposable-vapes","9":"product_cat-blueberry-flavor-disposable-vapes","10":"product_cat-disposable-vapes","11":"product_cat-grape-flavor-disposable-vapes","12":"product_cat-guava-flavor-disposable-vapes","13":"product_cat-ice-flavor-disposable-vapes","14":"product_cat-lower-nicotine-disposable-vapes","15":"product_cat-mango-flavor-disposable-vapes","16":"product_cat-mint-flavor-disposable-vapes","17":"product_cat-mixed-berries-flavor-disposable-vapes","18":"product_cat-peach-flavor-disposable-vapes","19":"product_cat-rechargeable-disposable-vapes","20":"product_cat-shop-best-disposable-vape-flavors","21":"product_cat-shop-by-puffs","22":"product_cat-strawberry-flavor-disposable-vapes","23":"product_cat-watermelon-flavor-disposable-vapes","25":"first","26":"instock","27":"shipping-taxable","28":"purchasable","29":"product-type-variable"},"jetpack_sharing_enabled":true,"_links":{"self":[{"href":"https:\/\/escovape.com\/pt\/wp-json\/wp\/v2\/product\/9631","targetHints":{"allow":["GET"]}}],"collection":[{"href":"https:\/\/escovape.com\/pt\/wp-json\/wp\/v2\/product"}],"about":[{"href":"https:\/\/escovape.com\/pt\/wp-json\/wp\/v2\/types\/product"}],"replies":[{"embeddable":true,"href":"https:\/\/escovape.com\/pt\/wp-json\/wp\/v2\/comments?post=9631"}],"wp:featuredmedia":[{"embeddable":true,"href":"https:\/\/escovape.com\/pt\/wp-json\/wp\/v2\/media\/9668"}],"wp:attachment":[{"href":"https:\/\/escovape.com\/pt\/wp-json\/wp\/v2\/media?parent=9631"}],"wp:term":[{"taxonomy":"product_brand","embeddable":true,"href":"https:\/\/escovape.com\/pt\/wp-json\/wp\/v2\/product_brand?post=9631"},{"taxonomy":"product_cat","embeddable":true,"href":"https:\/\/escovape.com\/pt\/wp-json\/wp\/v2\/product_cat?post=9631"},{"taxonomy":"product_tag","embeddable":true,"href":"https:\/\/escovape.com\/pt\/wp-json\/wp\/v2\/product_tag?post=9631"}],"curies":[{"name":"wp","href":"https:\/\/api.w.org\/{rel}","templated":true}]}}