{"id":27688,"date":"2025-07-17T02:58:35","date_gmt":"2025-07-17T02:58:35","guid":{"rendered":"https:\/\/escovape.com\/?post_type=product&#038;p=27688"},"modified":"2025-08-05T02:05:30","modified_gmt":"2025-08-05T02:05:30","slug":"vasy-vcan-pro-15k-puffs-vape-reutilizabile-premium-de-unica-folosinta-cu-ecran-led-cumparare-in-vrac-en-gros","status":"publish","type":"product","link":"https:\/\/escovape.com\/ro\/product\/vasy-vcan-pro-15k-puffs-rechargeable-premium-disposable-vapes-with-led-screen-bulk-buy-wholesale\/","title":{"rendered":"VASY VCAN PRO 15K Puffs Rechargeabile Premium Vape de Unic\u0103 Folosin\u021b\u0103 Cu Ecran LED Cump\u0103rare \u00een Vrac Angro"},"content":{"rendered":"<div style=\"width: 1020px;\" class=\"wp-video\"><video class=\"wp-video-shortcode\" id=\"video-27688-1\" width=\"1020\" height=\"510\" preload=\"metadata\" controls=\"controls\"><source type=\"video\/webm\" src=\"https:\/\/escovape.com\/wp-content\/uploads\/2025\/07\/VASY-Vcan-Pro-15K-Puffs-Rechargeable-Premium-Disposable-Vapes-With-LED-Screen-Bulk-Buy-Wholesale.webm?_=1\" \/><a href=\"https:\/\/escovape.com\/wp-content\/uploads\/2025\/07\/VASY-Vcan-Pro-15K-Puffs-Rechargeable-Premium-Disposable-Vapes-With-LED-Screen-Bulk-Buy-Wholesale.webm\">https:\/\/escovape.com\/wp-content\/uploads\/2025\/07\/VASY-Vcan-Pro-15K-Puffs-Rechargeable-Premium-Disposable-Vapes-With-LED-Screen-Bulk-Buy-Wholesale.webm<\/a><\/video><\/div>\n<h2 data-start=\"247\" data-end=\"284\">Despre <a href=\"https:\/\/escovape.com\/ro\/categorie-produs\/vase-vase-de-unica-folosinta\/\">VASY<\/a> <a href=\"https:\/\/escovape.com\/ro\/categorie-produs\/vape-uri-de-unica-folosinta-vcan\/\">VCAN<\/a> PRO 15K Puffs<\/h2>\n<p data-start=\"285\" data-end=\"660\">The <strong data-start=\"289\" data-end=\"316\">VASY VCAN PRO 15K Puffs<\/strong> combin\u0103 confortul \u0219i puterea \u00eentr-un dispozitiv de unic\u0103 folosin\u021b\u0103 elegant, oferind p\u00e2n\u0103 la <strong data-start=\"386\" data-end=\"402\">15.000 de pufuri<\/strong> de la rezervorul s\u0103u de e-lichid de 24 mL \u0219i bateria re\u00eenc\u0103rcabil\u0103 de 650 mAh. Completat cu un ecran LED practic \u0219i bobine robuste duble cu plas\u0103, acest dispozitiv ofer\u0103 arom\u0103 bogat\u0103, lovituri netede cu con\u021binut sc\u0103zut de nicotin\u0103 \u0219i \u00eenc\u0103rcare rapid\u0103 prin Type-C - toate disponibile pentru cump\u0103rare \u00een vrac la <strong data-start=\"647\" data-end=\"659\">Escovape -&gt; nu are traducere, este posibil un nume propriu sau marca, Escovape r\u0103m\u00e2ne Escovape<\/strong>.<\/p>\n<hr data-start=\"662\" data-end=\"665\" \/>\n<h2 data-start=\"667\" data-end=\"711\">Caracteristici cheie \u2013 VASY VCAN PRO 15K Puffs<\/h2>\n<ul data-start=\"713\" data-end=\"1214\">\n<li data-start=\"713\" data-end=\"782\">\n<p data-start=\"715\" data-end=\"782\">\ud83d\udd0b <strong data-start=\"718\" data-end=\"742\">15.000 de puf-uri capacitate<\/strong> \u2013 Conceput pentru vaporizare prelungit\u0103 \u0219i fiabil\u0103<\/p>\n<\/li>\n<li data-start=\"783\" data-end=\"860\">\n<p data-start=\"785\" data-end=\"860\">\ud83d\udcca <strong data-start=\"788\" data-end=\"812\">Indicator ecran LED<\/strong> \u2013 Vedere instantanee a nivelurilor de e-lichid \u0219i baterie<\/p>\n<\/li>\n<li data-start=\"861\" data-end=\"924\">\n<p data-start=\"863\" data-end=\"924\">\ud83d\udd25 <strong data-start=\"866\" data-end=\"885\">Bobine duble cu ochiuri<\/strong> \u2013 Produce abur lin, cu corp plin<\/p>\n<\/li>\n<li data-start=\"925\" data-end=\"995\">\n<p data-start=\"927\" data-end=\"995\">\ud83c\udf2c\ufe0f <strong data-start=\"931\" data-end=\"953\">Debit de aer reglabil<\/strong> \u2013 Personaliza\u021bi desenul de la str\u00e2ns la aerisit<\/p>\n<\/li>\n<li data-start=\"996\" data-end=\"1061\">\n<p data-start=\"998\" data-end=\"1061\">\u26a1 <strong data-start=\"1000\" data-end=\"1024\">\u00cenc\u0103rcare rapid\u0103 tip C<\/strong> \u2013 Se \u00eencarc\u0103 complet \u00een doar 30 de minute<\/p>\n<\/li>\n<li data-start=\"1062\" data-end=\"1135\">\n<p data-start=\"1064\" data-end=\"1135\">\ud83d\udd04 <strong data-start=\"1067\" data-end=\"1099\">Baterie re\u00eenc\u0103rcabil\u0103 650 mAh<\/strong> \u2013 Utiliza\u021bi p\u00e2n\u0103 c\u00e2nd lichidul electronic se epuizeaz\u0103<\/p>\n<\/li>\n<li data-start=\"1136\" data-end=\"1214\">\n<p data-start=\"1138\" data-end=\"1214\">\ud83c\udfaf <strong data-start=\"1141\" data-end=\"1162\"><a href=\"https:\/\/escovape.com\/ro\/categorie-produs\/vape-de-unica-folosinta\/vapori-de-unica-folosinta-cu-nicotina-redusa\/\">Tin\u0103 de nicotin\u0103 sc\u0103zut\u0103<\/a> (5%)<\/strong> \u2013 Ofer\u0103 o senza\u021bie u\u0219oar\u0103 \u00een g\u00e2t cu un gust puternic<\/p>\n<\/li>\n<\/ul>\n<hr data-start=\"1216\" data-end=\"1219\" \/>\n<h2 data-start=\"1221\" data-end=\"1269\">VASY VCAN PRO 15K Puffs \u2013 Selec\u021bie de Arome<\/h2>\n<p data-start=\"1271\" data-end=\"1367\">Bucur\u0103-te <strong data-start=\"1277\" data-end=\"1300\">10 arome distincte<\/strong>, fiecare conceput pentru a oferi o experien\u021b\u0103 de vaporizare proasp\u0103t\u0103 \u0219i satisf\u0103c\u0103toare:<\/p>\n<ol data-start=\"1369\" data-end=\"1558\">\n<li data-start=\"1369\" data-end=\"1382\">\n<p data-start=\"1372\" data-end=\"1382\">Cola cu ghea\u021b\u0103<\/p>\n<\/li>\n<li data-start=\"1383\" data-end=\"1404\">\n<p data-start=\"1386\" data-end=\"1404\">Sex pe plaj\u0103<\/p>\n<\/li>\n<li data-start=\"1405\" data-end=\"1422\">\n<p data-start=\"1408\" data-end=\"1422\">Munt Everest<\/p>\n<\/li>\n<li data-start=\"1423\" data-end=\"1437\">\n<p data-start=\"1426\" data-end=\"1437\">Mango Glace<\/p>\n<\/li>\n<li data-start=\"1438\" data-end=\"1457\">\n<p data-start=\"1441\" data-end=\"1457\">Ghea\u021b\u0103 de pepene verde<\/p>\n<\/li>\n<li data-start=\"1458\" data-end=\"1476\">\n<p data-start=\"1461\" data-end=\"1476\">Ghea\u021b\u0103 de afine<\/p>\n<\/li>\n<li data-start=\"1477\" data-end=\"1496\">\n<p data-start=\"1480\" data-end=\"1496\">Strawberry Ice<\/p>\n<\/li>\n<li data-start=\"1497\" data-end=\"1519\">\n<p data-start=\"1500\" data-end=\"1519\">Strawberry Banana -&gt; C\u0103p\u0219un\u0103 Banan\u0103<\/p>\n<\/li>\n<li data-start=\"1520\" data-end=\"1544\">\n<p data-start=\"1523\" data-end=\"1544\">Nakhle Double Apple<\/p>\n<\/li>\n<li data-start=\"1545\" data-end=\"1558\">\n<p data-start=\"1549\" data-end=\"1558\">Ghea\u021b\u0103 de struguri<\/p>\n<\/li>\n<\/ol>\n<hr data-start=\"1560\" data-end=\"1563\" \/>\n<h2 data-start=\"1565\" data-end=\"1614\">VASY VCAN PRO 15K Puffs \u2013 Caracteristici tehnice \u0219i ambalare<\/h2>\n<ul data-start=\"1616\" data-end=\"2073\">\n<li data-start=\"1616\" data-end=\"1659\">\n<p data-start=\"1618\" data-end=\"1659\"><strong data-start=\"1618\" data-end=\"1633\">Num\u0103r de pufuri:<\/strong> 15.000 de pufuri per dispozitiv<\/p>\n<\/li>\n<li data-start=\"1660\" data-end=\"1692\">\n<p data-start=\"1662\" data-end=\"1692\"><strong data-start=\"1662\" data-end=\"1684\">Capacitate E-Liquid:<\/strong> 24\u202fmL<\/p>\n<\/li>\n<li data-start=\"1693\" data-end=\"1722\">\n<p data-start=\"1695\" data-end=\"1722\"><strong data-start=\"1695\" data-end=\"1717\">Puterea nicotinei:<\/strong> 5%<\/p>\n<\/li>\n<li data-start=\"1723\" data-end=\"1751\">\n<p data-start=\"1725\" data-end=\"1751\"><strong data-start=\"1725\" data-end=\"1739\">Tipul bobinei:<\/strong> Re\u021bea dual\u0103<\/p>\n<\/li>\n<li data-start=\"1752\" data-end=\"1799\">\n<p data-start=\"1754\" data-end=\"1799\"><strong data-start=\"1754\" data-end=\"1775\">Capacitatea bateriei:<\/strong> 650 mAh, re\u00eenc\u0103rcabil\u0103<\/p>\n<\/li>\n<li data-start=\"1800\" data-end=\"1857\">\n<p data-start=\"1802\" data-end=\"1857\"><strong data-start=\"1802\" data-end=\"1820\">Port de \u00eenc\u0103rcare:<\/strong> USB Type-C (\u00eenc\u0103rcare complet\u0103 \u00een 30 de minute)<\/p>\n<\/li>\n<li data-start=\"1858\" data-end=\"1893\">\n<p data-start=\"1860\" data-end=\"1893\"><strong data-start=\"1860\" data-end=\"1875\">Dimensiuni:<\/strong> 87 \u00d7 50 \u00d7 27 mm<\/p>\n<\/li>\n<li data-start=\"1894\" data-end=\"1953\">\n<p data-start=\"1896\" data-end=\"1953\"><strong data-start=\"1896\" data-end=\"1910\">Ambalare:<\/strong> 1 dispozitiv \u00een cutia de afi\u0219are (10 pe afi\u0219are)<\/p>\n<\/li>\n<li data-start=\"1954\" data-end=\"2001\">\n<p data-start=\"1956\" data-end=\"2001\"><strong data-start=\"1956\" data-end=\"1976\">Cantitatea de carton:<\/strong> 200 de dispozitive pe cutie<\/p>\n<\/li>\n<li data-start=\"2002\" data-end=\"2032\">\n<p data-start=\"2004\" data-end=\"2032\"><strong data-start=\"2004\" data-end=\"2022\">Greutate carton:<\/strong> 16,8 kg<\/p>\n<\/li>\n<li data-start=\"2033\" data-end=\"2073\">\n<p data-start=\"2035\" data-end=\"2073\"><strong data-start=\"2035\" data-end=\"2051\">Dimensiune cutie:<\/strong> 61 \u00d7 33,2 \u00d7 22,5 cm<\/p>\n<\/li>\n<\/ul>\n<hr data-start=\"2075\" data-end=\"2078\" \/>\n<h2 data-start=\"2080\" data-end=\"2130\">De ce s\u0103 cump\u0103ra\u021bi VASY VCAN PRO 15K Puffs la <a href=\"https:\/\/escovape.com\/ro\/\">Escovape -&gt; nu are traducere, este posibil un nume propriu sau marca, Escovape r\u0103m\u00e2ne Escovape<\/a>?<\/h2>\n<p data-start=\"2132\" data-end=\"2271\">La <strong data-start=\"2135\" data-end=\"2147\">Escovape -&gt; nu are traducere, este posibil un nume propriu sau marca, Escovape r\u0103m\u00e2ne Escovape<\/strong>Nu este necesar text pentru traducere. V\u0103 rog furniza\u021bi textul care urmeaz\u0103 s\u0103 fie tradus. <a href=\"https:\/\/escovape.com\/ro\/\">Vape-uri de unic\u0103 folosin\u021b\u0103 de \u00eenalt\u0103 calitate en-gros \u00een toat\u0103 Europa<\/a>C\u00e2nd cump\u0103ra\u021bi de la noi, beneficia\u021bi de:<\/p>\n<ul data-start=\"2273\" data-end=\"2422\">\n<li data-start=\"2273\" data-end=\"2303\">\n<p data-start=\"2275\" data-end=\"2303\">Pre\u021buri competitive pentru cantit\u0103\u021bi mari<\/p>\n<\/li>\n<li data-start=\"2304\" data-end=\"2341\">\n<p data-start=\"2306\" data-end=\"2341\">\u2705 Livrare rapid\u0103 \u0219i sigur\u0103 \u00een toat\u0103 UE<\/p>\n<\/li>\n<li data-start=\"2342\" data-end=\"2374\">\n<p data-start=\"2344\" data-end=\"2374\">\u2705 Ac\u021biuni garantate autentice<\/p>\n<\/li>\n<li data-start=\"2375\" data-end=\"2422\">\n<p data-start=\"2377\" data-end=\"2422\">Asisten\u021b\u0103 clien\u021bi profesionist\u0103 \u0219i de sus\u021binere<\/p>\n<\/li>\n<\/ul>\n<p data-start=\"2424\" data-end=\"2551\">Perfect pentru magazinele de vape \u0219i comercian\u021bii online care caut\u0103 op\u021biuni cu nicotin\u0103 sc\u0103zut\u0103, de lung\u0103 durat\u0103, care ofer\u0103 at\u00e2t performan\u021b\u0103, c\u00e2t \u0219i valoare.<img data-recalc-dims=\"1\" loading=\"lazy\" decoding=\"async\" class=\"alignnone wp-image-27716 size-full\" src=\"https:\/\/i0.wp.com\/escovape.com\/wp-content\/uploads\/2025\/07\/VASY-Vcan-Pro-15K-Puffs-Rechargeable-Premium-Disposable-Vapes-With-LED-Screen-Bulk-Buy-Wholesale-4.webp?resize=1020%2C1020&#038;ssl=1\" alt=\"VASY Vcan Pro 15K Puffs Rechargeabile Premium Vape de Unic\u0103 Folosin\u021b\u0103 Cu Ecran LED Cump\u0103rare \u00een Vrac Angro\" width=\"1020\" height=\"1020\" title=\"\" srcset=\"https:\/\/i0.wp.com\/escovape.com\/wp-content\/uploads\/2025\/07\/VASY-Vcan-Pro-15K-Puffs-Rechargeable-Premium-Disposable-Vapes-With-LED-Screen-Bulk-Buy-Wholesale-4.webp?w=1500&amp;ssl=1 1500w, https:\/\/i0.wp.com\/escovape.com\/wp-content\/uploads\/2025\/07\/VASY-Vcan-Pro-15K-Puffs-Rechargeable-Premium-Disposable-Vapes-With-LED-Screen-Bulk-Buy-Wholesale-4.webp?resize=400%2C400&amp;ssl=1 400w, https:\/\/i0.wp.com\/escovape.com\/wp-content\/uploads\/2025\/07\/VASY-Vcan-Pro-15K-Puffs-Rechargeable-Premium-Disposable-Vapes-With-LED-Screen-Bulk-Buy-Wholesale-4.webp?resize=800%2C800&amp;ssl=1 800w, https:\/\/i0.wp.com\/escovape.com\/wp-content\/uploads\/2025\/07\/VASY-Vcan-Pro-15K-Puffs-Rechargeable-Premium-Disposable-Vapes-With-LED-Screen-Bulk-Buy-Wholesale-4.webp?resize=280%2C280&amp;ssl=1 280w, https:\/\/i0.wp.com\/escovape.com\/wp-content\/uploads\/2025\/07\/VASY-Vcan-Pro-15K-Puffs-Rechargeable-Premium-Disposable-Vapes-With-LED-Screen-Bulk-Buy-Wholesale-4.webp?resize=768%2C768&amp;ssl=1 768w, https:\/\/i0.wp.com\/escovape.com\/wp-content\/uploads\/2025\/07\/VASY-Vcan-Pro-15K-Puffs-Rechargeable-Premium-Disposable-Vapes-With-LED-Screen-Bulk-Buy-Wholesale-4.webp?resize=12%2C12&amp;ssl=1 12w, https:\/\/i0.wp.com\/escovape.com\/wp-content\/uploads\/2025\/07\/VASY-Vcan-Pro-15K-Puffs-Rechargeable-Premium-Disposable-Vapes-With-LED-Screen-Bulk-Buy-Wholesale-4.webp?resize=300%2C300&amp;ssl=1 300w, https:\/\/i0.wp.com\/escovape.com\/wp-content\/uploads\/2025\/07\/VASY-Vcan-Pro-15K-Puffs-Rechargeable-Premium-Disposable-Vapes-With-LED-Screen-Bulk-Buy-Wholesale-4.webp?resize=600%2C600&amp;ssl=1 600w, https:\/\/i0.wp.com\/escovape.com\/wp-content\/uploads\/2025\/07\/VASY-Vcan-Pro-15K-Puffs-Rechargeable-Premium-Disposable-Vapes-With-LED-Screen-Bulk-Buy-Wholesale-4.webp?resize=100%2C100&amp;ssl=1 100w\" sizes=\"auto, (max-width: 1020px) 100vw, 1020px\" \/><\/p>","protected":false},"excerpt":{"rendered":"<p>VASY VCAN PRO 15K Puffs este o vape reutilizabil\u0103 de unic\u0103 folosin\u021b\u0103 cu bobine duble cu plas\u0103, ecran LED, \u00eenc\u0103rcare rapid\u0103 de tip C \u0219i 10 arome \u00eendr\u0103zne\u021be - perfect\u0103 pentru v\u00e2nzare en gros cu nicotin\u0103 sc\u0103zut\u0103 la Escovape.<\/p>","protected":false},"featured_media":27712,"comment_status":"open","ping_status":"closed","template":"","meta":{"_lmt_disableupdate":"no","_lmt_disable":""},"product_brand":[],"product_cat":[44,55,57,97,98,99,100,101,102,103,104,105,106,107,108,109,110,111,112,113,114,15,58,59,61,133,42,122,198],"product_tag":[],"class_list":{"0":"post-27688","1":"product","2":"type-product","3":"status-publish","4":"has-post-thumbnail","6":"product_cat-15000-puffs-disposable-vapes","7":"product_cat-big-puffs-disposable-vapes","8":"product_cat-digital-box-disposable-vapes","9":"product_cat-disposable-vape-in-europe","10":"product_cat-disposable-vape-wholesale-austria","11":"product_cat-disposable-vape-wholesale-belgium","12":"product_cat-disposable-vape-wholesale-czech-republic","13":"product_cat-disposable-vape-wholesale-denmark","14":"product_cat-disposable-vape-wholesale-finland","15":"product_cat-disposable-vape-wholesale-france","16":"product_cat-disposable-vape-wholesale-germany","17":"product_cat-disposable-vape-wholesale-greece","18":"product_cat-disposable-vape-wholesale-hungary","19":"product_cat-disposable-vape-wholesale-italy","20":"product_cat-disposable-vape-wholesale-netherlands","21":"product_cat-disposable-vape-wholesale-norway","22":"product_cat-disposable-vape-wholesale-portugal","23":"product_cat-disposable-vape-wholesale-romania","24":"product_cat-disposable-vape-wholesale-spain","25":"product_cat-disposable-vape-wholesale-sweden","26":"product_cat-disposable-vape-wholesale-switzerland","27":"product_cat-disposable-vapes","28":"product_cat-dual-mesh-disposable-vapes","29":"product_cat-lower-nicotine-disposable-vapes","30":"product_cat-rechargeable-disposable-vapes","31":"product_cat-shop-best-disposable-vape-flavors","32":"product_cat-shop-by-puffs","33":"product_cat-vasy-disposable-vapes","34":"product_cat-vcan-disposable-vapes","36":"first","37":"instock","38":"shipping-taxable","39":"purchasable","40":"product-type-variable"},"jetpack_sharing_enabled":true,"_links":{"self":[{"href":"https:\/\/escovape.com\/ro\/wp-json\/wp\/v2\/product\/27688","targetHints":{"allow":["GET"]}}],"collection":[{"href":"https:\/\/escovape.com\/ro\/wp-json\/wp\/v2\/product"}],"about":[{"href":"https:\/\/escovape.com\/ro\/wp-json\/wp\/v2\/types\/product"}],"replies":[{"embeddable":true,"href":"https:\/\/escovape.com\/ro\/wp-json\/wp\/v2\/comments?post=27688"}],"wp:featuredmedia":[{"embeddable":true,"href":"https:\/\/escovape.com\/ro\/wp-json\/wp\/v2\/media\/27712"}],"wp:attachment":[{"href":"https:\/\/escovape.com\/ro\/wp-json\/wp\/v2\/media?parent=27688"}],"wp:term":[{"taxonomy":"product_brand","embeddable":true,"href":"https:\/\/escovape.com\/ro\/wp-json\/wp\/v2\/product_brand?post=27688"},{"taxonomy":"product_cat","embeddable":true,"href":"https:\/\/escovape.com\/ro\/wp-json\/wp\/v2\/product_cat?post=27688"},{"taxonomy":"product_tag","embeddable":true,"href":"https:\/\/escovape.com\/ro\/wp-json\/wp\/v2\/product_tag?post=27688"}],"curies":[{"name":"wp","href":"https:\/\/api.w.org\/{rel}","templated":true}]}}