{"id":28423,"date":"2025-07-22T09:34:26","date_gmt":"2025-07-22T09:34:26","guid":{"rendered":"https:\/\/escovape.com\/?post_type=product&#038;p=28423"},"modified":"2025-08-05T01:59:02","modified_gmt":"2025-08-05T01:59:02","slug":"bang-blaze-e-shisha-42k-puffs-dsk038-premium-rechargeable-disposable-vape-cu-nicotina-scazuta-cumparare-in-vrac-en-gros","status":"publish","type":"product","link":"https:\/\/escovape.com\/ro\/product\/bang-blaze-e-shisha-42k-puffs-dsk038-premium-rechargeable-disposable-vapes-low-nicotine-bulk-buy-wholesale\/","title":{"rendered":"BANG BLAZE E-SHISHA 42K Puffs DSK038 Premium Rechargeable Disposable Vapes Low Nicotine Cump\u0103rare \u00een Vrac Angro"},"content":{"rendered":"<h2 data-start=\"292\" data-end=\"346\">Puternic\u0103 performan\u021b\u0103 de 42000 de pufuri cu <a href=\"https:\/\/escovape.com\/ro\/categorie-produs\/vape-de-unica-folosinta\/vapori-de-unica-folosinta-cu-nicotina-redusa\/\">Vape cu Nicotin\u0103 Redus\u0103<\/a><\/h2>\n<p data-start=\"347\" data-end=\"851\">The <strong data-start=\"351\" data-end=\"382\">BANG BLAZE E-SHISHA 42K Puffs DSK038<\/strong> este un <strong><a href=\"https:\/\/escovape.com\/ro\/categorie-produs\/vape-de-unica-folosinta\/vape-reincarcabile-de-unica-folosinta\/\">Vaporizator de unic\u0103 folosin\u021b\u0103 premium, re\u00eenc\u0103rcabil<\/a><\/strong> conceput pentru o bucurie de durat\u0103, oferind un design impresionant <strong data-start=\"485\" data-end=\"501\">42.000 pufuri<\/strong> alimentat de un <strong data-start=\"515\" data-end=\"534\">Baterie 1000mAh<\/strong>, <strong data-start=\"536\" data-end=\"562\">Capacitate e-lichid 30ml<\/strong>\u0219i dual lin <strong data-start=\"580\" data-end=\"599\">0,6\u03a9 bobine mesh<\/strong>Ideal pentru comercian\u021bii cu am\u0103nuntul \u0219i distribuitori, acest dispozitiv cu nicotin\u0103 sc\u0103zut\u0103 prezint\u0103 <strong data-start=\"673\" data-end=\"692\">\u00cenc\u0103rcare tip C<\/strong>, a <strong data-start=\"696\" data-end=\"716\">Ecran LED clar<\/strong>\u0219i suport OEM\/ODM - acum disponibil pentru <strong data-start=\"756\" data-end=\"774\">vrac en-gros<\/strong> exclusiv la <strong data-start=\"790\" data-end=\"802\">Escovape -&gt; nu are traducere, este posibil un nume propriu sau marca, Escovape r\u0103m\u00e2ne Escovape<\/strong>, platforma dvs. de \u00eencredere european\u0103 de vape-uri de unic\u0103 folosin\u021b\u0103.<\/p>\n<hr data-start=\"853\" data-end=\"856\" \/>\n<h2 data-start=\"858\" data-end=\"923\">Caracteristici cheie ale <a href=\"https:\/\/escovape.com\/ro\/categorie-produs\/bang-2\/\">BANG<\/a> BLAZE E-SHISHA 42K Puffs DSK038<\/h2>\n<ul data-start=\"924\" data-end=\"1396\">\n<li data-start=\"924\" data-end=\"987\">\n<p data-start=\"926\" data-end=\"987\">P\u00e2n\u0103 la <strong data-start=\"932\" data-end=\"948\">42.000 pufuri<\/strong> Per dispozitiv - ideal pentru utilizare pe termen lung<\/p>\n<\/li>\n<li data-start=\"988\" data-end=\"1046\">\n<p data-start=\"990\" data-end=\"1046\"><strong data-start=\"990\" data-end=\"1018\">30ml e-lichid preumplut<\/strong> cu con\u021binut sc\u0103zut de nicotin\u0103<\/p>\n<\/li>\n<li data-start=\"1047\" data-end=\"1092\">\n<p data-start=\"1049\" data-end=\"1092\">\u00cencorporat <strong data-start=\"1058\" data-end=\"1090\">Baterie re\u00eenc\u0103rcabil\u0103 1000mAh<\/strong><\/p>\n<\/li>\n<li data-start=\"1093\" data-end=\"1154\">\n<p data-start=\"1095\" data-end=\"1154\"><strong data-start=\"1095\" data-end=\"1119\">Port de \u00eenc\u0103rcare Type-C<\/strong> pentru o putere mai rapid\u0103 \u0219i mai eficient\u0103<\/p>\n<\/li>\n<li data-start=\"1155\" data-end=\"1215\">\n<p data-start=\"1157\" data-end=\"1215\"><strong data-start=\"1157\" data-end=\"1181\">Bobine mesh duble 0.6\u03a9<\/strong> pentru vapori \u0219i arom\u0103 consisten\u021bi<\/p>\n<\/li>\n<li data-start=\"1216\" data-end=\"1279\">\n<p data-start=\"1218\" data-end=\"1279\"><strong data-start=\"1218\" data-end=\"1232\">Ecran LED<\/strong> afi\u015feaz\u0103 clar durata de via\u021b\u0103 a bateriei \u0219i num\u0103rul de pufuri<\/p>\n<\/li>\n<li data-start=\"1280\" data-end=\"1334\">\n<p data-start=\"1282\" data-end=\"1334\">Design modern \u0219i elegant pentru o manipulare \u0219i depozitare u\u0219oar\u0103<\/p>\n<\/li>\n<li data-start=\"1335\" data-end=\"1396\">\n<p data-start=\"1337\" data-end=\"1396\"><strong data-start=\"1337\" data-end=\"1362\">Personalizare OEM\/ODM<\/strong> disponibil pentru flexibilitate de brand<\/p>\n<\/li>\n<\/ul>\n<hr data-start=\"1398\" data-end=\"1401\" \/>\n<h2 data-start=\"1403\" data-end=\"1456\">De ce <a href=\"https:\/\/escovape.com\/ro\/categorie-produs\/bang-2\/\">BANG BLAZE <\/a>E-SHISHA 42K Puffs este perfect pentru v\u00e2nzare en gros \u00een cantit\u0103\u021bi mari<\/h2>\n<p data-start=\"1457\" data-end=\"1911\">Dac\u0103 sunte\u021bi \u00een c\u0103utarea unui vape de unic\u0103 folosin\u021b\u0103 re\u00eenc\u0103rcabil care s\u0103 fie construit pentru a dura, <strong data-start=\"1536\" data-end=\"1567\">BANG BLAZE E-SHISHA 42K Puffs BLAZE DSK038<\/strong> ofer\u0103 o valoare de neegalat. Capacitatea sa mare de puf \u00eenseamn\u0103 \u00eenlocuiri mai pu\u021bine, \u00een timp ce sistemul de bobine mesh asigur\u0103 lovituri netede \u0219i aromate. Ecranul LED adaug\u0103 confort, f\u0103c\u00e2ndu-l perfect at\u00e2t pentru vapori \u00eencep\u0103tori, c\u00e2t \u0219i pentru cei experimenta\u021bi. Cump\u0103r\u0103torii \u00een vrac vor aprecia, de asemenea, op\u021biunile de ambalare personalizabile \u0219i distribu\u021bia european\u0103 fiabil\u0103 a Escovape.<\/p>\n<hr data-start=\"1913\" data-end=\"1916\" \/>\n<h2 data-start=\"1918\" data-end=\"1980\">Lista de Arome \u2013 BANG BLAZE E-SHISHA 42K Puffs BLAZE DSK038<\/h2>\n<p data-start=\"1981\" data-end=\"2032\">Alege\u021bi dintr-o gam\u0103 larg\u0103 de arome preferate de mul\u021bime:<\/p>\n<ol data-start=\"2034\" data-end=\"2294\">\n<li data-start=\"2034\" data-end=\"2043\">\n<p data-start=\"2037\" data-end=\"2043\">Ment\u0103<\/p>\n<\/li>\n<li data-start=\"2044\" data-end=\"2063\">\n<p data-start=\"2047\" data-end=\"2063\">Mur\u0103 de Afine Ment\u0103<\/p>\n<\/li>\n<li data-start=\"2064\" data-end=\"2082\">\n<p data-start=\"2067\" data-end=\"2082\">Mere duble<\/p>\n<\/li>\n<li data-start=\"2083\" data-end=\"2097\">\n<p data-start=\"2086\" data-end=\"2097\">Ghea\u021b\u0103 de P\u00eache<\/p>\n<\/li>\n<li data-start=\"2098\" data-end=\"2122\">\n<p data-start=\"2101\" data-end=\"2122\">Afine Zmeur\u0103<\/p>\n<\/li>\n<li data-start=\"2123\" data-end=\"2141\">\n<p data-start=\"2126\" data-end=\"2141\">Ghea\u021b\u0103 de afine<\/p>\n<\/li>\n<li data-start=\"2142\" data-end=\"2162\">\n<p data-start=\"2145\" data-end=\"2162\">Mureasc\u0103 Piersic\u0103<\/p>\n<\/li>\n<li data-start=\"2163\" data-end=\"2178\">\n<p data-start=\"2166\" data-end=\"2178\">Pepene verde<\/p>\n<\/li>\n<li data-start=\"2179\" data-end=\"2205\">\n<p data-start=\"2182\" data-end=\"2205\">Pepene \u0219i c\u0103p\u0219un\u0103<\/p>\n<\/li>\n<li data-start=\"2206\" data-end=\"2229\">\n<p data-start=\"2210\" data-end=\"2229\">Stafid\u0103 de Lychee<\/p>\n<\/li>\n<li data-start=\"2230\" data-end=\"2246\">\n<p data-start=\"2234\" data-end=\"2246\">Ment\u0103 de struguri<\/p>\n<\/li>\n<li data-start=\"2247\" data-end=\"2264\">\n<p data-start=\"2251\" data-end=\"2264\">Fructe amestecate<\/p>\n<\/li>\n<li data-start=\"2265\" data-end=\"2278\">\n<p data-start=\"2269\" data-end=\"2278\">Dragostea mea<\/p>\n<\/li>\n<li data-start=\"2279\" data-end=\"2294\">\n<p data-start=\"2283\" data-end=\"2294\">Mango Glace<\/p>\n<\/li>\n<\/ol>\n<hr data-start=\"2296\" data-end=\"2299\" \/>\n<h2 data-start=\"2301\" data-end=\"2351\">Specifica\u021bii \u2013 Construit pentru Vaping la Cerere Mare<\/h2>\n<ul data-start=\"2352\" data-end=\"2693\">\n<li data-start=\"2352\" data-end=\"2372\">\n<p data-start=\"2354\" data-end=\"2372\"><strong data-start=\"2354\" data-end=\"2364\">Puffs:<\/strong> 42000<\/p>\n<\/li>\n<li data-start=\"2373\" data-end=\"2404\">\n<p data-start=\"2375\" data-end=\"2404\"><strong data-start=\"2375\" data-end=\"2397\">Capacitatea E-lichid:<\/strong> 30ml<\/p>\n<\/li>\n<li data-start=\"2405\" data-end=\"2453\">\n<p data-start=\"2407\" data-end=\"2453\"><strong data-start=\"2407\" data-end=\"2428\">Capacitatea bateriei:<\/strong> 1000mAh (Re\u00eenc\u0103rcabil\u0103)<\/p>\n<\/li>\n<li data-start=\"2454\" data-end=\"2500\">\n<p data-start=\"2456\" data-end=\"2500\"><strong data-start=\"2456\" data-end=\"2476\">Rezisten\u021ba bobinei:<\/strong> 0,6\u03a9 (Bobin\u0103 dual\u0103 Mesh)<\/p>\n<\/li>\n<li data-start=\"2501\" data-end=\"2530\">\n<p data-start=\"2503\" data-end=\"2530\"><strong data-start=\"2503\" data-end=\"2521\">Port de \u00eenc\u0103rcare:<\/strong> Tip-C<\/p>\n<\/li>\n<li data-start=\"2531\" data-end=\"2562\">\n<p data-start=\"2533\" data-end=\"2562\"><strong data-start=\"2533\" data-end=\"2555\">Greutate pe dispozitiv:<\/strong> 146g<\/p>\n<\/li>\n<li data-start=\"2563\" data-end=\"2598\">\n<p data-start=\"2565\" data-end=\"2598\"><strong data-start=\"2565\" data-end=\"2590\">Greutate cutie (8 unit\u0103\u021bi):<\/strong> 1224g<\/p>\n<\/li>\n<li data-start=\"2599\" data-end=\"2653\">\n<p data-start=\"2601\" data-end=\"2653\"><strong data-start=\"2601\" data-end=\"2618\">Specifica\u021bii carton:<\/strong> 160 unit\u0103\u021bi | Greutate brut\u0103: 25,5kg<\/p>\n<\/li>\n<li data-start=\"2654\" data-end=\"2693\">\n<p data-start=\"2656\" data-end=\"2693\"><strong data-start=\"2656\" data-end=\"2672\">Dimensiune cutie:<\/strong> 54 \u00d7 42,6 \u00d7 28,8cm<\/p>\n<\/li>\n<\/ul>\n<hr data-start=\"2695\" data-end=\"2698\" \/>\n<h2 data-start=\"2700\" data-end=\"2764\">\u00cen vrac de la <a href=\"https:\/\/escovape.com\/ro\/\">Escovape -&gt; nu are traducere, este posibil un nume propriu sau marca, Escovape r\u0103m\u00e2ne Escovape<\/a> \u2013 Distribuitorul de vape de \u00eencredere al Europei<\/h2>\n<p data-start=\"2765\" data-end=\"3132\">Ca platform\u0103 online de top pentru vape-uri de unic\u0103 folosin\u021b\u0103 \u00een Europa, <strong data-start=\"2826\" data-end=\"2838\">Escovape -&gt; nu are traducere, este posibil un nume propriu sau marca, Escovape r\u0103m\u00e2ne Escovape<\/strong> ofer\u0103 <strong data-start=\"2850\" data-end=\"2881\">BANG BLAZE E-SHISHA 42K Puffs BLAZE DSK038<\/strong> la pre\u021buri en-gros de ne\u00eenvins. Indiferent dac\u0103 v\u0103 aprovizioni\u021bi magazinul sau lansa\u021bi propria marc\u0103 prin OEM, acest dispozitiv \u00eendepline\u0219te toate cerin\u021bele - performan\u021b\u0103, personalizare \u0219i fiabilitate. Cump\u0103ra\u021bi \u00een vrac ast\u0103zi \u0219i oferi\u021bi clien\u021bilor dvs. o experien\u021b\u0103 de vaping care dureaz\u0103.<\/p>\n<p data-start=\"2765\" data-end=\"3132\"><img data-recalc-dims=\"1\" loading=\"lazy\" decoding=\"async\" class=\"alignnone wp-image-28426 size-full\" src=\"https:\/\/i0.wp.com\/escovape.com\/wp-content\/uploads\/2025\/07\/BANG-42K-Puffs-BLAZE-DSK038-Premium-Rechargeable-Disposable-Vapes-Low-Nicotine-Bulk-Wholesale-2-scaled.webp?resize=1020%2C2101&#038;ssl=1\" alt=\"BANG Blaze E-Shisha 42K Puffs DSK038 Vape-uri de unic\u0103 folosin\u021b\u0103 premium, re\u00eenc\u0103rcabile, cu con\u021binut sc\u0103zut de nicotin\u0103, \u00een vrac, pentru v\u00e2nzare en gros\" width=\"1020\" height=\"2101\" title=\"\" srcset=\"https:\/\/i0.wp.com\/escovape.com\/wp-content\/uploads\/2025\/07\/BANG-42K-Puffs-BLAZE-DSK038-Premium-Rechargeable-Disposable-Vapes-Low-Nicotine-Bulk-Wholesale-2-scaled.webp?w=1243&amp;ssl=1 1243w, https:\/\/i0.wp.com\/escovape.com\/wp-content\/uploads\/2025\/07\/BANG-42K-Puffs-BLAZE-DSK038-Premium-Rechargeable-Disposable-Vapes-Low-Nicotine-Bulk-Wholesale-2-scaled.webp?resize=194%2C400&amp;ssl=1 194w, https:\/\/i0.wp.com\/escovape.com\/wp-content\/uploads\/2025\/07\/BANG-42K-Puffs-BLAZE-DSK038-Premium-Rechargeable-Disposable-Vapes-Low-Nicotine-Bulk-Wholesale-2-scaled.webp?resize=389%2C800&amp;ssl=1 389w, https:\/\/i0.wp.com\/escovape.com\/wp-content\/uploads\/2025\/07\/BANG-42K-Puffs-BLAZE-DSK038-Premium-Rechargeable-Disposable-Vapes-Low-Nicotine-Bulk-Wholesale-2-scaled.webp?resize=768%2C1581&amp;ssl=1 768w, https:\/\/i0.wp.com\/escovape.com\/wp-content\/uploads\/2025\/07\/BANG-42K-Puffs-BLAZE-DSK038-Premium-Rechargeable-Disposable-Vapes-Low-Nicotine-Bulk-Wholesale-2-scaled.webp?resize=746%2C1536&amp;ssl=1 746w, https:\/\/i0.wp.com\/escovape.com\/wp-content\/uploads\/2025\/07\/BANG-42K-Puffs-BLAZE-DSK038-Premium-Rechargeable-Disposable-Vapes-Low-Nicotine-Bulk-Wholesale-2-scaled.webp?resize=995%2C2048&amp;ssl=1 995w, https:\/\/i0.wp.com\/escovape.com\/wp-content\/uploads\/2025\/07\/BANG-42K-Puffs-BLAZE-DSK038-Premium-Rechargeable-Disposable-Vapes-Low-Nicotine-Bulk-Wholesale-2-scaled.webp?resize=6%2C12&amp;ssl=1 6w, https:\/\/i0.wp.com\/escovape.com\/wp-content\/uploads\/2025\/07\/BANG-42K-Puffs-BLAZE-DSK038-Premium-Rechargeable-Disposable-Vapes-Low-Nicotine-Bulk-Wholesale-2-scaled.webp?resize=600%2C1235&amp;ssl=1 600w\" sizes=\"auto, (max-width: 1020px) 100vw, 1020px\" \/><\/p>","protected":false},"excerpt":{"rendered":"<p>BANG BLAZE E-SHISHA 42K Puffs DSK038 este o vape reutilizabil\u0103 premium cu nicotin\u0103 sc\u0103zut\u0103, cu 42.000 de pufuri, 30 ml de lichid electronic, bobine duble cu plas\u0103 \u0219i un ecran LED - perfect pentru achizi\u021bii en gros de la Escovape \u00een Europa.<\/p>","protected":false},"featured_media":28424,"comment_status":"open","ping_status":"closed","template":"","meta":{"_lmt_disableupdate":"no","_lmt_disable":""},"product_brand":[],"product_cat":[18,201,55,57,97,98,99,100,101,102,103,104,105,106,107,108,109,110,111,112,113,114,15,58,59,61,62,133,42],"product_tag":[],"class_list":{"0":"post-28423","1":"product","2":"type-product","3":"status-publish","4":"has-post-thumbnail","6":"product_cat-bang","7":"product_cat-42000-puffs-disposable-vapes","8":"product_cat-big-puffs-disposable-vapes","9":"product_cat-digital-box-disposable-vapes","10":"product_cat-disposable-vape-in-europe","11":"product_cat-disposable-vape-wholesale-austria","12":"product_cat-disposable-vape-wholesale-belgium","13":"product_cat-disposable-vape-wholesale-czech-republic","14":"product_cat-disposable-vape-wholesale-denmark","15":"product_cat-disposable-vape-wholesale-finland","16":"product_cat-disposable-vape-wholesale-france","17":"product_cat-disposable-vape-wholesale-germany","18":"product_cat-disposable-vape-wholesale-greece","19":"product_cat-disposable-vape-wholesale-hungary","20":"product_cat-disposable-vape-wholesale-italy","21":"product_cat-disposable-vape-wholesale-netherlands","22":"product_cat-disposable-vape-wholesale-norway","23":"product_cat-disposable-vape-wholesale-portugal","24":"product_cat-disposable-vape-wholesale-romania","25":"product_cat-disposable-vape-wholesale-spain","26":"product_cat-disposable-vape-wholesale-sweden","27":"product_cat-disposable-vape-wholesale-switzerland","28":"product_cat-disposable-vapes","29":"product_cat-dual-mesh-disposable-vapes","30":"product_cat-lower-nicotine-disposable-vapes","31":"product_cat-rechargeable-disposable-vapes","32":"product_cat-shisha-hookah-disposable-vapes","33":"product_cat-shop-best-disposable-vape-flavors","34":"product_cat-shop-by-puffs","36":"first","37":"instock","38":"shipping-taxable","39":"purchasable","40":"product-type-variable"},"jetpack_sharing_enabled":true,"_links":{"self":[{"href":"https:\/\/escovape.com\/ro\/wp-json\/wp\/v2\/product\/28423","targetHints":{"allow":["GET"]}}],"collection":[{"href":"https:\/\/escovape.com\/ro\/wp-json\/wp\/v2\/product"}],"about":[{"href":"https:\/\/escovape.com\/ro\/wp-json\/wp\/v2\/types\/product"}],"replies":[{"embeddable":true,"href":"https:\/\/escovape.com\/ro\/wp-json\/wp\/v2\/comments?post=28423"}],"wp:featuredmedia":[{"embeddable":true,"href":"https:\/\/escovape.com\/ro\/wp-json\/wp\/v2\/media\/28424"}],"wp:attachment":[{"href":"https:\/\/escovape.com\/ro\/wp-json\/wp\/v2\/media?parent=28423"}],"wp:term":[{"taxonomy":"product_brand","embeddable":true,"href":"https:\/\/escovape.com\/ro\/wp-json\/wp\/v2\/product_brand?post=28423"},{"taxonomy":"product_cat","embeddable":true,"href":"https:\/\/escovape.com\/ro\/wp-json\/wp\/v2\/product_cat?post=28423"},{"taxonomy":"product_tag","embeddable":true,"href":"https:\/\/escovape.com\/ro\/wp-json\/wp\/v2\/product_tag?post=28423"}],"curies":[{"name":"wp","href":"https:\/\/api.w.org\/{rel}","templated":true}]}}