{"id":28569,"date":"2025-07-23T09:41:09","date_gmt":"2025-07-23T09:41:09","guid":{"rendered":"https:\/\/escovape.com\/?post_type=product&#038;p=28569"},"modified":"2025-08-05T01:58:01","modified_gmt":"2025-08-05T01:58:01","slug":"bang-blaze-shisha-40k-puffs-dsk040-premium-rechargeable-refillable-vape-low-nicotine-bulk-buy-wholesale","status":"publish","type":"product","link":"https:\/\/escovape.com\/ro\/product\/bang-blaze-shisha-40k-puffs-dsk040-premium-rechargeable-refillable-vape-low-nicotine-bulk-buy-wholesale\/","title":{"rendered":"BANG BLAZE SHISHA 40K Puffs DSK040 Premium Rechargeabil Re\u00eenc\u0103rcabil Vape Nicotin\u0103 Sc\u0103zut\u0103 Cump\u0103rare \u00een Vrac Angro"},"content":{"rendered":"<h1 data-start=\"99\" data-end=\"202\">Vaporizator Premium Re\u00eenc\u0103rcabil cu 40K de Pufuri Massive<\/h1>\n<p data-start=\"263\" data-end=\"760\">The BANG BLAZE SHISHA<strong data-start=\"267\" data-end=\"307\">\u00a040K Puffs DSK040<\/strong> este un sistem de mare capacitate <strong data-start=\"327\" data-end=\"346\">Vaporizator re\u00eenc\u0103rcabil<\/strong> conceput pentru o satisfac\u021bie de durat\u0103. Caracterizat printr-un design impresionant <strong data-start=\"407\" data-end=\"434\">40\u202fmL capacitate de lichid electronic<\/strong>, <strong data-start=\"436\" data-end=\"470\">Baterie re\u00eenc\u0103rcabil\u0103 de 1.000 mAh<\/strong>\u0219i o bobin\u0103 de plas\u0103 de 0,6 \u03a9 neted\u0103, acest dispozitiv ofer\u0103 p\u00e2n\u0103 la <strong data-start=\"527\" data-end=\"543\">40.000 pufuri<\/strong> cu arom\u0103 puternic\u0103 \u0219i vapori densi. Suport\u0103 multiple niveluri de nicotin\u0103 \u0219i ofer\u0103 o experien\u021b\u0103 de vapare personalizabil\u0103 \u0219i eficient\u0103 din punct de vedere al costurilor. Ideal pentru achizi\u021bii \u00een vrac la <strong data-start=\"701\" data-end=\"713\">Escovape -&gt; nu are traducere, este posibil un nume propriu sau marca, Escovape r\u0103m\u00e2ne Escovape<\/strong>, sursa ta de baz\u0103 <a href=\"https:\/\/escovape.com\/ro\/\">platform\u0103 de vape en-gros \u00een Europa<\/a>.<\/p>\n<hr data-start=\"762\" data-end=\"765\" \/>\n<h2 data-start=\"767\" data-end=\"812\">Caracteristici cheie ale <a href=\"https:\/\/escovape.com\/ro\/categorie-produs\/bang-2\/\">Bang<\/a> Blaze Refillable Vape<\/h2>\n<ul data-start=\"814\" data-end=\"1303\">\n<li data-start=\"814\" data-end=\"851\">\n<p data-start=\"816\" data-end=\"851\"><strong data-start=\"816\" data-end=\"832\">40.000 pufuri<\/strong> pentru utilizare prelungit\u0103<\/p>\n<\/li>\n<li data-start=\"852\" data-end=\"910\">\n<p data-start=\"854\" data-end=\"910\"><strong data-start=\"854\" data-end=\"888\">Rezervor de e-lichid de 40\u202fmL, reutilizabil<\/strong> pentru valoare pe termen lung<\/p>\n<\/li>\n<li data-start=\"911\" data-end=\"962\">\n<p data-start=\"913\" data-end=\"962\"><strong data-start=\"913\" data-end=\"934\">Baterie de 1.000 mAh<\/strong> cu \u00eenc\u0103rcare rapid\u0103 Type-C<\/p>\n<\/li>\n<li data-start=\"963\" data-end=\"1013\">\n<p data-start=\"965\" data-end=\"1013\"><strong data-start=\"965\" data-end=\"984\">0,6 \u03a9 bobin\u0103 cu ochiuri<\/strong> asigur\u0103 o vapoare lin\u0103 \u0219i bogat\u0103<\/p>\n<\/li>\n<li data-start=\"1014\" data-end=\"1068\">\n<p data-start=\"1016\" data-end=\"1068\"><strong data-start=\"1016\" data-end=\"1031\">afi\u0219aj LED<\/strong> afi\u0219eaz\u0103 nivelul bateriei \u0219i num\u0103rul de pufuri<\/p>\n<\/li>\n<li data-start=\"1069\" data-end=\"1127\">\n<p data-start=\"1071\" data-end=\"1127\">Disponibil \u00een <strong data-start=\"1084\" data-end=\"1125\">0%, 2%, 3% \u0219i 5% concentra\u021bii de nicotin\u0103<\/strong><\/p>\n<\/li>\n<li data-start=\"1128\" data-end=\"1177\">\n<p data-start=\"1130\" data-end=\"1177\">Suport\u0103 <strong data-start=\"1139\" data-end=\"1150\">OEM\/ODM<\/strong> Personalizare pentru m\u0103rci<\/p>\n<\/li>\n<li data-start=\"1178\" data-end=\"1226\">\n<p data-start=\"1180\" data-end=\"1226\">Construc\u021bie elegant\u0103 \u0219i durabil\u0103 cu design ergonomic<\/p>\n<\/li>\n<li data-start=\"1227\" data-end=\"1303\">\n<p data-start=\"1229\" data-end=\"1303\">Ideal pentru comercian\u021bii cu am\u0103nuntul \u0219i distribuitorii care caut\u0103 vape reutilizabile de lung\u0103 durat\u0103<\/p>\n<\/li>\n<\/ul>\n<hr data-start=\"1305\" data-end=\"1308\" \/>\n<h2 data-start=\"1310\" data-end=\"1335\"><a href=\"https:\/\/escovape.com\/ro\/categorie-produs\/bang-2\/\">BANG BLAZE SHISHA<\/a>\u00a040K Puffs DSK040 Specifica\u021bii produs<\/h2>\n<ul data-start=\"1337\" data-end=\"1652\">\n<li data-start=\"1337\" data-end=\"1358\">\n<p data-start=\"1339\" data-end=\"1358\"><strong data-start=\"1339\" data-end=\"1349\">Puffs:<\/strong> 40,000<\/p>\n<\/li>\n<li data-start=\"1359\" data-end=\"1395\">\n<p data-start=\"1361\" data-end=\"1395\"><strong data-start=\"1361\" data-end=\"1374\">E-lichid<\/strong> 40\u202fmL (re\u00eenc\u0103rcabil)<\/p>\n<\/li>\n<li data-start=\"1396\" data-end=\"1435\">\n<p data-start=\"1398\" data-end=\"1435\"><strong data-start=\"1398\" data-end=\"1410\">Baterie:<\/strong> 1.000 mAh re\u00eenc\u0103rcabil\u0103<\/p>\n<\/li>\n<li data-start=\"1436\" data-end=\"1460\">\n<p data-start=\"1438\" data-end=\"1460\"><strong data-start=\"1438\" data-end=\"1447\">Bobin\u0103<\/strong> 0,6 \u03a9 re\u021bea<\/p>\n<\/li>\n<li data-start=\"1461\" data-end=\"1490\">\n<p data-start=\"1463\" data-end=\"1490\"><strong data-start=\"1463\" data-end=\"1481\">Port de \u00eenc\u0103rcare:<\/strong> Tip-C<\/p>\n<\/li>\n<li data-start=\"1491\" data-end=\"1534\">\n<p data-start=\"1493\" data-end=\"1534\"><strong data-start=\"1493\" data-end=\"1514\">Op\u021biuni de nicotin\u0103:<\/strong> 0% \/ 2% \/ 3% \/ 5%<\/p>\n<\/li>\n<li data-start=\"1535\" data-end=\"1568\">\n<p data-start=\"1537\" data-end=\"1568\"><strong data-start=\"1537\" data-end=\"1560\">Greutate unitate singular\u0103:<\/strong> 109 g<\/p>\n<\/li>\n<li data-start=\"1569\" data-end=\"1595\">\n<p data-start=\"1571\" data-end=\"1595\"><strong data-start=\"1571\" data-end=\"1585\">Cutie cu 10:<\/strong> 1,142 g<\/p>\n<\/li>\n<li data-start=\"1596\" data-end=\"1652\">\n<p data-start=\"1598\" data-end=\"1652\"><strong data-start=\"1598\" data-end=\"1621\">Cutie (180 unit\u0103\u021bi):<\/strong> 21,5 kg, 68,5 \u00d7 39,6 \u00d7 24,2 cm<\/p>\n<\/li>\n<\/ul>\n<hr data-start=\"1654\" data-end=\"1657\" \/>\n<h2 data-start=\"1659\" data-end=\"1673\">BANG BLAZE SHISHA 40K Puffs Lista de Arome<\/h2>\n<ul data-start=\"1675\" data-end=\"1893\">\n<li data-start=\"1675\" data-end=\"1689\">\n<p data-start=\"1677\" data-end=\"1689\">Pepene verde<\/p>\n<\/li>\n<li data-start=\"1690\" data-end=\"1715\">\n<p data-start=\"1692\" data-end=\"1715\">Pepene verde c\u0103p\u0219un\u0103<\/p>\n<\/li>\n<li data-start=\"1716\" data-end=\"1731\">\n<p data-start=\"1718\" data-end=\"1731\">Pina Colada<\/p>\n<\/li>\n<li data-start=\"1732\" data-end=\"1750\">\n<p data-start=\"1734\" data-end=\"1750\">Strawberry Ice<\/p>\n<\/li>\n<li data-start=\"1751\" data-end=\"1763\">\n<p data-start=\"1753\" data-end=\"1763\">Red Bull<\/p>\n<\/li>\n<li data-start=\"1764\" data-end=\"1777\">\n<p data-start=\"1766\" data-end=\"1777\">Ghea\u021b\u0103 de P\u00eache<\/p>\n<\/li>\n<li data-start=\"1778\" data-end=\"1795\">\n<p data-start=\"1780\" data-end=\"1795\">Ghea\u021b\u0103 de afine<\/p>\n<\/li>\n<li data-start=\"1796\" data-end=\"1819\">\n<p data-start=\"1798\" data-end=\"1819\">Afine Zmeur\u0103<\/p>\n<\/li>\n<li data-start=\"1820\" data-end=\"1845\">\n<p data-start=\"1822\" data-end=\"1845\">Struguri de cire\u0219<\/p>\n<\/li>\n<li data-start=\"1846\" data-end=\"1863\">\n<p data-start=\"1848\" data-end=\"1863\">Mere duble<\/p>\n<\/li>\n<li data-start=\"1864\" data-end=\"1879\">\n<p data-start=\"1866\" data-end=\"1879\">Fructe amestecate<\/p>\n<\/li>\n<li data-start=\"1880\" data-end=\"1893\">\n<p data-start=\"1882\" data-end=\"1893\">Mango P\u00eache<\/p>\n<\/li>\n<\/ul>\n<hr data-start=\"1895\" data-end=\"1898\" \/>\n<h2 data-start=\"1900\" data-end=\"1945\">Cump\u0103ra\u021bi Vape-uri Re\u00eenc\u0103rcabile \u00een Vrac la <a href=\"https:\/\/escovape.com\/ro\/\">Escovape -&gt; nu are traducere, este posibil un nume propriu sau marca, Escovape r\u0103m\u00e2ne Escovape<\/a><\/h2>\n<p data-start=\"1946\" data-end=\"2278\">Ca platform\u0103 profesional\u0103 de comer\u021b en gros din Europa pentru produse de vaping, <strong data-start=\"2011\" data-end=\"2023\">Escovape -&gt; nu are traducere, este posibil un nume propriu sau marca, Escovape r\u0103m\u00e2ne Escovape<\/strong> ofer\u0103 BANG BLAZE SHISHA<strong data-start=\"2035\" data-end=\"2075\">\u00a040K Puffs DSK040<\/strong> pentru achizi\u021bii \u00een vrac cu \u00eencredere. Fie c\u0103 v\u0103 extinde\u021bi gama de produse de v\u00e2nzare cu am\u0103nuntul sau c\u0103 procura\u021bi op\u021biuni premium re\u00eenc\u0103rcabile, aceast\u0103 vape combin\u0103 arom\u0103, longevitate \u0219i personalizare pentru a satisface toate nevoile clien\u021bilor.<\/p>\n<p data-start=\"1946\" data-end=\"2278\"><img data-recalc-dims=\"1\" loading=\"lazy\" decoding=\"async\" class=\"alignnone size-full wp-image-28636\" src=\"https:\/\/i0.wp.com\/escovape.com\/wp-content\/uploads\/2025\/07\/Bang-Blaze-Shisha-40K-Puffs-DSK040-Premium-Rechargeable-Refillable-Vape-Low-Nicotine-Bulk-Buy-Wholesale-14-scaled.webp?resize=1020%2C2499&#038;ssl=1\" alt=\"Bang Blaze Shisha 40K Puffs DSK040 Premium Rechargeable Refillable Vape Low Nicotine Cump\u0103rare \u00een Vrac Angros\" width=\"1020\" height=\"2499\" title=\"\" srcset=\"https:\/\/i0.wp.com\/escovape.com\/wp-content\/uploads\/2025\/07\/Bang-Blaze-Shisha-40K-Puffs-DSK040-Premium-Rechargeable-Refillable-Vape-Low-Nicotine-Bulk-Buy-Wholesale-14-scaled.webp?w=1045&amp;ssl=1 1045w, https:\/\/i0.wp.com\/escovape.com\/wp-content\/uploads\/2025\/07\/Bang-Blaze-Shisha-40K-Puffs-DSK040-Premium-Rechargeable-Refillable-Vape-Low-Nicotine-Bulk-Buy-Wholesale-14-scaled.webp?resize=163%2C400&amp;ssl=1 163w, https:\/\/i0.wp.com\/escovape.com\/wp-content\/uploads\/2025\/07\/Bang-Blaze-Shisha-40K-Puffs-DSK040-Premium-Rechargeable-Refillable-Vape-Low-Nicotine-Bulk-Buy-Wholesale-14-scaled.webp?resize=327%2C800&amp;ssl=1 327w, https:\/\/i0.wp.com\/escovape.com\/wp-content\/uploads\/2025\/07\/Bang-Blaze-Shisha-40K-Puffs-DSK040-Premium-Rechargeable-Refillable-Vape-Low-Nicotine-Bulk-Buy-Wholesale-14-scaled.webp?resize=768%2C1882&amp;ssl=1 768w, https:\/\/i0.wp.com\/escovape.com\/wp-content\/uploads\/2025\/07\/Bang-Blaze-Shisha-40K-Puffs-DSK040-Premium-Rechargeable-Refillable-Vape-Low-Nicotine-Bulk-Buy-Wholesale-14-scaled.webp?resize=627%2C1536&amp;ssl=1 627w, https:\/\/i0.wp.com\/escovape.com\/wp-content\/uploads\/2025\/07\/Bang-Blaze-Shisha-40K-Puffs-DSK040-Premium-Rechargeable-Refillable-Vape-Low-Nicotine-Bulk-Buy-Wholesale-14-scaled.webp?resize=836%2C2048&amp;ssl=1 836w, https:\/\/i0.wp.com\/escovape.com\/wp-content\/uploads\/2025\/07\/Bang-Blaze-Shisha-40K-Puffs-DSK040-Premium-Rechargeable-Refillable-Vape-Low-Nicotine-Bulk-Buy-Wholesale-14-scaled.webp?resize=5%2C12&amp;ssl=1 5w, https:\/\/i0.wp.com\/escovape.com\/wp-content\/uploads\/2025\/07\/Bang-Blaze-Shisha-40K-Puffs-DSK040-Premium-Rechargeable-Refillable-Vape-Low-Nicotine-Bulk-Buy-Wholesale-14-scaled.webp?resize=600%2C1470&amp;ssl=1 600w\" sizes=\"auto, (max-width: 1020px) 100vw, 1020px\" \/><\/p>","protected":false},"excerpt":{"rendered":"<p>The BANG BLAZE SHISHA<strong data-start=\"4\" data-end=\"44\">\u00a040K Puffs DSK040<\/strong> este premium <strong data-start=\"58\" data-end=\"90\">vap\u0103 re\u00eenc\u0103rcabil\u0103 reutilizabil\u0103<\/strong> Prezent\u00e2nd un rezervor masiv de 40\u202fmL, o baterie de 1.000\u202fmAh \u0219i o bobin\u0103 cu plas\u0103 pentru hit-uri lin de nicotin\u0103 sc\u0103zut\u0103 \u2014 ideal pentru v\u00e2nzare en gros \u00een cantit\u0103\u021bi mari la <strong data-start=\"215\" data-end=\"227\">Escovape -&gt; nu are traducere, este posibil un nume propriu sau marca, Escovape r\u0103m\u00e2ne Escovape<\/strong>.<\/p>","protected":false},"featured_media":28637,"comment_status":"open","ping_status":"closed","template":"","meta":{"_lmt_disableupdate":"no","_lmt_disable":""},"product_brand":[],"product_cat":[18,123,55,97,98,99,100,101,102,103,104,105,106,107,108,109,110,111,112,113,114,15,59,61,62,133,42],"product_tag":[],"class_list":{"0":"post-28569","1":"product","2":"type-product","3":"status-publish","4":"has-post-thumbnail","6":"product_cat-bang","7":"product_cat-40000-puffs-disposable-vapes","8":"product_cat-big-puffs-disposable-vapes","9":"product_cat-disposable-vape-in-europe","10":"product_cat-disposable-vape-wholesale-austria","11":"product_cat-disposable-vape-wholesale-belgium","12":"product_cat-disposable-vape-wholesale-czech-republic","13":"product_cat-disposable-vape-wholesale-denmark","14":"product_cat-disposable-vape-wholesale-finland","15":"product_cat-disposable-vape-wholesale-france","16":"product_cat-disposable-vape-wholesale-germany","17":"product_cat-disposable-vape-wholesale-greece","18":"product_cat-disposable-vape-wholesale-hungary","19":"product_cat-disposable-vape-wholesale-italy","20":"product_cat-disposable-vape-wholesale-netherlands","21":"product_cat-disposable-vape-wholesale-norway","22":"product_cat-disposable-vape-wholesale-portugal","23":"product_cat-disposable-vape-wholesale-romania","24":"product_cat-disposable-vape-wholesale-spain","25":"product_cat-disposable-vape-wholesale-sweden","26":"product_cat-disposable-vape-wholesale-switzerland","27":"product_cat-disposable-vapes","28":"product_cat-lower-nicotine-disposable-vapes","29":"product_cat-rechargeable-disposable-vapes","30":"product_cat-shisha-hookah-disposable-vapes","31":"product_cat-shop-best-disposable-vape-flavors","32":"product_cat-shop-by-puffs","34":"first","35":"instock","36":"shipping-taxable","37":"purchasable","38":"product-type-variable"},"jetpack_sharing_enabled":true,"_links":{"self":[{"href":"https:\/\/escovape.com\/ro\/wp-json\/wp\/v2\/product\/28569","targetHints":{"allow":["GET"]}}],"collection":[{"href":"https:\/\/escovape.com\/ro\/wp-json\/wp\/v2\/product"}],"about":[{"href":"https:\/\/escovape.com\/ro\/wp-json\/wp\/v2\/types\/product"}],"replies":[{"embeddable":true,"href":"https:\/\/escovape.com\/ro\/wp-json\/wp\/v2\/comments?post=28569"}],"wp:featuredmedia":[{"embeddable":true,"href":"https:\/\/escovape.com\/ro\/wp-json\/wp\/v2\/media\/28637"}],"wp:attachment":[{"href":"https:\/\/escovape.com\/ro\/wp-json\/wp\/v2\/media?parent=28569"}],"wp:term":[{"taxonomy":"product_brand","embeddable":true,"href":"https:\/\/escovape.com\/ro\/wp-json\/wp\/v2\/product_brand?post=28569"},{"taxonomy":"product_cat","embeddable":true,"href":"https:\/\/escovape.com\/ro\/wp-json\/wp\/v2\/product_cat?post=28569"},{"taxonomy":"product_tag","embeddable":true,"href":"https:\/\/escovape.com\/ro\/wp-json\/wp\/v2\/product_tag?post=28569"}],"curies":[{"name":"wp","href":"https:\/\/api.w.org\/{rel}","templated":true}]}}