{"id":33080,"date":"2025-09-19T03:26:54","date_gmt":"2025-09-19T03:26:54","guid":{"rendered":"https:\/\/escovape.com\/?post_type=product&#038;p=33080"},"modified":"2025-09-19T03:26:54","modified_gmt":"2025-09-19T03:26:54","slug":"cutie-bang-turbo-42k-pufuri-afisaj-curbat-3d-vape-de-unica-folosinta-premium-reincarcabil-cu-nicotina-scazuta-cumparare-in-vrac-en-gros","status":"publish","type":"product","link":"https:\/\/escovape.com\/ro\/product\/bang-box-turbo-42k-puffs-3d-curved-display-premium-rechargeable-disposable-vapes-low-nicotine-bulk-buy-wholesale\/","title":{"rendered":"BANG BOX TURBO 42K Puffs 3D Afi\u0219aj Curbat Premium Vape de Unic\u0103 Folosin\u021b\u0103 Re\u00eenc\u0103rcabile Nicotin\u0103 Redus\u0103 Cump\u0103rare \u00een Vrac Angro"},"content":{"rendered":"<h2 data-start=\"319\" data-end=\"340\">BANG BOX TURBO 42K Puffs Vaporizator de unic\u0103 folosin\u021b\u0103<\/h2>\n<p data-start=\"341\" data-end=\"819\">BANG BOX TURBO 42K Puffs 3D Curved Display combin\u0103 tehnologia avansat\u0103 cu performan\u021ba puternic\u0103, oferind p\u00e2n\u0103 la 42.000 de pufuri \u00eentr-un design modern \u0219i elegant. Dotat cu o capacitate mare de 28 ml de e-lichid, sistem de bobine duble \u0219i un ecran curb 3D stilizat care afi\u0219eaz\u0103 at\u00e2t nivelul de baterie, c\u00e2t \u0219i nivelul de e-lichid, aceast\u0103 vape de unic\u0103 folosin\u021b\u0103 premium ofer\u0103 o experien\u021b\u0103 de vapare lin\u0103 \u0219i constant\u0103. Disponibil \u00een exclusivitate de la Escovape, platforma de \u00eencredere de v\u00e2nzare en gros pentru vape de unic\u0103 folosin\u021b\u0103 din Europa.<\/p>\n<h2 data-start=\"821\" data-end=\"848\">BANG BOX TURBO 42K Puffs Specifica\u021bii<\/h2>\n<ul data-start=\"849\" data-end=\"1445\">\n<li data-start=\"849\" data-end=\"887\">\n<p data-start=\"851\" data-end=\"887\">Num\u0103r de pufuri: p\u00e2n\u0103 la 42.000 de pufuri<\/p>\n<\/li>\n<li data-start=\"888\" data-end=\"935\">\n<p data-start=\"890\" data-end=\"935\">Capacitate E-lichid: 28ml rezervor pre-umplut<\/p>\n<\/li>\n<li data-start=\"936\" data-end=\"1007\">\n<p data-start=\"938\" data-end=\"1007\">Baterie: Re\u00eenc\u0103rcabil\u0103 de \u00eenalt\u0103 capacitate (cobalt pur, desc\u0103rcare 8A)<\/p>\n<\/li>\n<li data-start=\"1008\" data-end=\"1051\">\n<p data-start=\"1010\" data-end=\"1051\">Port de \u00eenc\u0103rcare: Tip-C \u00eenc\u0103rcare rapid\u0103<\/p>\n<\/li>\n<li data-start=\"1052\" data-end=\"1108\">\n<p data-start=\"1054\" data-end=\"1108\">Op\u021biuni bobin\u0103: simplu 1.0\u03a9 sau dublu 0.5\u03a9 bobin\u0103 mesh<\/p>\n<\/li>\n<li data-start=\"1109\" data-end=\"1189\">\n<p data-start=\"1111\" data-end=\"1189\">Afi\u0219aj: Ecran 3D curbat cu indicatori de lichid electronic \u0219i baterie \u00een timp real<\/p>\n<\/li>\n<li data-start=\"1190\" data-end=\"1227\">\n<p data-start=\"1192\" data-end=\"1227\">Dimensiuni dispozitiv: 65 \u00d7 34 \u00d7 115 mm<\/p>\n<\/li>\n<li data-start=\"1228\" data-end=\"1256\">\n<p data-start=\"1230\" data-end=\"1256\">Greutatea dispozitivului: 105 g<\/p>\n<\/li>\n<li data-start=\"1257\" data-end=\"1316\">\n<p data-start=\"1259\" data-end=\"1316\">Dimensiuni cutie \u0219i greutate: 182 \u00d7 66 \u00d7 119 mm; 570 g per cutie<\/p>\n<\/li>\n<li data-start=\"1317\" data-end=\"1369\">\n<p data-start=\"1319\" data-end=\"1369\">Ambalare: 5 buc\u0103\u021bi pe cutie; 150 buc\u0103\u021bi pe carton<\/p>\n<\/li>\n<li data-start=\"1370\" data-end=\"1445\">\n<p data-start=\"1372\" data-end=\"1445\">Dimensiuni cutie \u0219i greutate: 38 \u00d7 36 \u00d7 37,5 cm; 18,6 kg greutate brut\u0103<\/p>\n<\/li>\n<\/ul>\n<h2 data-start=\"1447\" data-end=\"1464\">Caracteristici cheie<\/h2>\n<ul data-start=\"1465\" data-end=\"2225\">\n<li data-start=\"1465\" data-end=\"1556\">\n<p data-start=\"1467\" data-end=\"1556\">Capacitate Masiv\u0103 de Puff-uri \u2013 P\u00e2n\u0103 la 42.000 de puff-uri per dispozitiv pentru o performan\u021b\u0103 de lung\u0103 durat\u0103.<\/p>\n<\/li>\n<li data-start=\"1557\" data-end=\"1647\">\n<p data-start=\"1559\" data-end=\"1647\">3D Afi\u0219aj Curbat \u2013 Ecranul elegant afi\u0219eaz\u0103 clar nivelurile de e-lichid \u0219i durata de via\u021b\u0103 a bateriei.<\/p>\n<\/li>\n<li data-start=\"1648\" data-end=\"1734\">\n<p data-start=\"1650\" data-end=\"1734\">Putere re\u00eenc\u0103rcabil\u0103 - \u00cenc\u0103rcarea rapid\u0103 prin Type-C \u021bine dispozitivul gata atunci c\u00e2nd ai nevoie.<\/p>\n<\/li>\n<li data-start=\"1735\" data-end=\"1858\">\n<p data-start=\"1737\" data-end=\"1858\">Op\u021biuni flexibile pentru bobin\u0103 \u2013 Alege\u021bi \u00eentre o singur\u0103 bobin\u0103 de 1,0\u03a9 pentru un gust lin sau o bobin\u0103 dubl\u0103 de 0,5\u03a9 pentru un vapor mai dens.<\/p>\n<\/li>\n<li data-start=\"1859\" data-end=\"1946\">\n<p data-start=\"1861\" data-end=\"1946\">Rezervor mare pentru lichid de vaporizare \u2013 Capacitatea de 28ml reduce necesitatea de \u00eenlocuiri frecvente.<\/p>\n<\/li>\n<li data-start=\"1947\" data-end=\"2046\">\n<p data-start=\"1949\" data-end=\"2046\">Design de Baterie Durabil\u0103 \u2013 Celul\u0103 de cobalt pur cu desc\u0103rcare de 8A asigur\u0103 fiabilitate \u0219i siguran\u021b\u0103.<\/p>\n<\/li>\n<li data-start=\"2047\" data-end=\"2124\">\n<p data-start=\"2049\" data-end=\"2124\">Ambalare en gros \u2013 Op\u021biuni de cump\u0103rare \u00een vrac convenabile, concepute pentru comercian\u021bii cu am\u0103nuntul.<\/p>\n<\/li>\n<li data-start=\"2125\" data-end=\"2225\">\n<p data-start=\"2127\" data-end=\"2225\">Op\u021biune cu Nicotin\u0103 Redus\u0103 \u2013 Experien\u021b\u0103 lin\u0103 \u0219i satisf\u0103c\u0103toare, potrivit\u0103 pentru pie\u021bele europene reglementate.<\/p>\n<\/li>\n<\/ul>\n<h2 data-start=\"2227\" data-end=\"2250\">Aromele disponibile<\/h2>\n<ul data-start=\"2251\" data-end=\"2480\">\n<li data-start=\"2251\" data-end=\"2276\">\n<p data-start=\"2253\" data-end=\"2276\">Pepene \u0219i c\u0103p\u0219un\u0103<\/p>\n<\/li>\n<li data-start=\"2277\" data-end=\"2293\">\n<p data-start=\"2279\" data-end=\"2293\">Fructe de p\u0103dure<\/p>\n<\/li>\n<li data-start=\"2294\" data-end=\"2311\">\n<p data-start=\"2296\" data-end=\"2311\">Blue Razz Ice<\/p>\n<\/li>\n<li data-start=\"2312\" data-end=\"2336\">\n<p data-start=\"2314\" data-end=\"2336\">Afine Pepene verde<\/p>\n<\/li>\n<li data-start=\"2337\" data-end=\"2355\">\n<p data-start=\"2339\" data-end=\"2355\">M\u0103r acri\u0219or \u00eenghe\u021bat<\/p>\n<\/li>\n<li data-start=\"2356\" data-end=\"2377\">\n<p data-start=\"2358\" data-end=\"2377\">L\u0103m\u00e2ie de m\u0103tch\u00e9ci \n Nu, Lime Berry Orange se traduce \u00een Rom\u00e2n\u0103 ca Lime Berry Portocal\u0103<\/p>\n<\/li>\n<li data-start=\"2378\" data-end=\"2394\">\n<p data-start=\"2380\" data-end=\"2394\">Mixico Mango<\/p>\n<\/li>\n<li data-start=\"2395\" data-end=\"2409\">\n<p data-start=\"2397\" data-end=\"2409\">Moned\u0103 din Miami<\/p>\n<\/li>\n<li data-start=\"2410\" data-end=\"2428\">\n<p data-start=\"2412\" data-end=\"2428\">Ghea\u021b\u0103 de pepene verde<\/p>\n<\/li>\n<li data-start=\"2429\" data-end=\"2445\">\n<p data-start=\"2431\" data-end=\"2445\">Cirea\u0219\u0103 dulce<\/p>\n<\/li>\n<li data-start=\"2446\" data-end=\"2459\">\n<p data-start=\"2448\" data-end=\"2459\">Grape Pop<\/p>\n<\/li>\n<li data-start=\"2460\" data-end=\"2480\">\n<p data-start=\"2462\" data-end=\"2480\">Blackberry B-Pop<\/p>\n<\/li>\n<\/ul>\n<h2 data-start=\"2482\" data-end=\"2509\">De ce s\u0103 cump\u0103ra\u021bi de la Escovape?<\/h2>\n<p data-start=\"2510\" data-end=\"2850\">La Escovape, oferim comercian\u021bilor cu am\u0103nuntul \u0219i distribuitorilor din Europa vape-uri de unic\u0103 folosin\u021b\u0103 autentice la pre\u021buri en gros. Fiecare comand\u0103 este sus\u021binut\u0103 de asigurarea calit\u0103\u021bii, expediere rapid\u0103 \u0219i suport fiabil pentru lan\u021bul de aprovizionare. Nu ve\u021bi g\u0103si produsele noastre pe platformele concurente - suntem dedica\u021bi exclusiv deservirii pie\u021bei de vape en gros din Europa.<\/p>\n<p data-start=\"2852\" data-end=\"2990\">Comanda\u021bi acum BANG BOX TURBO 42K Puffs 3D Curved Display la Escovape \u0219i asigura\u021bi-v\u0103 stocul en gros de vape-uri de unic\u0103 folosin\u021b\u0103 premium ast\u0103zi!<\/p>\n<p data-start=\"2852\" data-end=\"2990\"><img data-recalc-dims=\"1\" loading=\"lazy\" decoding=\"async\" class=\"alignnone wp-image-33148 size-full\" src=\"https:\/\/i0.wp.com\/escovape.com\/wp-content\/uploads\/2025\/09\/BANG-BOX-42K-Puffs-3D-Curved-Display-Premium-Rechargeable-Disposable-Vapes-Low-Nicotine-Bulk-Buy-Wholesale0-scaled.webp?resize=670%2C2560&#038;ssl=1\" alt=\"BANG BOX TURBO 42K Puffs 3D Afi\u0219aj Curbat Premium Vape de Unic\u0103 Folosin\u021b\u0103 Re\u00eenc\u0103rcabile Nicotin\u0103 Redus\u0103 Cump\u0103rare \u00een Vrac Angro\" width=\"670\" height=\"2560\" title=\"\" srcset=\"https:\/\/i0.wp.com\/escovape.com\/wp-content\/uploads\/2025\/09\/BANG-BOX-42K-Puffs-3D-Curved-Display-Premium-Rechargeable-Disposable-Vapes-Low-Nicotine-Bulk-Buy-Wholesale0-scaled.webp?w=670&amp;ssl=1 670w, https:\/\/i0.wp.com\/escovape.com\/wp-content\/uploads\/2025\/09\/BANG-BOX-42K-Puffs-3D-Curved-Display-Premium-Rechargeable-Disposable-Vapes-Low-Nicotine-Bulk-Buy-Wholesale0-scaled.webp?resize=105%2C400&amp;ssl=1 105w, https:\/\/i0.wp.com\/escovape.com\/wp-content\/uploads\/2025\/09\/BANG-BOX-42K-Puffs-3D-Curved-Display-Premium-Rechargeable-Disposable-Vapes-Low-Nicotine-Bulk-Buy-Wholesale0-scaled.webp?resize=209%2C800&amp;ssl=1 209w, https:\/\/i0.wp.com\/escovape.com\/wp-content\/uploads\/2025\/09\/BANG-BOX-42K-Puffs-3D-Curved-Display-Premium-Rechargeable-Disposable-Vapes-Low-Nicotine-Bulk-Buy-Wholesale0-scaled.webp?resize=768%2C2936&amp;ssl=1 768w, https:\/\/i0.wp.com\/escovape.com\/wp-content\/uploads\/2025\/09\/BANG-BOX-42K-Puffs-3D-Curved-Display-Premium-Rechargeable-Disposable-Vapes-Low-Nicotine-Bulk-Buy-Wholesale0-scaled.webp?resize=402%2C1536&amp;ssl=1 402w, https:\/\/i0.wp.com\/escovape.com\/wp-content\/uploads\/2025\/09\/BANG-BOX-42K-Puffs-3D-Curved-Display-Premium-Rechargeable-Disposable-Vapes-Low-Nicotine-Bulk-Buy-Wholesale0-scaled.webp?resize=536%2C2048&amp;ssl=1 536w, https:\/\/i0.wp.com\/escovape.com\/wp-content\/uploads\/2025\/09\/BANG-BOX-42K-Puffs-3D-Curved-Display-Premium-Rechargeable-Disposable-Vapes-Low-Nicotine-Bulk-Buy-Wholesale0-scaled.webp?resize=3%2C12&amp;ssl=1 3w, https:\/\/i0.wp.com\/escovape.com\/wp-content\/uploads\/2025\/09\/BANG-BOX-42K-Puffs-3D-Curved-Display-Premium-Rechargeable-Disposable-Vapes-Low-Nicotine-Bulk-Buy-Wholesale0-scaled.webp?resize=600%2C2294&amp;ssl=1 600w\" sizes=\"auto, (max-width: 670px) 100vw, 670px\" \/><\/p>","protected":false},"excerpt":{"rendered":"<p>Cutia BANG BOX TURBO 42K Puffs cu afi\u0219aj 3D curbat\u0103 ofer\u0103 42.000 de pufuri, capacitate de 28 ml, baterie re\u00eenc\u0103rcabil\u0103 de tip C, bobine duble \u0219i 12 arome \u2014 exclusiv la Escovape angro.<\/p>","protected":false},"featured_media":33027,"comment_status":"open","ping_status":"closed","template":"","meta":{"_lmt_disableupdate":"no","_lmt_disable":""},"product_brand":[],"product_cat":[18,201,55,56,57,97,98,99,100,101,102,103,104,105,106,107,108,109,110,111,112,113,114,15,59,61,133,42],"product_tag":[],"class_list":{"0":"post-33080","1":"product","2":"type-product","3":"status-publish","4":"has-post-thumbnail","6":"product_cat-bang","7":"product_cat-42000-puffs-disposable-vapes","8":"product_cat-big-puffs-disposable-vapes","9":"product_cat-crystal-disposable-vapes","10":"product_cat-digital-box-disposable-vapes","11":"product_cat-disposable-vape-in-europe","12":"product_cat-disposable-vape-wholesale-austria","13":"product_cat-disposable-vape-wholesale-belgium","14":"product_cat-disposable-vape-wholesale-czech-republic","15":"product_cat-disposable-vape-wholesale-denmark","16":"product_cat-disposable-vape-wholesale-finland","17":"product_cat-disposable-vape-wholesale-france","18":"product_cat-disposable-vape-wholesale-germany","19":"product_cat-disposable-vape-wholesale-greece","20":"product_cat-disposable-vape-wholesale-hungary","21":"product_cat-disposable-vape-wholesale-italy","22":"product_cat-disposable-vape-wholesale-netherlands","23":"product_cat-disposable-vape-wholesale-norway","24":"product_cat-disposable-vape-wholesale-portugal","25":"product_cat-disposable-vape-wholesale-romania","26":"product_cat-disposable-vape-wholesale-spain","27":"product_cat-disposable-vape-wholesale-sweden","28":"product_cat-disposable-vape-wholesale-switzerland","29":"product_cat-disposable-vapes","30":"product_cat-lower-nicotine-disposable-vapes","31":"product_cat-rechargeable-disposable-vapes","32":"product_cat-shop-best-disposable-vape-flavors","33":"product_cat-shop-by-puffs","35":"first","36":"instock","37":"shipping-taxable","38":"purchasable","39":"product-type-variable"},"jetpack_sharing_enabled":true,"_links":{"self":[{"href":"https:\/\/escovape.com\/ro\/wp-json\/wp\/v2\/product\/33080","targetHints":{"allow":["GET"]}}],"collection":[{"href":"https:\/\/escovape.com\/ro\/wp-json\/wp\/v2\/product"}],"about":[{"href":"https:\/\/escovape.com\/ro\/wp-json\/wp\/v2\/types\/product"}],"replies":[{"embeddable":true,"href":"https:\/\/escovape.com\/ro\/wp-json\/wp\/v2\/comments?post=33080"}],"wp:featuredmedia":[{"embeddable":true,"href":"https:\/\/escovape.com\/ro\/wp-json\/wp\/v2\/media\/33027"}],"wp:attachment":[{"href":"https:\/\/escovape.com\/ro\/wp-json\/wp\/v2\/media?parent=33080"}],"wp:term":[{"taxonomy":"product_brand","embeddable":true,"href":"https:\/\/escovape.com\/ro\/wp-json\/wp\/v2\/product_brand?post=33080"},{"taxonomy":"product_cat","embeddable":true,"href":"https:\/\/escovape.com\/ro\/wp-json\/wp\/v2\/product_cat?post=33080"},{"taxonomy":"product_tag","embeddable":true,"href":"https:\/\/escovape.com\/ro\/wp-json\/wp\/v2\/product_tag?post=33080"}],"curies":[{"name":"wp","href":"https:\/\/api.w.org\/{rel}","templated":true}]}}