{"id":33216,"date":"2025-09-20T02:47:40","date_gmt":"2025-09-20T02:47:40","guid":{"rendered":"https:\/\/escovape.com\/?post_type=product&#038;p=33216"},"modified":"2025-09-22T09:19:05","modified_gmt":"2025-09-22T09:19:05","slug":"bang-legend-85k-puffs-dsk058-trei-arome-premium-vape-de-unica-folosinta-reincarcabile-cu-continut-scazut-de-nicotina-cumparare-in-vrac-en-gros","status":"publish","type":"product","link":"https:\/\/escovape.com\/ro\/product\/bang-legend-85k-puffs-dsk058-three-flavor-premium-rechargeable-disposable-vapes-low-nicotine-bulk-buy-wholesale\/","title":{"rendered":"BANG LEGEND 85K Puffs DSK058 Trei Arome Premium Vape De Unic\u0103 Folosin\u021b\u0103 Re\u00eenc\u0103rcabile Nicotin\u0103 Redus\u0103 Cump\u0103rare \u00een Vrac Angro"},"content":{"rendered":"<h1 data-start=\"181\" data-end=\"296\"><a href=\"https:\/\/escovape.com\/ro\/categorie-produs\/bang-2\/\">BANG LEGEND<\/a> 85K Puffs DSK058 Descriere<\/h1>\n<p data-start=\"324\" data-end=\"767\">BANG LEGEND 85K Puffs DSK058 este un vape de unic\u0103 folosin\u021b\u0103 de \u00eenalt\u0103 capacitate, conceput pentru vapori care doresc varietate, rezisten\u021b\u0103 \u0219i comoditate \u00eentr-un singur dispozitiv. Fiecare unitate vine pre\u00eenc\u0103rcat\u0103 cu trei arome unice, permi\u021b\u00e2nd utilizatorilor s\u0103 comute \u00eentre gusturi cu u\u0219urin\u021b\u0103, f\u0103r\u0103 a fi nevoie s\u0103 transporte mai multe dispozitive. Cu un num\u0103r impresionant de 85.000 de pufuri, o baterie re\u00eenc\u0103rcabil\u0103 de 850 mAh \u0219i \u00eenc\u0103rcare rapid\u0103 de tip C, acest dispozitiv ofer\u0103 at\u00e2t putere, c\u00e2t \u0219i performan\u021b\u0103.<\/p>\n<p data-start=\"769\" data-end=\"998\">La Escovape, platforma european\u0103 de \u00eencredere pentru comer\u021b cu ridicata online pentru vape-uri de unic\u0103 folosin\u021b\u0103, pute\u021bi cump\u0103ra \u00een vrac BANG LEGEND 85K Puffs DSK058 la pre\u021buri competitive, garant\u00e2nd clien\u021bilor dvs. produse autentice, cu nicotin\u0103 sc\u0103zut\u0103 \u0219i de lung\u0103 durat\u0103.<\/p>\n<hr data-start=\"1000\" data-end=\"1003\" \/>\n<h2 data-start=\"1005\" data-end=\"1022\">Caracteristici cheie<\/h2>\n<ul data-start=\"1024\" data-end=\"1676\">\n<li data-start=\"1024\" data-end=\"1083\">\n<p data-start=\"1026\" data-end=\"1083\">Num\u0103r Masiv de Puff-uri \u2013 P\u00e2n\u0103 la 85.000 de puf-uri per dispozitiv.<\/p>\n<\/li>\n<li data-start=\"1084\" data-end=\"1168\">\n<p data-start=\"1086\" data-end=\"1168\">Trei Arome \u00eentr-un Singur Dispozitiv \u2013 Bucura\u021bi-v\u0103 de varietate f\u0103r\u0103 s\u0103 purta\u021bi mai multe vape.<\/p>\n<\/li>\n<li data-start=\"1169\" data-end=\"1269\">\n<p data-start=\"1171\" data-end=\"1269\">Baterie Re\u00eenc\u0103rcabil\u0103 \u2013 Construit\u0103 cu o baterie de 850mAh, u\u0219or alimentat\u0103 prin \u00eenc\u0103rcare de tip C.<\/p>\n<\/li>\n<li data-start=\"1270\" data-end=\"1367\">\n<p data-start=\"1272\" data-end=\"1367\">Experien\u021b\u0103 lin\u0103 - Rezisten\u021ba de 1,2 \u03a9 asigur\u0103 o produc\u021bie de vapori stabil\u0103 \u0219i un gust bogat.<\/p>\n<\/li>\n<li data-start=\"1368\" data-end=\"1439\">\n<p data-start=\"1370\" data-end=\"1439\">Suport OEM\/ODM -Potrivit pentru branding personalizat \u0219i comenzi mari.<\/p>\n<\/li>\n<li data-start=\"1440\" data-end=\"1516\">\n<p data-start=\"1442\" data-end=\"1516\">Dimensiuni \u0219i greutate convenabile \u2013 Portabil, dar durabil (~125 g per dispozitiv).<\/p>\n<\/li>\n<li data-start=\"1517\" data-end=\"1585\">\n<p data-start=\"1519\" data-end=\"1585\">gata pentru v\u00e2nzare en gros \u2013 Ambalare optimizat\u0103 pentru distribu\u021bie \u00een vrac.<\/p>\n<\/li>\n<li data-start=\"1586\" data-end=\"1676\">\n<p data-start=\"1588\" data-end=\"1676\">Op\u021biuni cu con\u021binut sc\u0103zut de nicotin\u0103 - Concepute pentru a respecta reglement\u0103rile UE \u0219i diversele nevoi ale clien\u021bilor.<\/p>\n<\/li>\n<\/ul>\n<hr data-start=\"1678\" data-end=\"1681\" \/>\n<h2 data-start=\"1683\" data-end=\"1702\">Op\u021biuni de arom\u0103<\/h2>\n<p data-start=\"1704\" data-end=\"1824\">BANG LEGEND 85K Puffs DSK058 ofer\u0103 o varietate larg\u0103 de combina\u021bii de trei arome, asigur\u00e2nd ceva pentru fiecare gust:<\/p>\n<ol data-start=\"1826\" data-end=\"2628\">\n<li data-start=\"1826\" data-end=\"1880\">\n<p data-start=\"1829\" data-end=\"1880\">Ghea\u021b\u0103 de struguri \/ Kiwi c\u0103p\u0219uni \/ Guava de pasiune de fruct<\/p>\n<\/li>\n<li data-start=\"1881\" data-end=\"1939\">\n<p data-start=\"1884\" data-end=\"1939\">Strawberry Ice \/ L\u0103m\u00e2ie Portocal\u0103 \/ Guma de Mestecat de Pepene Verde<\/p>\n<\/li>\n<li data-start=\"1940\" data-end=\"1987\">\n<p data-start=\"1943\" data-end=\"1987\">Ghea\u021b\u0103 de pepene verde \/ Mango P\u0103r \/ Suc de portocal\u0103<\/p>\n<\/li>\n<li data-start=\"1988\" data-end=\"2044\">\n<p data-start=\"1991\" data-end=\"2044\">Pineapple Ice \/ Red Bull de c\u0103p\u0219uni \/ Fructe de p\u0103dure amestecate<\/p>\n<\/li>\n<li data-start=\"2045\" data-end=\"2104\">\n<p data-start=\"2048\" data-end=\"2104\">Red Bull \/ Afine Pepene \/ \u00cenghe\u021bat\u0103 de C\u0103p\u0219uni<\/p>\n<\/li>\n<li data-start=\"2105\" data-end=\"2148\">\n<p data-start=\"2108\" data-end=\"2148\">Coca-Cola cu ghea\u021b\u0103 \/ M\u0103r-Pe\u0219che \/ L\u0103m\u00e2ie roz<\/p>\n<\/li>\n<li data-start=\"2149\" data-end=\"2201\">\n<p data-start=\"2152\" data-end=\"2201\">Banana Ice \/ Pepene c\u0103p\u0219un\u0103 \/ Urs Gummy<\/p>\n<\/li>\n<li data-start=\"2202\" data-end=\"2248\">\n<p data-start=\"2205\" data-end=\"2248\">Blueberry Ice \/ Blue Razz \/ Fragrant Pear \n\n(Translation not needed for product names) \nBlueberry Ice \/ Blue Razz \/ Fragrant Pear<\/p>\n<\/li>\n<li data-start=\"2249\" data-end=\"2302\">\n<p data-start=\"2252\" data-end=\"2302\">Fructe Asortate \/ Mojito P\u0103r \/ Mure Afine<\/p>\n<\/li>\n<li data-start=\"2303\" data-end=\"2354\">\n<p data-start=\"2307\" data-end=\"2354\">Dragonul Negru Ghea\u021b\u0103 \/ Marshmallow \/ Vis de Var\u0103<\/p>\n<\/li>\n<li data-start=\"2355\" data-end=\"2417\">\n<p data-start=\"2359\" data-end=\"2417\">C\u0103p\u0219un\u0103 Zmeur\u0103 \/ Mure \/ C\u0103p\u0219un\u0103 Banan\u0103<\/p>\n<\/li>\n<li data-start=\"2418\" data-end=\"2478\">\n<p data-start=\"2422\" data-end=\"2478\">Strawberry Watermelon \/ Cherry Coke \/ Strawberry Cream \n\n(Translation is not needed for product names, however, if you insist)\n\nc\u0103p\u0219un\u0103 pepene verde \/ Cherry Coke \/ crem\u0103 de c\u0103p\u0219un\u0103<\/p>\n<\/li>\n<li data-start=\"2479\" data-end=\"2534\">\n<p data-start=\"2483\" data-end=\"2534\">Ghea\u021b\u0103 de M\u0103r Ro\u0219u \/ Zmeur\u0103 \u0219i Pepene \/ Aloe \u0219i Strugure<\/p>\n<\/li>\n<li data-start=\"2535\" data-end=\"2583\">\n<p data-start=\"2539\" data-end=\"2583\">Cire\u0219\u0103 Afin\u0103 \/ P\u00easic\u0103 Mango \/ Ananas<\/p>\n<\/li>\n<li data-start=\"2584\" data-end=\"2628\">\n<p data-start=\"2588\" data-end=\"2628\">Love 666 \/ Mure \u0219i Zmeur\u0103 \/ Vlmto<\/p>\n<\/li>\n<\/ol>\n<hr data-start=\"2630\" data-end=\"2633\" \/>\n<h2 data-start=\"2635\" data-end=\"2664\">Specifica\u021bii en gros<\/h2>\n<ul data-start=\"2666\" data-end=\"2890\">\n<li data-start=\"2666\" data-end=\"2687\">\n<p data-start=\"2668\" data-end=\"2687\">Puffuri: 85.000<\/p>\n<\/li>\n<li data-start=\"2688\" data-end=\"2734\">\n<p data-start=\"2690\" data-end=\"2734\">Baterie: 850mAh (re\u00eenc\u0103rcabil\u0103, Type-C)<\/p>\n<\/li>\n<li data-start=\"2735\" data-end=\"2760\">\n<p data-start=\"2737\" data-end=\"2760\">Rezisten\u021b\u0103: 1,2 \u03a9<\/p>\n<\/li>\n<li data-start=\"2761\" data-end=\"2790\">\n<p data-start=\"2763\" data-end=\"2790\">Greutate unic\u0103: ~125 g<\/p>\n<\/li>\n<li data-start=\"2791\" data-end=\"2822\">\n<p data-start=\"2793\" data-end=\"2822\">10 buc Greutate: ~1307 g<\/p>\n<\/li>\n<li data-start=\"2823\" data-end=\"2890\">\n<p data-start=\"2825\" data-end=\"2890\">Dimensiuni cutie: 51 \u00d7 50 \u00d7 28 cm (200 buc, ~28 kg greutate brut\u0103)<\/p>\n<\/li>\n<\/ul>\n<hr data-start=\"2892\" data-end=\"2895\" \/>\n<h2 data-start=\"2897\" data-end=\"2923\">De ce s\u0103 cumperi de la <a href=\"https:\/\/escovape.com\/ro\/\">Escovape -&gt; nu are traducere, este posibil un nume propriu sau marca, Escovape r\u0103m\u00e2ne Escovape<\/a><\/h2>\n<ul data-start=\"2925\" data-end=\"3284\">\n<li data-start=\"2925\" data-end=\"2994\">\n<p data-start=\"2927\" data-end=\"2994\">Produse Originale \u2013 Dispozitive BANG LEGEND garantate autentice.<\/p>\n<\/li>\n<li data-start=\"2995\" data-end=\"3062\">\n<p data-start=\"2997\" data-end=\"3062\">Pre\u021buri en gros \u2013 Conceput pentru cump\u0103r\u0103torii en gros din toat\u0103 Europa.<\/p>\n<\/li>\n<li data-start=\"3063\" data-end=\"3134\">\n<p data-start=\"3065\" data-end=\"3134\">Op\u021biuni cu con\u021binut sc\u0103zut de nicotin\u0103 - Larg acceptate \u0219i favorabile reglement\u0103rilor.<\/p>\n<\/li>\n<li data-start=\"3135\" data-end=\"3206\">\n<p data-start=\"3137\" data-end=\"3206\">Distribu\u021bie rapid\u0103 \u00een UE - Livrare sigur\u0103 \u0219i suport pentru comer\u021b cu ridicata.<\/p>\n<\/li>\n<li data-start=\"3207\" data-end=\"3284\">\n<p data-start=\"3209\" data-end=\"3284\">Furnizor de \u00eencredere \u2013 Escovape este specializat \u00een vape de unic\u0103 folosin\u021b\u0103 en gros.<\/p>\n<\/li>\n<\/ul>\n<hr data-start=\"3286\" data-end=\"3289\" \/>\n<p data-start=\"3291\" data-end=\"3460\">Ob\u021bine\u021bi acum BANG LEGEND 85K Puffs DSK058 Vaporizator de unic\u0103 folosin\u021b\u0103 cu trei arome la Escovape, platforma european\u0103 de \u00eencredere de v\u00e2nzare cu ridicata online pentru vaporizatoare de unic\u0103 folosin\u021b\u0103 premium.<\/p>\n<p data-start=\"3291\" data-end=\"3460\"><img data-recalc-dims=\"1\" loading=\"lazy\" decoding=\"async\" class=\"alignnone wp-image-33281 size-full\" src=\"https:\/\/i0.wp.com\/escovape.com\/wp-content\/uploads\/2025\/09\/BNAG-LEGEND-85K-Puffs-DSK058-Three-Flavor-Premium-Rechargeable-Disposable-Vapes-Low-Nicotine-Bulk-Buy-Wholesale-1-scaled.webp?resize=1020%2C2040&#038;ssl=1\" alt=\"BANG LEGEND 85K Puffs DSK058 Trei Arome Premium Vape De Unic\u0103 Folosin\u021b\u0103 Re\u00eenc\u0103rcabile Nicotin\u0103 Redus\u0103 Cump\u0103rare \u00een Vrac Angro\" width=\"1020\" height=\"2040\" title=\"\" srcset=\"https:\/\/i0.wp.com\/escovape.com\/wp-content\/uploads\/2025\/09\/BNAG-LEGEND-85K-Puffs-DSK058-Three-Flavor-Premium-Rechargeable-Disposable-Vapes-Low-Nicotine-Bulk-Buy-Wholesale-1-scaled.webp?w=1280&amp;ssl=1 1280w, https:\/\/i0.wp.com\/escovape.com\/wp-content\/uploads\/2025\/09\/BNAG-LEGEND-85K-Puffs-DSK058-Three-Flavor-Premium-Rechargeable-Disposable-Vapes-Low-Nicotine-Bulk-Buy-Wholesale-1-scaled.webp?resize=200%2C400&amp;ssl=1 200w, https:\/\/i0.wp.com\/escovape.com\/wp-content\/uploads\/2025\/09\/BNAG-LEGEND-85K-Puffs-DSK058-Three-Flavor-Premium-Rechargeable-Disposable-Vapes-Low-Nicotine-Bulk-Buy-Wholesale-1-scaled.webp?resize=400%2C800&amp;ssl=1 400w, https:\/\/i0.wp.com\/escovape.com\/wp-content\/uploads\/2025\/09\/BNAG-LEGEND-85K-Puffs-DSK058-Three-Flavor-Premium-Rechargeable-Disposable-Vapes-Low-Nicotine-Bulk-Buy-Wholesale-1-scaled.webp?resize=768%2C1536&amp;ssl=1 768w, https:\/\/i0.wp.com\/escovape.com\/wp-content\/uploads\/2025\/09\/BNAG-LEGEND-85K-Puffs-DSK058-Three-Flavor-Premium-Rechargeable-Disposable-Vapes-Low-Nicotine-Bulk-Buy-Wholesale-1-scaled.webp?resize=1024%2C2048&amp;ssl=1 1024w, https:\/\/i0.wp.com\/escovape.com\/wp-content\/uploads\/2025\/09\/BNAG-LEGEND-85K-Puffs-DSK058-Three-Flavor-Premium-Rechargeable-Disposable-Vapes-Low-Nicotine-Bulk-Buy-Wholesale-1-scaled.webp?resize=6%2C12&amp;ssl=1 6w, https:\/\/i0.wp.com\/escovape.com\/wp-content\/uploads\/2025\/09\/BNAG-LEGEND-85K-Puffs-DSK058-Three-Flavor-Premium-Rechargeable-Disposable-Vapes-Low-Nicotine-Bulk-Buy-Wholesale-1-scaled.webp?resize=600%2C1200&amp;ssl=1 600w\" sizes=\"auto, (max-width: 1020px) 100vw, 1020px\" \/><\/p>","protected":false},"excerpt":{"rendered":"<p>BANG LEGEND 85K Puffs DSK058 este o vape reutilizabil\u0103 de unic\u0103 folosin\u021b\u0103 cu trei arome, p\u00e2n\u0103 la 85.000 de pufuri \u0219i \u00eenc\u0103rcare de tip C - disponibil\u0103 pentru v\u00e2nzare en gros la Escovape.<\/p>","protected":false},"featured_media":33282,"comment_status":"open","ping_status":"closed","template":"","meta":{"_lmt_disableupdate":"no","_lmt_disable":""},"product_brand":[],"product_cat":[18,207,55,57,97,98,99,100,101,102,103,104,105,106,107,108,109,110,111,112,113,114,15,58,59,61,133,42,206],"product_tag":[],"class_list":{"0":"post-33216","1":"product","2":"type-product","3":"status-publish","4":"has-post-thumbnail","6":"product_cat-bang","7":"product_cat-85000-puffs-disposable-vapes","8":"product_cat-big-puffs-disposable-vapes","9":"product_cat-digital-box-disposable-vapes","10":"product_cat-disposable-vape-in-europe","11":"product_cat-disposable-vape-wholesale-austria","12":"product_cat-disposable-vape-wholesale-belgium","13":"product_cat-disposable-vape-wholesale-czech-republic","14":"product_cat-disposable-vape-wholesale-denmark","15":"product_cat-disposable-vape-wholesale-finland","16":"product_cat-disposable-vape-wholesale-france","17":"product_cat-disposable-vape-wholesale-germany","18":"product_cat-disposable-vape-wholesale-greece","19":"product_cat-disposable-vape-wholesale-hungary","20":"product_cat-disposable-vape-wholesale-italy","21":"product_cat-disposable-vape-wholesale-netherlands","22":"product_cat-disposable-vape-wholesale-norway","23":"product_cat-disposable-vape-wholesale-portugal","24":"product_cat-disposable-vape-wholesale-romania","25":"product_cat-disposable-vape-wholesale-spain","26":"product_cat-disposable-vape-wholesale-sweden","27":"product_cat-disposable-vape-wholesale-switzerland","28":"product_cat-disposable-vapes","29":"product_cat-dual-mesh-disposable-vapes","30":"product_cat-lower-nicotine-disposable-vapes","31":"product_cat-rechargeable-disposable-vapes","32":"product_cat-shop-best-disposable-vape-flavors","33":"product_cat-shop-by-puffs","34":"product_cat-triple-flavor-disposable-vapes","36":"first","37":"instock","38":"shipping-taxable","39":"purchasable","40":"product-type-variable"},"jetpack_sharing_enabled":true,"_links":{"self":[{"href":"https:\/\/escovape.com\/ro\/wp-json\/wp\/v2\/product\/33216","targetHints":{"allow":["GET"]}}],"collection":[{"href":"https:\/\/escovape.com\/ro\/wp-json\/wp\/v2\/product"}],"about":[{"href":"https:\/\/escovape.com\/ro\/wp-json\/wp\/v2\/types\/product"}],"replies":[{"embeddable":true,"href":"https:\/\/escovape.com\/ro\/wp-json\/wp\/v2\/comments?post=33216"}],"wp:featuredmedia":[{"embeddable":true,"href":"https:\/\/escovape.com\/ro\/wp-json\/wp\/v2\/media\/33282"}],"wp:attachment":[{"href":"https:\/\/escovape.com\/ro\/wp-json\/wp\/v2\/media?parent=33216"}],"wp:term":[{"taxonomy":"product_brand","embeddable":true,"href":"https:\/\/escovape.com\/ro\/wp-json\/wp\/v2\/product_brand?post=33216"},{"taxonomy":"product_cat","embeddable":true,"href":"https:\/\/escovape.com\/ro\/wp-json\/wp\/v2\/product_cat?post=33216"},{"taxonomy":"product_tag","embeddable":true,"href":"https:\/\/escovape.com\/ro\/wp-json\/wp\/v2\/product_tag?post=33216"}],"curies":[{"name":"wp","href":"https:\/\/api.w.org\/{rel}","templated":true}]}}