{"id":33946,"date":"2025-10-21T07:08:05","date_gmt":"2025-10-21T07:08:05","guid":{"rendered":"https:\/\/escovape.com\/?post_type=product&#038;p=33946"},"modified":"2025-10-21T07:08:05","modified_gmt":"2025-10-21T07:08:05","slug":"bang-legend-150k-puffs-dsk064-sase-arome-premium-vape-de-unica-folosinta-reincarcabile-cu-continut-scazut-de-nicotina-cumparare-in-vrac-en-gros","status":"publish","type":"product","link":"https:\/\/escovape.com\/ro\/product\/bang-legend-150k-puffs-dsk064-six-flavor-premium-rechargeable-disposable-vapes-low-nicotine-bulk-buy-wholesale\/","title":{"rendered":"BANG LEGEND 150K Puffs DSK064 \u0218ase Arome Premium Vape De\u0219eptabile Re\u00eenc\u0103rcabile cu Nicotin\u0103 Redus\u0103 Cump\u0103rare \u00een Vrac Angro"},"content":{"rendered":"<h2 class=\"ng-star-inserted\"><span class=\"ng-star-inserted\"><a href=\"https:\/\/escovape.com\/ro\/categorie-produs\/bang-2\/\">BANG LEGEND<\/a> 150K Puffs DSK064: Experien\u021ba Ultim\u0103 de Vaping cu \u0218ase Arome<\/span><\/h2>\n<p class=\"ng-star-inserted\"><span class=\"ng-star-inserted\">Preg\u0103ti\u021bi-v\u0103 pentru o c\u0103l\u0103torie de vaporizare ca niciuna alta cu\u00a0<\/span><span class=\"ng-star-inserted\">BANG LEGEND 150K Puffs DSK064<\/span><span class=\"ng-star-inserted\">, o vape reutilizabil\u0103 premium care sparge toate a\u0219tept\u0103rile. Acesta nu este doar un dispozitiv; este o bibliotec\u0103 de arome \u00een palma m\u00e2inii tale. Imagineaz\u0103-\u021bi libertatea de a avea \u0219ase profiluri unice de arom\u0103 \u00eentr-o singur\u0103 unitate elegant\u0103, toate alimentate de un sistem care ofer\u0103 o cantitate uluitoare de 150.000 de pufuri. BANG LEGEND 150K Puffs este apogeul inova\u021biei, conceput pentru cei care cer varietate \u0219i performan\u021b\u0103 maxim\u0103.<\/span><\/p>\n<p class=\"ng-star-inserted\"><span class=\"ng-star-inserted\">La Escovape, platforma principal\u0103 de comer\u021b cu ridicata online european\u0103 pentru vape-uri de unic\u0103 folosin\u021b\u0103, suntem m\u00e2ndri s\u0103 oferim acest produs revolu\u021bionar. Suntem angaja\u021bi s\u0103 procur\u0103m cele mai avansate dispozitive pentru partenerii no\u0219tri de retail, iar BANG LEGEND 150K Puffs este o adev\u0103rat\u0103 capodoper\u0103 care va distinge afacerea dvs. \u0219i va captiva clien\u021bii dvs.<\/span><\/p>\n<h2 class=\"ng-star-inserted\"><span class=\"ng-star-inserted\">O nou\u0103 standard \u00een tehnologia vapingului<\/span><\/h2>\n<p class=\"ng-star-inserted\"><span class=\"ng-star-inserted\">BANG LEGEND 150K Puffs<\/span><span class=\"ng-star-inserted\">\u00a0este conceput cu meticulozitate pentru a oferi o experien\u021b\u0103 de vaporizare versatil\u0103 \u0219i impecabil\u0103. Fiecare component\u0103 este proiectat\u0103 pentru a maximiza aroma, confortul \u0219i longevitatea.<\/span><\/p>\n<ul class=\"ng-star-inserted\">\n<li class=\"ng-star-inserted\">\n<p class=\"ng-star-inserted\"><span class=\"ng-star-inserted\">Durat\u0103 de via\u021b\u0103 f\u0103r\u0103 precedent de 150.000 de pufuri:<\/span><span class=\"ng-star-inserted\">\u00a0Acest dispozitiv ofer\u0103 unul dintre cele mai mari num\u0103r de pufuri de pe pia\u021b\u0103, asigur\u00e2nd s\u0103pt\u0103m\u00e2ni de vaporizare satisf\u0103c\u0103toare f\u0103r\u0103 a fi nevoie de \u00eenlocuire.<\/span><\/p>\n<\/li>\n<li class=\"ng-star-inserted\">\n<p class=\"ng-star-inserted\"><span class=\"ng-star-inserted\">Sistem Dinamic de \u0218ase Arome \u00eentr-Unu:<\/span><span class=\"ng-star-inserted\">\u00a0Exploreaz\u0103 o lume de arome cu trei tancuri distincte de e-lichid. Bucur\u0103-te de fiecare dintre cele trei arome pure de unul singur sau combin\u0103-le pentru a debloc\u0103 trei amestecuri de fuziune unice suplimentare.<\/span><\/p>\n<\/li>\n<li class=\"ng-star-inserted\">\n<p class=\"ng-star-inserted\"><span class=\"ng-star-inserted\">Afi\u0219aj inteligent cu ecran inteligent:<\/span><span class=\"ng-star-inserted\">\u00a0Ecranul cristalin transparent v\u0103 ofer\u0103 date \u00een timp real despre procentajul bateriei \u0219i nivelul de e-lichid, pun\u00e2ndu-v\u0103 \u00een control complet al experien\u021bei dvs.<\/span><\/p>\n<\/li>\n<li class=\"ng-star-inserted\">\n<p class=\"ng-star-inserted\"><span class=\"ng-star-inserted\">Bobin\u0103 avansat\u0103 cu ochiuri pentru arom\u0103 pur\u0103:<\/span><span class=\"ng-star-inserted\">\u00a0Tehnologia de \u00eenalt\u0103 performan\u021b\u0103 a bobinei-mesh garanteaz\u0103 o \u00eenc\u0103lzire rapid\u0103 \u0219i uniform\u0103, produc\u00e2nd nori densi \u0219i aromatici \u0219i un gust pur de la prima p\u00e2n\u0103 la ultima puf\u0103tur\u0103.<\/span><\/p>\n<\/li>\n<li class=\"ng-star-inserted\">\n<p class=\"ng-star-inserted\"><span class=\"ng-star-inserted\">Baterie Re\u00eenc\u0103rcabil\u0103 de \u00cenalt\u0103 Capacitate:<\/span><span class=\"ng-star-inserted\">\u00a0Echipat cu o baterie intern\u0103 robust\u0103 \u0219i un port de \u00eenc\u0103rcare modern Type-C, BANG LEGEND v\u0103 asigur\u0103 c\u0103 sunte\u021bi \u00eentotdeauna alimentat \u0219i gata de plecare.<\/span><\/p>\n<\/li>\n<li class=\"ng-star-inserted\">\n<p class=\"ng-star-inserted\"><span class=\"ng-star-inserted\">Disponibil \u00een Op\u021biuni cu Nicotin\u0103 Redus\u0103:<\/span><span class=\"ng-star-inserted\">\u00a0Satisfacerea unei clientele diverse cu o gam\u0103 de concentra\u021bii de nicotin\u0103 concepute pentru a oferi o experien\u021b\u0103 de vape perfect personalizat\u0103.<\/span><\/p>\n<\/li>\n<li class=\"ng-star-inserted\">\n<p class=\"ng-star-inserted\"><span class=\"ng-star-inserted\">Produse Autentice pentru Cump\u0103r\u0103turi \u00een Vrac:<\/span><span class=\"ng-star-inserted\">\u00a0Ca furnizor angro de \u00eencredere, garant\u0103m produse originale de \u00eenalt\u0103 calitate pentru inventarul dvs.<\/span><\/p>\n<\/li>\n<\/ul>\n<h2 class=\"ng-star-inserted\"><span class=\"ng-star-inserted\">O Gam\u0103 de Arome De Neuitat<\/span><\/h2>\n<p class=\"ng-star-inserted\"><span class=\"ng-star-inserted\">Genialitatea BANG LEGEND 150K Puffs<\/span><span class=\"ng-star-inserted\">\u00a0este sistemul s\u0103u unic de arome. Fiecare dintre cele 12 variante vine cu trei arome primare care pot fi vapate individual sau amestecate pentru a crea trei combina\u021bii mai interesante.<\/span><\/p>\n<p class=\"ng-star-inserted\"><span class=\"ng-star-inserted\">1. Trio de piersici:<\/span><span class=\"ng-star-inserted\">\u00a0Peach Ice \/ Mango Peach \/ Blueberry Peach &amp; trei amestecuri unice de fuziune.<\/span><\/p>\n<p class=\"ng-star-inserted\"><span class=\"ng-star-inserted\">2. Paradisul Ananasului:<\/span><span class=\"ng-star-inserted\">\u00a0Pineapple Ice \/ Pineapple Coconut \/ Kiwi Fruit Pineapple Ice &amp; trei amestecuri unice de fuziune.<\/span><\/p>\n<p class=\"ng-star-inserted\"><span class=\"ng-star-inserted\">3. Explozia de struguri:<\/span><span class=\"ng-star-inserted\">\u00a0Grap\u0103 de Vi\u021b\u0103 \/ Gum\u0103 de Mestecat cu Vi\u021b\u0103 \/ Struguri de Zmeur\u0103 \u0219i trei amestecuri unice de fuziune.<\/span><\/p>\n<p class=\"ng-star-inserted\"><span class=\"ng-star-inserted\">4. Valul de pepene verde:<\/span><span class=\"ng-star-inserted\">\u00a0Trei \u00eenghe\u021bate de pepene verde \/ Fructe de pepene verde \/ Pepene verde cu c\u0103p\u0219uni \u0219i trei amestecuri unice de fuziune.<\/span><\/p>\n<p class=\"ng-star-inserted\"><span class=\"ng-star-inserted\">5. Blueberry Bliss: \n5. Fericirea Afinului:<\/span><span class=\"ng-star-inserted\">\u00a0Blueberry Ice \/ Blueberry Raspberry \/ Blueberry Cranberry Cherry \u0219i trei amestecuri unice de fuziune.<\/span><\/p>\n<p class=\"ng-star-inserted\"><span class=\"ng-star-inserted\">6. Banana Fusion:<\/span><span class=\"ng-star-inserted\">\u00a0Banana Ice \/ Strawberry Banana \/ Acid Citric Portocal\u0103 &amp; trei amestecuri unice de fuziune.<\/span><\/p>\n<p class=\"ng-star-inserted\"><span class=\"ng-star-inserted\">7. Amestec de livad\u0103:<\/span><span class=\"ng-star-inserted\">\u00a0M\u0103r Ghea\u021b\u0103 \/ M\u0103r Strugure \/ Strugure Afine \u0219i trei amestecuri unice de fuziune.<\/span><\/p>\n<p class=\"ng-star-inserted\"><span class=\"ng-star-inserted\">8. Mango Fiesta:<\/span><span class=\"ng-star-inserted\">\u00a0Mango cu ghea\u021b\u0103 \/ Pi\u0219cot\u0103 Mango Pepene verde \/ Ursule\u021b gelatinat \u0219i trei amestecuri unice de fuziune.<\/span><\/p>\n<p class=\"ng-star-inserted\"><span class=\"ng-star-inserted\">9. Cherry Delight:<\/span><span class=\"ng-star-inserted\">\u00a0Cherry Ice \/ Mixed Berries \/ Red Cola \u0219i trei amestecuri unice de fuziune.<\/span><\/p>\n<p class=\"ng-star-inserted\"><span class=\"ng-star-inserted\">10. Amestecuri Iconice:<\/span><span class=\"ng-star-inserted\">\u00a0Red Bull \/ Guma de Mestecat de Pepene Verde \/ Love 66 &amp; trei amestecuri unice de fuziune.<\/span><\/p>\n<p class=\"ng-star-inserted\"><span class=\"ng-star-inserted\">11. Senza\u021bia de c\u0103p\u0219uni:<\/span><span class=\"ng-star-inserted\">\u00a0Strawberry Ice \/ Strawberry Kiwi \/ Strawberry Lychee \u0219i trei amestecuri unice de fuziune.<\/span><\/p>\n<p class=\"ng-star-inserted\"><span class=\"ng-star-inserted\">12. Petrecerea Pasiunii:<\/span><span class=\"ng-star-inserted\">\u00a0Pasiune Pasiune Portocala \/ Guava Lime \/ Pasiune Lamaie &amp; trei amestecuri unice de fuziune.<\/span><\/p>\n<h2 class=\"ng-star-inserted\"><span class=\"ng-star-inserted\">De ce s\u0103 alegi <a href=\"https:\/\/escovape.com\/ro\/\">Escovape -&gt; nu are traducere, este posibil un nume propriu sau marca, Escovape r\u0103m\u00e2ne Escovape<\/a>?<\/span><\/h2>\n<p class=\"ng-star-inserted\"><span class=\"ng-star-inserted\">Pentru comercian\u021bii cu am\u0103nuntul care doresc s\u0103 ofere clien\u021bilor lor absolut cel mai bun din lumea vapingului,\u00a0<\/span><span class=\"ng-star-inserted\">BANG LEGEND 150K Puffs<\/span><span class=\"ng-star-inserted\">\u00a0este un adaos esen\u021bial pentru colec\u021bia dvs. Prin achizi\u021bionarea cump\u0103r\u0103rii \u00een vrac de pe site-ul meu, Escovape, v\u0103 parteneria\u021bi cu un lider european de \u00eencredere pe pia\u021ba vape-urilor de unic\u0103 folosin\u021b\u0103. Oferim pre\u021buri competitive en gros \u0219i asisten\u021b\u0103 dedicat\u0103 pentru a ajuta afacerea dvs. s\u0103 prospere.  Ridica\u021bi ofertele dvs. cu un dispozitiv cu adev\u0103rat legendar.<\/span><\/p>\n<p>&nbsp;<\/p>\n<p><img data-recalc-dims=\"1\" loading=\"lazy\" decoding=\"async\" class=\"alignnone size-full wp-image-34011\" src=\"https:\/\/i0.wp.com\/escovape.com\/wp-content\/uploads\/2025\/10\/BANG-LEGEND-150K-Puffs-DSK064-Six-Flavor-Premium-Rechargeable-Disposable-Vapes-Low-Nicotine-Bulk-Buy-Wholesale-13.webp?resize=1020%2C1021&#038;ssl=1\" alt=\"BANG LEGEND 150K Puffs DSK064 \u0218ase Arome Premium Vape De\u0219eptabile Re\u00eenc\u0103rcabile cu Nicotin\u0103 Redus\u0103 Cump\u0103rare \u00een Vrac Angro\" width=\"1020\" height=\"1021\" title=\"\" srcset=\"https:\/\/i0.wp.com\/escovape.com\/wp-content\/uploads\/2025\/10\/BANG-LEGEND-150K-Puffs-DSK064-Six-Flavor-Premium-Rechargeable-Disposable-Vapes-Low-Nicotine-Bulk-Buy-Wholesale-13.webp?w=1890&amp;ssl=1 1890w, https:\/\/i0.wp.com\/escovape.com\/wp-content\/uploads\/2025\/10\/BANG-LEGEND-150K-Puffs-DSK064-Six-Flavor-Premium-Rechargeable-Disposable-Vapes-Low-Nicotine-Bulk-Buy-Wholesale-13.webp?resize=400%2C400&amp;ssl=1 400w, https:\/\/i0.wp.com\/escovape.com\/wp-content\/uploads\/2025\/10\/BANG-LEGEND-150K-Puffs-DSK064-Six-Flavor-Premium-Rechargeable-Disposable-Vapes-Low-Nicotine-Bulk-Buy-Wholesale-13.webp?resize=800%2C800&amp;ssl=1 800w, https:\/\/i0.wp.com\/escovape.com\/wp-content\/uploads\/2025\/10\/BANG-LEGEND-150K-Puffs-DSK064-Six-Flavor-Premium-Rechargeable-Disposable-Vapes-Low-Nicotine-Bulk-Buy-Wholesale-13.webp?resize=280%2C280&amp;ssl=1 280w, https:\/\/i0.wp.com\/escovape.com\/wp-content\/uploads\/2025\/10\/BANG-LEGEND-150K-Puffs-DSK064-Six-Flavor-Premium-Rechargeable-Disposable-Vapes-Low-Nicotine-Bulk-Buy-Wholesale-13.webp?resize=768%2C768&amp;ssl=1 768w, https:\/\/i0.wp.com\/escovape.com\/wp-content\/uploads\/2025\/10\/BANG-LEGEND-150K-Puffs-DSK064-Six-Flavor-Premium-Rechargeable-Disposable-Vapes-Low-Nicotine-Bulk-Buy-Wholesale-13.webp?resize=1536%2C1536&amp;ssl=1 1536w, https:\/\/i0.wp.com\/escovape.com\/wp-content\/uploads\/2025\/10\/BANG-LEGEND-150K-Puffs-DSK064-Six-Flavor-Premium-Rechargeable-Disposable-Vapes-Low-Nicotine-Bulk-Buy-Wholesale-13.webp?resize=12%2C12&amp;ssl=1 12w, https:\/\/i0.wp.com\/escovape.com\/wp-content\/uploads\/2025\/10\/BANG-LEGEND-150K-Puffs-DSK064-Six-Flavor-Premium-Rechargeable-Disposable-Vapes-Low-Nicotine-Bulk-Buy-Wholesale-13.webp?resize=300%2C300&amp;ssl=1 300w, https:\/\/i0.wp.com\/escovape.com\/wp-content\/uploads\/2025\/10\/BANG-LEGEND-150K-Puffs-DSK064-Six-Flavor-Premium-Rechargeable-Disposable-Vapes-Low-Nicotine-Bulk-Buy-Wholesale-13.webp?resize=600%2C600&amp;ssl=1 600w, https:\/\/i0.wp.com\/escovape.com\/wp-content\/uploads\/2025\/10\/BANG-LEGEND-150K-Puffs-DSK064-Six-Flavor-Premium-Rechargeable-Disposable-Vapes-Low-Nicotine-Bulk-Buy-Wholesale-13.webp?resize=100%2C100&amp;ssl=1 100w\" sizes=\"auto, (max-width: 1020px) 100vw, 1020px\" \/><\/p>","protected":false},"excerpt":{"rendered":"<p class=\"ng-star-inserted\"><span class=\"ng-star-inserted\">The <\/span><span class=\"ng-star-inserted\">BANG LEGEND 150K Puffs DSK064<\/span><span class=\"ng-star-inserted\"> este o vape reutilizabil\u0103 premium de unic\u0103 folosin\u021b\u0103 care ofer\u0103 o durat\u0103 de via\u021b\u0103 f\u0103r\u0103 precedent de 150.000 de pufuri \u0219i un sistem de arom\u0103 revolu\u021bionar \u0219ase \u00een unu, permi\u021b\u00e2ndu-v\u0103 s\u0103 v\u0103 bucura\u021bi de trei gusturi pure sau s\u0103 le combina\u021bi \u00een trei amestecuri unice de fuziune, toate fiind monitorizate pe ecranul inteligent clar.<\/span><\/p>","protected":false},"featured_media":34001,"comment_status":"open","ping_status":"closed","template":"","meta":{"_lmt_disableupdate":"no","_lmt_disable":""},"product_brand":[],"product_cat":[18,213,55,57,97,98,99,100,101,102,103,104,105,106,107,108,109,110,111,112,113,114,15,58,59,61,133,42],"product_tag":[],"class_list":{"0":"post-33946","1":"product","2":"type-product","3":"status-publish","4":"has-post-thumbnail","6":"product_cat-bang","7":"product_cat-150000-puffs-disposable-vapes","8":"product_cat-big-puffs-disposable-vapes","9":"product_cat-digital-box-disposable-vapes","10":"product_cat-disposable-vape-in-europe","11":"product_cat-disposable-vape-wholesale-austria","12":"product_cat-disposable-vape-wholesale-belgium","13":"product_cat-disposable-vape-wholesale-czech-republic","14":"product_cat-disposable-vape-wholesale-denmark","15":"product_cat-disposable-vape-wholesale-finland","16":"product_cat-disposable-vape-wholesale-france","17":"product_cat-disposable-vape-wholesale-germany","18":"product_cat-disposable-vape-wholesale-greece","19":"product_cat-disposable-vape-wholesale-hungary","20":"product_cat-disposable-vape-wholesale-italy","21":"product_cat-disposable-vape-wholesale-netherlands","22":"product_cat-disposable-vape-wholesale-norway","23":"product_cat-disposable-vape-wholesale-portugal","24":"product_cat-disposable-vape-wholesale-romania","25":"product_cat-disposable-vape-wholesale-spain","26":"product_cat-disposable-vape-wholesale-sweden","27":"product_cat-disposable-vape-wholesale-switzerland","28":"product_cat-disposable-vapes","29":"product_cat-dual-mesh-disposable-vapes","30":"product_cat-lower-nicotine-disposable-vapes","31":"product_cat-rechargeable-disposable-vapes","32":"product_cat-shop-best-disposable-vape-flavors","33":"product_cat-shop-by-puffs","35":"first","36":"instock","37":"shipping-taxable","38":"purchasable","39":"product-type-variable","40":"has-default-attributes"},"jetpack_sharing_enabled":true,"_links":{"self":[{"href":"https:\/\/escovape.com\/ro\/wp-json\/wp\/v2\/product\/33946","targetHints":{"allow":["GET"]}}],"collection":[{"href":"https:\/\/escovape.com\/ro\/wp-json\/wp\/v2\/product"}],"about":[{"href":"https:\/\/escovape.com\/ro\/wp-json\/wp\/v2\/types\/product"}],"replies":[{"embeddable":true,"href":"https:\/\/escovape.com\/ro\/wp-json\/wp\/v2\/comments?post=33946"}],"wp:featuredmedia":[{"embeddable":true,"href":"https:\/\/escovape.com\/ro\/wp-json\/wp\/v2\/media\/34001"}],"wp:attachment":[{"href":"https:\/\/escovape.com\/ro\/wp-json\/wp\/v2\/media?parent=33946"}],"wp:term":[{"taxonomy":"product_brand","embeddable":true,"href":"https:\/\/escovape.com\/ro\/wp-json\/wp\/v2\/product_brand?post=33946"},{"taxonomy":"product_cat","embeddable":true,"href":"https:\/\/escovape.com\/ro\/wp-json\/wp\/v2\/product_cat?post=33946"},{"taxonomy":"product_tag","embeddable":true,"href":"https:\/\/escovape.com\/ro\/wp-json\/wp\/v2\/product_tag?post=33946"}],"curies":[{"name":"wp","href":"https:\/\/api.w.org\/{rel}","templated":true}]}}