{"id":5210,"date":"2024-08-07T13:23:29","date_gmt":"2024-08-07T13:23:29","guid":{"rendered":"https:\/\/escovape.com\/?post_type=product&#038;p=5210"},"modified":"2025-11-25T09:38:33","modified_gmt":"2025-11-25T09:38:33","slug":"bang-vape-20000-puf-uri-0-2-3-5-display-led-cu-nivel-scazut-de-nicotina-reincarcabil-in-vrac-cumparati-stilou-vape-de-unica-folosinta-en-gros","status":"publish","type":"product","link":"https:\/\/escovape.com\/ro\/product\/bang-vape-20000-puffs-0-2-3-5-low-nicotine-led-display-rechargeable-bulk-buy-disposable-vape-pen-wholesale\/","title":{"rendered":"Bang Vape 20000 Puffs Dual Mesh 0% 2% 3% 5% Tensiune Nicotin\u0103 Sc\u0103zut\u0103 Afi\u0219aj LED Rechargeable Cump\u0103rare \u00een Vrac Vape Pen de Unic\u0103 Folosin\u021b\u0103 angro"},"content":{"rendered":"<h2><img data-recalc-dims=\"1\" loading=\"lazy\" decoding=\"async\" class=\"alignnone wp-image-5295 size-large\" src=\"https:\/\/i0.wp.com\/escovape.com\/wp-content\/uploads\/2024\/08\/Bang-20000-Puff-18.webp?resize=800%2C800&#038;ssl=1\" alt=\"Bang Vape 20000 Puffs 0% 2% 3% 5% Afi\u0219aj LED Nicotin\u0103 Rechargeable Cump\u0103rare \u00een vrac Vape de unic\u0103 folosin\u021b\u0103 angro\" width=\"800\" height=\"800\" title=\"\" srcset=\"https:\/\/i0.wp.com\/escovape.com\/wp-content\/uploads\/2024\/08\/Bang-20000-Puff-18.webp?resize=800%2C800&amp;ssl=1 800w, https:\/\/i0.wp.com\/escovape.com\/wp-content\/uploads\/2024\/08\/Bang-20000-Puff-18.webp?resize=300%2C300&amp;ssl=1 300w, https:\/\/i0.wp.com\/escovape.com\/wp-content\/uploads\/2024\/08\/Bang-20000-Puff-18.webp?resize=100%2C100&amp;ssl=1 100w, https:\/\/i0.wp.com\/escovape.com\/wp-content\/uploads\/2024\/08\/Bang-20000-Puff-18.webp?resize=600%2C600&amp;ssl=1 600w, https:\/\/i0.wp.com\/escovape.com\/wp-content\/uploads\/2024\/08\/Bang-20000-Puff-18.webp?resize=400%2C400&amp;ssl=1 400w, https:\/\/i0.wp.com\/escovape.com\/wp-content\/uploads\/2024\/08\/Bang-20000-Puff-18.webp?resize=280%2C280&amp;ssl=1 280w, https:\/\/i0.wp.com\/escovape.com\/wp-content\/uploads\/2024\/08\/Bang-20000-Puff-18.webp?resize=768%2C768&amp;ssl=1 768w, https:\/\/i0.wp.com\/escovape.com\/wp-content\/uploads\/2024\/08\/Bang-20000-Puff-18.webp?resize=12%2C12&amp;ssl=1 12w, https:\/\/i0.wp.com\/escovape.com\/wp-content\/uploads\/2024\/08\/Bang-20000-Puff-18.webp?w=1000&amp;ssl=1 1000w\" sizes=\"auto, (max-width: 800px) 100vw, 800px\" \/><\/h2>\n<h2>Bang Vape 20000 Puffs: Noul t\u0103u prieten Vape<\/h2>\n<p>Face\u021bi cuno\u0219tin\u021b\u0103 cu Bang 20000 Puffs LED Display Disposable Vape, o vape special\u0103 pe care o ve\u021bi g\u0103si doar la Escovape. Aceast\u0103 vape este conceput\u0103 pentru a dura \u0219i ofer\u0103 o mul\u021bime de vapori \u0219i un gust bun.<\/p>\n<h3>De ce <a href=\"https:\/\/escovape.com\/ro\/categorie-produs\/bang-2\/\">Bangi Disposable Vape<\/a> Sunt Foarte Bune<\/h3>\n<p>Acest vape ofer\u0103 p\u00e2n\u0103 la 20000 de pufuri! Are o bobin\u0103 de plas\u0103 de 0,8 ohmi (bobin\u0103 special\u0103 pentru mai mult vapor \u0219i arom\u0103) \u0219i 25 ml de lichid. Alege\u021bi c\u00e2t de mult\u0103 nicotin\u0103 dori\u021bi: 0%, 2%, 3% sau 5%. Bateria are o capacitate de 650 mAh \u0219i se \u00eencarc\u0103 rapid cu un cablu de tip C. Ecranul LED arat\u0103 c\u00e2t de mult\u0103 baterie \u0219i lichid a r\u0103mas.<\/p>\n<h3>Aromele de la Bang Vape 20000 Puffs<\/h3>\n<p>Exist\u0103 9 arome delicioase:<\/p>\n<div class=\"markdown prose w-full break-words dark:prose-invert light\">\n<p data-pm-slice=\"0 0 []\">1. Ment\u0103<br \/>\n2. C\u0103p\u0219un\u0103 Lychee<br \/>\n3.Strawb\u0103r Kiwi<br \/>\n4. c\u0103p\u0219un\u0103 Mango<br \/>\n5. Zmeur\u0103 Pepene verde<br \/>\n6.Ghea\u021b\u0103 de afine<br \/>\n7.Mure Zmeur\u0103<br \/>\n8.Mur de ap\u0103<br \/>\n9.M\u0103r dublu<\/p>\n<\/div>\n<div><\/div>\n<h3>Avantajele Bang Vape 20000 Puffs<\/h3>\n<p>Dureaz\u0103 foarte mult timp (20000 de pufuri).<br \/>\nAlege\u021bi singur nicotina \u0219i aroma.<br \/>\nEcranul LED arat\u0103 ceea ce ai nevoie.<br \/>\nBateria este re\u00eenc\u0103rcabil\u0103.<\/p>\n<h3>Vape en gros: Perfect pentru magazine<\/h3>\n<p>Pentru magazinele care caut\u0103 s\u0103 cumpere \u00een cantit\u0103\u021bi mari: Escovape vinde Bang 20000 Puffs \u00een vrac. Cu 16 arome \u0219i pre\u021buri bune, aceasta este o alegere inteligent\u0103. Comanda\u021bi rapid \u0219i u\u0219or.<\/p>\n<p>Alege\u021bi Bang Vape 20000 Puffs pentru o experien\u021b\u0103 de vaporizare fiabil\u0103 \u0219i distractiv\u0103. Ideal pentru oricine \u00eei plac lucrurile simple \u0219i bune!<\/p>\n<div style=\"width: 580px;\" class=\"wp-video\"><video class=\"wp-video-shortcode\" id=\"video-5210-1\" width=\"580\" height=\"720\" preload=\"metadata\" controls=\"controls\"><source type=\"video\/mp4\" src=\"https:\/\/escovape.com\/wp-content\/uploads\/2024\/08\/Bang-20000-Puff-1.mp4?_=1\" \/><a href=\"https:\/\/escovape.com\/wp-content\/uploads\/2024\/08\/Bang-20000-Puff-1.mp4\">https:\/\/escovape.com\/wp-content\/uploads\/2024\/08\/Bang-20000-Puff-1.mp4<\/a><\/video><\/div>","protected":false},"excerpt":{"rendered":"<p>Bang Vape 20000 Puffs este un vape reutilizabil de \u00eenalt\u0103 capacitate, cu p\u00e2n\u0103 la 20000 de pufuri, disponibil \u00een mai multe niveluri de nicotin\u0103 \u0219i arome, dotat cu o bobin\u0103 mesh de 0,8 ohmi, afi\u0219aj LED \u0219i \u00eenc\u0103rcare prin USB de tip C, ideal pentru achizi\u021bii en gros la Escovape.<\/p>","protected":false},"featured_media":5279,"comment_status":"open","ping_status":"closed","template":"","meta":{"_lmt_disableupdate":"no","_lmt_disable":""},"product_brand":[],"product_cat":[18,48,134,136,15,139,141,142,145,146,147,149,152,133,42,153,154],"product_tag":[],"class_list":{"0":"post-5210","1":"product","2":"type-product","3":"status-publish","4":"has-post-thumbnail","6":"product_cat-bang","7":"product_cat-20000-puffs-disposable-vapes","8":"product_cat-apple-flavor-disposable-vapes","9":"product_cat-blueberry-flavor-disposable-vapes","10":"product_cat-disposable-vapes","11":"product_cat-grape-flavor-disposable-vapes","12":"product_cat-ice-flavor-disposable-vapes","13":"product_cat-kiwi-flavor-disposable-vapes","14":"product_cat-mango-flavor-disposable-vapes","15":"product_cat-mint-flavor-disposable-vapes","16":"product_cat-mixed-berries-flavor-disposable-vapes","17":"product_cat-peach-flavor-disposable-vapes","18":"product_cat-red-bull-flavor-disposable-vapes","19":"product_cat-shop-best-disposable-vape-flavors","20":"product_cat-shop-by-puffs","21":"product_cat-strawberry-flavor-disposable-vapes","22":"product_cat-watermelon-flavor-disposable-vapes","24":"first","25":"instock","26":"shipping-taxable","27":"purchasable","28":"product-type-variable","29":"has-default-attributes"},"jetpack_sharing_enabled":true,"_links":{"self":[{"href":"https:\/\/escovape.com\/ro\/wp-json\/wp\/v2\/product\/5210","targetHints":{"allow":["GET"]}}],"collection":[{"href":"https:\/\/escovape.com\/ro\/wp-json\/wp\/v2\/product"}],"about":[{"href":"https:\/\/escovape.com\/ro\/wp-json\/wp\/v2\/types\/product"}],"replies":[{"embeddable":true,"href":"https:\/\/escovape.com\/ro\/wp-json\/wp\/v2\/comments?post=5210"}],"wp:featuredmedia":[{"embeddable":true,"href":"https:\/\/escovape.com\/ro\/wp-json\/wp\/v2\/media\/5279"}],"wp:attachment":[{"href":"https:\/\/escovape.com\/ro\/wp-json\/wp\/v2\/media?parent=5210"}],"wp:term":[{"taxonomy":"product_brand","embeddable":true,"href":"https:\/\/escovape.com\/ro\/wp-json\/wp\/v2\/product_brand?post=5210"},{"taxonomy":"product_cat","embeddable":true,"href":"https:\/\/escovape.com\/ro\/wp-json\/wp\/v2\/product_cat?post=5210"},{"taxonomy":"product_tag","embeddable":true,"href":"https:\/\/escovape.com\/ro\/wp-json\/wp\/v2\/product_tag?post=5210"}],"curies":[{"name":"wp","href":"https:\/\/api.w.org\/{rel}","templated":true}]}}