{"id":8990,"date":"2024-09-05T08:56:53","date_gmt":"2024-09-05T08:56:53","guid":{"rendered":"https:\/\/escovape.com\/?post_type=product&#038;p=8990"},"modified":"2025-06-19T08:13:50","modified_gmt":"2025-06-19T08:13:50","slug":"fizzy-boom-13000-puf-uri-2-5-cu-continut-scazut-de-nicotina-reincarcabil-stilou-vape-de-unica-folosinta-cumparare-in-vrac","status":"publish","type":"product","link":"https:\/\/escovape.com\/ro\/product\/fizzy-boom-13000-puffs-2-5-low-nicotine-rechargeable-disposable-vapes-pen-bulk-buy-wholesale\/","title":{"rendered":"Fizzy Boom 13000 Puffs 2% 5%  Nicotin\u0103 Sc\u0103zut\u0103 Vape Rechargeable de Unic\u0103 Folosin\u021b\u0103 \u00een Vrac Cump\u0103rare en Gros"},"content":{"rendered":"<div style=\"width: 1020px;\" class=\"wp-video\"><video class=\"wp-video-shortcode\" id=\"video-8990-1\" width=\"1020\" height=\"574\" preload=\"metadata\" controls=\"controls\"><source type=\"video\/mp4\" src=\"https:\/\/escovape.com\/wp-content\/uploads\/2024\/09\/FIZZY-BOOM-13000PUFF_compressed.mp4?_=1\" \/><a href=\"https:\/\/escovape.com\/wp-content\/uploads\/2024\/09\/FIZZY-BOOM-13000PUFF_compressed.mp4\">https:\/\/escovape.com\/wp-content\/uploads\/2024\/09\/FIZZY-BOOM-13000PUFF_compressed.mp4<\/a><\/video><\/div>\n<h2>Descoper\u0103 Fizzy Boom 13000 Puffs<\/h2>\n<p>\u00cembun\u0103t\u0103\u021be\u0219te-\u021bi experien\u021ba de vapare cu Fizzy Boom 13000 Puffs. Acesta este un vape reutilizabil de unic\u0103 folosin\u021b\u0103, cu via\u021b\u0103 lung\u0103 \u0219i arome delicioase. \u00cel po\u021bi g\u0103si doar la Escovape. Vape-ul are 13000 de pufuri, a\u0219a c\u0103 \u00eel po\u021bi folosi pentru o perioad\u0103 lung\u0103 de timp.<\/p>\n<h3><a href=\"https:\/\/escovape.com\/ro\/categorie-produs\/gazos\/\">Fizzy Vape-uri de unic\u0103 folosin\u021b\u0103<\/a>: Caracteristici cheie<\/h3>\n<p>Depozitare mare de lichid: 21ML de lichid, suficient pentru o utilizare \u00eendelungat\u0103.<br \/>\nAlegerea nicotinei: Alege \u00eentre 2% sau 5% nicotin\u0103.<br \/>\nBaterie puternic\u0103: Baterie re\u00eenc\u0103rcabil\u0103 de 650mAh cu \u00eenc\u0103rc\u0103tor de tip C.<br \/>\nDimensiune convenabil\u0103: U\u0219or de transportat, chiar dac\u0103 este spa\u021bios \u00een interior.<br \/>\nDesign robust: Exterior metal frumos care rezist\u0103 mult timp.<br \/>\nArome proaspete: Fiecare arom\u0103 te face s\u0103 sim\u021bi gustul fructului proasp\u0103t.<br \/>\nEcran: S\u0103 vezi \u00eentotdeauna c\u00e2t de pline sunt bateria \u0219i lichidul.<\/p>\n<h3>Toate aromele Fizzy Boom 13000 Puffs<\/h3>\n<p>Piersic\u0103<br \/>\nAfine cu \u00eenghe\u021bat\u0103<br \/>\nStruguri cu \u00eenghe\u021bat\u0103<br \/>\nc\u0103p\u0219un\u0103<br \/>\nPepene verde cu \u00eenghe\u021bat\u0103<br \/>\nAfine, pepene verde \u0219i gum\u0103 de mestecat<br \/>\nM\u0103r acri\u0219or<br \/>\nPepene verde \u0219i cire\u0219e<br \/>\nAfine \u0219i pepene verde<br \/>\nKiwi, fruct de p\u0103dure \u0219i \u00eenghe\u021bat\u0103<br \/>\nMure, zmeur\u0103 \u0219i l\u0103m\u00e2ie<br \/>\nC\u0103p\u0219un\u0103, pepene verde \u0219i rodie<br \/>\nVape en vrac: cump\u0103ra\u021bi \u00een vrac de la fabrica original\u0103<br \/>\nEscovape este cel mai bun angrosist pentru vape-uri de unic\u0103 folosin\u021b\u0103 \u00een Olanda, Germania, Belgia \u0219i Spania. Comanda\u021bi Fizzy Boom 13000 Puffs \u00een cantit\u0103\u021bi mari pentru magazinul dvs.<\/p>\n<h3>De ce ne alege\u021bi?<\/h3>\n<p>Calitate bun\u0103: Vape-urile noastre func\u021bioneaz\u0103 \u00eentotdeauna perfect.<br \/>\nPre\u021buri mici: ideale pentru magazinele care doresc s\u0103 fac\u0103 profit.<br \/>\nLivrare rapid\u0103: Comanda dvs. ajunge \u00eentotdeauna la timp.<br \/>\nAsisten\u021b\u0103 clien\u021bi: V\u0103 ajut\u0103m cu tot ce ave\u021bi nevoie.<\/p>\n<h3>Avantajele comer\u021bului en gros<\/h3>\n<p>Economisi\u021bi bani cu comenzile mari.<br \/>\nP\u0103stra\u021bi \u00eentotdeauna suficient stoc.<br \/>\nAlege\u021bi aromele pe care dori\u021bi s\u0103 le vinde\u021bi.<br \/>\n\u00cencepe azi<br \/>\nContacta\u021bi Escovape pentru a comanda Fizzy Boom 13000 Puffs. Cu at\u00e2t de multe arome, fiecare client va g\u0103si ceva gustos. Vizita\u021bi site-ul nostru pentru mai multe informa\u021bii.<\/p>\n<h2><img data-recalc-dims=\"1\" loading=\"lazy\" decoding=\"async\" class=\"alignnone wp-image-9028 size-full\" style=\"color: #555555;font-size: 14.4px\" src=\"https:\/\/i0.wp.com\/escovape.com\/wp-content\/uploads\/2024\/09\/Fizzy-Boom-13000-Puff-16.webp?resize=1020%2C574&#038;ssl=1\" alt=\"Fizzy Boom 13000 Puffs 2% 5% Nicotin\u0103 Sc\u0103zut\u0103 Re\u00eenc\u0103rcabile Vape de Unic\u0103 Folosin\u021b\u0103 \u00een Vrac Cump\u0103rare en Gros -Escovape\" width=\"1020\" height=\"574\" title=\"\" srcset=\"https:\/\/i0.wp.com\/escovape.com\/wp-content\/uploads\/2024\/09\/Fizzy-Boom-13000-Puff-16.webp?w=1280&amp;ssl=1 1280w, https:\/\/i0.wp.com\/escovape.com\/wp-content\/uploads\/2024\/09\/Fizzy-Boom-13000-Puff-16.webp?resize=711%2C400&amp;ssl=1 711w, https:\/\/i0.wp.com\/escovape.com\/wp-content\/uploads\/2024\/09\/Fizzy-Boom-13000-Puff-16.webp?resize=768%2C432&amp;ssl=1 768w, https:\/\/i0.wp.com\/escovape.com\/wp-content\/uploads\/2024\/09\/Fizzy-Boom-13000-Puff-16.webp?resize=18%2C10&amp;ssl=1 18w, https:\/\/i0.wp.com\/escovape.com\/wp-content\/uploads\/2024\/09\/Fizzy-Boom-13000-Puff-16.webp?resize=600%2C338&amp;ssl=1 600w\" sizes=\"auto, (max-width: 1020px) 100vw, 1020px\" \/><\/h2>","protected":false},"excerpt":{"rendered":"<p>Penna de vape reutilizabil\u0103 Fizzy Boom 13000 Puffs ofer\u0103 o experien\u021b\u0103 de vaporizare premium cu o capacitate de e-lichid de 21ML, o baterie de 650mAh, tehnologie de bobin\u0103 mesh \u0219i o gam\u0103 divers\u0103 de arome, disponibil\u0103 pentru cump\u0103rare \u00een vrac la Escovape.<\/p>","protected":false},"featured_media":9017,"comment_status":"open","ping_status":"closed","template":"","meta":{"_lmt_disableupdate":"no","_lmt_disable":""},"product_brand":[],"product_cat":[41,86,134,136,137,15,132,139,141,142,143,149,133,42,153,154],"product_tag":[],"class_list":{"0":"post-8990","1":"product","2":"type-product","3":"status-publish","4":"has-post-thumbnail","6":"product_cat-fizzy","7":"product_cat-13000-puffs-disposable-vapes","8":"product_cat-apple-flavor-disposable-vapes","9":"product_cat-blueberry-flavor-disposable-vapes","10":"product_cat-cherry-flavor-disposable-vapes","11":"product_cat-disposable-vapes","12":"product_cat-european-vape-warehouse-stock","13":"product_cat-grape-flavor-disposable-vapes","14":"product_cat-ice-flavor-disposable-vapes","15":"product_cat-kiwi-flavor-disposable-vapes","16":"product_cat-lemon-flavor-disposable-vapes","17":"product_cat-peach-flavor-disposable-vapes","18":"product_cat-shop-best-disposable-vape-flavors","19":"product_cat-shop-by-puffs","20":"product_cat-strawberry-flavor-disposable-vapes","21":"product_cat-watermelon-flavor-disposable-vapes","23":"first","24":"outofstock","25":"shipping-taxable","26":"product-type-variable"},"jetpack_sharing_enabled":true,"_links":{"self":[{"href":"https:\/\/escovape.com\/ro\/wp-json\/wp\/v2\/product\/8990","targetHints":{"allow":["GET"]}}],"collection":[{"href":"https:\/\/escovape.com\/ro\/wp-json\/wp\/v2\/product"}],"about":[{"href":"https:\/\/escovape.com\/ro\/wp-json\/wp\/v2\/types\/product"}],"replies":[{"embeddable":true,"href":"https:\/\/escovape.com\/ro\/wp-json\/wp\/v2\/comments?post=8990"}],"wp:featuredmedia":[{"embeddable":true,"href":"https:\/\/escovape.com\/ro\/wp-json\/wp\/v2\/media\/9017"}],"wp:attachment":[{"href":"https:\/\/escovape.com\/ro\/wp-json\/wp\/v2\/media?parent=8990"}],"wp:term":[{"taxonomy":"product_brand","embeddable":true,"href":"https:\/\/escovape.com\/ro\/wp-json\/wp\/v2\/product_brand?post=8990"},{"taxonomy":"product_cat","embeddable":true,"href":"https:\/\/escovape.com\/ro\/wp-json\/wp\/v2\/product_cat?post=8990"},{"taxonomy":"product_tag","embeddable":true,"href":"https:\/\/escovape.com\/ro\/wp-json\/wp\/v2\/product_tag?post=8990"}],"curies":[{"name":"wp","href":"https:\/\/api.w.org\/{rel}","templated":true}]}}