{"id":141,"date":"2024-04-08T06:55:44","date_gmt":"2024-04-08T06:55:44","guid":{"rendered":"https:\/\/escovape.com\/?post_type=product&#038;p=141"},"modified":"2025-04-12T08:43:02","modified_gmt":"2025-04-12T08:43:02","slug":"zgar-ice-box-8000-puffs-2-nikotin-uppladdningsbara-engangsvape-grossist","status":"publish","type":"product","link":"https:\/\/escovape.com\/sv\/product\/zgar-ice-box-8000-puffs-2-nicotine-rechargeable-disposable-vape-wholesale\/","title":{"rendered":"ZGAR ICE BOX 8000 Puffs 2% Nikotin Rechargeable Disposable Vape Grossist"},"content":{"rendered":"<h2>ZGAR ICE BOX 8000 Puffs \n\n \u00f6vers\u00e4ttning: \nZGAR ICE BOX 8000 Puffs<\/h2>\n<p>Uppt\u00e4ck <a href=\"https:\/\/escovape.com\/sv\/produktkategori\/zgar\/\">ZGAR<\/a> ICE BOX 8000, en modern eng\u00e5ngsvape som endast finns p\u00e5 Escovape. Denna enhet \u00e4r perfekt f\u00f6r dem som gillar det enkla och bra. Den ger upp till 8000 bloss och inneh\u00e5ller 2% nikotin. ICE BOX 8000 har ett snyggt design och ett starkt 500mAh batteri, s\u00e5 du kan vapea l\u00e4nge utan att beh\u00f6va ladda om.<br \/>\nMed 15 olika smaker finns det n\u00e5got f\u00f6r alla. Fr\u00e5n den mousserande colasmaken till s\u00f6t guava, varje smak k\u00e4nns som en behandling p\u00e5 tungan. ICE BOX 8000 tillverkas av ZGAR, ett v\u00e4lk\u00e4nt m\u00e4rke som garanterar kvalitet.<\/p>\n<h2>ZGAR ICE BOX 8000 Puffs Funktioner<\/h2>\n<p>M\u00e4rke: ZGAR<br \/>\nModell: Isl\u00e5da 8000<br \/>\nTillverkad i: Shenzhen, Kina<br \/>\nSmaker: 15 unika smaker<br \/>\nBatteri: 500mAh<br \/>\nNikotin:2%<br \/>\nMoln: 8000<\/p>\n<h2>Smaksorter lista<\/h2>\n<p>Cola Fizz: Fryst cola med en frisk vridning.<br \/>\nDruesaft: S\u00f6t druvsmak.<br \/>\nGuavajuice: Tropisk guava.<br \/>\nKyld Jasmin Longjing Te: F\u00e4rsk jasminte.<br \/>\nIsedd citronad: Kall citronad.<br \/>\nIsbergste med citron: F\u00e4rsk citronte.<br \/>\nKyld Lychee Juice: S\u00f6t lychee.<br \/>\nIs\u00e4rt Mungb\u00f6na: Mjuk b\u00f6nsmak.<br \/>\nIs\u00e4rt Tie Guanyin-te: Fin smak p\u00e5 te.<br \/>\nKyld vattenmelon: Kall vattenmelon.<br \/>\nGlassstick: Glassmj\u00f6leblandning.<br \/>\nOrange Fizz: Skal av apelsin.<br \/>\nOrange Mint Twist: Apelsin med mint.<br \/>\nPineapple Orange: Tropisk mix.<br \/>\nS\u00f6t Majs: S\u00f6t majs.<\/p>\n<h3>Vape grossist<\/h3>\n<p>ZGAR ICE BOX 8000 \u00e4r ideal f\u00f6r grossist. Det \u00e4r ett tillf\u00f6rlitligt val f\u00f6r de som beh\u00f6ver m\u00e5nga vapes. Med stark prestanda och l\u00e4ckra smaker m\u00f6ter det alla f\u00f6rv\u00e4ntningar.<br \/>\nV\u00e4lj ZGAR ICE BOX 8000 f\u00f6r en enkel och l\u00e4cker vape-upplevelse. Uppt\u00e4ck den nu p\u00e5 Escovape!<\/p>\n<p><img data-recalc-dims=\"1\" loading=\"lazy\" decoding=\"async\" class=\"alignnone wp-image-2307 size-full\" src=\"https:\/\/i0.wp.com\/escovape.com\/wp-content\/uploads\/2024\/04\/ZGAR_ICE_BOX_8000_Puffs_27.jpg?resize=1020%2C1020&#038;ssl=1\" alt=\"ZGAR ICE BOX 8000 Puffs 2% Nikotin Rechargeable Disposable Vape Grossist\" width=\"1020\" height=\"1020\" title=\"\" srcset=\"https:\/\/i0.wp.com\/escovape.com\/wp-content\/uploads\/2024\/04\/ZGAR_ICE_BOX_8000_Puffs_27.jpg?w=2000&amp;ssl=1 2000w, https:\/\/i0.wp.com\/escovape.com\/wp-content\/uploads\/2024\/04\/ZGAR_ICE_BOX_8000_Puffs_27.jpg?resize=300%2C300&amp;ssl=1 300w, https:\/\/i0.wp.com\/escovape.com\/wp-content\/uploads\/2024\/04\/ZGAR_ICE_BOX_8000_Puffs_27.jpg?resize=100%2C100&amp;ssl=1 100w, https:\/\/i0.wp.com\/escovape.com\/wp-content\/uploads\/2024\/04\/ZGAR_ICE_BOX_8000_Puffs_27.jpg?resize=600%2C600&amp;ssl=1 600w, https:\/\/i0.wp.com\/escovape.com\/wp-content\/uploads\/2024\/04\/ZGAR_ICE_BOX_8000_Puffs_27.jpg?resize=400%2C400&amp;ssl=1 400w, https:\/\/i0.wp.com\/escovape.com\/wp-content\/uploads\/2024\/04\/ZGAR_ICE_BOX_8000_Puffs_27.jpg?resize=800%2C800&amp;ssl=1 800w, https:\/\/i0.wp.com\/escovape.com\/wp-content\/uploads\/2024\/04\/ZGAR_ICE_BOX_8000_Puffs_27.jpg?resize=280%2C280&amp;ssl=1 280w, https:\/\/i0.wp.com\/escovape.com\/wp-content\/uploads\/2024\/04\/ZGAR_ICE_BOX_8000_Puffs_27.jpg?resize=768%2C768&amp;ssl=1 768w, https:\/\/i0.wp.com\/escovape.com\/wp-content\/uploads\/2024\/04\/ZGAR_ICE_BOX_8000_Puffs_27.jpg?resize=1536%2C1536&amp;ssl=1 1536w, https:\/\/i0.wp.com\/escovape.com\/wp-content\/uploads\/2024\/04\/ZGAR_ICE_BOX_8000_Puffs_27.jpg?resize=12%2C12&amp;ssl=1 12w\" sizes=\"auto, (max-width: 1020px) 100vw, 1020px\" \/> <img data-recalc-dims=\"1\" loading=\"lazy\" decoding=\"async\" class=\"alignnone wp-image-2306 size-full\" src=\"https:\/\/i0.wp.com\/escovape.com\/wp-content\/uploads\/2024\/04\/ZGAR_ICE_BOX_8000_Puffs_23.jpg.webp?resize=1020%2C1020&#038;ssl=1\" alt=\"ZGAR ICE BOX 8000 Puffs 2% Nikotin Rechargeable Disposable Vape Grossist\" width=\"1020\" height=\"1020\" title=\"\" srcset=\"https:\/\/i0.wp.com\/escovape.com\/wp-content\/uploads\/2024\/04\/ZGAR_ICE_BOX_8000_Puffs_23.jpg.webp?w=2000&amp;ssl=1 2000w, https:\/\/i0.wp.com\/escovape.com\/wp-content\/uploads\/2024\/04\/ZGAR_ICE_BOX_8000_Puffs_23.jpg.webp?resize=300%2C300&amp;ssl=1 300w, https:\/\/i0.wp.com\/escovape.com\/wp-content\/uploads\/2024\/04\/ZGAR_ICE_BOX_8000_Puffs_23.jpg.webp?resize=100%2C100&amp;ssl=1 100w, https:\/\/i0.wp.com\/escovape.com\/wp-content\/uploads\/2024\/04\/ZGAR_ICE_BOX_8000_Puffs_23.jpg.webp?resize=600%2C600&amp;ssl=1 600w, https:\/\/i0.wp.com\/escovape.com\/wp-content\/uploads\/2024\/04\/ZGAR_ICE_BOX_8000_Puffs_23.jpg.webp?resize=400%2C400&amp;ssl=1 400w, https:\/\/i0.wp.com\/escovape.com\/wp-content\/uploads\/2024\/04\/ZGAR_ICE_BOX_8000_Puffs_23.jpg.webp?resize=800%2C800&amp;ssl=1 800w, https:\/\/i0.wp.com\/escovape.com\/wp-content\/uploads\/2024\/04\/ZGAR_ICE_BOX_8000_Puffs_23.jpg.webp?resize=280%2C280&amp;ssl=1 280w, https:\/\/i0.wp.com\/escovape.com\/wp-content\/uploads\/2024\/04\/ZGAR_ICE_BOX_8000_Puffs_23.jpg.webp?resize=768%2C768&amp;ssl=1 768w, https:\/\/i0.wp.com\/escovape.com\/wp-content\/uploads\/2024\/04\/ZGAR_ICE_BOX_8000_Puffs_23.jpg.webp?resize=1536%2C1536&amp;ssl=1 1536w, https:\/\/i0.wp.com\/escovape.com\/wp-content\/uploads\/2024\/04\/ZGAR_ICE_BOX_8000_Puffs_23.jpg.webp?resize=12%2C12&amp;ssl=1 12w\" sizes=\"auto, (max-width: 1020px) 100vw, 1020px\" \/><\/p>","protected":false},"excerpt":{"rendered":"<p>ZGAR ICE BOX 8000 \u00e4r en premium, f\u00f6rbrukningsbar vape-kit som erbjuder 8 000 bloss, 2% nikotininneh\u00e5ll, snygg design och 15 unika smaker, som tillgodoser vape-entusiaster som s\u00f6ker bekv\u00e4mlighet och exceptionella vape-upplevelser.<\/p>","protected":false},"featured_media":2294,"comment_status":"open","ping_status":"closed","template":"","meta":{"_lmt_disableupdate":"no","_lmt_disable":""},"product_brand":[],"product_cat":[25,134,138,15,139,140,141,143,146,150,133,154],"product_tag":[],"class_list":{"0":"post-141","1":"product","2":"type-product","3":"status-publish","4":"has-post-thumbnail","6":"product_cat-zgar","7":"product_cat-apple-flavor-disposable-vapes","8":"product_cat-cola-flavor-disposable-vapes","9":"product_cat-disposable-vapes","10":"product_cat-grape-flavor-disposable-vapes","11":"product_cat-guava-flavor-disposable-vapes","12":"product_cat-ice-flavor-disposable-vapes","13":"product_cat-lemon-flavor-disposable-vapes","14":"product_cat-mint-flavor-disposable-vapes","15":"product_cat-pineapple-flavor-disposable-vapes","16":"product_cat-shop-best-disposable-vape-flavors","17":"product_cat-watermelon-flavor-disposable-vapes","19":"first","20":"instock","21":"shipping-taxable","22":"purchasable","23":"product-type-variable"},"jetpack_sharing_enabled":true,"_links":{"self":[{"href":"https:\/\/escovape.com\/sv\/wp-json\/wp\/v2\/product\/141","targetHints":{"allow":["GET"]}}],"collection":[{"href":"https:\/\/escovape.com\/sv\/wp-json\/wp\/v2\/product"}],"about":[{"href":"https:\/\/escovape.com\/sv\/wp-json\/wp\/v2\/types\/product"}],"replies":[{"embeddable":true,"href":"https:\/\/escovape.com\/sv\/wp-json\/wp\/v2\/comments?post=141"}],"wp:featuredmedia":[{"embeddable":true,"href":"https:\/\/escovape.com\/sv\/wp-json\/wp\/v2\/media\/2294"}],"wp:attachment":[{"href":"https:\/\/escovape.com\/sv\/wp-json\/wp\/v2\/media?parent=141"}],"wp:term":[{"taxonomy":"product_brand","embeddable":true,"href":"https:\/\/escovape.com\/sv\/wp-json\/wp\/v2\/product_brand?post=141"},{"taxonomy":"product_cat","embeddable":true,"href":"https:\/\/escovape.com\/sv\/wp-json\/wp\/v2\/product_cat?post=141"},{"taxonomy":"product_tag","embeddable":true,"href":"https:\/\/escovape.com\/sv\/wp-json\/wp\/v2\/product_tag?post=141"}],"curies":[{"name":"wp","href":"https:\/\/api.w.org\/{rel}","templated":true}]}}