{"id":27688,"date":"2025-07-17T02:58:35","date_gmt":"2025-07-17T02:58:35","guid":{"rendered":"https:\/\/escovape.com\/?post_type=product&#038;p=27688"},"modified":"2025-08-05T02:05:30","modified_gmt":"2025-08-05T02:05:30","slug":"vasy-vcan-pro-15k-puffs-uppladdningsbar-premium-engangs-vapes-med-led-skarm-kop-i-bulk-wholesale","status":"publish","type":"product","link":"https:\/\/escovape.com\/sv\/product\/vasy-vcan-pro-15k-puffs-rechargeable-premium-disposable-vapes-with-led-screen-bulk-buy-wholesale\/","title":{"rendered":"VASY VCAN PRO 15K Puffs Upp laddningsbar Premium F\u00f6rbrukningsbar Vapes Med LED Sk\u00e4rm K\u00f6p i Bulk Grossist"},"content":{"rendered":"<div style=\"width: 1020px;\" class=\"wp-video\"><video class=\"wp-video-shortcode\" id=\"video-27688-1\" width=\"1020\" height=\"510\" preload=\"metadata\" controls=\"controls\"><source type=\"video\/webm\" src=\"https:\/\/escovape.com\/wp-content\/uploads\/2025\/07\/VASY-Vcan-Pro-15K-Puffs-Rechargeable-Premium-Disposable-Vapes-With-LED-Screen-Bulk-Buy-Wholesale.webm?_=1\" \/><a href=\"https:\/\/escovape.com\/wp-content\/uploads\/2025\/07\/VASY-Vcan-Pro-15K-Puffs-Rechargeable-Premium-Disposable-Vapes-With-LED-Screen-Bulk-Buy-Wholesale.webm\">https:\/\/escovape.com\/wp-content\/uploads\/2025\/07\/VASY-Vcan-Pro-15K-Puffs-Rechargeable-Premium-Disposable-Vapes-With-LED-Screen-Bulk-Buy-Wholesale.webm<\/a><\/video><\/div>\n<h2 data-start=\"247\" data-end=\"284\">Om <a href=\"https:\/\/escovape.com\/sv\/produktkategori\/vasy-engangsvapor\/\">VASY<\/a> <a href=\"https:\/\/escovape.com\/sv\/produktkategori\/vcan-engangsvape\/\">VCAN<\/a> PRO 15K Puffs<\/h2>\n<p data-start=\"285\" data-end=\"660\">Den <strong data-start=\"289\" data-end=\"316\">VASY VCAN PRO 15K Puffs<\/strong> Kombinerar bekv\u00e4mlighet och kraft i en snygg eng\u00e5ngsprodukt, som erbjuder upp till <strong data-start=\"386\" data-end=\"402\">15 000 bloss<\/strong> fr\u00e5n dess 24\u202fmL e-liquidtank och 650\u202fmAh uppladdningsbar batteri. Komplett med en praktisk LED-sk\u00e4rm och robusta dubbla mesh-spolar, erbjuder denna enhet rik smak, j\u00e4mna l\u00e5gnikotinpuffar och snabb Type-C-laddning - allt tillg\u00e4ngligt f\u00f6r bulkink\u00f6p p\u00e5 <strong data-start=\"647\" data-end=\"659\">Escovape<\/strong>.<\/p>\n<hr data-start=\"662\" data-end=\"665\" \/>\n<h2 data-start=\"667\" data-end=\"711\">Nyckel Funktioner \u2013 VASY VCAN PRO 15K Puffs<\/h2>\n<ul data-start=\"713\" data-end=\"1214\">\n<li data-start=\"713\" data-end=\"782\">\n<p data-start=\"715\" data-end=\"782\">\ud83d\udd0b <strong data-start=\"718\" data-end=\"742\">15 000 Puff Kapacitet<\/strong> \u2013 Byggd f\u00f6r ut\u00f6kat, tillf\u00f6rlitligt vaping<\/p>\n<\/li>\n<li data-start=\"783\" data-end=\"860\">\n<p data-start=\"785\" data-end=\"860\">\ud83d\udcca <strong data-start=\"788\" data-end=\"812\">LED-sk\u00e4rmindikator<\/strong> \u2013 \u00d6gonblicksbild av e-v\u00e4tska och batteriniv\u00e5er<\/p>\n<\/li>\n<li data-start=\"861\" data-end=\"924\">\n<p data-start=\"863\" data-end=\"924\">\ud83d\udd25 <strong data-start=\"866\" data-end=\"885\">Dubbla n\u00e4tspolar<\/strong> \u2013 Producerar j\u00e4mn, fyllig \u00e5nga<\/p>\n<\/li>\n<li data-start=\"925\" data-end=\"995\">\n<p data-start=\"927\" data-end=\"995\">\ud83c\udf2c\ufe0f <strong data-start=\"931\" data-end=\"953\">Justerbar luftfl\u00f6de<\/strong> \u2013 Anpassa dragningen fr\u00e5n tight till luftig<\/p>\n<\/li>\n<li data-start=\"996\" data-end=\"1061\">\n<p data-start=\"998\" data-end=\"1061\">\u26a1 <strong data-start=\"1000\" data-end=\"1024\">Typ-C Snabbladdning<\/strong> \u2013 Laddas helt p\u00e5 bara 30 minuter<\/p>\n<\/li>\n<li data-start=\"1062\" data-end=\"1135\">\n<p data-start=\"1064\" data-end=\"1135\">\ud83d\udd04 <strong data-start=\"1067\" data-end=\"1099\">Uppladdningsbart batteri 650\u202fmAh<\/strong> \u2013 Anv\u00e4nd tills e-v\u00e4tskan tar slut<\/p>\n<\/li>\n<li data-start=\"1136\" data-end=\"1214\">\n<p data-start=\"1138\" data-end=\"1214\">\ud83c\udfaf <strong data-start=\"1141\" data-end=\"1162\"><a href=\"https:\/\/escovape.com\/sv\/produktkategori\/engangsvapen\/engangsvapor-med-lagre-nikotinhalt\/\">L\u00e5g nikotin<\/a> (5%)<\/strong> \u2013 Ger en mild halsst\u00f6t med stark smak<\/p>\n<\/li>\n<\/ul>\n<hr data-start=\"1216\" data-end=\"1219\" \/>\n<h2 data-start=\"1221\" data-end=\"1269\">VASY VCAN PRO 15K Puffs \u2013 Smaksortiment<\/h2>\n<p data-start=\"1271\" data-end=\"1367\">Njut <strong data-start=\"1277\" data-end=\"1300\">10 distinkta smaker<\/strong>, alla utformade f\u00f6r att leverera en fr\u00e4sch och tillfredsst\u00e4llande vapingupplevelse:<\/p>\n<ol data-start=\"1369\" data-end=\"1558\">\n<li data-start=\"1369\" data-end=\"1382\">\n<p data-start=\"1372\" data-end=\"1382\">Cola Ice<\/p>\n<\/li>\n<li data-start=\"1383\" data-end=\"1404\">\n<p data-start=\"1386\" data-end=\"1404\">Sex p\u00e5 stranden<\/p>\n<\/li>\n<li data-start=\"1405\" data-end=\"1422\">\n<p data-start=\"1408\" data-end=\"1422\">Mint Everest<\/p>\n<\/li>\n<li data-start=\"1423\" data-end=\"1437\">\n<p data-start=\"1426\" data-end=\"1437\">Mango Glass<\/p>\n<\/li>\n<li data-start=\"1438\" data-end=\"1457\">\n<p data-start=\"1441\" data-end=\"1457\">Vattenmelon Glass<\/p>\n<\/li>\n<li data-start=\"1458\" data-end=\"1476\">\n<p data-start=\"1461\" data-end=\"1476\">Bl\u00e5b\u00e4rsglass<\/p>\n<\/li>\n<li data-start=\"1477\" data-end=\"1496\">\n<p data-start=\"1480\" data-end=\"1496\">jordgubbsglass<\/p>\n<\/li>\n<li data-start=\"1497\" data-end=\"1519\">\n<p data-start=\"1500\" data-end=\"1519\">Jordgubbe Banan<\/p>\n<\/li>\n<li data-start=\"1520\" data-end=\"1544\">\n<p data-start=\"1523\" data-end=\"1544\">Nakhle Double Apple<\/p>\n<\/li>\n<li data-start=\"1545\" data-end=\"1558\">\n<p data-start=\"1549\" data-end=\"1558\">Drueb Ice<\/p>\n<\/li>\n<\/ol>\n<hr data-start=\"1560\" data-end=\"1563\" \/>\n<h2 data-start=\"1565\" data-end=\"1614\">VASY VCAN PRO 15K Puffs \u2013 Specs &amp; Packaging<\/h2>\n<ul data-start=\"1616\" data-end=\"2073\">\n<li data-start=\"1616\" data-end=\"1659\">\n<p data-start=\"1618\" data-end=\"1659\"><strong data-start=\"1618\" data-end=\"1633\">Puff Count:<\/strong> 15 000 bloss per enhet<\/p>\n<\/li>\n<li data-start=\"1660\" data-end=\"1692\">\n<p data-start=\"1662\" data-end=\"1692\"><strong data-start=\"1662\" data-end=\"1684\">E\u2011V\u00e4tskekapacitet:<\/strong> 24\u202fmL<\/p>\n<\/li>\n<li data-start=\"1693\" data-end=\"1722\">\n<p data-start=\"1695\" data-end=\"1722\"><strong data-start=\"1695\" data-end=\"1717\">Nikotinstyrka:<\/strong> 5%<\/p>\n<\/li>\n<li data-start=\"1723\" data-end=\"1751\">\n<p data-start=\"1725\" data-end=\"1751\"><strong data-start=\"1725\" data-end=\"1739\">Spoltyp:<\/strong> Dubbel mesh<\/p>\n<\/li>\n<li data-start=\"1752\" data-end=\"1799\">\n<p data-start=\"1754\" data-end=\"1799\"><strong data-start=\"1754\" data-end=\"1775\">Batterikapacitet:<\/strong> 650 mAh, uppladdningsbar<\/p>\n<\/li>\n<li data-start=\"1800\" data-end=\"1857\">\n<p data-start=\"1802\" data-end=\"1857\"><strong data-start=\"1802\" data-end=\"1820\">Laddningsport:<\/strong> USB Type-C (30 minuters fulladdning)<\/p>\n<\/li>\n<li data-start=\"1858\" data-end=\"1893\">\n<p data-start=\"1860\" data-end=\"1893\"><strong data-start=\"1860\" data-end=\"1875\">M\u00e5tt:<\/strong> 87 \u00d7 50 \u00d7 27 mm<\/p>\n<\/li>\n<li data-start=\"1894\" data-end=\"1953\">\n<p data-start=\"1896\" data-end=\"1953\"><strong data-start=\"1896\" data-end=\"1910\">F\u00f6rpackning:<\/strong> 1 enhet i visningsl\u00e5da (10 per display)<\/p>\n<\/li>\n<li data-start=\"1954\" data-end=\"2001\">\n<p data-start=\"1956\" data-end=\"2001\"><strong data-start=\"1956\" data-end=\"1976\">Kartonm\u00e4ngd:<\/strong> 200 enheter per kartong<\/p>\n<\/li>\n<li data-start=\"2002\" data-end=\"2032\">\n<p data-start=\"2004\" data-end=\"2032\"><strong data-start=\"2004\" data-end=\"2022\">Kartong Vikt:<\/strong> 16,8 kg<\/p>\n<\/li>\n<li data-start=\"2033\" data-end=\"2073\">\n<p data-start=\"2035\" data-end=\"2073\"><strong data-start=\"2035\" data-end=\"2051\">Kartongstorlek:<\/strong> 61 \u00d7 33,2 \u00d7 22,5 cm<\/p>\n<\/li>\n<\/ul>\n<hr data-start=\"2075\" data-end=\"2078\" \/>\n<h2 data-start=\"2080\" data-end=\"2130\">Varf\u00f6r k\u00f6pa VASY VCAN PRO 15K Puffs p\u00e5 <a href=\"https:\/\/escovape.com\/sv\/\">Escovape<\/a>?<\/h2>\n<p data-start=\"2132\" data-end=\"2271\">At <strong data-start=\"2135\" data-end=\"2147\">Escovape<\/strong>vi specialiserar oss p\u00e5 autentiska, <a href=\"https:\/\/escovape.com\/sv\/\">H\u00f6gkvalitativa eng\u00e5ngsvape grossist \u00f6ver hela Europa<\/a>N\u00e4r du handlar med oss, profiterar du av:<\/p>\n<ul data-start=\"2273\" data-end=\"2422\">\n<li data-start=\"2273\" data-end=\"2303\">\n<p data-start=\"2275\" data-end=\"2303\">Konkurrenskraftig bulkprisning<\/p>\n<\/li>\n<li data-start=\"2304\" data-end=\"2341\">\n<p data-start=\"2306\" data-end=\"2341\">Snabba, p\u00e5litliga EU-leveranser<\/p>\n<\/li>\n<li data-start=\"2342\" data-end=\"2374\">\n<p data-start=\"2344\" data-end=\"2374\">\u2705 Garanti f\u00f6r \u00e4kta lager<\/p>\n<\/li>\n<li data-start=\"2375\" data-end=\"2422\">\n<p data-start=\"2377\" data-end=\"2422\">St\u00f6djande, professionell kundservice<\/p>\n<\/li>\n<\/ul>\n<p data-start=\"2424\" data-end=\"2551\">Perfekt f\u00f6r vapebutiker och online\u00e5terf\u00f6rs\u00e4ljare som s\u00f6ker l\u00e5ngvariga alternativ med l\u00e5gt nikotininneh\u00e5ll som levererar b\u00e5de prestanda och v\u00e4rde.<img data-recalc-dims=\"1\" loading=\"lazy\" decoding=\"async\" class=\"alignnone wp-image-27716 size-full\" src=\"https:\/\/i0.wp.com\/escovape.com\/wp-content\/uploads\/2025\/07\/VASY-Vcan-Pro-15K-Puffs-Rechargeable-Premium-Disposable-Vapes-With-LED-Screen-Bulk-Buy-Wholesale-4.webp?resize=1020%2C1020&#038;ssl=1\" alt=\"VASY Vcan Pro 15K Puffs Uppladdningsbar Premium Eng\u00e5ngs Vapes Med LED Sk\u00e4rm K\u00f6p i Bulk Grossist\" width=\"1020\" height=\"1020\" title=\"\" srcset=\"https:\/\/i0.wp.com\/escovape.com\/wp-content\/uploads\/2025\/07\/VASY-Vcan-Pro-15K-Puffs-Rechargeable-Premium-Disposable-Vapes-With-LED-Screen-Bulk-Buy-Wholesale-4.webp?w=1500&amp;ssl=1 1500w, https:\/\/i0.wp.com\/escovape.com\/wp-content\/uploads\/2025\/07\/VASY-Vcan-Pro-15K-Puffs-Rechargeable-Premium-Disposable-Vapes-With-LED-Screen-Bulk-Buy-Wholesale-4.webp?resize=400%2C400&amp;ssl=1 400w, https:\/\/i0.wp.com\/escovape.com\/wp-content\/uploads\/2025\/07\/VASY-Vcan-Pro-15K-Puffs-Rechargeable-Premium-Disposable-Vapes-With-LED-Screen-Bulk-Buy-Wholesale-4.webp?resize=800%2C800&amp;ssl=1 800w, https:\/\/i0.wp.com\/escovape.com\/wp-content\/uploads\/2025\/07\/VASY-Vcan-Pro-15K-Puffs-Rechargeable-Premium-Disposable-Vapes-With-LED-Screen-Bulk-Buy-Wholesale-4.webp?resize=280%2C280&amp;ssl=1 280w, https:\/\/i0.wp.com\/escovape.com\/wp-content\/uploads\/2025\/07\/VASY-Vcan-Pro-15K-Puffs-Rechargeable-Premium-Disposable-Vapes-With-LED-Screen-Bulk-Buy-Wholesale-4.webp?resize=768%2C768&amp;ssl=1 768w, https:\/\/i0.wp.com\/escovape.com\/wp-content\/uploads\/2025\/07\/VASY-Vcan-Pro-15K-Puffs-Rechargeable-Premium-Disposable-Vapes-With-LED-Screen-Bulk-Buy-Wholesale-4.webp?resize=12%2C12&amp;ssl=1 12w, https:\/\/i0.wp.com\/escovape.com\/wp-content\/uploads\/2025\/07\/VASY-Vcan-Pro-15K-Puffs-Rechargeable-Premium-Disposable-Vapes-With-LED-Screen-Bulk-Buy-Wholesale-4.webp?resize=300%2C300&amp;ssl=1 300w, https:\/\/i0.wp.com\/escovape.com\/wp-content\/uploads\/2025\/07\/VASY-Vcan-Pro-15K-Puffs-Rechargeable-Premium-Disposable-Vapes-With-LED-Screen-Bulk-Buy-Wholesale-4.webp?resize=600%2C600&amp;ssl=1 600w, https:\/\/i0.wp.com\/escovape.com\/wp-content\/uploads\/2025\/07\/VASY-Vcan-Pro-15K-Puffs-Rechargeable-Premium-Disposable-Vapes-With-LED-Screen-Bulk-Buy-Wholesale-4.webp?resize=100%2C100&amp;ssl=1 100w\" sizes=\"auto, (max-width: 1020px) 100vw, 1020px\" \/><\/p>","protected":false},"excerpt":{"rendered":"<p>VASY VCAN PRO 15K Puffs \u00e4r en uppladdningsbar disponibel vape med dubbla mesh-spolar, LED-sk\u00e4rm, snabb Type-C-laddning och 10 dj\u00e4rva smaker - perfekt f\u00f6r l\u00e5g nikotin bulk grossist p\u00e5 Escovape.<\/p>","protected":false},"featured_media":27712,"comment_status":"open","ping_status":"closed","template":"","meta":{"_lmt_disableupdate":"no","_lmt_disable":""},"product_brand":[],"product_cat":[44,55,57,97,98,99,100,101,102,103,104,105,106,107,108,109,110,111,112,113,114,15,58,59,61,133,42,122,198],"product_tag":[],"class_list":{"0":"post-27688","1":"product","2":"type-product","3":"status-publish","4":"has-post-thumbnail","6":"product_cat-15000-puffs-disposable-vapes","7":"product_cat-big-puffs-disposable-vapes","8":"product_cat-digital-box-disposable-vapes","9":"product_cat-disposable-vape-in-europe","10":"product_cat-disposable-vape-wholesale-austria","11":"product_cat-disposable-vape-wholesale-belgium","12":"product_cat-disposable-vape-wholesale-czech-republic","13":"product_cat-disposable-vape-wholesale-denmark","14":"product_cat-disposable-vape-wholesale-finland","15":"product_cat-disposable-vape-wholesale-france","16":"product_cat-disposable-vape-wholesale-germany","17":"product_cat-disposable-vape-wholesale-greece","18":"product_cat-disposable-vape-wholesale-hungary","19":"product_cat-disposable-vape-wholesale-italy","20":"product_cat-disposable-vape-wholesale-netherlands","21":"product_cat-disposable-vape-wholesale-norway","22":"product_cat-disposable-vape-wholesale-portugal","23":"product_cat-disposable-vape-wholesale-romania","24":"product_cat-disposable-vape-wholesale-spain","25":"product_cat-disposable-vape-wholesale-sweden","26":"product_cat-disposable-vape-wholesale-switzerland","27":"product_cat-disposable-vapes","28":"product_cat-dual-mesh-disposable-vapes","29":"product_cat-lower-nicotine-disposable-vapes","30":"product_cat-rechargeable-disposable-vapes","31":"product_cat-shop-best-disposable-vape-flavors","32":"product_cat-shop-by-puffs","33":"product_cat-vasy-disposable-vapes","34":"product_cat-vcan-disposable-vapes","36":"first","37":"instock","38":"shipping-taxable","39":"purchasable","40":"product-type-variable"},"jetpack_sharing_enabled":true,"_links":{"self":[{"href":"https:\/\/escovape.com\/sv\/wp-json\/wp\/v2\/product\/27688","targetHints":{"allow":["GET"]}}],"collection":[{"href":"https:\/\/escovape.com\/sv\/wp-json\/wp\/v2\/product"}],"about":[{"href":"https:\/\/escovape.com\/sv\/wp-json\/wp\/v2\/types\/product"}],"replies":[{"embeddable":true,"href":"https:\/\/escovape.com\/sv\/wp-json\/wp\/v2\/comments?post=27688"}],"wp:featuredmedia":[{"embeddable":true,"href":"https:\/\/escovape.com\/sv\/wp-json\/wp\/v2\/media\/27712"}],"wp:attachment":[{"href":"https:\/\/escovape.com\/sv\/wp-json\/wp\/v2\/media?parent=27688"}],"wp:term":[{"taxonomy":"product_brand","embeddable":true,"href":"https:\/\/escovape.com\/sv\/wp-json\/wp\/v2\/product_brand?post=27688"},{"taxonomy":"product_cat","embeddable":true,"href":"https:\/\/escovape.com\/sv\/wp-json\/wp\/v2\/product_cat?post=27688"},{"taxonomy":"product_tag","embeddable":true,"href":"https:\/\/escovape.com\/sv\/wp-json\/wp\/v2\/product_tag?post=27688"}],"curies":[{"name":"wp","href":"https:\/\/api.w.org\/{rel}","templated":true}]}}