{"id":28194,"date":"2025-07-21T13:55:06","date_gmt":"2025-07-21T13:55:06","guid":{"rendered":"https:\/\/escovape.com\/?post_type=product&#038;p=28194"},"modified":"2025-07-21T13:55:06","modified_gmt":"2025-07-21T13:55:06","slug":"bang-king-36k-blossor-dsk034-premium-uppladdningsbar-engangsvape-grossistkop-bulk-europa","status":"publish","type":"product","link":"https:\/\/escovape.com\/sv\/product\/bang-king-36k-puffs-flavors-dsk034-premium-rechargeable-disposable-vape-bulk-buy-wholesale-europe\/","title":{"rendered":"BANG KING 36K Puffs FLAVORS DSK034 Premium Uppladdningsbar \u00c5teranv\u00e4ndbar Vape K\u00f6p i Bulk Wholesale Europa"},"content":{"rendered":"<h2 data-start=\"311\" data-end=\"365\">\u00d6ka Ditt Lager Med <a href=\"https:\/\/escovape.com\/sv\/produktkategori\/bang\/\">BANG<\/a> KING 36K FLAVORS<\/h2>\n<p data-start=\"366\" data-end=\"810\">Den <strong data-start=\"370\" data-end=\"402\">BANG KING 36K FLAVORS DSK034<\/strong> s\u00e4tter en ny standard f\u00f6r eng\u00e5ngsvape - erbjuder en otrolig <strong data-start=\"467\" data-end=\"483\">36 000 bloss \n(Or 36.000 bloss, depends on style)<\/strong>en gener\u00f6s <strong data-start=\"496\" data-end=\"519\">30 ml e-liquidtank<\/strong>och en <strong data-start=\"527\" data-end=\"559\">650\u202fmAh uppladdningsbar batteri<\/strong>Med avancerade funktioner som <strong data-start=\"589\" data-end=\"618\">justerbar bottenluftstr\u00f6mning<\/strong>, <strong data-start=\"620\" data-end=\"651\">peksk\u00e4rmens effektstyrning<\/strong>och en snygg LED-sk\u00e4rm, ger denna enhet anpassningsm\u00f6jligheter och l\u00e5ng livsl\u00e4ngd till detaljhandels hyllor \u00f6ver hela Europa. Finns nu tillg\u00e4nglig f\u00f6r grossistk\u00f6p p\u00e5 <strong data-start=\"797\" data-end=\"809\">Escovape<\/strong>.<\/p>\n<hr data-start=\"812\" data-end=\"815\" \/>\n<h2 data-start=\"311\" data-end=\"365\"><a href=\"https:\/\/escovape.com\/sv\/produktkategori\/bang\/\">BANG KING<\/a> 36K FLAVORS Nyckel Funktioner<\/h2>\n<ul data-start=\"835\" data-end=\"1376\">\n<li data-start=\"835\" data-end=\"896\">\n<p data-start=\"837\" data-end=\"896\">Massiv <strong data-start=\"845\" data-end=\"869\">36 000 puffkapacitet<\/strong> s\u00e4kerst\u00e4ller l\u00e5ngvarig anv\u00e4ndning<\/p>\n<\/li>\n<li data-start=\"897\" data-end=\"965\">\n<p data-start=\"899\" data-end=\"965\">Fylld med <strong data-start=\"911\" data-end=\"929\">30\u202fml e-v\u00e4tska<\/strong> f\u00f6r l\u00e5ngvarig smaksatisfaction<\/p>\n<\/li>\n<li data-start=\"966\" data-end=\"1026\">\n<p data-start=\"968\" data-end=\"1026\">Driven av <strong data-start=\"979\" data-end=\"998\">650 mAh batteri<\/strong> med snabb Type-C-laddning<\/p>\n<\/li>\n<li data-start=\"1027\" data-end=\"1073\">\n<p data-start=\"1029\" data-end=\"1073\">Mjuk \u00e5nga tack vare <strong data-start=\"1052\" data-end=\"1071\">1,0 \u03a9 mesh coil<\/strong><\/p>\n<\/li>\n<li data-start=\"1074\" data-end=\"1142\">\n<p data-start=\"1076\" data-end=\"1142\"><strong data-start=\"1076\" data-end=\"1105\">Justerbar bottenluftstr\u00f6mning<\/strong> f\u00f6r att passa olika ritpreferenser<\/p>\n<\/li>\n<li data-start=\"1143\" data-end=\"1208\">\n<p data-start=\"1145\" data-end=\"1208\"><strong data-start=\"1145\" data-end=\"1176\">Ber\u00f6ringssk\u00e4rmens wattstyrning<\/strong> f\u00f6r personlig \u00e5ngningskraft<\/p>\n<\/li>\n<li data-start=\"1209\" data-end=\"1267\">\n<p data-start=\"1211\" data-end=\"1267\">LED-displayen visar tydlig batteri- och puffantal-information<\/p>\n<\/li>\n<li data-start=\"1268\" data-end=\"1327\">\n<p data-start=\"1270\" data-end=\"1327\">L\u00e4ttvikts- och ergonomisk design p\u00e5 bara 100\u202fg per enhet<\/p>\n<\/li>\n<li data-start=\"1328\" data-end=\"1376\">\n<p data-start=\"1330\" data-end=\"1376\">L\u00e5gnikotin-alternativ f\u00f6r en mildare halsst\u00f6t<\/p>\n<\/li>\n<\/ul>\n<hr data-start=\"1378\" data-end=\"1381\" \/>\n<h2 data-start=\"1383\" data-end=\"1420\">F\u00f6rdelar f\u00f6r \u00e5terf\u00f6rs\u00e4ljare och anv\u00e4ndare<\/h2>\n<ul data-start=\"1421\" data-end=\"1714\">\n<li data-start=\"1421\" data-end=\"1473\">\n<p data-start=\"1423\" data-end=\"1473\"><strong data-start=\"1423\" data-end=\"1444\">Ekonomiskt val<\/strong> med extremt h\u00f6g puffantal<\/p>\n<\/li>\n<li data-start=\"1474\" data-end=\"1545\">\n<p data-start=\"1476\" data-end=\"1545\"><strong data-start=\"1476\" data-end=\"1499\">Anpassningsbar vaping<\/strong> upplevelse som tilltalar en bred publik<\/p>\n<\/li>\n<li data-start=\"1546\" data-end=\"1601\">\n<p data-start=\"1548\" data-end=\"1601\"><strong data-start=\"1548\" data-end=\"1571\">Uppladdningsbar design<\/strong> minskar avfall och kostnader<\/p>\n<\/li>\n<li data-start=\"1602\" data-end=\"1653\">\n<p data-start=\"1604\" data-end=\"1653\"><strong data-start=\"1604\" data-end=\"1627\">Kompakt och stilren<\/strong>med LED-belysning<\/p>\n<\/li>\n<li data-start=\"1654\" data-end=\"1714\">\n<p data-start=\"1656\" data-end=\"1714\">Utformad f\u00f6r att <strong data-start=\"1668\" data-end=\"1714\">tillfredsst\u00e4lla b\u00e5de nyb\u00f6rjare och erfarna vapers<\/strong><\/p>\n<\/li>\n<\/ul>\n<hr data-start=\"1716\" data-end=\"1719\" \/>\n<h2 data-start=\"1721\" data-end=\"1737\">BANG KING 36K Smakslista<\/h2>\n<p data-start=\"1738\" data-end=\"1798\">Erbjud dina kunder ett urval av tolv distinkta smaker:<\/p>\n<ol data-start=\"1800\" data-end=\"2061\">\n<li data-start=\"1800\" data-end=\"1818\">\n<p data-start=\"1803\" data-end=\"1818\">Bl\u00e5 Razz Is<\/p>\n<\/li>\n<li data-start=\"1819\" data-end=\"1845\">\n<p data-start=\"1822\" data-end=\"1845\">Jordgubbsvattenmelon<\/p>\n<\/li>\n<li data-start=\"1846\" data-end=\"1865\">\n<p data-start=\"1849\" data-end=\"1865\">Vattenmelon Glass<\/p>\n<\/li>\n<li data-start=\"1866\" data-end=\"1888\">\n<p data-start=\"1869\" data-end=\"1888\">Jordgubbe Banan<\/p>\n<\/li>\n<li data-start=\"1889\" data-end=\"1908\">\n<p data-start=\"1892\" data-end=\"1908\">Tropisk frukt<\/p>\n<\/li>\n<li data-start=\"1909\" data-end=\"1930\">\n<p data-start=\"1912\" data-end=\"1930\">Trippel Jordgubbsglass<\/p>\n<\/li>\n<li data-start=\"1931\" data-end=\"1951\">\n<p data-start=\"1934\" data-end=\"1951\">Saftig Persika Glass<\/p>\n<\/li>\n<li data-start=\"1952\" data-end=\"1972\">\n<p data-start=\"1955\" data-end=\"1972\">Jordgubb Kiwi<\/p>\n<\/li>\n<li data-start=\"1973\" data-end=\"2000\">\n<p data-start=\"1976\" data-end=\"2000\">P\u00e4ron Mango Vattenmelon<\/p>\n<\/li>\n<li data-start=\"2001\" data-end=\"2031\">\n<p data-start=\"2005\" data-end=\"2031\">Kiwi passionsfrukt guava<\/p>\n<\/li>\n<li data-start=\"2032\" data-end=\"2047\">\n<p data-start=\"2036\" data-end=\"2047\">Drueb Ice<\/p>\n<\/li>\n<li data-start=\"2048\" data-end=\"2061\">\n<p data-start=\"2052\" data-end=\"2061\">Herr Bl\u00e5<\/p>\n<\/li>\n<\/ol>\n<hr data-start=\"2063\" data-end=\"2066\" \/>\n<h2 data-start=\"2068\" data-end=\"2097\">Tekniska specifikationer<\/h2>\n<ul data-start=\"2098\" data-end=\"2506\">\n<li data-start=\"2098\" data-end=\"2127\">\n<p data-start=\"2100\" data-end=\"2127\">Puffkapacitet: <strong data-start=\"2115\" data-end=\"2125\">36,000<\/strong><\/p>\n<\/li>\n<li data-start=\"2128\" data-end=\"2158\">\n<p data-start=\"2130\" data-end=\"2158\">E-v\u00e4tskevolym: <strong data-start=\"2147\" data-end=\"2156\">30\u202fml<\/strong><\/p>\n<\/li>\n<li data-start=\"2159\" data-end=\"2205\">\n<p data-start=\"2161\" data-end=\"2205\">Batteri: <strong data-start=\"2170\" data-end=\"2203\">650 mAh uppladdningsbar (Type-C)<\/strong><\/p>\n<\/li>\n<li data-start=\"2206\" data-end=\"2246\">\n<p data-start=\"2208\" data-end=\"2246\">Spolans resistans: <strong data-start=\"2225\" data-end=\"2244\">1,0 \u03a9 mesh coil<\/strong><\/p>\n<\/li>\n<li data-start=\"2247\" data-end=\"2289\">\n<p data-start=\"2249\" data-end=\"2289\">Luftfl\u00f6de: <strong data-start=\"2258\" data-end=\"2287\">Justerbar bottenluftstr\u00f6mning<\/strong><\/p>\n<\/li>\n<li data-start=\"2290\" data-end=\"2332\">\n<p data-start=\"2292\" data-end=\"2332\">Kraft: <strong data-start=\"2299\" data-end=\"2330\">Ber\u00f6ringssk\u00e4rmens wattstyrning<\/strong><\/p>\n<\/li>\n<li data-start=\"2333\" data-end=\"2363\">\n<p data-start=\"2335\" data-end=\"2363\">Vikt per enhet: <strong data-start=\"2352\" data-end=\"2361\">100 g<\/strong><\/p>\n<\/li>\n<li data-start=\"2364\" data-end=\"2409\">\n<p data-start=\"2366\" data-end=\"2409\">F\u00f6rpackning: <strong data-start=\"2377\" data-end=\"2407\">10 enheter per l\u00e5da (1,05 kg)<\/strong><\/p>\n<\/li>\n<li data-start=\"2410\" data-end=\"2465\">\n<p data-start=\"2412\" data-end=\"2465\">Kartongstorlek: <strong data-start=\"2425\" data-end=\"2463\">200 enheter per kartong (21 kg brutto)<\/strong><\/p>\n<\/li>\n<li data-start=\"2466\" data-end=\"2506\">\n<p data-start=\"2468\" data-end=\"2506\">Kartonm\u00e5tt: <strong data-start=\"2487\" data-end=\"2506\">59 \u00d7 34 \u00d7 25 cm<\/strong><\/p>\n<\/li>\n<\/ul>\n<hr data-start=\"2508\" data-end=\"2511\" \/>\n<h2 data-start=\"2513\" data-end=\"2572\">K\u00f6p BANG KING 36K FLAVORS DSK034 grossist p\u00e5 <a href=\"https:\/\/escovape.com\/sv\/\">Escovape<\/a><\/h2>\n<p data-start=\"2573\" data-end=\"2859\">At <strong data-start=\"2576\" data-end=\"2588\">Escovape<\/strong>Vi specialiserar oss p\u00e5 att leverera banbrytande eng\u00e5ngsvape-produkter till europeiska \u00e5terf\u00f6rs\u00e4ljare. <strong data-start=\"2674\" data-end=\"2706\">BANG KING 36K FLAVORS DSK034<\/strong> kombinerar exceptionell puffkapacitet, anpassningsfunktioner och ett livligt urval av smaker - vilket g\u00f6r den till ett utm\u00e4rkt val f\u00f6r alla vape-butiker eller distribut\u00f6rer.<\/p>\n<p data-start=\"2861\" data-end=\"2967\">Varanera idag p\u00e5 <strong data-start=\"2879\" data-end=\"2891\">Escovape<\/strong> och erbjuder dina kunder en premium vape-upplevelse som verkligen sticker ut.<\/p>\n<p data-start=\"2861\" data-end=\"2967\"><img data-recalc-dims=\"1\" loading=\"lazy\" decoding=\"async\" class=\"alignnone wp-image-28196 size-full\" src=\"https:\/\/i0.wp.com\/escovape.com\/wp-content\/uploads\/2025\/07\/BANG-KING-36K-FLAVORS-DSK034-Premium-Rechargeable-Disposable-Vape-Bulk-Wholesale-Europe-2.webp?resize=800%2C1592&#038;ssl=1\" alt=\"BANG KING 36K FLAVORS DSK034 Premium Uppladdningsbar Eng\u00e5ngs Vape Bulk Grossist Europa\" width=\"800\" height=\"1592\" title=\"\" srcset=\"https:\/\/i0.wp.com\/escovape.com\/wp-content\/uploads\/2025\/07\/BANG-KING-36K-FLAVORS-DSK034-Premium-Rechargeable-Disposable-Vape-Bulk-Wholesale-Europe-2.webp?w=800&amp;ssl=1 800w, https:\/\/i0.wp.com\/escovape.com\/wp-content\/uploads\/2025\/07\/BANG-KING-36K-FLAVORS-DSK034-Premium-Rechargeable-Disposable-Vape-Bulk-Wholesale-Europe-2.webp?resize=201%2C400&amp;ssl=1 201w, https:\/\/i0.wp.com\/escovape.com\/wp-content\/uploads\/2025\/07\/BANG-KING-36K-FLAVORS-DSK034-Premium-Rechargeable-Disposable-Vape-Bulk-Wholesale-Europe-2.webp?resize=402%2C800&amp;ssl=1 402w, https:\/\/i0.wp.com\/escovape.com\/wp-content\/uploads\/2025\/07\/BANG-KING-36K-FLAVORS-DSK034-Premium-Rechargeable-Disposable-Vape-Bulk-Wholesale-Europe-2.webp?resize=768%2C1528&amp;ssl=1 768w, https:\/\/i0.wp.com\/escovape.com\/wp-content\/uploads\/2025\/07\/BANG-KING-36K-FLAVORS-DSK034-Premium-Rechargeable-Disposable-Vape-Bulk-Wholesale-Europe-2.webp?resize=772%2C1536&amp;ssl=1 772w, https:\/\/i0.wp.com\/escovape.com\/wp-content\/uploads\/2025\/07\/BANG-KING-36K-FLAVORS-DSK034-Premium-Rechargeable-Disposable-Vape-Bulk-Wholesale-Europe-2.webp?resize=6%2C12&amp;ssl=1 6w, https:\/\/i0.wp.com\/escovape.com\/wp-content\/uploads\/2025\/07\/BANG-KING-36K-FLAVORS-DSK034-Premium-Rechargeable-Disposable-Vape-Bulk-Wholesale-Europe-2.webp?resize=600%2C1194&amp;ssl=1 600w\" sizes=\"auto, (max-width: 800px) 100vw, 800px\" \/><\/p>","protected":false},"excerpt":{"rendered":"<p>BANG KING 36K FLAVORS DSK034 \u00e4r en <a href=\"https:\/\/escovape.com\/sv\/produktkategori\/engangsvapen\/uppladdningsbara-engangsvapor\/\"><strong>premium uppladdningsbar eng\u00e5ngsvape<\/strong><\/a> erbjuder upp till 36 000 bloss, l\u00e5gt nikotin, peksk\u00e4rm f\u00f6r wattstyrning och ett brett utbud av dj\u00e4rva smaker - idealt f\u00f6r bulk- och grossistf\u00f6rs\u00e4ljning genom Escovape, Europas p\u00e5litliga online-distribut\u00f6r av vape-produkter.<\/p>","protected":false},"featured_media":28195,"comment_status":"open","ping_status":"closed","template":"","meta":{"_lmt_disableupdate":"no","_lmt_disable":""},"product_brand":[],"product_cat":[18,178,55,57,97,98,99,100,101,102,103,104,105,106,107,108,109,110,111,112,113,114,15,59,61,133,42],"product_tag":[],"class_list":{"0":"post-28194","1":"product","2":"type-product","3":"status-publish","4":"has-post-thumbnail","6":"product_cat-bang","7":"product_cat-36000-puffs-disposable-vapes","8":"product_cat-big-puffs-disposable-vapes","9":"product_cat-digital-box-disposable-vapes","10":"product_cat-disposable-vape-in-europe","11":"product_cat-disposable-vape-wholesale-austria","12":"product_cat-disposable-vape-wholesale-belgium","13":"product_cat-disposable-vape-wholesale-czech-republic","14":"product_cat-disposable-vape-wholesale-denmark","15":"product_cat-disposable-vape-wholesale-finland","16":"product_cat-disposable-vape-wholesale-france","17":"product_cat-disposable-vape-wholesale-germany","18":"product_cat-disposable-vape-wholesale-greece","19":"product_cat-disposable-vape-wholesale-hungary","20":"product_cat-disposable-vape-wholesale-italy","21":"product_cat-disposable-vape-wholesale-netherlands","22":"product_cat-disposable-vape-wholesale-norway","23":"product_cat-disposable-vape-wholesale-portugal","24":"product_cat-disposable-vape-wholesale-romania","25":"product_cat-disposable-vape-wholesale-spain","26":"product_cat-disposable-vape-wholesale-sweden","27":"product_cat-disposable-vape-wholesale-switzerland","28":"product_cat-disposable-vapes","29":"product_cat-lower-nicotine-disposable-vapes","30":"product_cat-rechargeable-disposable-vapes","31":"product_cat-shop-best-disposable-vape-flavors","32":"product_cat-shop-by-puffs","34":"first","35":"instock","36":"shipping-taxable","37":"purchasable","38":"product-type-variable"},"jetpack_sharing_enabled":true,"_links":{"self":[{"href":"https:\/\/escovape.com\/sv\/wp-json\/wp\/v2\/product\/28194","targetHints":{"allow":["GET"]}}],"collection":[{"href":"https:\/\/escovape.com\/sv\/wp-json\/wp\/v2\/product"}],"about":[{"href":"https:\/\/escovape.com\/sv\/wp-json\/wp\/v2\/types\/product"}],"replies":[{"embeddable":true,"href":"https:\/\/escovape.com\/sv\/wp-json\/wp\/v2\/comments?post=28194"}],"wp:featuredmedia":[{"embeddable":true,"href":"https:\/\/escovape.com\/sv\/wp-json\/wp\/v2\/media\/28195"}],"wp:attachment":[{"href":"https:\/\/escovape.com\/sv\/wp-json\/wp\/v2\/media?parent=28194"}],"wp:term":[{"taxonomy":"product_brand","embeddable":true,"href":"https:\/\/escovape.com\/sv\/wp-json\/wp\/v2\/product_brand?post=28194"},{"taxonomy":"product_cat","embeddable":true,"href":"https:\/\/escovape.com\/sv\/wp-json\/wp\/v2\/product_cat?post=28194"},{"taxonomy":"product_tag","embeddable":true,"href":"https:\/\/escovape.com\/sv\/wp-json\/wp\/v2\/product_tag?post=28194"}],"curies":[{"name":"wp","href":"https:\/\/api.w.org\/{rel}","templated":true}]}}