{"id":28423,"date":"2025-07-22T09:34:26","date_gmt":"2025-07-22T09:34:26","guid":{"rendered":"https:\/\/escovape.com\/?post_type=product&#038;p=28423"},"modified":"2025-08-05T01:59:02","modified_gmt":"2025-08-05T01:59:02","slug":"bang-blaze-e-shisha-42k-puffs-dsk038-premium-uppladdningsbar-engangs-vape-lag-nikotin-kopa-i-bulk-grossist","status":"publish","type":"product","link":"https:\/\/escovape.com\/sv\/product\/bang-blaze-e-shisha-42k-puffs-dsk038-premium-rechargeable-disposable-vapes-low-nicotine-bulk-buy-wholesale\/","title":{"rendered":"BANG BLAZE E-SHISHA 42K Puffs DSK038 Premium Uppfyllningsbar Eng\u00e5ngsvara Low Nikotin Bulk K\u00f6p Grossist"},"content":{"rendered":"<h2 data-start=\"292\" data-end=\"346\">Stark 42000-Puff Prestanda med <a href=\"https:\/\/escovape.com\/sv\/produktkategori\/engangsvapen\/engangsvapor-med-lagre-nikotinhalt\/\">L\u00e5g nikotin vape<\/a><\/h2>\n<p data-start=\"347\" data-end=\"851\">Den <strong data-start=\"351\" data-end=\"382\">BANG BLAZE E-SHISHA 42K Puffs DSK038<\/strong> \u00e4r en <strong><a href=\"https:\/\/escovape.com\/sv\/produktkategori\/engangsvapen\/uppladdningsbara-engangsvapor\/\">premium uppladdningsbar eng\u00e5ngsvape<\/a><\/strong> designad f\u00f6r l\u00e5ngvarigt n\u00f6je, och erbjuder en imponerande <strong data-start=\"485\" data-end=\"501\">42 000 bloss<\/strong> Driven av en <strong data-start=\"515\" data-end=\"534\">1000mAh batteri<\/strong>, <strong data-start=\"536\" data-end=\"562\">30ml e-liquid kapacitet<\/strong>och smidig dual <strong data-start=\"580\" data-end=\"599\">0,6\u03a9 mesh-spolar<\/strong>. Ideal f\u00f6r \u00e5terf\u00f6rs\u00e4ljare och distribut\u00f6rer, har denna l\u00e5gnikotinanordning <strong data-start=\"673\" data-end=\"692\">Typ-C-laddning<\/strong>,en <strong data-start=\"696\" data-end=\"716\">ren LED-sk\u00e4rm<\/strong>och OEM\/ODM-st\u00f6d - nu tillg\u00e4ngligt f\u00f6r <strong data-start=\"756\" data-end=\"774\">bulk grossist<\/strong> exklusivt p\u00e5 <strong data-start=\"790\" data-end=\"802\">Escovape<\/strong>, din p\u00e5litliga europeiska plattform f\u00f6r eng\u00e5ngsvape.<\/p>\n<hr data-start=\"853\" data-end=\"856\" \/>\n<h2 data-start=\"858\" data-end=\"923\">Huvudfunktioner <a href=\"https:\/\/escovape.com\/sv\/produktkategori\/bang\/\">BANG<\/a> BLAZE E-SHISHA 42K Puffs DSK038<\/h2>\n<ul data-start=\"924\" data-end=\"1396\">\n<li data-start=\"924\" data-end=\"987\">\n<p data-start=\"926\" data-end=\"987\">Upp till <strong data-start=\"932\" data-end=\"948\">42 000 bloss<\/strong> per enhet \u2013 ideal f\u00f6r l\u00e5ngvarig anv\u00e4ndning<\/p>\n<\/li>\n<li data-start=\"988\" data-end=\"1046\">\n<p data-start=\"990\" data-end=\"1046\"><strong data-start=\"990\" data-end=\"1018\">30ml f\u00f6rfylld e-v\u00e4tska<\/strong> med l\u00e5gt nikotin inneh\u00e5ll<\/p>\n<\/li>\n<li data-start=\"1047\" data-end=\"1092\">\n<p data-start=\"1049\" data-end=\"1092\">Inbyggd <strong data-start=\"1058\" data-end=\"1090\">1000mAh uppladdningsbar batteri<\/strong><\/p>\n<\/li>\n<li data-start=\"1093\" data-end=\"1154\">\n<p data-start=\"1095\" data-end=\"1154\"><strong data-start=\"1095\" data-end=\"1119\">Typ-C laddningsport<\/strong> f\u00f6r snabbare, effektivare kraft<\/p>\n<\/li>\n<li data-start=\"1155\" data-end=\"1215\">\n<p data-start=\"1157\" data-end=\"1215\"><strong data-start=\"1157\" data-end=\"1181\">Dubbla 0,6\u03a9 mesh-konstruktioner<\/strong> f\u00f6r j\u00e4mn \u00e5nga och smak<\/p>\n<\/li>\n<li data-start=\"1216\" data-end=\"1279\">\n<p data-start=\"1218\" data-end=\"1279\"><strong data-start=\"1218\" data-end=\"1232\">LED-sk\u00e4rm<\/strong> Visar batteriets livsl\u00e4ngd och puffantal tydligt<\/p>\n<\/li>\n<li data-start=\"1280\" data-end=\"1334\">\n<p data-start=\"1282\" data-end=\"1334\">Snygg, modern design f\u00f6r enkel hantering och f\u00f6rvaring<\/p>\n<\/li>\n<li data-start=\"1335\" data-end=\"1396\">\n<p data-start=\"1337\" data-end=\"1396\"><strong data-start=\"1337\" data-end=\"1362\">OEM\/ODM-anpassning<\/strong> tillg\u00e4nglig f\u00f6r varum\u00e4rkesflexibilitet<\/p>\n<\/li>\n<\/ul>\n<hr data-start=\"1398\" data-end=\"1401\" \/>\n<h2 data-start=\"1403\" data-end=\"1456\">Varf\u00f6r <a href=\"https:\/\/escovape.com\/sv\/produktkategori\/bang\/\">BANG BLAZE <\/a>E-SHISHA 42K Puffs \u00e4r perfekt f\u00f6r bulk- grossist<\/h2>\n<p data-start=\"1457\" data-end=\"1911\">Om du letar efter en uppladdningsbar eng\u00e5ngsvape som \u00e4r byggd f\u00f6r att h\u00e5lla, \u00e4r <strong data-start=\"1536\" data-end=\"1567\">BANG BLAZE E-SHISHA 42K Puffs BLAZE DSK038<\/strong> levererar o\u00f6vertr\u00e4ffat v\u00e4rde. Dess h\u00f6ga puffkapacitet inneb\u00e4r f\u00e4rre utbyten, medan mesh-spolsystemet s\u00e4kerst\u00e4ller j\u00e4mna och smakrika bloss. LED-sk\u00e4rmen l\u00e4gger till bekv\u00e4mlighet, vilket g\u00f6r den perfekt f\u00f6r b\u00e5de nyb\u00f6rjare och erfarna vapers. Stora k\u00f6pare kommer ocks\u00e5 att uppskatta de anpassningsbara f\u00f6rpackningsalternativen och Escovapes tillf\u00f6rlitliga europeiska distribution.<\/p>\n<hr data-start=\"1913\" data-end=\"1916\" \/>\n<h2 data-start=\"1918\" data-end=\"1980\">Smaklista \u2013 BANG BLAZE E-SHISHA 42K Puffs BLAZE DSK038<\/h2>\n<p data-start=\"1981\" data-end=\"2032\">V\u00e4lj bland ett brett utbud av folkk\u00e4ra smaker:<\/p>\n<ol data-start=\"2034\" data-end=\"2294\">\n<li data-start=\"2034\" data-end=\"2043\">\n<p data-start=\"2037\" data-end=\"2043\">Mynta<\/p>\n<\/li>\n<li data-start=\"2044\" data-end=\"2063\">\n<p data-start=\"2047\" data-end=\"2063\">Bl\u00e5b\u00e4rsmynta<\/p>\n<\/li>\n<li data-start=\"2064\" data-end=\"2082\">\n<p data-start=\"2067\" data-end=\"2082\">Dubbelt \u00c4pple<\/p>\n<\/li>\n<li data-start=\"2083\" data-end=\"2097\">\n<p data-start=\"2086\" data-end=\"2097\">Persikglass<\/p>\n<\/li>\n<li data-start=\"2098\" data-end=\"2122\">\n<p data-start=\"2101\" data-end=\"2122\">Bl\u00e5b\u00e4r Hallon<\/p>\n<\/li>\n<li data-start=\"2123\" data-end=\"2141\">\n<p data-start=\"2126\" data-end=\"2141\">Bl\u00e5b\u00e4rsglass<\/p>\n<\/li>\n<li data-start=\"2142\" data-end=\"2162\">\n<p data-start=\"2145\" data-end=\"2162\">Bl\u00e5b\u00e4rsp\u00e4ron<\/p>\n<\/li>\n<li data-start=\"2163\" data-end=\"2178\">\n<p data-start=\"2166\" data-end=\"2178\">Vattenmelon<\/p>\n<\/li>\n<li data-start=\"2179\" data-end=\"2205\">\n<p data-start=\"2182\" data-end=\"2205\">Jordgubbsvattenmelon<\/p>\n<\/li>\n<li data-start=\"2206\" data-end=\"2229\">\n<p data-start=\"2210\" data-end=\"2229\">jordgubbs-lychee<\/p>\n<\/li>\n<li data-start=\"2230\" data-end=\"2246\">\n<p data-start=\"2234\" data-end=\"2246\">Drue Mint<\/p>\n<\/li>\n<li data-start=\"2247\" data-end=\"2264\">\n<p data-start=\"2251\" data-end=\"2264\">blandad frukt<\/p>\n<\/li>\n<li data-start=\"2265\" data-end=\"2278\">\n<p data-start=\"2269\" data-end=\"2278\">Min \u00e4lskling<\/p>\n<\/li>\n<li data-start=\"2279\" data-end=\"2294\">\n<p data-start=\"2283\" data-end=\"2294\">Mango Glass<\/p>\n<\/li>\n<\/ol>\n<hr data-start=\"2296\" data-end=\"2299\" \/>\n<h2 data-start=\"2301\" data-end=\"2351\">Specifikationer \u2013 Byggd f\u00f6r h\u00f6gkapacitetsvaping<\/h2>\n<ul data-start=\"2352\" data-end=\"2693\">\n<li data-start=\"2352\" data-end=\"2372\">\n<p data-start=\"2354\" data-end=\"2372\"><strong data-start=\"2354\" data-end=\"2364\">Puffar:<\/strong> 42000<\/p>\n<\/li>\n<li data-start=\"2373\" data-end=\"2404\">\n<p data-start=\"2375\" data-end=\"2404\"><strong data-start=\"2375\" data-end=\"2397\">E-v\u00e4tska Kapacitet:<\/strong> 30ml<\/p>\n<\/li>\n<li data-start=\"2405\" data-end=\"2453\">\n<p data-start=\"2407\" data-end=\"2453\"><strong data-start=\"2407\" data-end=\"2428\">Batterikapacitet:<\/strong> 1000mAh (Uppladdningsbar)<\/p>\n<\/li>\n<li data-start=\"2454\" data-end=\"2500\">\n<p data-start=\"2456\" data-end=\"2500\"><strong data-start=\"2456\" data-end=\"2476\">Spolans resistans:<\/strong> 0,6\u03a9 (Dual Mesh Coil)<\/p>\n<\/li>\n<li data-start=\"2501\" data-end=\"2530\">\n<p data-start=\"2503\" data-end=\"2530\"><strong data-start=\"2503\" data-end=\"2521\">Laddningsport:<\/strong> Typ-C<\/p>\n<\/li>\n<li data-start=\"2531\" data-end=\"2562\">\n<p data-start=\"2533\" data-end=\"2562\"><strong data-start=\"2533\" data-end=\"2555\">Vikt per enhet:<\/strong> 146g<\/p>\n<\/li>\n<li data-start=\"2563\" data-end=\"2598\">\n<p data-start=\"2565\" data-end=\"2598\"><strong data-start=\"2565\" data-end=\"2590\">L\u00e5dvikt (8 enheter):<\/strong> 1224g<\/p>\n<\/li>\n<li data-start=\"2599\" data-end=\"2653\">\n<p data-start=\"2601\" data-end=\"2653\"><strong data-start=\"2601\" data-end=\"2618\">Kartong Specifikationer:<\/strong> 160 enheter | Bruttovikt: 25,5kg<\/p>\n<\/li>\n<li data-start=\"2654\" data-end=\"2693\">\n<p data-start=\"2656\" data-end=\"2693\"><strong data-start=\"2656\" data-end=\"2672\">Kartongstorlek:<\/strong> 54 \u00d7 42,6 \u00d7 28,8cm<\/p>\n<\/li>\n<\/ul>\n<hr data-start=\"2695\" data-end=\"2698\" \/>\n<h2 data-start=\"2700\" data-end=\"2764\">Grossist fr\u00e5n <a href=\"https:\/\/escovape.com\/sv\/\">Escovape<\/a> \u2013 Europas p\u00e5litliga vape-distribut\u00f6r<\/h2>\n<p data-start=\"2765\" data-end=\"3132\">Som en ledande onlineplattform f\u00f6r eng\u00e5ngsvape-produkter i Europa, <strong data-start=\"2826\" data-end=\"2838\">Escovape<\/strong> erbjuder <strong data-start=\"2850\" data-end=\"2881\">BANG BLAZE E-SHISHA 42K Puffs BLAZE DSK038<\/strong> till ost\u00f6rbara grossistpriser. Oavsett om du lagerf\u00f6r din butik eller lanserar ditt eget varum\u00e4rke genom OEM, uppfyller denna enhet alla krav - prestanda, anpassning och tillf\u00f6rlitlighet. K\u00f6p i bulk idag och ge dina kunder en vape-upplevelse som varar.<\/p>\n<p data-start=\"2765\" data-end=\"3132\"><img data-recalc-dims=\"1\" loading=\"lazy\" decoding=\"async\" class=\"alignnone wp-image-28426 size-full\" src=\"https:\/\/i0.wp.com\/escovape.com\/wp-content\/uploads\/2025\/07\/BANG-42K-Puffs-BLAZE-DSK038-Premium-Rechargeable-Disposable-Vapes-Low-Nicotine-Bulk-Wholesale-2-scaled.webp?resize=1020%2C2101&#038;ssl=1\" alt=\"BANG Blaze E-Shisha 42K Puffs DSK038 Premium Uppladdningsbar Eng\u00e5ngsvara Vapes L\u00e5g Nikotin Bulk Grossist\" width=\"1020\" height=\"2101\" title=\"\" srcset=\"https:\/\/i0.wp.com\/escovape.com\/wp-content\/uploads\/2025\/07\/BANG-42K-Puffs-BLAZE-DSK038-Premium-Rechargeable-Disposable-Vapes-Low-Nicotine-Bulk-Wholesale-2-scaled.webp?w=1243&amp;ssl=1 1243w, https:\/\/i0.wp.com\/escovape.com\/wp-content\/uploads\/2025\/07\/BANG-42K-Puffs-BLAZE-DSK038-Premium-Rechargeable-Disposable-Vapes-Low-Nicotine-Bulk-Wholesale-2-scaled.webp?resize=194%2C400&amp;ssl=1 194w, https:\/\/i0.wp.com\/escovape.com\/wp-content\/uploads\/2025\/07\/BANG-42K-Puffs-BLAZE-DSK038-Premium-Rechargeable-Disposable-Vapes-Low-Nicotine-Bulk-Wholesale-2-scaled.webp?resize=389%2C800&amp;ssl=1 389w, https:\/\/i0.wp.com\/escovape.com\/wp-content\/uploads\/2025\/07\/BANG-42K-Puffs-BLAZE-DSK038-Premium-Rechargeable-Disposable-Vapes-Low-Nicotine-Bulk-Wholesale-2-scaled.webp?resize=768%2C1581&amp;ssl=1 768w, https:\/\/i0.wp.com\/escovape.com\/wp-content\/uploads\/2025\/07\/BANG-42K-Puffs-BLAZE-DSK038-Premium-Rechargeable-Disposable-Vapes-Low-Nicotine-Bulk-Wholesale-2-scaled.webp?resize=746%2C1536&amp;ssl=1 746w, https:\/\/i0.wp.com\/escovape.com\/wp-content\/uploads\/2025\/07\/BANG-42K-Puffs-BLAZE-DSK038-Premium-Rechargeable-Disposable-Vapes-Low-Nicotine-Bulk-Wholesale-2-scaled.webp?resize=995%2C2048&amp;ssl=1 995w, https:\/\/i0.wp.com\/escovape.com\/wp-content\/uploads\/2025\/07\/BANG-42K-Puffs-BLAZE-DSK038-Premium-Rechargeable-Disposable-Vapes-Low-Nicotine-Bulk-Wholesale-2-scaled.webp?resize=6%2C12&amp;ssl=1 6w, https:\/\/i0.wp.com\/escovape.com\/wp-content\/uploads\/2025\/07\/BANG-42K-Puffs-BLAZE-DSK038-Premium-Rechargeable-Disposable-Vapes-Low-Nicotine-Bulk-Wholesale-2-scaled.webp?resize=600%2C1235&amp;ssl=1 600w\" sizes=\"auto, (max-width: 1020px) 100vw, 1020px\" \/><\/p>","protected":false},"excerpt":{"rendered":"<p>BANG BLAZE E-SHISHA 42K Puffs DSK038 \u00e4r en premium e-cigarett med l\u00e5gt nikotininneh\u00e5ll och uppladdningsbar, eng\u00e5ngsbar design med 42 000 bloss, 30 ml e-v\u00e4tska, dubbla mesh-spolar och en LED-sk\u00e4rm - perfekt f\u00f6r bulk- och grossistk\u00f6p fr\u00e5n Escovape i Europa.<\/p>","protected":false},"featured_media":28424,"comment_status":"open","ping_status":"closed","template":"","meta":{"_lmt_disableupdate":"no","_lmt_disable":""},"product_brand":[],"product_cat":[18,201,55,57,97,98,99,100,101,102,103,104,105,106,107,108,109,110,111,112,113,114,15,58,59,61,62,133,42],"product_tag":[],"class_list":{"0":"post-28423","1":"product","2":"type-product","3":"status-publish","4":"has-post-thumbnail","6":"product_cat-bang","7":"product_cat-42000-puffs-disposable-vapes","8":"product_cat-big-puffs-disposable-vapes","9":"product_cat-digital-box-disposable-vapes","10":"product_cat-disposable-vape-in-europe","11":"product_cat-disposable-vape-wholesale-austria","12":"product_cat-disposable-vape-wholesale-belgium","13":"product_cat-disposable-vape-wholesale-czech-republic","14":"product_cat-disposable-vape-wholesale-denmark","15":"product_cat-disposable-vape-wholesale-finland","16":"product_cat-disposable-vape-wholesale-france","17":"product_cat-disposable-vape-wholesale-germany","18":"product_cat-disposable-vape-wholesale-greece","19":"product_cat-disposable-vape-wholesale-hungary","20":"product_cat-disposable-vape-wholesale-italy","21":"product_cat-disposable-vape-wholesale-netherlands","22":"product_cat-disposable-vape-wholesale-norway","23":"product_cat-disposable-vape-wholesale-portugal","24":"product_cat-disposable-vape-wholesale-romania","25":"product_cat-disposable-vape-wholesale-spain","26":"product_cat-disposable-vape-wholesale-sweden","27":"product_cat-disposable-vape-wholesale-switzerland","28":"product_cat-disposable-vapes","29":"product_cat-dual-mesh-disposable-vapes","30":"product_cat-lower-nicotine-disposable-vapes","31":"product_cat-rechargeable-disposable-vapes","32":"product_cat-shisha-hookah-disposable-vapes","33":"product_cat-shop-best-disposable-vape-flavors","34":"product_cat-shop-by-puffs","36":"first","37":"instock","38":"shipping-taxable","39":"purchasable","40":"product-type-variable"},"jetpack_sharing_enabled":true,"_links":{"self":[{"href":"https:\/\/escovape.com\/sv\/wp-json\/wp\/v2\/product\/28423","targetHints":{"allow":["GET"]}}],"collection":[{"href":"https:\/\/escovape.com\/sv\/wp-json\/wp\/v2\/product"}],"about":[{"href":"https:\/\/escovape.com\/sv\/wp-json\/wp\/v2\/types\/product"}],"replies":[{"embeddable":true,"href":"https:\/\/escovape.com\/sv\/wp-json\/wp\/v2\/comments?post=28423"}],"wp:featuredmedia":[{"embeddable":true,"href":"https:\/\/escovape.com\/sv\/wp-json\/wp\/v2\/media\/28424"}],"wp:attachment":[{"href":"https:\/\/escovape.com\/sv\/wp-json\/wp\/v2\/media?parent=28423"}],"wp:term":[{"taxonomy":"product_brand","embeddable":true,"href":"https:\/\/escovape.com\/sv\/wp-json\/wp\/v2\/product_brand?post=28423"},{"taxonomy":"product_cat","embeddable":true,"href":"https:\/\/escovape.com\/sv\/wp-json\/wp\/v2\/product_cat?post=28423"},{"taxonomy":"product_tag","embeddable":true,"href":"https:\/\/escovape.com\/sv\/wp-json\/wp\/v2\/product_tag?post=28423"}],"curies":[{"name":"wp","href":"https:\/\/api.w.org\/{rel}","templated":true}]}}