{"id":31043,"date":"2025-08-06T13:25:18","date_gmt":"2025-08-06T13:25:18","guid":{"rendered":"https:\/\/escovape.com\/?post_type=product&#038;p=31043"},"modified":"2025-08-06T13:25:18","modified_gmt":"2025-08-06T13:25:18","slug":"bang-ledare-20k-puffs-premium-uppladdningsbar-engangsvape-lag-nikotin-bulk-kop-grossist","status":"publish","type":"product","link":"https:\/\/escovape.com\/sv\/product\/bang-leader-20k-puffs-premium-rechargeable-disposable-vapes-low-nicotine-bulk-buy-wholesale\/","title":{"rendered":"BANG LEADER 20K Puffs Premium Uppladdningsbar Eng\u00e5ngs Vape L\u00e5g Nikotin Bulk K\u00f6p Grossist"},"content":{"rendered":"<p data-start=\"95\" data-end=\"548\">Uppt\u00e4ck <strong data-start=\"108\" data-end=\"133\">BANG LEADER 20K Puffs<\/strong>,en <a href=\"https:\/\/escovape.com\/sv\/produktkategori\/engangsvapen\/uppladdningsbara-engangsvapor\/\"><strong>premium uppladdningsbar eng\u00e5ngsvape<\/strong><\/a> designad f\u00f6r ut\u00f6kat bruk och exceptionell smak. Med upp till 20 000 bloss, en 28ml e-v\u00e4tskekapacitet och en 650mAh uppladdningsbar batteri, erbjuder denna enhet en tillfredsst\u00e4llande \u00e5ngupplevelse. Finns tillg\u00e4nglig i 12 l\u00e4ckra smaker och flera nikotinstyrkor, den \u00e4r perfekt f\u00f6r grossistk\u00f6p genom <strong data-start=\"473\" data-end=\"485\">Escovape<\/strong>, din p\u00e5litliga europeiska online-plattform f\u00f6r eng\u00e5ngs e-cigaretter.<\/p>\n<h2 data-start=\"555\" data-end=\"598\"><a href=\"https:\/\/escovape.com\/sv\/produktkategori\/bang\/\">BANG<\/a> LEADER 20K Puffs \u2013 Produkt\u00f6versikt<\/h2>\n<p data-start=\"600\" data-end=\"992\">Den <strong data-start=\"604\" data-end=\"629\">BANG LEADER 20K Puffs<\/strong> Kombinerar h\u00f6g kapacitet med bekv\u00e4mlighet. Varje enhet \u00e4r f\u00f6rfylld med 28ml e-v\u00e4tska och har ett dubbelt mesh-spiralsystem, vilket s\u00e4kerst\u00e4ller rik smak och j\u00e4mn \u00e5ngproduktion. Den 650mAh uppladdningsbara batteriet st\u00f6der Type-C snabbladdning, vilket m\u00f6jligg\u00f6r snabba p\u00e5fyllningar. Med imponerande 20 000 bloss per enhet minimeras behovet av frekventa ers\u00e4ttningar.<\/p>\n<hr data-start=\"994\" data-end=\"997\" \/>\n<h2 data-start=\"555\" data-end=\"598\"><a href=\"https:\/\/escovape.com\/sv\/produktkategori\/bang\/\">BANG LEDARE<\/a> 20K Funktioner<\/h2>\n<ul data-start=\"1016\" data-end=\"1610\">\n<li data-start=\"1016\" data-end=\"1108\">\n<p data-start=\"1018\" data-end=\"1108\"><strong data-start=\"1018\" data-end=\"1036\">Ut\u00f6kat Anv\u00e4ndande<\/strong>: Upp till 20 000 bloss per enhet, vilket reducerar frekvensen av ers\u00e4ttningar.<\/p>\n<\/li>\n<li data-start=\"1109\" data-end=\"1198\">\n<p data-start=\"1111\" data-end=\"1198\"><strong data-start=\"1111\" data-end=\"1141\">Storslagen E-V\u00e4tska Kapacitet<\/strong>: 28ml f\u00f6rfylld e-v\u00e4tska f\u00f6r l\u00e5nga vaping-sessioner.<\/p>\n<\/li>\n<li data-start=\"1199\" data-end=\"1274\">\n<p data-start=\"1201\" data-end=\"1274\"><strong data-start=\"1201\" data-end=\"1226\">Dubbel Mesh Coil System<\/strong>: Levererar en f\u00f6rb\u00e4ttrad smak och \u00e5ngproduktion.<\/p>\n<\/li>\n<li data-start=\"1275\" data-end=\"1361\">\n<p data-start=\"1277\" data-end=\"1361\"><strong data-start=\"1277\" data-end=\"1301\">Uppladdningsbar batteri<\/strong>: 650mAh kapacitet med Type-C snabbladdning f\u00f6r bekv\u00e4mlighet.<\/p>\n<\/li>\n<li data-start=\"1362\" data-end=\"1450\">\n<p data-start=\"1364\" data-end=\"1450\"><strong data-start=\"1364\" data-end=\"1399\">Justerbara nikotinstyrkor<\/strong>: Finns tillg\u00e4nglig i nikotinalternativen 0%, 2%, 3% och 5%.<\/p>\n<\/li>\n<li data-start=\"1451\" data-end=\"1522\">\n<p data-start=\"1453\" data-end=\"1522\"><strong data-start=\"1453\" data-end=\"1469\">Snygg design<\/strong>Ergonomisk och b\u00e4rbar, l\u00e4mplig f\u00f6r anv\u00e4ndning p\u00e5 spr\u00e5ng.<\/p>\n<\/li>\n<li data-start=\"1523\" data-end=\"1610\">\n<p data-start=\"1525\" data-end=\"1610\"><strong data-start=\"1525\" data-end=\"1544\">St\u00f6d f\u00f6r OEM\/ODM<\/strong>: Anpassningsalternativ f\u00f6r varum\u00e4rke och f\u00f6rpackning finns tillg\u00e4ngliga f\u00f6r bulkbest\u00e4llningar.<\/p>\n<\/li>\n<\/ul>\n<hr data-start=\"1612\" data-end=\"1615\" \/>\n<h2 data-start=\"1617\" data-end=\"1637\">Tillg\u00e4ngliga smaker<\/h2>\n<ul data-start=\"1639\" data-end=\"1843\">\n<li data-start=\"1639\" data-end=\"1655\">\n<p data-start=\"1641\" data-end=\"1655\">Vattenmelon Glass<\/p>\n<\/li>\n<li data-start=\"1656\" data-end=\"1673\">\n<p data-start=\"1658\" data-end=\"1673\">Jordgubb Kiwi<\/p>\n<\/li>\n<li data-start=\"1674\" data-end=\"1690\">\n<p data-start=\"1676\" data-end=\"1690\">jordgubbsglass<\/p>\n<\/li>\n<li data-start=\"1691\" data-end=\"1704\">\n<p data-start=\"1693\" data-end=\"1704\">Mango Peach \n Mango-Peach<\/p>\n<\/li>\n<li data-start=\"1705\" data-end=\"1726\">\n<p data-start=\"1707\" data-end=\"1726\">Bl\u00e5b\u00e4r Hallon<\/p>\n<\/li>\n<li data-start=\"1727\" data-end=\"1743\">\n<p data-start=\"1729\" data-end=\"1743\">Bl\u00e5b\u00e4rsmynta<\/p>\n<\/li>\n<li data-start=\"1744\" data-end=\"1755\">\n<p data-start=\"1746\" data-end=\"1755\">Blanda Frukt<\/p>\n<\/li>\n<li data-start=\"1756\" data-end=\"1779\">\n<p data-start=\"1758\" data-end=\"1779\">Jordgubbsvattenmelon<\/p>\n<\/li>\n<li data-start=\"1780\" data-end=\"1791\">\n<p data-start=\"1782\" data-end=\"1791\">Drueb Ice<\/p>\n<\/li>\n<li data-start=\"1792\" data-end=\"1815\">\n<p data-start=\"1794\" data-end=\"1815\">Vattenmelon Bubble Gum<\/p>\n<\/li>\n<li data-start=\"1816\" data-end=\"1831\">\n<p data-start=\"1818\" data-end=\"1831\">Bl\u00e5b\u00e4rsglass<\/p>\n<\/li>\n<li data-start=\"1832\" data-end=\"1843\">\n<p data-start=\"1834\" data-end=\"1843\">Persikglass<\/p>\n<\/li>\n<\/ul>\n<hr data-start=\"1845\" data-end=\"1848\" \/>\n<h2 data-start=\"1850\" data-end=\"1867\">Specifikationer<\/h2>\n<ul data-start=\"1869\" data-end=\"2140\">\n<li data-start=\"1869\" data-end=\"1899\">\n<p data-start=\"1871\" data-end=\"1899\"><strong data-start=\"1871\" data-end=\"1885\">Puffantal<\/strong>: Upp till 20 000<\/p>\n<\/li>\n<li data-start=\"1900\" data-end=\"1929\">\n<p data-start=\"1902\" data-end=\"1929\"><strong data-start=\"1902\" data-end=\"1923\">E-Likvid Kapacitet<\/strong>: 28 ml<\/p>\n<\/li>\n<li data-start=\"1930\" data-end=\"1970\">\n<p data-start=\"1932\" data-end=\"1970\"><strong data-start=\"1932\" data-end=\"1954\">Nikotinstyrkor<\/strong>: 0%, 2%, 3%, 5%<\/p>\n<\/li>\n<li data-start=\"1971\" data-end=\"2004\">\n<p data-start=\"1973\" data-end=\"2004\"><strong data-start=\"1973\" data-end=\"1988\">Spolsystem<\/strong>: Dubbel mesh-spole<\/p>\n<\/li>\n<li data-start=\"2005\" data-end=\"2039\">\n<p data-start=\"2007\" data-end=\"2039\"><strong data-start=\"2007\" data-end=\"2018\">Batteri<\/strong>: 650mAh uppladdningsbar<\/p>\n<\/li>\n<li data-start=\"2040\" data-end=\"2067\">\n<p data-start=\"2042\" data-end=\"2067\"><strong data-start=\"2042\" data-end=\"2059\">Laddningsport<\/strong>: Typ-C<\/p>\n<\/li>\n<li data-start=\"2068\" data-end=\"2115\">\n<p data-start=\"2070\" data-end=\"2115\"><strong data-start=\"2070\" data-end=\"2084\">Dimensioner<\/strong>: B\u00e4rbar och ergonomisk design<\/p>\n<\/li>\n<li data-start=\"2116\" data-end=\"2140\">\n<p data-start=\"2118\" data-end=\"2140\"><strong data-start=\"2118\" data-end=\"2129\">OEM\/ODM<\/strong>: St\u00f6ds<\/p>\n<\/li>\n<\/ul>\n<hr data-start=\"2142\" data-end=\"2145\" \/>\n<h2 data-start=\"2147\" data-end=\"2194\">Varf\u00f6r v\u00e4lja BANG LEADER 20K Puffs p\u00e5 <a href=\"https:\/\/escovape.com\/sv\/\">Escovape<\/a><\/h2>\n<p data-start=\"2196\" data-end=\"2321\">At <strong data-start=\"2199\" data-end=\"2211\">Escovape<\/strong>vi erbjuder \u00e4kta <strong data-start=\"2232\" data-end=\"2257\">BANG LEADER 20K Puffs<\/strong> enheter till konkurrenskraftiga grossistpriser. V\u00e5r plattform erbjuder:<\/p>\n<ul data-start=\"2323\" data-end=\"2692\">\n<li data-start=\"2323\" data-end=\"2400\">\n<p data-start=\"2325\" data-end=\"2400\"><strong data-start=\"2325\" data-end=\"2345\">Verifierad Kvalitet<\/strong>: \u00c4kta produkter direkt fr\u00e5n p\u00e5litliga tillverkare.<\/p>\n<\/li>\n<li data-start=\"2401\" data-end=\"2478\">\n<p data-start=\"2403\" data-end=\"2478\"><strong data-start=\"2403\" data-end=\"2422\">Storskaliga ink\u00f6p<\/strong>: Flexibla best\u00e4llningskvantiteter f\u00f6r att m\u00f6ta dina aff\u00e4rsbehov.<\/p>\n<\/li>\n<li data-start=\"2479\" data-end=\"2532\">\n<p data-start=\"2481\" data-end=\"2532\"><strong data-start=\"2481\" data-end=\"2498\">Snabb Leverans<\/strong>: Tillf\u00f6rlitlig leverans \u00f6ver hela Europa.<\/p>\n<\/li>\n<li data-start=\"2533\" data-end=\"2605\">\n<p data-start=\"2535\" data-end=\"2605\"><strong data-start=\"2535\" data-end=\"2560\">Anpassningsalternativ<\/strong>: OEM\/ODM-tj\u00e4nster f\u00f6r personlig varum\u00e4rkesanpassning.<\/p>\n<\/li>\n<li data-start=\"2606\" data-end=\"2692\">\n<p data-start=\"2608\" data-end=\"2692\"><strong data-start=\"2608\" data-end=\"2628\">Kundsupport<\/strong>Dedikerad assistans f\u00f6r att s\u00e4kerst\u00e4lla en smidig k\u00f6perfarenhet.<\/p>\n<\/li>\n<\/ul>\n<p><img data-recalc-dims=\"1\" loading=\"lazy\" decoding=\"async\" class=\"alignnone wp-image-31044 size-full\" src=\"https:\/\/i0.wp.com\/escovape.com\/wp-content\/uploads\/2025\/08\/BANG-LEADER-20K-Puffs-Premium-Rechargeable-Disposable-Vapes-Low-Nicotine-Bulk-Buy-Wholesale-1.webp?resize=1020%2C574&#038;ssl=1\" alt=\"BANG LEADER 20K Puffs Premium Uppladdningsbar Eng\u00e5ngs Vape L\u00e5g Nikotin Bulk K\u00f6p Grossist\" width=\"1020\" height=\"574\" title=\"\" srcset=\"https:\/\/i0.wp.com\/escovape.com\/wp-content\/uploads\/2025\/08\/BANG-LEADER-20K-Puffs-Premium-Rechargeable-Disposable-Vapes-Low-Nicotine-Bulk-Buy-Wholesale-1.webp?w=1920&amp;ssl=1 1920w, https:\/\/i0.wp.com\/escovape.com\/wp-content\/uploads\/2025\/08\/BANG-LEADER-20K-Puffs-Premium-Rechargeable-Disposable-Vapes-Low-Nicotine-Bulk-Buy-Wholesale-1.webp?resize=711%2C400&amp;ssl=1 711w, https:\/\/i0.wp.com\/escovape.com\/wp-content\/uploads\/2025\/08\/BANG-LEADER-20K-Puffs-Premium-Rechargeable-Disposable-Vapes-Low-Nicotine-Bulk-Buy-Wholesale-1.webp?resize=1400%2C788&amp;ssl=1 1400w, https:\/\/i0.wp.com\/escovape.com\/wp-content\/uploads\/2025\/08\/BANG-LEADER-20K-Puffs-Premium-Rechargeable-Disposable-Vapes-Low-Nicotine-Bulk-Buy-Wholesale-1.webp?resize=768%2C432&amp;ssl=1 768w, https:\/\/i0.wp.com\/escovape.com\/wp-content\/uploads\/2025\/08\/BANG-LEADER-20K-Puffs-Premium-Rechargeable-Disposable-Vapes-Low-Nicotine-Bulk-Buy-Wholesale-1.webp?resize=1536%2C864&amp;ssl=1 1536w, https:\/\/i0.wp.com\/escovape.com\/wp-content\/uploads\/2025\/08\/BANG-LEADER-20K-Puffs-Premium-Rechargeable-Disposable-Vapes-Low-Nicotine-Bulk-Buy-Wholesale-1.webp?resize=18%2C10&amp;ssl=1 18w, https:\/\/i0.wp.com\/escovape.com\/wp-content\/uploads\/2025\/08\/BANG-LEADER-20K-Puffs-Premium-Rechargeable-Disposable-Vapes-Low-Nicotine-Bulk-Buy-Wholesale-1.webp?resize=600%2C338&amp;ssl=1 600w\" sizes=\"auto, (max-width: 1020px) 100vw, 1020px\" \/><\/p>","protected":false},"excerpt":{"rendered":"<p>BANG LEADER 20K Puffs \u00e4r en <a href=\"https:\/\/escovape.com\/sv\/produktkategori\/engangsvapen\/engangsvapor-med-lagre-nikotinhalt\/\"><strong>premium l\u00e5g nikotin eng\u00e5ngsvape<\/strong><\/a> med en 650mAh batteri, 28ml e-v\u00e4tska, dubbel mesh-spole och 12 rika smaker \u2014 tillg\u00e4nglig f\u00f6r grossist p\u00e5 Escovape.<\/p>","protected":false},"featured_media":31046,"comment_status":"open","ping_status":"closed","template":"","meta":{"_lmt_disableupdate":"no","_lmt_disable":""},"product_brand":[],"product_cat":[18,48,55,56,57,97,98,99,100,101,102,103,104,105,106,107,108,109,110,111,112,113,114,15,58,59,61,133,42],"product_tag":[],"class_list":{"0":"post-31043","1":"product","2":"type-product","3":"status-publish","4":"has-post-thumbnail","6":"product_cat-bang","7":"product_cat-20000-puffs-disposable-vapes","8":"product_cat-big-puffs-disposable-vapes","9":"product_cat-crystal-disposable-vapes","10":"product_cat-digital-box-disposable-vapes","11":"product_cat-disposable-vape-in-europe","12":"product_cat-disposable-vape-wholesale-austria","13":"product_cat-disposable-vape-wholesale-belgium","14":"product_cat-disposable-vape-wholesale-czech-republic","15":"product_cat-disposable-vape-wholesale-denmark","16":"product_cat-disposable-vape-wholesale-finland","17":"product_cat-disposable-vape-wholesale-france","18":"product_cat-disposable-vape-wholesale-germany","19":"product_cat-disposable-vape-wholesale-greece","20":"product_cat-disposable-vape-wholesale-hungary","21":"product_cat-disposable-vape-wholesale-italy","22":"product_cat-disposable-vape-wholesale-netherlands","23":"product_cat-disposable-vape-wholesale-norway","24":"product_cat-disposable-vape-wholesale-portugal","25":"product_cat-disposable-vape-wholesale-romania","26":"product_cat-disposable-vape-wholesale-spain","27":"product_cat-disposable-vape-wholesale-sweden","28":"product_cat-disposable-vape-wholesale-switzerland","29":"product_cat-disposable-vapes","30":"product_cat-dual-mesh-disposable-vapes","31":"product_cat-lower-nicotine-disposable-vapes","32":"product_cat-rechargeable-disposable-vapes","33":"product_cat-shop-best-disposable-vape-flavors","34":"product_cat-shop-by-puffs","36":"first","37":"instock","38":"shipping-taxable","39":"purchasable","40":"product-type-variable"},"jetpack_sharing_enabled":true,"_links":{"self":[{"href":"https:\/\/escovape.com\/sv\/wp-json\/wp\/v2\/product\/31043","targetHints":{"allow":["GET"]}}],"collection":[{"href":"https:\/\/escovape.com\/sv\/wp-json\/wp\/v2\/product"}],"about":[{"href":"https:\/\/escovape.com\/sv\/wp-json\/wp\/v2\/types\/product"}],"replies":[{"embeddable":true,"href":"https:\/\/escovape.com\/sv\/wp-json\/wp\/v2\/comments?post=31043"}],"wp:featuredmedia":[{"embeddable":true,"href":"https:\/\/escovape.com\/sv\/wp-json\/wp\/v2\/media\/31046"}],"wp:attachment":[{"href":"https:\/\/escovape.com\/sv\/wp-json\/wp\/v2\/media?parent=31043"}],"wp:term":[{"taxonomy":"product_brand","embeddable":true,"href":"https:\/\/escovape.com\/sv\/wp-json\/wp\/v2\/product_brand?post=31043"},{"taxonomy":"product_cat","embeddable":true,"href":"https:\/\/escovape.com\/sv\/wp-json\/wp\/v2\/product_cat?post=31043"},{"taxonomy":"product_tag","embeddable":true,"href":"https:\/\/escovape.com\/sv\/wp-json\/wp\/v2\/product_tag?post=31043"}],"curies":[{"name":"wp","href":"https:\/\/api.w.org\/{rel}","templated":true}]}}