{"id":33080,"date":"2025-09-19T03:26:54","date_gmt":"2025-09-19T03:26:54","guid":{"rendered":"https:\/\/escovape.com\/?post_type=product&#038;p=33080"},"modified":"2025-09-19T03:26:54","modified_gmt":"2025-09-19T03:26:54","slug":"bang-box-turbo-42k-puffar-3d-kurvad-display-premium-uppladdningsbar-engangsvape-lag-nikotin-bulkkop-grossist","status":"publish","type":"product","link":"https:\/\/escovape.com\/sv\/product\/bang-box-turbo-42k-puffs-3d-curved-display-premium-rechargeable-disposable-vapes-low-nicotine-bulk-buy-wholesale\/","title":{"rendered":"BANG BOX TURBO 42K Puffs 3D Curved Display Premium Uppladdningsbar Eng\u00e5ngs Vapes L\u00e5g Nikotin Bulk K\u00f6p Grossist"},"content":{"rendered":"<h2 data-start=\"319\" data-end=\"340\">BANG BOX TURBO 42K Puffs Disposable Vape \n\nbecomes \n\nBANG BOX TURBO 42K Puffs Disposable Vape<\/h2>\n<p data-start=\"341\" data-end=\"819\">BANG BOX TURBO 42K Puffs 3D Curved Display kombinerar avancerad teknologi med kraftfull prestanda och erbjuder upp till 42 000 bloss i en snygg, modern design. Med en stor 28ml e-v\u00e4tskekapacitet, dubbelspolesystem och en stilren 3D-krummad sk\u00e4rm som visar b\u00e5de batteritid och e-v\u00e4tskeniv\u00e5er, levererar denna premium disponibla vape en j\u00e4mn, konsekvent \u00e5ngupplevelse. Finns exklusivt tillg\u00e4nglig fr\u00e5n Escovape, Europas p\u00e5litliga grossistplattform f\u00f6r disponibla vapes.<\/p>\n<h2 data-start=\"821\" data-end=\"848\">BANG BOX TURBO 42K Puffs Specifikationer<\/h2>\n<ul data-start=\"849\" data-end=\"1445\">\n<li data-start=\"849\" data-end=\"887\">\n<p data-start=\"851\" data-end=\"887\">Puffantal: Upp till 42 000 puffs<\/p>\n<\/li>\n<li data-start=\"888\" data-end=\"935\">\n<p data-start=\"890\" data-end=\"935\">E-v\u00e4tskekapacitet: 28ml f\u00f6rfylld tank<\/p>\n<\/li>\n<li data-start=\"936\" data-end=\"1007\">\n<p data-start=\"938\" data-end=\"1007\">Batteri: H\u00f6gkapacitets uppladdningsbar (rent kobolt, 8A urladdning)<\/p>\n<\/li>\n<li data-start=\"1008\" data-end=\"1051\">\n<p data-start=\"1010\" data-end=\"1051\">Laddningsport: Typ-C snabbladdning<\/p>\n<\/li>\n<li data-start=\"1052\" data-end=\"1108\">\n<p data-start=\"1054\" data-end=\"1108\">Spolalternativ: Enkel 1.0\u03a9 eller dubbel 0.5\u03a9 mesh-spole<\/p>\n<\/li>\n<li data-start=\"1109\" data-end=\"1189\">\n<p data-start=\"1111\" data-end=\"1189\">Display: 3D b\u00f6jd sk\u00e4rm med indikatorer f\u00f6r e-v\u00e4tska och batteri i realtid<\/p>\n<\/li>\n<li data-start=\"1190\" data-end=\"1227\">\n<p data-start=\"1192\" data-end=\"1227\">Enhetsstorlek: 65 \u00d7 34 \u00d7 115 mm<\/p>\n<\/li>\n<li data-start=\"1228\" data-end=\"1256\">\n<p data-start=\"1230\" data-end=\"1256\">Enhetsvikt: 105 g<\/p>\n<\/li>\n<li data-start=\"1257\" data-end=\"1316\">\n<p data-start=\"1259\" data-end=\"1316\">F\u00f6rpackningsstorlek &amp; Vikt: 182 \u00d7 66 \u00d7 119 mm; 570 g per l\u00e5da<\/p>\n<\/li>\n<li data-start=\"1317\" data-end=\"1369\">\n<p data-start=\"1319\" data-end=\"1369\">F\u00f6rpackning: 5 stycken per l\u00e5da; 150 stycken per kartong<\/p>\n<\/li>\n<li data-start=\"1370\" data-end=\"1445\">\n<p data-start=\"1372\" data-end=\"1445\">Kartongm\u00e5tt &amp; Vikt: 38 \u00d7 36 \u00d7 37,5 cm; 18,6 kg bruttovikt<\/p>\n<\/li>\n<\/ul>\n<h2 data-start=\"1447\" data-end=\"1464\">Huvudfunktioner<\/h2>\n<ul data-start=\"1465\" data-end=\"2225\">\n<li data-start=\"1465\" data-end=\"1556\">\n<p data-start=\"1467\" data-end=\"1556\">Massiv puffkapacitet \u2013 Upp till 42 000 puffer per enhet f\u00f6r l\u00e5ngvarig prestanda.<\/p>\n<\/li>\n<li data-start=\"1557\" data-end=\"1647\">\n<p data-start=\"1559\" data-end=\"1647\">3D-kr\u00f6kt display \u2013 Stylish sk\u00e4rm visar e-v\u00e4tskeniv\u00e5er och batteritid tydligt.<\/p>\n<\/li>\n<li data-start=\"1648\" data-end=\"1734\">\n<p data-start=\"1650\" data-end=\"1734\">Uppladdningsbar str\u00f6m - Snabb Type-C-laddning h\u00e5ller enheten redo n\u00e4r du \u00e4r.<\/p>\n<\/li>\n<li data-start=\"1735\" data-end=\"1858\">\n<p data-start=\"1737\" data-end=\"1858\">Flexibla spolealternativ - V\u00e4lj mellan en enda 1,0\u03a9 spole f\u00f6r j\u00e4mn smak eller en dubbel 0,5\u03a9 spole f\u00f6r t\u00e4tare \u00e5nga.<\/p>\n<\/li>\n<li data-start=\"1859\" data-end=\"1946\">\n<p data-start=\"1861\" data-end=\"1946\">Stor E-v\u00e4tska Tank \u2013 28ml kapacitet reducerar behovet av frekventa p\u00e5fyllningar.<\/p>\n<\/li>\n<li data-start=\"1947\" data-end=\"2046\">\n<p data-start=\"1949\" data-end=\"2046\">Robust batteridesign \u2013 Rena koboltceller med 8A urladdning s\u00e4kerst\u00e4ller tillf\u00f6rlitlighet och s\u00e4kerhet.<\/p>\n<\/li>\n<li data-start=\"2047\" data-end=\"2124\">\n<p data-start=\"2049\" data-end=\"2124\">Grossistf\u00f6rpackning \u2013 Praktiska bulkalternativ utformade f\u00f6r \u00e5terf\u00f6rs\u00e4ljare.<\/p>\n<\/li>\n<li data-start=\"2125\" data-end=\"2225\">\n<p data-start=\"2127\" data-end=\"2225\">L\u00e5gnikotin-alternativ \u2013 Smidig, tillfredsst\u00e4llande upplevelse l\u00e4mplig f\u00f6r reglerade europeiska marknader.<\/p>\n<\/li>\n<\/ul>\n<h2 data-start=\"2227\" data-end=\"2250\">Tillg\u00e4ngliga smaker<\/h2>\n<ul data-start=\"2251\" data-end=\"2480\">\n<li data-start=\"2251\" data-end=\"2276\">\n<p data-start=\"2253\" data-end=\"2276\">Jordgubbsvattenmelon<\/p>\n<\/li>\n<li data-start=\"2277\" data-end=\"2293\">\n<p data-start=\"2279\" data-end=\"2293\">Vilda Jordgubbar<\/p>\n<\/li>\n<li data-start=\"2294\" data-end=\"2311\">\n<p data-start=\"2296\" data-end=\"2311\">Bl\u00e5 Razz Is<\/p>\n<\/li>\n<li data-start=\"2312\" data-end=\"2336\">\n<p data-start=\"2314\" data-end=\"2336\">Bl\u00e5b\u00e4r Vattenmelon<\/p>\n<\/li>\n<li data-start=\"2337\" data-end=\"2355\">\n<p data-start=\"2339\" data-end=\"2355\">Sur \u00c4pple Is<\/p>\n<\/li>\n<li data-start=\"2356\" data-end=\"2377\">\n<p data-start=\"2358\" data-end=\"2377\">Lime Jordgubbs Orange<\/p>\n<\/li>\n<li data-start=\"2378\" data-end=\"2394\">\n<p data-start=\"2380\" data-end=\"2394\">Mixico Mango<\/p>\n<\/li>\n<li data-start=\"2395\" data-end=\"2409\">\n<p data-start=\"2397\" data-end=\"2409\">Miami Mint<\/p>\n<\/li>\n<li data-start=\"2410\" data-end=\"2428\">\n<p data-start=\"2412\" data-end=\"2428\">Vattenmelon Glass<\/p>\n<\/li>\n<li data-start=\"2429\" data-end=\"2445\">\n<p data-start=\"2431\" data-end=\"2445\">S\u00f6t Cherry<\/p>\n<\/li>\n<li data-start=\"2446\" data-end=\"2459\">\n<p data-start=\"2448\" data-end=\"2459\">Violett L\u00e4sk<\/p>\n<\/li>\n<li data-start=\"2460\" data-end=\"2480\">\n<p data-start=\"2462\" data-end=\"2480\">Blackberry B-Pop<\/p>\n<\/li>\n<\/ul>\n<h2 data-start=\"2482\" data-end=\"2509\">Varf\u00f6r k\u00f6pa fr\u00e5n Escovape?<\/h2>\n<p data-start=\"2510\" data-end=\"2850\">P\u00e5 Escovape erbjuder vi Europas \u00e5terf\u00f6rs\u00e4ljare och distribut\u00f6rer autentiska eng\u00e5ngsvape-produkter till grossistpriser. Varje best\u00e4llning backas upp av kvalitetsgaranti, snabb leverans och tillf\u00f6rlitlig st\u00f6d f\u00f6r leverant\u00f6rskedjan. Du hittar inte v\u00e5ra produkter p\u00e5 konkurrentplattformar - vi \u00e4r dedikerade exklusivt till att betj\u00e4na Europas grossistmarknad f\u00f6r vape-produkter.<\/p>\n<p data-start=\"2852\" data-end=\"2990\">Best\u00e4ll BANG BOX TURBO 42K Puffs 3D Curved Display nu p\u00e5 Escovape och s\u00e4kra din grossistlager av premium disponibel vape idag!<\/p>\n<p data-start=\"2852\" data-end=\"2990\"><img data-recalc-dims=\"1\" loading=\"lazy\" decoding=\"async\" class=\"alignnone wp-image-33148 size-full\" src=\"https:\/\/i0.wp.com\/escovape.com\/wp-content\/uploads\/2025\/09\/BANG-BOX-42K-Puffs-3D-Curved-Display-Premium-Rechargeable-Disposable-Vapes-Low-Nicotine-Bulk-Buy-Wholesale0-scaled.webp?resize=670%2C2560&#038;ssl=1\" alt=\"BANG BOX TURBO 42K Puffs 3D Curved Display Premium Uppladdningsbar Eng\u00e5ngs Vapes L\u00e5g Nikotin Bulk K\u00f6p Grossist\" width=\"670\" height=\"2560\" title=\"\" srcset=\"https:\/\/i0.wp.com\/escovape.com\/wp-content\/uploads\/2025\/09\/BANG-BOX-42K-Puffs-3D-Curved-Display-Premium-Rechargeable-Disposable-Vapes-Low-Nicotine-Bulk-Buy-Wholesale0-scaled.webp?w=670&amp;ssl=1 670w, https:\/\/i0.wp.com\/escovape.com\/wp-content\/uploads\/2025\/09\/BANG-BOX-42K-Puffs-3D-Curved-Display-Premium-Rechargeable-Disposable-Vapes-Low-Nicotine-Bulk-Buy-Wholesale0-scaled.webp?resize=105%2C400&amp;ssl=1 105w, https:\/\/i0.wp.com\/escovape.com\/wp-content\/uploads\/2025\/09\/BANG-BOX-42K-Puffs-3D-Curved-Display-Premium-Rechargeable-Disposable-Vapes-Low-Nicotine-Bulk-Buy-Wholesale0-scaled.webp?resize=209%2C800&amp;ssl=1 209w, https:\/\/i0.wp.com\/escovape.com\/wp-content\/uploads\/2025\/09\/BANG-BOX-42K-Puffs-3D-Curved-Display-Premium-Rechargeable-Disposable-Vapes-Low-Nicotine-Bulk-Buy-Wholesale0-scaled.webp?resize=768%2C2936&amp;ssl=1 768w, https:\/\/i0.wp.com\/escovape.com\/wp-content\/uploads\/2025\/09\/BANG-BOX-42K-Puffs-3D-Curved-Display-Premium-Rechargeable-Disposable-Vapes-Low-Nicotine-Bulk-Buy-Wholesale0-scaled.webp?resize=402%2C1536&amp;ssl=1 402w, https:\/\/i0.wp.com\/escovape.com\/wp-content\/uploads\/2025\/09\/BANG-BOX-42K-Puffs-3D-Curved-Display-Premium-Rechargeable-Disposable-Vapes-Low-Nicotine-Bulk-Buy-Wholesale0-scaled.webp?resize=536%2C2048&amp;ssl=1 536w, https:\/\/i0.wp.com\/escovape.com\/wp-content\/uploads\/2025\/09\/BANG-BOX-42K-Puffs-3D-Curved-Display-Premium-Rechargeable-Disposable-Vapes-Low-Nicotine-Bulk-Buy-Wholesale0-scaled.webp?resize=3%2C12&amp;ssl=1 3w, https:\/\/i0.wp.com\/escovape.com\/wp-content\/uploads\/2025\/09\/BANG-BOX-42K-Puffs-3D-Curved-Display-Premium-Rechargeable-Disposable-Vapes-Low-Nicotine-Bulk-Buy-Wholesale0-scaled.webp?resize=600%2C2294&amp;ssl=1 600w\" sizes=\"auto, (max-width: 670px) 100vw, 670px\" \/><\/p>","protected":false},"excerpt":{"rendered":"<p>BANG BOX TURBO 42K Puffs 3D Curved Display erbjuder 42 000 bloss, 28ml kapacitet, uppladdningsbar Type-C-batteri, dubbla coils och 12 smaker \u2014 exklusivt hos Escovape grossist.<\/p>","protected":false},"featured_media":33027,"comment_status":"open","ping_status":"closed","template":"","meta":{"_lmt_disableupdate":"no","_lmt_disable":""},"product_brand":[],"product_cat":[18,201,55,56,57,97,98,99,100,101,102,103,104,105,106,107,108,109,110,111,112,113,114,15,59,61,133,42],"product_tag":[],"class_list":{"0":"post-33080","1":"product","2":"type-product","3":"status-publish","4":"has-post-thumbnail","6":"product_cat-bang","7":"product_cat-42000-puffs-disposable-vapes","8":"product_cat-big-puffs-disposable-vapes","9":"product_cat-crystal-disposable-vapes","10":"product_cat-digital-box-disposable-vapes","11":"product_cat-disposable-vape-in-europe","12":"product_cat-disposable-vape-wholesale-austria","13":"product_cat-disposable-vape-wholesale-belgium","14":"product_cat-disposable-vape-wholesale-czech-republic","15":"product_cat-disposable-vape-wholesale-denmark","16":"product_cat-disposable-vape-wholesale-finland","17":"product_cat-disposable-vape-wholesale-france","18":"product_cat-disposable-vape-wholesale-germany","19":"product_cat-disposable-vape-wholesale-greece","20":"product_cat-disposable-vape-wholesale-hungary","21":"product_cat-disposable-vape-wholesale-italy","22":"product_cat-disposable-vape-wholesale-netherlands","23":"product_cat-disposable-vape-wholesale-norway","24":"product_cat-disposable-vape-wholesale-portugal","25":"product_cat-disposable-vape-wholesale-romania","26":"product_cat-disposable-vape-wholesale-spain","27":"product_cat-disposable-vape-wholesale-sweden","28":"product_cat-disposable-vape-wholesale-switzerland","29":"product_cat-disposable-vapes","30":"product_cat-lower-nicotine-disposable-vapes","31":"product_cat-rechargeable-disposable-vapes","32":"product_cat-shop-best-disposable-vape-flavors","33":"product_cat-shop-by-puffs","35":"first","36":"instock","37":"shipping-taxable","38":"purchasable","39":"product-type-variable"},"jetpack_sharing_enabled":true,"_links":{"self":[{"href":"https:\/\/escovape.com\/sv\/wp-json\/wp\/v2\/product\/33080","targetHints":{"allow":["GET"]}}],"collection":[{"href":"https:\/\/escovape.com\/sv\/wp-json\/wp\/v2\/product"}],"about":[{"href":"https:\/\/escovape.com\/sv\/wp-json\/wp\/v2\/types\/product"}],"replies":[{"embeddable":true,"href":"https:\/\/escovape.com\/sv\/wp-json\/wp\/v2\/comments?post=33080"}],"wp:featuredmedia":[{"embeddable":true,"href":"https:\/\/escovape.com\/sv\/wp-json\/wp\/v2\/media\/33027"}],"wp:attachment":[{"href":"https:\/\/escovape.com\/sv\/wp-json\/wp\/v2\/media?parent=33080"}],"wp:term":[{"taxonomy":"product_brand","embeddable":true,"href":"https:\/\/escovape.com\/sv\/wp-json\/wp\/v2\/product_brand?post=33080"},{"taxonomy":"product_cat","embeddable":true,"href":"https:\/\/escovape.com\/sv\/wp-json\/wp\/v2\/product_cat?post=33080"},{"taxonomy":"product_tag","embeddable":true,"href":"https:\/\/escovape.com\/sv\/wp-json\/wp\/v2\/product_tag?post=33080"}],"curies":[{"name":"wp","href":"https:\/\/api.w.org\/{rel}","templated":true}]}}