{"id":33216,"date":"2025-09-20T02:47:40","date_gmt":"2025-09-20T02:47:40","guid":{"rendered":"https:\/\/escovape.com\/?post_type=product&#038;p=33216"},"modified":"2025-09-22T09:19:05","modified_gmt":"2025-09-22T09:19:05","slug":"bang-legend-85k-puffar-dsk058-tre-smaker-premium-uppladdningsbar-engangsvape-med-lagt-nikotin-bulkkop-grossist","status":"publish","type":"product","link":"https:\/\/escovape.com\/sv\/product\/bang-legend-85k-puffs-dsk058-three-flavor-premium-rechargeable-disposable-vapes-low-nicotine-bulk-buy-wholesale\/","title":{"rendered":"BANG LEGEND 85K Puffs DSK058 Tre Flavor Premium Uppfyllningsbar Eng\u00e5ngs Vapes L\u00e5g Nikotin Bulk K\u00f6p Grossist"},"content":{"rendered":"<h1 data-start=\"181\" data-end=\"296\"><a href=\"https:\/\/escovape.com\/sv\/produktkategori\/bang\/\">BANG LEGEND<\/a> 85K Puffs DSK058 Beskrivning<\/h1>\n<p data-start=\"324\" data-end=\"767\">BANG LEGEND 85K Puffs DSK058 \u00e4r en h\u00f6gkapacitiv, f\u00f6rbrukningsbar vape utformad f\u00f6r vapers som vill ha variation, uth\u00e5llighet och bekv\u00e4mlighet i en enhet. Varje enhet kommer f\u00f6rfylld med tre unika smaker, vilket l\u00e5ter anv\u00e4ndare v\u00e4xla mellan smaker utan anstr\u00e4ngning utan att beh\u00f6va b\u00e4ra flera enheter. Med imponerande 85 000 bloss, ett uppladdningsbart batteri p\u00e5 850mAh och Type-C snabb laddning, levererar denna enhet b\u00e5de kraft och prestanda.<\/p>\n<p data-start=\"769\" data-end=\"998\">P\u00e5 Escovape, Europas betrodda onlinepartihandelsplattform f\u00f6r eng\u00e5ngsvape, kan du k\u00f6pa BANG LEGEND 85K Puffs DSK058 i bulk till konkurrenskraftiga priser - vilket s\u00e4kerst\u00e4ller att dina kunder f\u00e5r \u00e4kta, l\u00e5g nikotin och l\u00e5ngvariga produkter.<\/p>\n<hr data-start=\"1000\" data-end=\"1003\" \/>\n<h2 data-start=\"1005\" data-end=\"1022\">Huvudfunktioner<\/h2>\n<ul data-start=\"1024\" data-end=\"1676\">\n<li data-start=\"1024\" data-end=\"1083\">\n<p data-start=\"1026\" data-end=\"1083\">Massiv puffantal \u2013 Upp till 85 000 puffs per enhet.<\/p>\n<\/li>\n<li data-start=\"1084\" data-end=\"1168\">\n<p data-start=\"1086\" data-end=\"1168\">Tre smaker i en enhet - Njut av variation utan att beh\u00f6va b\u00e4ra flera vape-apparater.<\/p>\n<\/li>\n<li data-start=\"1169\" data-end=\"1269\">\n<p data-start=\"1171\" data-end=\"1269\">Uppladdningsbar batteri \u2013 Byggd med ett 850mAh batteri, enkelt laddad via Type-C-laddning.<\/p>\n<\/li>\n<li data-start=\"1270\" data-end=\"1367\">\n<p data-start=\"1272\" data-end=\"1367\">J\u00e4mn Upplevelse \u2013 1,2 \u03a9 resistans s\u00e4kerst\u00e4ller stadig \u00e5ngproduktion och rik smak.<\/p>\n<\/li>\n<li data-start=\"1368\" data-end=\"1439\">\n<p data-start=\"1370\" data-end=\"1439\">St\u00f6d f\u00f6r OEM\/ODM - L\u00e4mpligt f\u00f6r anpassad varum\u00e4rkning och storskaliga best\u00e4llningar.<\/p>\n<\/li>\n<li data-start=\"1440\" data-end=\"1516\">\n<p data-start=\"1442\" data-end=\"1516\">Bekv\u00e4m storlek och vikt \u2013 B\u00e4rbar men robust (~125 g per enhet).<\/p>\n<\/li>\n<li data-start=\"1517\" data-end=\"1585\">\n<p data-start=\"1519\" data-end=\"1585\">Grossistredo - Optimerad f\u00f6rpackning f\u00f6r bulkdistribution.<\/p>\n<\/li>\n<li data-start=\"1586\" data-end=\"1676\">\n<p data-start=\"1588\" data-end=\"1676\">L\u00e5gnikotinalternativ \u2013 Utformade f\u00f6r att passa EU:s best\u00e4mmelser och olika kundernas behov.<\/p>\n<\/li>\n<\/ul>\n<hr data-start=\"1678\" data-end=\"1681\" \/>\n<h2 data-start=\"1683\" data-end=\"1702\">Smaksorter<\/h2>\n<p data-start=\"1704\" data-end=\"1824\">BANG LEGEND 85K Puffs DSK058 erbjuder en stor variation av tre-smaks kombinationer, vilket s\u00e4kerst\u00e4ller n\u00e5got f\u00f6r varje smak:<\/p>\n<ol data-start=\"1826\" data-end=\"2628\">\n<li data-start=\"1826\" data-end=\"1880\">\n<p data-start=\"1829\" data-end=\"1880\">Drueis \/ Jordgubbs Kiwi \/ Passionsfrukt Guava<\/p>\n<\/li>\n<li data-start=\"1881\" data-end=\"1939\">\n<p data-start=\"1884\" data-end=\"1939\">Jordgubbssorbet \/ Citron Apelsin \/ Vattenmelon Tuggummi<\/p>\n<\/li>\n<li data-start=\"1940\" data-end=\"1987\">\n<p data-start=\"1943\" data-end=\"1987\">Vattenmelon Glass \/ Mango Persika \/ Apelsin Soda<\/p>\n<\/li>\n<li data-start=\"1988\" data-end=\"2044\">\n<p data-start=\"1991\" data-end=\"2044\">Ananas Glass \/ Jordgubbs Red Bull \/ Blanda B\u00e4r<\/p>\n<\/li>\n<li data-start=\"2045\" data-end=\"2104\">\n<p data-start=\"2048\" data-end=\"2104\">Red Bull \/ Bl\u00e5b\u00e4r Vattenmelon \/ Jordgubbsglass<\/p>\n<\/li>\n<li data-start=\"2105\" data-end=\"2148\">\n<p data-start=\"2108\" data-end=\"2148\">Coke Ice \/ \u00c4pple-Persika \/ Rosa Limonad<\/p>\n<\/li>\n<li data-start=\"2149\" data-end=\"2201\">\n<p data-start=\"2152\" data-end=\"2201\">Banan Glass \/ Jordgubb Vattenmelon \/ Bj\u00f6rn Gel\u00e9<\/p>\n<\/li>\n<li data-start=\"2202\" data-end=\"2248\">\n<p data-start=\"2205\" data-end=\"2248\">Bl\u00e5b\u00e4r Is \/ Bl\u00e5 Razz \/ Doftande P\u00e4ron<\/p>\n<\/li>\n<li data-start=\"2249\" data-end=\"2302\">\n<p data-start=\"2252\" data-end=\"2302\">Blandat Frukt \/ Mojito P\u00e4rson \/ Bl\u00e5b\u00e4r Hallon<\/p>\n<\/li>\n<li data-start=\"2303\" data-end=\"2354\">\n<p data-start=\"2307\" data-end=\"2354\">Black Dragon Ice \/ Marshmallow \/ Summer Dream \n\nbecomes \n\nSvart Drake Is \/ Marshmallow \/ Sommar Dr\u00f6m<\/p>\n<\/li>\n<li data-start=\"2355\" data-end=\"2417\">\n<p data-start=\"2359\" data-end=\"2417\">Jordgubb Hallon \/ Svartvinb\u00e4r \/ Jordgubb Banan<\/p>\n<\/li>\n<li data-start=\"2418\" data-end=\"2478\">\n<p data-start=\"2422\" data-end=\"2478\">Jordgubb Vattenmelon \/ Cherry Coke \/ Jordgubbs Cream<\/p>\n<\/li>\n<li data-start=\"2479\" data-end=\"2534\">\n<p data-start=\"2483\" data-end=\"2534\">R\u00f6d \u00c4pple Is \/ Hallon Vattenmelon \/ Aloe Druva<\/p>\n<\/li>\n<li data-start=\"2535\" data-end=\"2583\">\n<p data-start=\"2539\" data-end=\"2583\">K\u00f6rsb\u00e4r Tranb\u00e4r \/ Persika Mango \/ Ananas<\/p>\n<\/li>\n<li data-start=\"2584\" data-end=\"2628\">\n<p data-start=\"2588\" data-end=\"2628\">Love 666 \/ Bl\u00e5b\u00e4r Hallon \/ Vlmto<\/p>\n<\/li>\n<\/ol>\n<hr data-start=\"2630\" data-end=\"2633\" \/>\n<h2 data-start=\"2635\" data-end=\"2664\">Grossist Specifikationer<\/h2>\n<ul data-start=\"2666\" data-end=\"2890\">\n<li data-start=\"2666\" data-end=\"2687\">\n<p data-start=\"2668\" data-end=\"2687\">Puffar: 85 000<\/p>\n<\/li>\n<li data-start=\"2688\" data-end=\"2734\">\n<p data-start=\"2690\" data-end=\"2734\">Batteri: 850mAh (uppladdningsbart, Type-C)<\/p>\n<\/li>\n<li data-start=\"2735\" data-end=\"2760\">\n<p data-start=\"2737\" data-end=\"2760\">Resistans: 1,2 \u03a9<\/p>\n<\/li>\n<li data-start=\"2761\" data-end=\"2790\">\n<p data-start=\"2763\" data-end=\"2790\">Vikt: ~125 g<\/p>\n<\/li>\n<li data-start=\"2791\" data-end=\"2822\">\n<p data-start=\"2793\" data-end=\"2822\">10 st Vikt: ~1307 g<\/p>\n<\/li>\n<li data-start=\"2823\" data-end=\"2890\">\n<p data-start=\"2825\" data-end=\"2890\">Kartonstorlek: 51 \u00d7 50 \u00d7 28 cm (200 st, ~28 kg bruttovikt)<\/p>\n<\/li>\n<\/ul>\n<hr data-start=\"2892\" data-end=\"2895\" \/>\n<h2 data-start=\"2897\" data-end=\"2923\">Varf\u00f6r k\u00f6pa fr\u00e5n <a href=\"https:\/\/escovape.com\/sv\/\">Escovape<\/a><\/h2>\n<ul data-start=\"2925\" data-end=\"3284\">\n<li data-start=\"2925\" data-end=\"2994\">\n<p data-start=\"2927\" data-end=\"2994\">Originalprodukter \u2013 Garanterat \u00e4kta BANG LEGEND enheter.<\/p>\n<\/li>\n<li data-start=\"2995\" data-end=\"3062\">\n<p data-start=\"2997\" data-end=\"3062\">Bulkpris - Utformad f\u00f6r grossistk\u00f6pare \u00f6ver hela Europa.<\/p>\n<\/li>\n<li data-start=\"3063\" data-end=\"3134\">\n<p data-start=\"3065\" data-end=\"3134\">L\u00e5gnikotinalternativ \u2013 Vidt accepterat och regelv\u00e4nligt.<\/p>\n<\/li>\n<li data-start=\"3135\" data-end=\"3206\">\n<p data-start=\"3137\" data-end=\"3206\">Snabb EU-distribution \u2013 Tillf\u00f6rlitlig leverans och grossistsupport.<\/p>\n<\/li>\n<li data-start=\"3207\" data-end=\"3284\">\n<p data-start=\"3209\" data-end=\"3284\">P\u00e5litlig leverant\u00f6r - Escovape specialiserar sig p\u00e5 eng\u00e5ngsvape grossist.<\/p>\n<\/li>\n<\/ul>\n<hr data-start=\"3286\" data-end=\"3289\" \/>\n<p data-start=\"3291\" data-end=\"3460\">F\u00e5 BANG LEGEND 85K Puffs DSK058 Tre Smak Disposable Vape nu p\u00e5 Escovape, Europas p\u00e5litliga online grossistplattform f\u00f6r premium disponibel vapes.<\/p>\n<p data-start=\"3291\" data-end=\"3460\"><img data-recalc-dims=\"1\" loading=\"lazy\" decoding=\"async\" class=\"alignnone wp-image-33281 size-full\" src=\"https:\/\/i0.wp.com\/escovape.com\/wp-content\/uploads\/2025\/09\/BNAG-LEGEND-85K-Puffs-DSK058-Three-Flavor-Premium-Rechargeable-Disposable-Vapes-Low-Nicotine-Bulk-Buy-Wholesale-1-scaled.webp?resize=1020%2C2040&#038;ssl=1\" alt=\"BANG LEGEND 85K Puffs DSK058 Tre Flavor Premium Uppfyllningsbar Eng\u00e5ngs Vapes L\u00e5g Nikotin Bulk K\u00f6p Grossist\" width=\"1020\" height=\"2040\" title=\"\" srcset=\"https:\/\/i0.wp.com\/escovape.com\/wp-content\/uploads\/2025\/09\/BNAG-LEGEND-85K-Puffs-DSK058-Three-Flavor-Premium-Rechargeable-Disposable-Vapes-Low-Nicotine-Bulk-Buy-Wholesale-1-scaled.webp?w=1280&amp;ssl=1 1280w, https:\/\/i0.wp.com\/escovape.com\/wp-content\/uploads\/2025\/09\/BNAG-LEGEND-85K-Puffs-DSK058-Three-Flavor-Premium-Rechargeable-Disposable-Vapes-Low-Nicotine-Bulk-Buy-Wholesale-1-scaled.webp?resize=200%2C400&amp;ssl=1 200w, https:\/\/i0.wp.com\/escovape.com\/wp-content\/uploads\/2025\/09\/BNAG-LEGEND-85K-Puffs-DSK058-Three-Flavor-Premium-Rechargeable-Disposable-Vapes-Low-Nicotine-Bulk-Buy-Wholesale-1-scaled.webp?resize=400%2C800&amp;ssl=1 400w, https:\/\/i0.wp.com\/escovape.com\/wp-content\/uploads\/2025\/09\/BNAG-LEGEND-85K-Puffs-DSK058-Three-Flavor-Premium-Rechargeable-Disposable-Vapes-Low-Nicotine-Bulk-Buy-Wholesale-1-scaled.webp?resize=768%2C1536&amp;ssl=1 768w, https:\/\/i0.wp.com\/escovape.com\/wp-content\/uploads\/2025\/09\/BNAG-LEGEND-85K-Puffs-DSK058-Three-Flavor-Premium-Rechargeable-Disposable-Vapes-Low-Nicotine-Bulk-Buy-Wholesale-1-scaled.webp?resize=1024%2C2048&amp;ssl=1 1024w, https:\/\/i0.wp.com\/escovape.com\/wp-content\/uploads\/2025\/09\/BNAG-LEGEND-85K-Puffs-DSK058-Three-Flavor-Premium-Rechargeable-Disposable-Vapes-Low-Nicotine-Bulk-Buy-Wholesale-1-scaled.webp?resize=6%2C12&amp;ssl=1 6w, https:\/\/i0.wp.com\/escovape.com\/wp-content\/uploads\/2025\/09\/BNAG-LEGEND-85K-Puffs-DSK058-Three-Flavor-Premium-Rechargeable-Disposable-Vapes-Low-Nicotine-Bulk-Buy-Wholesale-1-scaled.webp?resize=600%2C1200&amp;ssl=1 600w\" sizes=\"auto, (max-width: 1020px) 100vw, 1020px\" \/><\/p>","protected":false},"excerpt":{"rendered":"<p>BANG LEGEND 85K Puffs DSK058 \u00e4r en uppladdningsbar disponibel vape med tre smaker, upp till 85 000 bloss och Type-C-laddning - tillg\u00e4nglig f\u00f6r grossistf\u00f6rs\u00e4ljning hos Escovape.<\/p>","protected":false},"featured_media":33282,"comment_status":"open","ping_status":"closed","template":"","meta":{"_lmt_disableupdate":"no","_lmt_disable":""},"product_brand":[],"product_cat":[18,207,55,57,97,98,99,100,101,102,103,104,105,106,107,108,109,110,111,112,113,114,15,58,59,61,133,42,206],"product_tag":[],"class_list":{"0":"post-33216","1":"product","2":"type-product","3":"status-publish","4":"has-post-thumbnail","6":"product_cat-bang","7":"product_cat-85000-puffs-disposable-vapes","8":"product_cat-big-puffs-disposable-vapes","9":"product_cat-digital-box-disposable-vapes","10":"product_cat-disposable-vape-in-europe","11":"product_cat-disposable-vape-wholesale-austria","12":"product_cat-disposable-vape-wholesale-belgium","13":"product_cat-disposable-vape-wholesale-czech-republic","14":"product_cat-disposable-vape-wholesale-denmark","15":"product_cat-disposable-vape-wholesale-finland","16":"product_cat-disposable-vape-wholesale-france","17":"product_cat-disposable-vape-wholesale-germany","18":"product_cat-disposable-vape-wholesale-greece","19":"product_cat-disposable-vape-wholesale-hungary","20":"product_cat-disposable-vape-wholesale-italy","21":"product_cat-disposable-vape-wholesale-netherlands","22":"product_cat-disposable-vape-wholesale-norway","23":"product_cat-disposable-vape-wholesale-portugal","24":"product_cat-disposable-vape-wholesale-romania","25":"product_cat-disposable-vape-wholesale-spain","26":"product_cat-disposable-vape-wholesale-sweden","27":"product_cat-disposable-vape-wholesale-switzerland","28":"product_cat-disposable-vapes","29":"product_cat-dual-mesh-disposable-vapes","30":"product_cat-lower-nicotine-disposable-vapes","31":"product_cat-rechargeable-disposable-vapes","32":"product_cat-shop-best-disposable-vape-flavors","33":"product_cat-shop-by-puffs","34":"product_cat-triple-flavor-disposable-vapes","36":"first","37":"instock","38":"shipping-taxable","39":"purchasable","40":"product-type-variable"},"jetpack_sharing_enabled":true,"_links":{"self":[{"href":"https:\/\/escovape.com\/sv\/wp-json\/wp\/v2\/product\/33216","targetHints":{"allow":["GET"]}}],"collection":[{"href":"https:\/\/escovape.com\/sv\/wp-json\/wp\/v2\/product"}],"about":[{"href":"https:\/\/escovape.com\/sv\/wp-json\/wp\/v2\/types\/product"}],"replies":[{"embeddable":true,"href":"https:\/\/escovape.com\/sv\/wp-json\/wp\/v2\/comments?post=33216"}],"wp:featuredmedia":[{"embeddable":true,"href":"https:\/\/escovape.com\/sv\/wp-json\/wp\/v2\/media\/33282"}],"wp:attachment":[{"href":"https:\/\/escovape.com\/sv\/wp-json\/wp\/v2\/media?parent=33216"}],"wp:term":[{"taxonomy":"product_brand","embeddable":true,"href":"https:\/\/escovape.com\/sv\/wp-json\/wp\/v2\/product_brand?post=33216"},{"taxonomy":"product_cat","embeddable":true,"href":"https:\/\/escovape.com\/sv\/wp-json\/wp\/v2\/product_cat?post=33216"},{"taxonomy":"product_tag","embeddable":true,"href":"https:\/\/escovape.com\/sv\/wp-json\/wp\/v2\/product_tag?post=33216"}],"curies":[{"name":"wp","href":"https:\/\/api.w.org\/{rel}","templated":true}]}}