{"id":33946,"date":"2025-10-21T07:08:05","date_gmt":"2025-10-21T07:08:05","guid":{"rendered":"https:\/\/escovape.com\/?post_type=product&#038;p=33946"},"modified":"2025-10-21T07:08:05","modified_gmt":"2025-10-21T07:08:05","slug":"bang-legend-150k-puffs-dsk064-sex-flavor-premium-uppladdningsbar-engangsvape-lag-nikotin-bulk-kop-grossist","status":"publish","type":"product","link":"https:\/\/escovape.com\/sv\/product\/bang-legend-150k-puffs-dsk064-six-flavor-premium-rechargeable-disposable-vapes-low-nicotine-bulk-buy-wholesale\/","title":{"rendered":"BANG LEGEND 150K Puffs DSK064 Sex olika smaker Premium Uppfyllningsbar Eng\u00e5ngsvara f\u00f6r Vaping L\u00e5g Nikotinhalt K\u00f6p i Bulk Grossist"},"content":{"rendered":"<h2 class=\"ng-star-inserted\"><span class=\"ng-star-inserted\"><a href=\"https:\/\/escovape.com\/sv\/produktkategori\/bang\/\">BANG LEGEND<\/a> 150K Puffs DSK064: Den ultimata sexsmaksupplevelsen f\u00f6r vaping<\/span><\/h2>\n<p class=\"ng-star-inserted\"><span class=\"ng-star-inserted\">F\u00f6rbered dig p\u00e5 en vapingupplevelse som ingen annan med\u00a0<\/span><span class=\"ng-star-inserted\">BANG LEGEND 150K Puffs DSK064<\/span><span class=\"ng-star-inserted\">, en premium eng\u00e5ngsvape som krossar alla f\u00f6rv\u00e4ntningar. Detta \u00e4r inte bara en enhet; det \u00e4r ett smakbibliotek i handflatan. F\u00f6rest\u00e4ll dig friheten att ha sex unika smakprofiler i en enda, elegant enhet, allt drivet av ett system som levererar h\u00e4pnadsv\u00e4ckande 150 000 bloss. BANG LEGEND 150K Puffs \u00e4r h\u00f6jdpunkten av innovation, designad f\u00f6r dem som kr\u00e4ver ultimativ m\u00e5ngfald och prestanda.<\/span><\/p>\n<p class=\"ng-star-inserted\"><span class=\"ng-star-inserted\">P\u00e5 Escovape, Europas ledande onlinepartiplattform f\u00f6r eng\u00e5ngsvape, \u00e4r vi stolta \u00f6ver att erbjuda denna revolution\u00e4ra produkt. Vi \u00e4r engagerade i att k\u00f6pa de mest avancerade enheterna f\u00f6r v\u00e5ra detaljhandelspartners, och BANG LEGEND 150K Puffs \u00e4r en sann m\u00e4starearbete som kommer att skilja ditt f\u00f6retag \u00e5t och f\u00e4ngsla dina kunder.<\/span><\/p>\n<h2 class=\"ng-star-inserted\"><span class=\"ng-star-inserted\">En ny standard inom vapingteknik<\/span><\/h2>\n<p class=\"ng-star-inserted\"><span class=\"ng-star-inserted\">BANG LEGEND 150K Puffs<\/span><span class=\"ng-star-inserted\">\u00a0\u00e4r noggrant konstruerad f\u00f6r att ge en m\u00e5ngsidig och felfri vapingupplevelse. Varje komponent \u00e4r utformad f\u00f6r att maximera smak, bekv\u00e4mlighet och l\u00e5ngvarighet.<\/span><\/p>\n<ul class=\"ng-star-inserted\">\n<li class=\"ng-star-inserted\">\n<p class=\"ng-star-inserted\"><span class=\"ng-star-inserted\">O\u00f6vertr\u00e4ffad 150 000 Puff Livsl\u00e4ngd:<\/span><span class=\"ng-star-inserted\">\u00a0Denna enhet erbjuder en av de h\u00f6gsta antalet bloss p\u00e5 marknaden, vilket s\u00e4kerst\u00e4ller veckor av tillfredsst\u00e4llande vaping utan att beh\u00f6va bytas ut.<\/span><\/p>\n<\/li>\n<li class=\"ng-star-inserted\">\n<p class=\"ng-star-inserted\"><span class=\"ng-star-inserted\">Dynamiskt sex-i-ett-smaksystem:<\/span><span class=\"ng-star-inserted\">\u00a0Utforska en v\u00e4rld av smak med tre distinkta e-v\u00e4tska tankar. Njut av var och en av de tre rena smakerna f\u00f6r sig sj\u00e4lv, eller kombinera dem f\u00f6r att l\u00e5sa upp tre ytterligare, unika fusionssmaker.<\/span><\/p>\n<\/li>\n<li class=\"ng-star-inserted\">\n<p class=\"ng-star-inserted\"><span class=\"ng-star-inserted\">Intelligent Smart Sk\u00e4rmdisplay:<\/span><span class=\"ng-star-inserted\">\u00a0Den kristallklara sk\u00e4rmen ger dig realtidsdata om batteriets procentniv\u00e5 och e-v\u00e4tskaniv\u00e5er, vilket ger dig fullst\u00e4ndig kontroll \u00f6ver din upplevelse.<\/span><\/p>\n<\/li>\n<li class=\"ng-star-inserted\">\n<p class=\"ng-star-inserted\"><span class=\"ng-star-inserted\">Avancerad Mesh Coil f\u00f6r Ren Flavor:<\/span><span class=\"ng-star-inserted\">\u00a0Den h\u00f6gpresterande mesh-spolteknologin garanterar snabb, j\u00e4mn uppv\u00e4rmning, vilket producerar t\u00e4ta, smakrika moln och en ren smak fr\u00e5n f\u00f6rsta till sista puffet.<\/span><\/p>\n<\/li>\n<li class=\"ng-star-inserted\">\n<p class=\"ng-star-inserted\"><span class=\"ng-star-inserted\">H\u00f6gkapacitetsuppladdningsbar batteri:<\/span><span class=\"ng-star-inserted\">\u00a0Utrustad med ett robust internt batteri och en modern Type-C laddningsport s\u00e4kerst\u00e4ller BANG LEGEND att du alltid \u00e4r uppladdad och redo att g\u00e5.<\/span><\/p>\n<\/li>\n<li class=\"ng-star-inserted\">\n<p class=\"ng-star-inserted\"><span class=\"ng-star-inserted\">Tillg\u00e4nglig i alternativ med l\u00e5gt nikotininneh\u00e5ll:<\/span><span class=\"ng-star-inserted\">\u00a0Tillgodose en m\u00e5ngfaldig kundkrets med en rad nikotinstyrkor utformade f\u00f6r att ge en perfekt anpassad vape.<\/span><\/p>\n<\/li>\n<li class=\"ng-star-inserted\">\n<p class=\"ng-star-inserted\"><span class=\"ng-star-inserted\">\u00c4kta Produkter f\u00f6r Storskaliga K\u00f6p:<\/span><span class=\"ng-star-inserted\">\u00a0Som en p\u00e5litlig grossistleverant\u00f6r garanterar vi originella, h\u00f6gkvalitativa produkter till ditt lager.<\/span><\/p>\n<\/li>\n<\/ul>\n<h2 class=\"ng-star-inserted\"><span class=\"ng-star-inserted\">En Of\u00f6rgl\u00f6mlig Smakspektrum<\/span><\/h2>\n<p class=\"ng-star-inserted\"><span class=\"ng-star-inserted\">The GENIUS av BANG LEGEND 150K Puffs<\/span><span class=\"ng-star-inserted\">\u00a0\u00e4r dess unika smaksystem. Var och en av de 12 varianterna kommer med tre prim\u00e4ra smaker som kan vapas individuellt eller blandas f\u00f6r att skapa tre mer sp\u00e4nnande kombinationer.<\/span><\/p>\n<p class=\"ng-star-inserted\"><span class=\"ng-star-inserted\">1. Persika Trio:<\/span><span class=\"ng-star-inserted\">\u00a0Persika Glass \/ Mango Persika \/ Bl\u00e5b\u00e4r Persika &amp; tre unika fusionssammans\u00e4ttningar.<\/span><\/p>\n<p class=\"ng-star-inserted\"><span class=\"ng-star-inserted\">2. Ananasparadis:<\/span><span class=\"ng-star-inserted\">\u00a0Ananas Glass \/ Ananas Kokos \/ Kiwi Frukt Ananas Glass &amp; tre unika fusion blandningar.<\/span><\/p>\n<p class=\"ng-star-inserted\"><span class=\"ng-star-inserted\">3. Druvexplosion:<\/span><span class=\"ng-star-inserted\">\u00a0Vita Druvor \/ Bl\u00e5b\u00e4rsgummi \/ Hallon Druvor &amp; tre unika fusion blends.<\/span><\/p>\n<p class=\"ng-star-inserted\"><span class=\"ng-star-inserted\">4. Vattmelon Wave:<\/span><span class=\"ng-star-inserted\">\u00a0Vattenmelon Glass \/ Vattenmelon B\u00e4r \/ Jordgubbs Vattenmelon &amp; tre unika fusionssammans\u00e4ttningar.<\/span><\/p>\n<p class=\"ng-star-inserted\"><span class=\"ng-star-inserted\">Bl\u00e5b\u00e4rsgl\u00e4dje:<\/span><span class=\"ng-star-inserted\">\u00a0Bl\u00e5b\u00e4r Glass \/ Bl\u00e5b\u00e4r Hallon \/ Bl\u00e5b\u00e4r Lingon K\u00f6rsb\u00e4r &amp; tre unika fusion blends.<\/span><\/p>\n<p class=\"ng-star-inserted\"><span class=\"ng-star-inserted\">6. Bananfusion:<\/span><span class=\"ng-star-inserted\">\u00a0Banan Glass \/ Jordgubb Banan \/ Citronsyra Apelsin &amp; tre unika fusion blandningar.<\/span><\/p>\n<p class=\"ng-star-inserted\"><span class=\"ng-star-inserted\">7. Orchard Mix: \nFruktblandning fr\u00e5n frukttr\u00e4dg\u00e5rd<\/span><span class=\"ng-star-inserted\">\u00a0Apple Ice \/ \u00c4pple Ice \/ Bl\u00e5b\u00e4r Grape &amp; tre unika fusion blends. \nska vara \n \u00c4pple Ice \/ \u00c4pple Druva \/ Bl\u00e5b\u00e4r Druva &amp; tre unika fusion blends. \n\n\u00c4pple Ice \/ \u00c4pple Druva \/ Bl\u00e5b\u00e4r Druva &amp; tre unika fusion blends.<\/span><\/p>\n<p class=\"ng-star-inserted\"><span class=\"ng-star-inserted\">Mango Fiesta:<\/span><span class=\"ng-star-inserted\">\u00a0Mango Glass \/ Persika Mango Vattenmelon \/ Gummy Bj\u00f6rn &amp; tre unika fusionssammans\u00e4ttningar.<\/span><\/p>\n<p class=\"ng-star-inserted\"><span class=\"ng-star-inserted\">Cherry Delight:<\/span><span class=\"ng-star-inserted\">\u00a0Cherry Ice \/ Mixed Berries \/ Red Cola &amp; tre unika fusion blends.<\/span><\/p>\n<p class=\"ng-star-inserted\"><span class=\"ng-star-inserted\">10. Ikoniska Blandningar:<\/span><span class=\"ng-star-inserted\">\u00a0Red Bull \/ Vattenmelon Tuggummi \/ Love 66 &amp; tre unika fusionssammans\u00e4ttningar.<\/span><\/p>\n<p class=\"ng-star-inserted\"><span class=\"ng-star-inserted\">11. Jordgubbssensation:<\/span><span class=\"ng-star-inserted\">\u00a0Strawberry Ice \/ Strawberry Kiwi \/ Strawberry Lychee &amp; tre unika fusionssammans\u00e4ttningar.<\/span><\/p>\n<p class=\"ng-star-inserted\"><span class=\"ng-star-inserted\">12. Passion Frukt Fest:<\/span><span class=\"ng-star-inserted\">\u00a0Fassionate Passion Fruit \/ Guava Lime \/ Passion Fruit Lemon &amp; tre unika fusionssammans\u00e4ttningar.<\/span><\/p>\n<h2 class=\"ng-star-inserted\"><span class=\"ng-star-inserted\">Varf\u00f6r v\u00e4lja <a href=\"https:\/\/escovape.com\/sv\/\">Escovape<\/a>?<\/span><\/h2>\n<p class=\"ng-star-inserted\"><span class=\"ng-star-inserted\">F\u00f6r \u00e5terf\u00f6rs\u00e4ljare som vill erbjuda sina kunder det absolut b\u00e4sta i vapingv\u00e4rlden,\u00a0<\/span><span class=\"ng-star-inserted\">BANG LEGEND 150K Puffs<\/span><span class=\"ng-star-inserted\">\u00a0\u00e4r ett viktigt tillskott till din samling. Genom att k\u00f6pa din bulkvara fr\u00e5n min webbplats, Escovape, samarbetar du med en p\u00e5litlig europeisk ledare p\u00e5 marknaden f\u00f6r eng\u00e5ngsvape. Vi erbjuder konkurrenskraftiga grossistpriser och dedikerat st\u00f6d f\u00f6r att hj\u00e4lpa ditt f\u00f6retag att blomstra. F\u00f6rh\u00f6j dina erbjudanden med en verkligt legendarisk enhet.<\/span><\/p>\n<p>&nbsp;<\/p>\n<p><img data-recalc-dims=\"1\" loading=\"lazy\" decoding=\"async\" class=\"alignnone size-full wp-image-34011\" src=\"https:\/\/i0.wp.com\/escovape.com\/wp-content\/uploads\/2025\/10\/BANG-LEGEND-150K-Puffs-DSK064-Six-Flavor-Premium-Rechargeable-Disposable-Vapes-Low-Nicotine-Bulk-Buy-Wholesale-13.webp?resize=1020%2C1021&#038;ssl=1\" alt=\"BANG LEGEND 150K Puffs DSK064 Sex olika smaker Premium Uppfyllningsbar Eng\u00e5ngsvara f\u00f6r Vaping L\u00e5g Nikotinhalt K\u00f6p i Bulk Grossist\" width=\"1020\" height=\"1021\" title=\"\" srcset=\"https:\/\/i0.wp.com\/escovape.com\/wp-content\/uploads\/2025\/10\/BANG-LEGEND-150K-Puffs-DSK064-Six-Flavor-Premium-Rechargeable-Disposable-Vapes-Low-Nicotine-Bulk-Buy-Wholesale-13.webp?w=1890&amp;ssl=1 1890w, https:\/\/i0.wp.com\/escovape.com\/wp-content\/uploads\/2025\/10\/BANG-LEGEND-150K-Puffs-DSK064-Six-Flavor-Premium-Rechargeable-Disposable-Vapes-Low-Nicotine-Bulk-Buy-Wholesale-13.webp?resize=400%2C400&amp;ssl=1 400w, https:\/\/i0.wp.com\/escovape.com\/wp-content\/uploads\/2025\/10\/BANG-LEGEND-150K-Puffs-DSK064-Six-Flavor-Premium-Rechargeable-Disposable-Vapes-Low-Nicotine-Bulk-Buy-Wholesale-13.webp?resize=800%2C800&amp;ssl=1 800w, https:\/\/i0.wp.com\/escovape.com\/wp-content\/uploads\/2025\/10\/BANG-LEGEND-150K-Puffs-DSK064-Six-Flavor-Premium-Rechargeable-Disposable-Vapes-Low-Nicotine-Bulk-Buy-Wholesale-13.webp?resize=280%2C280&amp;ssl=1 280w, https:\/\/i0.wp.com\/escovape.com\/wp-content\/uploads\/2025\/10\/BANG-LEGEND-150K-Puffs-DSK064-Six-Flavor-Premium-Rechargeable-Disposable-Vapes-Low-Nicotine-Bulk-Buy-Wholesale-13.webp?resize=768%2C768&amp;ssl=1 768w, https:\/\/i0.wp.com\/escovape.com\/wp-content\/uploads\/2025\/10\/BANG-LEGEND-150K-Puffs-DSK064-Six-Flavor-Premium-Rechargeable-Disposable-Vapes-Low-Nicotine-Bulk-Buy-Wholesale-13.webp?resize=1536%2C1536&amp;ssl=1 1536w, https:\/\/i0.wp.com\/escovape.com\/wp-content\/uploads\/2025\/10\/BANG-LEGEND-150K-Puffs-DSK064-Six-Flavor-Premium-Rechargeable-Disposable-Vapes-Low-Nicotine-Bulk-Buy-Wholesale-13.webp?resize=12%2C12&amp;ssl=1 12w, https:\/\/i0.wp.com\/escovape.com\/wp-content\/uploads\/2025\/10\/BANG-LEGEND-150K-Puffs-DSK064-Six-Flavor-Premium-Rechargeable-Disposable-Vapes-Low-Nicotine-Bulk-Buy-Wholesale-13.webp?resize=300%2C300&amp;ssl=1 300w, https:\/\/i0.wp.com\/escovape.com\/wp-content\/uploads\/2025\/10\/BANG-LEGEND-150K-Puffs-DSK064-Six-Flavor-Premium-Rechargeable-Disposable-Vapes-Low-Nicotine-Bulk-Buy-Wholesale-13.webp?resize=600%2C600&amp;ssl=1 600w, https:\/\/i0.wp.com\/escovape.com\/wp-content\/uploads\/2025\/10\/BANG-LEGEND-150K-Puffs-DSK064-Six-Flavor-Premium-Rechargeable-Disposable-Vapes-Low-Nicotine-Bulk-Buy-Wholesale-13.webp?resize=100%2C100&amp;ssl=1 100w\" sizes=\"auto, (max-width: 1020px) 100vw, 1020px\" \/><\/p>","protected":false},"excerpt":{"rendered":"<p class=\"ng-star-inserted\"><span class=\"ng-star-inserted\">Den <\/span><span class=\"ng-star-inserted\">BANG LEGEND 150K Puffs DSK064<\/span><span class=\"ng-star-inserted\"> \u00e4r en premium uppladdningsbar eng\u00e5ngsvape som levererar en o\u00f6vertr\u00e4ffad 150 000 puff livsl\u00e4ngd och ett revolutionerande sex-i-ett-smaksystem, vilket m\u00f6jligg\u00f6r f\u00f6r dig att njuta av tre rena smaker eller kombinera dem till tre unika fusionsblandningar, allt \u00f6vervakat p\u00e5 dess tydliga smarta sk\u00e4rm.<\/span><\/p>","protected":false},"featured_media":34001,"comment_status":"open","ping_status":"closed","template":"","meta":{"_lmt_disableupdate":"no","_lmt_disable":""},"product_brand":[],"product_cat":[18,213,55,57,97,98,99,100,101,102,103,104,105,106,107,108,109,110,111,112,113,114,15,58,59,61,133,42],"product_tag":[],"class_list":{"0":"post-33946","1":"product","2":"type-product","3":"status-publish","4":"has-post-thumbnail","6":"product_cat-bang","7":"product_cat-150000-puffs-disposable-vapes","8":"product_cat-big-puffs-disposable-vapes","9":"product_cat-digital-box-disposable-vapes","10":"product_cat-disposable-vape-in-europe","11":"product_cat-disposable-vape-wholesale-austria","12":"product_cat-disposable-vape-wholesale-belgium","13":"product_cat-disposable-vape-wholesale-czech-republic","14":"product_cat-disposable-vape-wholesale-denmark","15":"product_cat-disposable-vape-wholesale-finland","16":"product_cat-disposable-vape-wholesale-france","17":"product_cat-disposable-vape-wholesale-germany","18":"product_cat-disposable-vape-wholesale-greece","19":"product_cat-disposable-vape-wholesale-hungary","20":"product_cat-disposable-vape-wholesale-italy","21":"product_cat-disposable-vape-wholesale-netherlands","22":"product_cat-disposable-vape-wholesale-norway","23":"product_cat-disposable-vape-wholesale-portugal","24":"product_cat-disposable-vape-wholesale-romania","25":"product_cat-disposable-vape-wholesale-spain","26":"product_cat-disposable-vape-wholesale-sweden","27":"product_cat-disposable-vape-wholesale-switzerland","28":"product_cat-disposable-vapes","29":"product_cat-dual-mesh-disposable-vapes","30":"product_cat-lower-nicotine-disposable-vapes","31":"product_cat-rechargeable-disposable-vapes","32":"product_cat-shop-best-disposable-vape-flavors","33":"product_cat-shop-by-puffs","35":"first","36":"instock","37":"shipping-taxable","38":"purchasable","39":"product-type-variable","40":"has-default-attributes"},"jetpack_sharing_enabled":true,"_links":{"self":[{"href":"https:\/\/escovape.com\/sv\/wp-json\/wp\/v2\/product\/33946","targetHints":{"allow":["GET"]}}],"collection":[{"href":"https:\/\/escovape.com\/sv\/wp-json\/wp\/v2\/product"}],"about":[{"href":"https:\/\/escovape.com\/sv\/wp-json\/wp\/v2\/types\/product"}],"replies":[{"embeddable":true,"href":"https:\/\/escovape.com\/sv\/wp-json\/wp\/v2\/comments?post=33946"}],"wp:featuredmedia":[{"embeddable":true,"href":"https:\/\/escovape.com\/sv\/wp-json\/wp\/v2\/media\/34001"}],"wp:attachment":[{"href":"https:\/\/escovape.com\/sv\/wp-json\/wp\/v2\/media?parent=33946"}],"wp:term":[{"taxonomy":"product_brand","embeddable":true,"href":"https:\/\/escovape.com\/sv\/wp-json\/wp\/v2\/product_brand?post=33946"},{"taxonomy":"product_cat","embeddable":true,"href":"https:\/\/escovape.com\/sv\/wp-json\/wp\/v2\/product_cat?post=33946"},{"taxonomy":"product_tag","embeddable":true,"href":"https:\/\/escovape.com\/sv\/wp-json\/wp\/v2\/product_tag?post=33946"}],"curies":[{"name":"wp","href":"https:\/\/api.w.org\/{rel}","templated":true}]}}