{"id":9631,"date":"2024-09-22T02:58:56","date_gmt":"2024-09-22T02:58:56","guid":{"rendered":"https:\/\/escovape.com\/?post_type=product&#038;p=9631"},"modified":"2025-09-03T13:03:14","modified_gmt":"2025-09-03T13:03:14","slug":"atvs-13000-puffar-5-lag-nikotin-laddningsbara-engangs-vapes-penna-bulk-kop-grossist","status":"publish","type":"product","link":"https:\/\/escovape.com\/sv\/product\/atvs-13000-puffs-5-low-nicotine-rechargeable-disposable-vapes-pen-bulk-buy-wholesale\/","title":{"rendered":"ATVS 13000 Puffs 5%  L\u00e5gnikotin Rechargeable Disposable Vapes Pen Bulk K\u00f6p Grossist"},"content":{"rendered":"<div style=\"width: 720px;\" class=\"wp-video\"><video class=\"wp-video-shortcode\" id=\"video-9631-1\" width=\"720\" height=\"720\" preload=\"metadata\" controls=\"controls\"><source type=\"video\/mp4\" src=\"https:\/\/escovape.com\/wp-content\/uploads\/2024\/09\/ATVS-13K-Puffs-3.mp4?_=1\" \/><a href=\"https:\/\/escovape.com\/wp-content\/uploads\/2024\/09\/ATVS-13K-Puffs-3.mp4\">https:\/\/escovape.com\/wp-content\/uploads\/2024\/09\/ATVS-13K-Puffs-3.mp4<\/a><\/video><\/div>\n<h2>ATVS 13000 Puffs \u2013 Ideal f\u00f6r l\u00e5ngvarig anv\u00e4ndning<\/h2>\n<p>Uppt\u00e4ck Atvs 13000 Puffs, en eng\u00e5ngsvape med 5% nikotin. Denna vape \u00e4r perfekt f\u00f6r dem som s\u00f6ker en enkel och p\u00e5litlig upplevelse. Den \u00e4r uppladdningsbar och l\u00e5ngvarig. Best\u00e4ll bulk f\u00f6r din butik nu genom Escovape.<\/p>\n<h3><a href=\"https:\/\/escovape.com\/sv\/produktkategori\/atvs-engangsvapor\/\">Atvs eng\u00e5ngs Vapes<\/a> \u2013 Viktiga funktioner<\/h3>\n<p>Atvs 13000 Puffs har ett batteri p\u00e5 600mAh som du kan ladda med en Type-C-kabel. Den inneh\u00e5ller 15ml v\u00e4tska, bra f\u00f6r cirka 13 000 bloss. Mesh-spolen s\u00e4kerst\u00e4ller j\u00e4mn smak och \u00e5nga. L\u00e4mplig f\u00f6r b\u00e5de nyb\u00f6rjare och avancerade anv\u00e4ndare.<\/p>\n<h3>Vape Grossist \u2013 Stort v\u00e4rde i stora m\u00e4ngder<\/h3>\n<p>K\u00f6p Atvs Disposable Vapes i bulk: 10 per l\u00e5da, 200 per kartong. Idealiska f\u00f6r butiker med m\u00e5nga kunder. Escovape levererar snabbt \u00f6ver hela Europa. L\u00e5ga priser f\u00f6r st\u00f6rre best\u00e4llningar.<\/p>\n<h3>Smakar av Atvs 13000 Puffs<\/h3>\n<p>V\u00e4lj mellan f\u00f6ljande smaker:<\/p>\n<p>Vattenmelon Glass<br \/>\nPersikglass<br \/>\nblandad frukt<br \/>\njordgubbsglass<br \/>\nGuava Glass<br \/>\nMangogelato<br \/>\nMynta glass<br \/>\nJordgubbsvattenmelon<br \/>\nLychee glass<br \/>\nBl\u00e5b\u00e4rsgelato<br \/>\nVingummi glass<br \/>\nBanan Glass<\/p>\n<h3>Varf\u00f6r Atvs 13000 Puffs?<\/h3>\n<p>Denna vape \u00e4r l\u00e4tt (102g) och enkel att b\u00e4ra. Kunder \u00e4lskar den l\u00e5nga anv\u00e4ndningstiden och enkla uppladdningsalternativet. Best\u00e4ll bulk nu och erbj\u00f6d dina kunder ett popul\u00e4rt val.<\/p>\n<p>Snabb leverans och p\u00e5litlig service<br \/>\nEscovape specialiserar sig p\u00e5 Vape Grossist. Vi s\u00e4kerst\u00e4ller korrekt leverans och tydlig kommunikation. Perfekt f\u00f6r butiker i Nederl\u00e4nderna, Tyskland, Belgien och Spanien.<\/p>\n<h3>Best\u00e4ll idag<\/h3>\n<p>Atvs 13000 Puffs \u00e4r ett smart val f\u00f6r ditt stash. Kombinera olika smaker och dra nytta av bulkpriser. Bes\u00f6k Escovape.com och l\u00e4gg din best\u00e4llning.<\/p>\n<h2><img data-recalc-dims=\"1\" loading=\"lazy\" decoding=\"async\" class=\"alignnone wp-image-9673 size-full\" style=\"color: #555555;font-size: 14.4px\" src=\"https:\/\/i0.wp.com\/escovape.com\/wp-content\/uploads\/2024\/09\/Atvs-13000-Photo-1.webp?resize=1000%2C644&#038;ssl=1\" alt=\"Atvs 13000 Puffs 5% L\u00e5gnikotin Rechargeable Disposable Vapes Pen Bulk K\u00f6p Grossist\" width=\"1000\" height=\"644\" title=\"\" srcset=\"https:\/\/i0.wp.com\/escovape.com\/wp-content\/uploads\/2024\/09\/Atvs-13000-Photo-1.webp?w=1000&amp;ssl=1 1000w, https:\/\/i0.wp.com\/escovape.com\/wp-content\/uploads\/2024\/09\/Atvs-13000-Photo-1.webp?resize=621%2C400&amp;ssl=1 621w, https:\/\/i0.wp.com\/escovape.com\/wp-content\/uploads\/2024\/09\/Atvs-13000-Photo-1.webp?resize=768%2C495&amp;ssl=1 768w, https:\/\/i0.wp.com\/escovape.com\/wp-content\/uploads\/2024\/09\/Atvs-13000-Photo-1.webp?resize=18%2C12&amp;ssl=1 18w, https:\/\/i0.wp.com\/escovape.com\/wp-content\/uploads\/2024\/09\/Atvs-13000-Photo-1.webp?resize=600%2C386&amp;ssl=1 600w\" sizes=\"auto, (max-width: 1000px) 100vw, 1000px\" \/><\/h2>\n<p><img data-recalc-dims=\"1\" loading=\"lazy\" decoding=\"async\" class=\"alignnone wp-image-9674 size-full\" src=\"https:\/\/i0.wp.com\/escovape.com\/wp-content\/uploads\/2024\/09\/Atvs-13000-Photo-4.webp?resize=1000%2C989&#038;ssl=1\" alt=\"Atvs 13000 Puffs 5% L\u00e5gnikotin Rechargeable Disposable Vapes Pen Bulk K\u00f6p Grossist\" width=\"1000\" height=\"989\" title=\"\" srcset=\"https:\/\/i0.wp.com\/escovape.com\/wp-content\/uploads\/2024\/09\/Atvs-13000-Photo-4.webp?w=1000&amp;ssl=1 1000w, https:\/\/i0.wp.com\/escovape.com\/wp-content\/uploads\/2024\/09\/Atvs-13000-Photo-4.webp?resize=404%2C400&amp;ssl=1 404w, https:\/\/i0.wp.com\/escovape.com\/wp-content\/uploads\/2024\/09\/Atvs-13000-Photo-4.webp?resize=809%2C800&amp;ssl=1 809w, https:\/\/i0.wp.com\/escovape.com\/wp-content\/uploads\/2024\/09\/Atvs-13000-Photo-4.webp?resize=768%2C760&amp;ssl=1 768w, https:\/\/i0.wp.com\/escovape.com\/wp-content\/uploads\/2024\/09\/Atvs-13000-Photo-4.webp?resize=12%2C12&amp;ssl=1 12w, https:\/\/i0.wp.com\/escovape.com\/wp-content\/uploads\/2024\/09\/Atvs-13000-Photo-4.webp?resize=600%2C593&amp;ssl=1 600w, https:\/\/i0.wp.com\/escovape.com\/wp-content\/uploads\/2024\/09\/Atvs-13000-Photo-4.webp?resize=100%2C100&amp;ssl=1 100w\" sizes=\"auto, (max-width: 1000px) 100vw, 1000px\" \/><\/p>","protected":false},"excerpt":{"rendered":"<p>Den <strong>ATVS 13000 Puffs Uppfyllningsbar Eng\u00e5ngs Vape Pen<\/strong>exklusivt tillg\u00e4nglig p\u00e5 <strong>Escovape<\/strong>Levererar upp till 13 000 bloss med avancerad mesh-spolteknologi, ett 600mAh uppladdningsbart batteri och ett brett utbud av premiumsmaker, vilket g\u00f6r den till ett idealiskt val b\u00e5de f\u00f6r vapers och \u00e5terf\u00f6rs\u00e4ljare som s\u00f6ker h\u00f6gkvalitativa, l\u00e5ngvariga vape-l\u00f6sningar.<\/p>","protected":false},"featured_media":9668,"comment_status":"open","ping_status":"closed","template":"","meta":{"_lmt_disableupdate":"no","_lmt_disable":""},"product_brand":[],"product_cat":[66,86,55,136,15,139,140,141,59,145,146,147,149,61,133,42,153,154],"product_tag":[],"class_list":{"0":"post-9631","1":"product","2":"type-product","3":"status-publish","4":"has-post-thumbnail","6":"product_cat-atvs-disposable-vapes","7":"product_cat-13000-puffs-disposable-vapes","8":"product_cat-big-puffs-disposable-vapes","9":"product_cat-blueberry-flavor-disposable-vapes","10":"product_cat-disposable-vapes","11":"product_cat-grape-flavor-disposable-vapes","12":"product_cat-guava-flavor-disposable-vapes","13":"product_cat-ice-flavor-disposable-vapes","14":"product_cat-lower-nicotine-disposable-vapes","15":"product_cat-mango-flavor-disposable-vapes","16":"product_cat-mint-flavor-disposable-vapes","17":"product_cat-mixed-berries-flavor-disposable-vapes","18":"product_cat-peach-flavor-disposable-vapes","19":"product_cat-rechargeable-disposable-vapes","20":"product_cat-shop-best-disposable-vape-flavors","21":"product_cat-shop-by-puffs","22":"product_cat-strawberry-flavor-disposable-vapes","23":"product_cat-watermelon-flavor-disposable-vapes","25":"first","26":"instock","27":"shipping-taxable","28":"purchasable","29":"product-type-variable"},"jetpack_sharing_enabled":true,"_links":{"self":[{"href":"https:\/\/escovape.com\/sv\/wp-json\/wp\/v2\/product\/9631","targetHints":{"allow":["GET"]}}],"collection":[{"href":"https:\/\/escovape.com\/sv\/wp-json\/wp\/v2\/product"}],"about":[{"href":"https:\/\/escovape.com\/sv\/wp-json\/wp\/v2\/types\/product"}],"replies":[{"embeddable":true,"href":"https:\/\/escovape.com\/sv\/wp-json\/wp\/v2\/comments?post=9631"}],"wp:featuredmedia":[{"embeddable":true,"href":"https:\/\/escovape.com\/sv\/wp-json\/wp\/v2\/media\/9668"}],"wp:attachment":[{"href":"https:\/\/escovape.com\/sv\/wp-json\/wp\/v2\/media?parent=9631"}],"wp:term":[{"taxonomy":"product_brand","embeddable":true,"href":"https:\/\/escovape.com\/sv\/wp-json\/wp\/v2\/product_brand?post=9631"},{"taxonomy":"product_cat","embeddable":true,"href":"https:\/\/escovape.com\/sv\/wp-json\/wp\/v2\/product_cat?post=9631"},{"taxonomy":"product_tag","embeddable":true,"href":"https:\/\/escovape.com\/sv\/wp-json\/wp\/v2\/product_tag?post=9631"}],"curies":[{"name":"wp","href":"https:\/\/api.w.org\/{rel}","templated":true}]}}